{"id":88047,"date":"2025-11-22T14:35:45","date_gmt":"2025-11-22T20:35:45","guid":{"rendered":"https:\/\/artvallarta.com\/?post_type=product&#038;p=88047"},"modified":"2026-02-03T15:57:26","modified_gmt":"2026-02-03T21:57:26","slug":"block-academia-sketch-50h-14-8x21cm-120gm","status":"publish","type":"product","link":"https:\/\/artvallarta.com\/es\/product\/block-academia-sketch-50h-14-8x21cm-120gm\/","title":{"rendered":"Block Academia Sketch 50H 14.8x21cm 120gm"},"content":{"rendered":"<p>FEATURES: Produced with 100% cellulose. Block with spiral. Its mass and surface gluing gives it resistance to insistent erasures. Recommended for sketching, pencil drawing, charcoal, pastel and colored pencils. Glued at the top. Ideal for: Charcoal, pencil and pastel.<\/p>\n<p>CARACTER\u00cdSTICAS: Producido con el 100% de celulosa. Block con espiral. Su encolado en masa y en superficie le otorga resistencia a los borrados insistentes. Se recomienda para esbozos, dibujo con l\u00e1piz, carboncillo, pastel y l\u00e1pices de colores. Encolados en la parte superior. Ideal para: Carboncillo, l\u00e1piz y pastel.<\/p>\n","protected":false},"excerpt":{"rendered":"<p>FEATURES: Produced with 100% cellulose. Block with spiral. Its mass and surface gluing gives it resistance to insistent erasures. Recommended<\/p>\n","protected":false},"featured_media":88048,"template":"","meta":[],"product_brand":[],"product_cat":[129,1172,204],"product_tag":[],"class_list":{"0":"post-88047","1":"product","2":"type-product","3":"status-publish","4":"has-post-thumbnail","6":"product_cat-art-supplies","7":"product_cat-canvas-blocks","8":"product_cat-pinto-academia","9":"member-discount","10":"discount-restricted","12":"first","13":"instock","14":"taxable","15":"shipping-taxable","16":"purchasable","17":"product-type-simple"},"yoast_head":"<!-- This site is optimized with the Yoast SEO plugin v27.3 - https:\/\/yoast.com\/product\/yoast-seo-wordpress\/ -->\n<title>Block Academia Sketch 50H 14.8x21cm 120gm - Art VallARTa<\/title>\n<meta name=\"robots\" content=\"index, follow, max-snippet:-1, max-image-preview:large, max-video-preview:-1\" \/>\n<link rel=\"canonical\" href=\"https:\/\/artvallarta.com\/es\/product\/block-academia-sketch-50h-14-8x21cm-120gm\/\" \/>\n<meta property=\"og:locale\" content=\"es_ES\" \/>\n<meta property=\"og:type\" content=\"article\" \/>\n<meta property=\"og:title\" content=\"Block Academia Sketch 50H 14.8x21cm 120gm - Art VallARTa\" \/>\n<meta property=\"og:description\" content=\"FEATURES: Produced with 100% cellulose. Block with spiral. Its mass and surface gluing gives it resistance to insistent erasures. Recommended\" \/>\n<meta property=\"og:url\" content=\"https:\/\/artvallarta.com\/es\/product\/block-academia-sketch-50h-14-8x21cm-120gm\/\" \/>\n<meta property=\"og:site_name\" content=\"Art VallARTa\" \/>\n<meta property=\"article:publisher\" content=\"http:\/\/www.facebook.com\/artvallarta\" \/>\n<meta property=\"article:modified_time\" content=\"2026-02-03T21:57:26+00:00\" \/>\n<meta property=\"og:image\" content=\"https:\/\/artvallarta.com\/wp-content\/uploads\/2025\/11\/Block-Academia-Sketching.jpeg\" \/>\n\t<meta property=\"og:image:width\" content=\"897\" \/>\n\t<meta property=\"og:image:height\" content=\"1245\" \/>\n\t<meta property=\"og:image:type\" content=\"image\/jpeg\" \/>\n<meta name=\"twitter:card\" content=\"summary_large_image\" \/>\n<meta name=\"twitter:label1\" content=\"Tiempo de lectura\" \/>\n\t<meta name=\"twitter:data1\" content=\"1 minuto\" \/>\n<script type=\"application\/ld+json\" class=\"yoast-schema-graph\">{\"@context\":\"https:\\\/\\\/schema.org\",\"@graph\":[{\"@type\":\"WebPage\",\"@id\":\"https:\\\/\\\/artvallarta.com\\\/es\\\/product\\\/block-academia-sketch-50h-14-8x21cm-120gm\\\/\",\"url\":\"https:\\\/\\\/artvallarta.com\\\/es\\\/product\\\/block-academia-sketch-50h-14-8x21cm-120gm\\\/\",\"name\":\"Block Academia Sketch 50H 14.8x21cm 120gm - Art VallARTa\",\"isPartOf\":{\"@id\":\"https:\\\/\\\/artvallarta.com\\\/es\\\/#website\"},\"primaryImageOfPage\":{\"@id\":\"https:\\\/\\\/artvallarta.com\\\/es\\\/product\\\/block-academia-sketch-50h-14-8x21cm-120gm\\\/#primaryimage\"},\"image\":{\"@id\":\"https:\\\/\\\/artvallarta.com\\\/es\\\/product\\\/block-academia-sketch-50h-14-8x21cm-120gm\\\/#primaryimage\"},\"thumbnailUrl\":\"https:\\\/\\\/artvallarta.com\\\/wp-content\\\/uploads\\\/2025\\\/11\\\/Block-Academia-Sketching.jpeg\",\"datePublished\":\"2025-11-22T20:35:45+00:00\",\"dateModified\":\"2026-02-03T21:57:26+00:00\",\"breadcrumb\":{\"@id\":\"https:\\\/\\\/artvallarta.com\\\/es\\\/product\\\/block-academia-sketch-50h-14-8x21cm-120gm\\\/#breadcrumb\"},\"inLanguage\":\"es\",\"potentialAction\":[{\"@type\":\"ReadAction\",\"target\":[\"https:\\\/\\\/artvallarta.com\\\/es\\\/product\\\/block-academia-sketch-50h-14-8x21cm-120gm\\\/\"]}]},{\"@type\":\"ImageObject\",\"inLanguage\":\"es\",\"@id\":\"https:\\\/\\\/artvallarta.com\\\/es\\\/product\\\/block-academia-sketch-50h-14-8x21cm-120gm\\\/#primaryimage\",\"url\":\"https:\\\/\\\/artvallarta.com\\\/wp-content\\\/uploads\\\/2025\\\/11\\\/Block-Academia-Sketching.jpeg\",\"contentUrl\":\"https:\\\/\\\/artvallarta.com\\\/wp-content\\\/uploads\\\/2025\\\/11\\\/Block-Academia-Sketching.jpeg\",\"width\":897,\"height\":1245},{\"@type\":\"BreadcrumbList\",\"@id\":\"https:\\\/\\\/artvallarta.com\\\/es\\\/product\\\/block-academia-sketch-50h-14-8x21cm-120gm\\\/#breadcrumb\",\"itemListElement\":[{\"@type\":\"ListItem\",\"position\":1,\"name\":\"Pagina principal\",\"item\":\"https:\\\/\\\/artvallarta.com\\\/es\\\/art-vallarta-puerto-vallarta-mexico-home\\\/\"},{\"@type\":\"ListItem\",\"position\":2,\"name\":\"Shop\",\"item\":\"https:\\\/\\\/artvallarta.com\\\/shop\\\/\"},{\"@type\":\"ListItem\",\"position\":3,\"name\":\"Block Academia Sketch 50H 14.8x21cm 120gm\"}]},{\"@type\":\"WebSite\",\"@id\":\"https:\\\/\\\/artvallarta.com\\\/es\\\/#website\",\"url\":\"https:\\\/\\\/artvallarta.com\\\/es\\\/\",\"name\":\"Art VallARTa\",\"description\":\"Art VallARTa\",\"publisher\":{\"@id\":\"https:\\\/\\\/artvallarta.com\\\/es\\\/#organization\"},\"potentialAction\":[{\"@type\":\"SearchAction\",\"target\":{\"@type\":\"EntryPoint\",\"urlTemplate\":\"https:\\\/\\\/artvallarta.com\\\/es\\\/?s={search_term_string}\"},\"query-input\":{\"@type\":\"PropertyValueSpecification\",\"valueRequired\":true,\"valueName\":\"search_term_string\"}}],\"inLanguage\":\"es\"},{\"@type\":\"Organization\",\"@id\":\"https:\\\/\\\/artvallarta.com\\\/es\\\/#organization\",\"name\":\"Art VallARTa\",\"url\":\"https:\\\/\\\/artvallarta.com\\\/es\\\/\",\"logo\":{\"@type\":\"ImageObject\",\"inLanguage\":\"es\",\"@id\":\"https:\\\/\\\/artvallarta.com\\\/es\\\/#\\\/schema\\\/logo\\\/image\\\/\",\"url\":\"https:\\\/\\\/artvallarta.com\\\/wp-content\\\/uploads\\\/2019\\\/02\\\/51835738_615449708895218_133232196214325248_n.jpg\",\"contentUrl\":\"https:\\\/\\\/artvallarta.com\\\/wp-content\\\/uploads\\\/2019\\\/02\\\/51835738_615449708895218_133232196214325248_n.jpg\",\"width\":2048,\"height\":1466,\"caption\":\"Art VallARTa\"},\"image\":{\"@id\":\"https:\\\/\\\/artvallarta.com\\\/es\\\/#\\\/schema\\\/logo\\\/image\\\/\"},\"sameAs\":[\"http:\\\/\\\/www.facebook.com\\\/artvallarta\",\"http:\\\/\\\/www.instagram.com\\\/artvallarta\",\"http:\\\/\\\/www.pinterest\\\/artvallarta\",\"https:\\\/\\\/www.youtube.com\\\/channel\\\/UCOqDy2Oyk7EU4tz3S2Gl7kQ\"]}]}<\/script>\n<!-- \/ Yoast SEO plugin. -->","yoast_head_json":{"title":"Block Academia Sketch 50H 14.8x21cm 120gm - Art VallARTa","robots":{"index":"index","follow":"follow","max-snippet":"max-snippet:-1","max-image-preview":"max-image-preview:large","max-video-preview":"max-video-preview:-1"},"canonical":"https:\/\/artvallarta.com\/es\/product\/block-academia-sketch-50h-14-8x21cm-120gm\/","og_locale":"es_ES","og_type":"article","og_title":"Block Academia Sketch 50H 14.8x21cm 120gm - Art VallARTa","og_description":"FEATURES: Produced with 100% cellulose. Block with spiral. Its mass and surface gluing gives it resistance to insistent erasures. Recommended","og_url":"https:\/\/artvallarta.com\/es\/product\/block-academia-sketch-50h-14-8x21cm-120gm\/","og_site_name":"Art VallARTa","article_publisher":"http:\/\/www.facebook.com\/artvallarta","article_modified_time":"2026-02-03T21:57:26+00:00","og_image":[{"width":897,"height":1245,"url":"https:\/\/artvallarta.com\/wp-content\/uploads\/2025\/11\/Block-Academia-Sketching.jpeg","type":"image\/jpeg"}],"twitter_card":"summary_large_image","twitter_misc":{"Tiempo de lectura":"1 minuto"},"schema":{"@context":"https:\/\/schema.org","@graph":[{"@type":"WebPage","@id":"https:\/\/artvallarta.com\/es\/product\/block-academia-sketch-50h-14-8x21cm-120gm\/","url":"https:\/\/artvallarta.com\/es\/product\/block-academia-sketch-50h-14-8x21cm-120gm\/","name":"Block Academia Sketch 50H 14.8x21cm 120gm - Art VallARTa","isPartOf":{"@id":"https:\/\/artvallarta.com\/es\/#website"},"primaryImageOfPage":{"@id":"https:\/\/artvallarta.com\/es\/product\/block-academia-sketch-50h-14-8x21cm-120gm\/#primaryimage"},"image":{"@id":"https:\/\/artvallarta.com\/es\/product\/block-academia-sketch-50h-14-8x21cm-120gm\/#primaryimage"},"thumbnailUrl":"https:\/\/artvallarta.com\/wp-content\/uploads\/2025\/11\/Block-Academia-Sketching.jpeg","datePublished":"2025-11-22T20:35:45+00:00","dateModified":"2026-02-03T21:57:26+00:00","breadcrumb":{"@id":"https:\/\/artvallarta.com\/es\/product\/block-academia-sketch-50h-14-8x21cm-120gm\/#breadcrumb"},"inLanguage":"es","potentialAction":[{"@type":"ReadAction","target":["https:\/\/artvallarta.com\/es\/product\/block-academia-sketch-50h-14-8x21cm-120gm\/"]}]},{"@type":"ImageObject","inLanguage":"es","@id":"https:\/\/artvallarta.com\/es\/product\/block-academia-sketch-50h-14-8x21cm-120gm\/#primaryimage","url":"https:\/\/artvallarta.com\/wp-content\/uploads\/2025\/11\/Block-Academia-Sketching.jpeg","contentUrl":"https:\/\/artvallarta.com\/wp-content\/uploads\/2025\/11\/Block-Academia-Sketching.jpeg","width":897,"height":1245},{"@type":"BreadcrumbList","@id":"https:\/\/artvallarta.com\/es\/product\/block-academia-sketch-50h-14-8x21cm-120gm\/#breadcrumb","itemListElement":[{"@type":"ListItem","position":1,"name":"Pagina principal","item":"https:\/\/artvallarta.com\/es\/art-vallarta-puerto-vallarta-mexico-home\/"},{"@type":"ListItem","position":2,"name":"Shop","item":"https:\/\/artvallarta.com\/shop\/"},{"@type":"ListItem","position":3,"name":"Block Academia Sketch 50H 14.8x21cm 120gm"}]},{"@type":"WebSite","@id":"https:\/\/artvallarta.com\/es\/#website","url":"https:\/\/artvallarta.com\/es\/","name":"Art VallARTa","description":"Art VallARTa","publisher":{"@id":"https:\/\/artvallarta.com\/es\/#organization"},"potentialAction":[{"@type":"SearchAction","target":{"@type":"EntryPoint","urlTemplate":"https:\/\/artvallarta.com\/es\/?s={search_term_string}"},"query-input":{"@type":"PropertyValueSpecification","valueRequired":true,"valueName":"search_term_string"}}],"inLanguage":"es"},{"@type":"Organization","@id":"https:\/\/artvallarta.com\/es\/#organization","name":"Art VallARTa","url":"https:\/\/artvallarta.com\/es\/","logo":{"@type":"ImageObject","inLanguage":"es","@id":"https:\/\/artvallarta.com\/es\/#\/schema\/logo\/image\/","url":"https:\/\/artvallarta.com\/wp-content\/uploads\/2019\/02\/51835738_615449708895218_133232196214325248_n.jpg","contentUrl":"https:\/\/artvallarta.com\/wp-content\/uploads\/2019\/02\/51835738_615449708895218_133232196214325248_n.jpg","width":2048,"height":1466,"caption":"Art VallARTa"},"image":{"@id":"https:\/\/artvallarta.com\/es\/#\/schema\/logo\/image\/"},"sameAs":["http:\/\/www.facebook.com\/artvallarta","http:\/\/www.instagram.com\/artvallarta","http:\/\/www.pinterest\/artvallarta","https:\/\/www.youtube.com\/channel\/UCOqDy2Oyk7EU4tz3S2Gl7kQ"]}]}},"_links":{"self":[{"href":"https:\/\/artvallarta.com\/es\/wp-json\/wp\/v2\/product\/88047","targetHints":{"allow":["GET"]}}],"collection":[{"href":"https:\/\/artvallarta.com\/es\/wp-json\/wp\/v2\/product"}],"about":[{"href":"https:\/\/artvallarta.com\/es\/wp-json\/wp\/v2\/types\/product"}],"version-history":[{"count":1,"href":"https:\/\/artvallarta.com\/es\/wp-json\/wp\/v2\/product\/88047\/revisions"}],"predecessor-version":[{"id":88050,"href":"https:\/\/artvallarta.com\/es\/wp-json\/wp\/v2\/product\/88047\/revisions\/88050"}],"wp:featuredmedia":[{"embeddable":true,"href":"https:\/\/artvallarta.com\/es\/wp-json\/wp\/v2\/media\/88048"}],"wp:attachment":[{"href":"https:\/\/artvallarta.com\/es\/wp-json\/wp\/v2\/media?parent=88047"}],"wp:term":[{"taxonomy":"product_brand","embeddable":true,"href":"https:\/\/artvallarta.com\/es\/wp-json\/wp\/v2\/product_brand?post=88047"},{"taxonomy":"product_cat","embeddable":true,"href":"https:\/\/artvallarta.com\/es\/wp-json\/wp\/v2\/product_cat?post=88047"},{"taxonomy":"product_tag","embeddable":true,"href":"https:\/\/artvallarta.com\/es\/wp-json\/wp\/v2\/product_tag?post=88047"}],"curies":[{"name":"wp","href":"https:\/\/api.w.org\/{rel}","templated":true}]}}