{"id":86707,"date":"2025-05-07T13:23:19","date_gmt":"2025-05-07T19:23:19","guid":{"rendered":"https:\/\/artvallarta.com\/?post_type=product&#038;p=86707"},"modified":"2025-07-01T12:18:02","modified_gmt":"2025-07-01T18:18:02","slug":"daniel-smith-neutral-tint-15ml-tube","status":"publish","type":"product","link":"https:\/\/artvallarta.com\/es\/product\/daniel-smith-neutral-tint-15ml-tube\/","title":{"rendered":"Daniel Smith Neutral Tint 15ml tube"},"content":{"rendered":"<p>When mixed with any other color, Neutral Tint produces glowing darker values of that color. Our chemist developed this perfect, neutral gray \u2013 neither warm nor cool \u2013 that quickly and reliably tones down colors and mixes rich, luminous darks. Since its development in 2012, artists have found Neutral Tint to be an essential addition to their palettes for expanding their range of colors.<\/p>\n<p id=\"tw-target-text\" class=\"tw-data-text tw-text-large tw-ta\" dir=\"ltr\" data-placeholder=\"Traducci\u00f3n\" data-ved=\"2ahUKEwiw36jJh5KNAxX3kO4BHb6cEA8Q3ewLegQICRAV\" aria-label=\"Texto traducido: Al mezclarse con cualquier otro color, Neutral Tint produce tonos m\u00e1s oscuros y brillantes. Nuestro qu\u00edmico desarroll\u00f3 este gris neutro perfecto, ni c\u00e1lido ni fr\u00edo, que suaviza los colores de forma r\u00e1pida y fiable y mezcla tonos oscuros intensos y luminosos. Desde su desarrollo en 2012, los artistas han encontrado en Neutral Tint un complemento esencial para sus paletas y ampl\u00edan su gama de colores.\"><span class=\"Y2IQFc\" lang=\"es\">Al mezclarse con cualquier otro color, Neutral Tint produce tonos m\u00e1s oscuros y brillantes. Nuestro qu\u00edmico desarroll\u00f3 este gris neutro perfecto, ni c\u00e1lido ni fr\u00edo, que suaviza los colores de forma r\u00e1pida y fiable y mezcla tonos oscuros intensos y luminosos. Desde su desarrollo en 2012, los artistas han encontrado en Neutral Tint un complemento esencial para sus paletas y ampl\u00edan su gama de colores.<\/span><\/p>\n","protected":false},"excerpt":{"rendered":"<p>When mixed with any other color, Neutral Tint produces glowing darker values of that color. Our chemist developed this perfect,<\/p>\n","protected":false},"featured_media":86709,"template":"","meta":[],"product_brand":[],"product_cat":[129,176,86,409],"product_tag":[],"class_list":{"0":"post-86707","1":"product","2":"type-product","3":"status-publish","4":"has-post-thumbnail","6":"product_cat-art-supplies","7":"product_cat-watercolor","8":"product_cat-watercolorp","9":"product_cat-daniel-smith-watercolors","10":"member-discount","11":"discount-restricted","13":"first","14":"instock","15":"taxable","16":"shipping-taxable","17":"purchasable","18":"product-type-simple"},"yoast_head":"<!-- This site is optimized with the Yoast SEO plugin v27.1.1 - https:\/\/yoast.com\/product\/yoast-seo-wordpress\/ -->\n<title>Daniel Smith Neutral Tint 15ml tube - Art VallARTa<\/title>\n<meta name=\"robots\" content=\"index, follow, max-snippet:-1, max-image-preview:large, max-video-preview:-1\" \/>\n<link rel=\"canonical\" href=\"https:\/\/artvallarta.com\/es\/product\/daniel-smith-neutral-tint-15ml-tube\/\" \/>\n<meta property=\"og:locale\" content=\"es_ES\" \/>\n<meta property=\"og:type\" content=\"article\" \/>\n<meta property=\"og:title\" content=\"Daniel Smith Neutral Tint 15ml tube - Art VallARTa\" \/>\n<meta property=\"og:description\" content=\"When mixed with any other color, Neutral Tint produces glowing darker values of that color. Our chemist developed this perfect,\" \/>\n<meta property=\"og:url\" content=\"https:\/\/artvallarta.com\/es\/product\/daniel-smith-neutral-tint-15ml-tube\/\" \/>\n<meta property=\"og:site_name\" content=\"Art VallARTa\" \/>\n<meta property=\"article:publisher\" content=\"http:\/\/www.facebook.com\/artvallarta\" \/>\n<meta property=\"article:modified_time\" content=\"2025-07-01T18:18:02+00:00\" \/>\n<meta property=\"og:image\" content=\"https:\/\/artvallarta.com\/wp-content\/uploads\/2025\/05\/Neutral-Tint.jpg\" \/>\n\t<meta property=\"og:image:width\" content=\"600\" \/>\n\t<meta property=\"og:image:height\" content=\"600\" \/>\n\t<meta property=\"og:image:type\" content=\"image\/jpeg\" \/>\n<meta name=\"twitter:card\" content=\"summary_large_image\" \/>\n<meta name=\"twitter:label1\" content=\"Tiempo de lectura\" \/>\n\t<meta name=\"twitter:data1\" content=\"1 minuto\" \/>\n<script type=\"application\/ld+json\" class=\"yoast-schema-graph\">{\"@context\":\"https:\/\/schema.org\",\"@graph\":[{\"@type\":\"WebPage\",\"@id\":\"https:\/\/artvallarta.com\/es\/product\/daniel-smith-neutral-tint-15ml-tube\/\",\"url\":\"https:\/\/artvallarta.com\/es\/product\/daniel-smith-neutral-tint-15ml-tube\/\",\"name\":\"Daniel Smith Neutral Tint 15ml tube - Art VallARTa\",\"isPartOf\":{\"@id\":\"https:\/\/artvallarta.com\/es\/#website\"},\"primaryImageOfPage\":{\"@id\":\"https:\/\/artvallarta.com\/es\/product\/daniel-smith-neutral-tint-15ml-tube\/#primaryimage\"},\"image\":{\"@id\":\"https:\/\/artvallarta.com\/es\/product\/daniel-smith-neutral-tint-15ml-tube\/#primaryimage\"},\"thumbnailUrl\":\"https:\/\/artvallarta.com\/wp-content\/uploads\/2025\/05\/Neutral-Tint.jpg\",\"datePublished\":\"2025-05-07T19:23:19+00:00\",\"dateModified\":\"2025-07-01T18:18:02+00:00\",\"breadcrumb\":{\"@id\":\"https:\/\/artvallarta.com\/es\/product\/daniel-smith-neutral-tint-15ml-tube\/#breadcrumb\"},\"inLanguage\":\"es\",\"potentialAction\":[{\"@type\":\"ReadAction\",\"target\":[\"https:\/\/artvallarta.com\/es\/product\/daniel-smith-neutral-tint-15ml-tube\/\"]}]},{\"@type\":\"ImageObject\",\"inLanguage\":\"es\",\"@id\":\"https:\/\/artvallarta.com\/es\/product\/daniel-smith-neutral-tint-15ml-tube\/#primaryimage\",\"url\":\"https:\/\/artvallarta.com\/wp-content\/uploads\/2025\/05\/Neutral-Tint.jpg\",\"contentUrl\":\"https:\/\/artvallarta.com\/wp-content\/uploads\/2025\/05\/Neutral-Tint.jpg\",\"width\":600,\"height\":600},{\"@type\":\"BreadcrumbList\",\"@id\":\"https:\/\/artvallarta.com\/es\/product\/daniel-smith-neutral-tint-15ml-tube\/#breadcrumb\",\"itemListElement\":[{\"@type\":\"ListItem\",\"position\":1,\"name\":\"Pagina principal\",\"item\":\"https:\/\/artvallarta.com\/es\/art-vallarta-puerto-vallarta-mexico-home\/\"},{\"@type\":\"ListItem\",\"position\":2,\"name\":\"Shop\",\"item\":\"https:\/\/artvallarta.com\/shop\/\"},{\"@type\":\"ListItem\",\"position\":3,\"name\":\"Daniel Smith Neutral Tint 15ml tube\"}]},{\"@type\":\"WebSite\",\"@id\":\"https:\/\/artvallarta.com\/es\/#website\",\"url\":\"https:\/\/artvallarta.com\/es\/\",\"name\":\"Art VallARTa\",\"description\":\"Art VallARTa\",\"publisher\":{\"@id\":\"https:\/\/artvallarta.com\/es\/#organization\"},\"potentialAction\":[{\"@type\":\"SearchAction\",\"target\":{\"@type\":\"EntryPoint\",\"urlTemplate\":\"https:\/\/artvallarta.com\/es\/?s={search_term_string}\"},\"query-input\":{\"@type\":\"PropertyValueSpecification\",\"valueRequired\":true,\"valueName\":\"search_term_string\"}}],\"inLanguage\":\"es\"},{\"@type\":\"Organization\",\"@id\":\"https:\/\/artvallarta.com\/es\/#organization\",\"name\":\"Art VallARTa\",\"url\":\"https:\/\/artvallarta.com\/es\/\",\"logo\":{\"@type\":\"ImageObject\",\"inLanguage\":\"es\",\"@id\":\"https:\/\/artvallarta.com\/es\/#\/schema\/logo\/image\/\",\"url\":\"https:\/\/artvallarta.com\/wp-content\/uploads\/2019\/02\/51835738_615449708895218_133232196214325248_n.jpg\",\"contentUrl\":\"https:\/\/artvallarta.com\/wp-content\/uploads\/2019\/02\/51835738_615449708895218_133232196214325248_n.jpg\",\"width\":2048,\"height\":1466,\"caption\":\"Art VallARTa\"},\"image\":{\"@id\":\"https:\/\/artvallarta.com\/es\/#\/schema\/logo\/image\/\"},\"sameAs\":[\"http:\/\/www.facebook.com\/artvallarta\",\"http:\/\/www.instagram.com\/artvallarta\",\"http:\/\/www.pinterest\/artvallarta\",\"https:\/\/www.youtube.com\/channel\/UCOqDy2Oyk7EU4tz3S2Gl7kQ\"]}]}<\/script>\n<!-- \/ Yoast SEO plugin. -->","yoast_head_json":{"title":"Daniel Smith Neutral Tint 15ml tube - Art VallARTa","robots":{"index":"index","follow":"follow","max-snippet":"max-snippet:-1","max-image-preview":"max-image-preview:large","max-video-preview":"max-video-preview:-1"},"canonical":"https:\/\/artvallarta.com\/es\/product\/daniel-smith-neutral-tint-15ml-tube\/","og_locale":"es_ES","og_type":"article","og_title":"Daniel Smith Neutral Tint 15ml tube - Art VallARTa","og_description":"When mixed with any other color, Neutral Tint produces glowing darker values of that color. Our chemist developed this perfect,","og_url":"https:\/\/artvallarta.com\/es\/product\/daniel-smith-neutral-tint-15ml-tube\/","og_site_name":"Art VallARTa","article_publisher":"http:\/\/www.facebook.com\/artvallarta","article_modified_time":"2025-07-01T18:18:02+00:00","og_image":[{"width":600,"height":600,"url":"https:\/\/artvallarta.com\/wp-content\/uploads\/2025\/05\/Neutral-Tint.jpg","type":"image\/jpeg"}],"twitter_card":"summary_large_image","twitter_misc":{"Tiempo de lectura":"1 minuto"},"schema":{"@context":"https:\/\/schema.org","@graph":[{"@type":"WebPage","@id":"https:\/\/artvallarta.com\/es\/product\/daniel-smith-neutral-tint-15ml-tube\/","url":"https:\/\/artvallarta.com\/es\/product\/daniel-smith-neutral-tint-15ml-tube\/","name":"Daniel Smith Neutral Tint 15ml tube - Art VallARTa","isPartOf":{"@id":"https:\/\/artvallarta.com\/es\/#website"},"primaryImageOfPage":{"@id":"https:\/\/artvallarta.com\/es\/product\/daniel-smith-neutral-tint-15ml-tube\/#primaryimage"},"image":{"@id":"https:\/\/artvallarta.com\/es\/product\/daniel-smith-neutral-tint-15ml-tube\/#primaryimage"},"thumbnailUrl":"https:\/\/artvallarta.com\/wp-content\/uploads\/2025\/05\/Neutral-Tint.jpg","datePublished":"2025-05-07T19:23:19+00:00","dateModified":"2025-07-01T18:18:02+00:00","breadcrumb":{"@id":"https:\/\/artvallarta.com\/es\/product\/daniel-smith-neutral-tint-15ml-tube\/#breadcrumb"},"inLanguage":"es","potentialAction":[{"@type":"ReadAction","target":["https:\/\/artvallarta.com\/es\/product\/daniel-smith-neutral-tint-15ml-tube\/"]}]},{"@type":"ImageObject","inLanguage":"es","@id":"https:\/\/artvallarta.com\/es\/product\/daniel-smith-neutral-tint-15ml-tube\/#primaryimage","url":"https:\/\/artvallarta.com\/wp-content\/uploads\/2025\/05\/Neutral-Tint.jpg","contentUrl":"https:\/\/artvallarta.com\/wp-content\/uploads\/2025\/05\/Neutral-Tint.jpg","width":600,"height":600},{"@type":"BreadcrumbList","@id":"https:\/\/artvallarta.com\/es\/product\/daniel-smith-neutral-tint-15ml-tube\/#breadcrumb","itemListElement":[{"@type":"ListItem","position":1,"name":"Pagina principal","item":"https:\/\/artvallarta.com\/es\/art-vallarta-puerto-vallarta-mexico-home\/"},{"@type":"ListItem","position":2,"name":"Shop","item":"https:\/\/artvallarta.com\/shop\/"},{"@type":"ListItem","position":3,"name":"Daniel Smith Neutral Tint 15ml tube"}]},{"@type":"WebSite","@id":"https:\/\/artvallarta.com\/es\/#website","url":"https:\/\/artvallarta.com\/es\/","name":"Art VallARTa","description":"Art VallARTa","publisher":{"@id":"https:\/\/artvallarta.com\/es\/#organization"},"potentialAction":[{"@type":"SearchAction","target":{"@type":"EntryPoint","urlTemplate":"https:\/\/artvallarta.com\/es\/?s={search_term_string}"},"query-input":{"@type":"PropertyValueSpecification","valueRequired":true,"valueName":"search_term_string"}}],"inLanguage":"es"},{"@type":"Organization","@id":"https:\/\/artvallarta.com\/es\/#organization","name":"Art VallARTa","url":"https:\/\/artvallarta.com\/es\/","logo":{"@type":"ImageObject","inLanguage":"es","@id":"https:\/\/artvallarta.com\/es\/#\/schema\/logo\/image\/","url":"https:\/\/artvallarta.com\/wp-content\/uploads\/2019\/02\/51835738_615449708895218_133232196214325248_n.jpg","contentUrl":"https:\/\/artvallarta.com\/wp-content\/uploads\/2019\/02\/51835738_615449708895218_133232196214325248_n.jpg","width":2048,"height":1466,"caption":"Art VallARTa"},"image":{"@id":"https:\/\/artvallarta.com\/es\/#\/schema\/logo\/image\/"},"sameAs":["http:\/\/www.facebook.com\/artvallarta","http:\/\/www.instagram.com\/artvallarta","http:\/\/www.pinterest\/artvallarta","https:\/\/www.youtube.com\/channel\/UCOqDy2Oyk7EU4tz3S2Gl7kQ"]}]}},"_links":{"self":[{"href":"https:\/\/artvallarta.com\/es\/wp-json\/wp\/v2\/product\/86707","targetHints":{"allow":["GET"]}}],"collection":[{"href":"https:\/\/artvallarta.com\/es\/wp-json\/wp\/v2\/product"}],"about":[{"href":"https:\/\/artvallarta.com\/es\/wp-json\/wp\/v2\/types\/product"}],"version-history":[{"count":1,"href":"https:\/\/artvallarta.com\/es\/wp-json\/wp\/v2\/product\/86707\/revisions"}],"predecessor-version":[{"id":86708,"href":"https:\/\/artvallarta.com\/es\/wp-json\/wp\/v2\/product\/86707\/revisions\/86708"}],"wp:featuredmedia":[{"embeddable":true,"href":"https:\/\/artvallarta.com\/es\/wp-json\/wp\/v2\/media\/86709"}],"wp:attachment":[{"href":"https:\/\/artvallarta.com\/es\/wp-json\/wp\/v2\/media?parent=86707"}],"wp:term":[{"taxonomy":"product_brand","embeddable":true,"href":"https:\/\/artvallarta.com\/es\/wp-json\/wp\/v2\/product_brand?post=86707"},{"taxonomy":"product_cat","embeddable":true,"href":"https:\/\/artvallarta.com\/es\/wp-json\/wp\/v2\/product_cat?post=86707"},{"taxonomy":"product_tag","embeddable":true,"href":"https:\/\/artvallarta.com\/es\/wp-json\/wp\/v2\/product_tag?post=86707"}],"curies":[{"name":"wp","href":"https:\/\/api.w.org\/{rel}","templated":true}]}}