{"id":83833,"date":"2024-04-27T13:22:31","date_gmt":"2024-04-27T18:22:31","guid":{"rendered":"https:\/\/artvallarta.com\/?post_type=product&#038;p=83833"},"modified":"2026-01-12T13:07:28","modified_gmt":"2026-01-12T19:07:28","slug":"amaco-glazes-velvet-underglazes-liq-v-329-sea-glass-2oz","status":"publish","type":"product","link":"https:\/\/artvallarta.com\/es\/product\/amaco-glazes-velvet-underglazes-liq-v-329-sea-glass-2oz\/","title":{"rendered":"Amaco Glazes Velvet UnderGlazes LIQ V-329 Sea Glass 2oz"},"content":{"rendered":"<p>Sea Glass is a very pale blue-green color at cone 05 and becomes richer and darker under a clear glaze. It remains the same at cone 5, but fired to cone 10 becomes more blue.<\/p>\n<p><span class=\"Y2IQFc\" lang=\"es\">Sea Glass tiene un color azul verdoso muy p\u00e1lido en el cono 05 y se vuelve m\u00e1s rico y oscuro bajo un esmalte transparente. Sigue siendo el mismo en el cono 5, pero disparado al cono 10 se vuelve m\u00e1s azul.<\/span><\/p>\n","protected":false},"excerpt":{"rendered":"<p>Sea Glass is a very pale blue-green color at cone 05 and becomes richer and darker under a clear glaze. It remains the same at cone 5, but fired to cone 10 becomes more blue.<\/p>\n<p><span class=\"Y2IQFc\" lang=\"es\">Sea Glass tiene un color azul verdoso muy p\u00e1lido en el cono 05 y se vuelve m\u00e1s rico y oscuro bajo un esmalte transparente. Sigue siendo el mismo en el cono 5, pero disparado al cono 10 se vuelve m\u00e1s azul.<\/span><\/p>\n<p>&nbsp;<\/p>\n<p>&nbsp;<\/p>\n","protected":false},"featured_media":83835,"template":"","meta":[],"product_brand":[],"product_cat":[250],"product_tag":[],"class_list":{"0":"post-83833","1":"product","2":"type-product","3":"status-publish","4":"has-post-thumbnail","6":"product_cat-theater","8":"first","9":"outofstock","10":"taxable","11":"shipping-taxable","12":"purchasable","13":"product-type-simple"},"yoast_head":"<!-- This site is optimized with the Yoast SEO plugin v27.1.1 - https:\/\/yoast.com\/product\/yoast-seo-wordpress\/ -->\n<title>Amaco Glazes Velvet UnderGlazes LIQ V-329 Sea Glass 2oz - Art VallARTa<\/title>\n<meta name=\"description\" content=\"Sea Glass is a very pale blue-green color at cone 05 and becomes richer and darker under a clear glaze. It remains the same at cone 5, but fired to cone 10 becomes more blue.Sea Glass tiene un color azul verdoso muy p\u00e1lido en el cono 05 y se vuelve m\u00e1s rico y oscuro bajo un esmalte transparente. Sigue siendo el mismo en el cono 5, pero disparado al cono 10 se vuelve m\u00e1s azul.\" \/>\n<meta name=\"robots\" content=\"index, follow, max-snippet:-1, max-image-preview:large, max-video-preview:-1\" \/>\n<link rel=\"canonical\" href=\"https:\/\/artvallarta.com\/es\/product\/amaco-glazes-velvet-underglazes-liq-v-329-sea-glass-2oz\/\" \/>\n<meta property=\"og:locale\" content=\"es_ES\" \/>\n<meta property=\"og:type\" content=\"article\" \/>\n<meta property=\"og:title\" content=\"Amaco Glazes Velvet UnderGlazes LIQ V-329 Sea Glass 2oz - Art VallARTa\" \/>\n<meta property=\"og:description\" content=\"Sea Glass is a very pale blue-green color at cone 05 and becomes richer and darker under a clear glaze. It remains the same at cone 5, but fired to cone 10 becomes more blue.Sea Glass tiene un color azul verdoso muy p\u00e1lido en el cono 05 y se vuelve m\u00e1s rico y oscuro bajo un esmalte transparente. Sigue siendo el mismo en el cono 5, pero disparado al cono 10 se vuelve m\u00e1s azul.\" \/>\n<meta property=\"og:url\" content=\"https:\/\/artvallarta.com\/es\/product\/amaco-glazes-velvet-underglazes-liq-v-329-sea-glass-2oz\/\" \/>\n<meta property=\"og:site_name\" content=\"Art VallARTa\" \/>\n<meta property=\"article:publisher\" content=\"http:\/\/www.facebook.com\/artvallarta\" \/>\n<meta property=\"article:modified_time\" content=\"2026-01-12T19:07:28+00:00\" \/>\n<meta property=\"og:image\" content=\"https:\/\/artvallarta.com\/wp-content\/uploads\/2024\/04\/WhatsApp-Image-2024-04-27-at-12.20.51-PM.jpeg\" \/>\n\t<meta property=\"og:image:width\" content=\"772\" \/>\n\t<meta property=\"og:image:height\" content=\"950\" \/>\n\t<meta property=\"og:image:type\" content=\"image\/jpeg\" \/>\n<meta name=\"twitter:card\" content=\"summary_large_image\" \/>\n<meta name=\"twitter:label1\" content=\"Tiempo de lectura\" \/>\n\t<meta name=\"twitter:data1\" content=\"1 minuto\" \/>\n<script type=\"application\/ld+json\" class=\"yoast-schema-graph\">{\"@context\":\"https:\/\/schema.org\",\"@graph\":[{\"@type\":\"WebPage\",\"@id\":\"https:\/\/artvallarta.com\/es\/product\/amaco-glazes-velvet-underglazes-liq-v-329-sea-glass-2oz\/\",\"url\":\"https:\/\/artvallarta.com\/es\/product\/amaco-glazes-velvet-underglazes-liq-v-329-sea-glass-2oz\/\",\"name\":\"Amaco Glazes Velvet UnderGlazes LIQ V-329 Sea Glass 2oz - Art VallARTa\",\"isPartOf\":{\"@id\":\"https:\/\/artvallarta.com\/es\/#website\"},\"primaryImageOfPage\":{\"@id\":\"https:\/\/artvallarta.com\/es\/product\/amaco-glazes-velvet-underglazes-liq-v-329-sea-glass-2oz\/#primaryimage\"},\"image\":{\"@id\":\"https:\/\/artvallarta.com\/es\/product\/amaco-glazes-velvet-underglazes-liq-v-329-sea-glass-2oz\/#primaryimage\"},\"thumbnailUrl\":\"https:\/\/artvallarta.com\/wp-content\/uploads\/2024\/04\/WhatsApp-Image-2024-04-27-at-12.20.51-PM.jpeg\",\"datePublished\":\"2024-04-27T18:22:31+00:00\",\"dateModified\":\"2026-01-12T19:07:28+00:00\",\"description\":\"Sea Glass is a very pale blue-green color at cone 05 and becomes richer and darker under a clear glaze. It remains the same at cone 5, but fired to cone 10 becomes more blue.Sea Glass tiene un color azul verdoso muy p\u00e1lido en el cono 05 y se vuelve m\u00e1s rico y oscuro bajo un esmalte transparente. Sigue siendo el mismo en el cono 5, pero disparado al cono 10 se vuelve m\u00e1s azul.\",\"breadcrumb\":{\"@id\":\"https:\/\/artvallarta.com\/es\/product\/amaco-glazes-velvet-underglazes-liq-v-329-sea-glass-2oz\/#breadcrumb\"},\"inLanguage\":\"es\",\"potentialAction\":[{\"@type\":\"ReadAction\",\"target\":[\"https:\/\/artvallarta.com\/es\/product\/amaco-glazes-velvet-underglazes-liq-v-329-sea-glass-2oz\/\"]}]},{\"@type\":\"ImageObject\",\"inLanguage\":\"es\",\"@id\":\"https:\/\/artvallarta.com\/es\/product\/amaco-glazes-velvet-underglazes-liq-v-329-sea-glass-2oz\/#primaryimage\",\"url\":\"https:\/\/artvallarta.com\/wp-content\/uploads\/2024\/04\/WhatsApp-Image-2024-04-27-at-12.20.51-PM.jpeg\",\"contentUrl\":\"https:\/\/artvallarta.com\/wp-content\/uploads\/2024\/04\/WhatsApp-Image-2024-04-27-at-12.20.51-PM.jpeg\",\"width\":772,\"height\":950},{\"@type\":\"BreadcrumbList\",\"@id\":\"https:\/\/artvallarta.com\/es\/product\/amaco-glazes-velvet-underglazes-liq-v-329-sea-glass-2oz\/#breadcrumb\",\"itemListElement\":[{\"@type\":\"ListItem\",\"position\":1,\"name\":\"Pagina principal\",\"item\":\"https:\/\/artvallarta.com\/es\/art-vallarta-puerto-vallarta-mexico-home\/\"},{\"@type\":\"ListItem\",\"position\":2,\"name\":\"Shop\",\"item\":\"https:\/\/artvallarta.com\/shop\/\"},{\"@type\":\"ListItem\",\"position\":3,\"name\":\"Amaco Glazes Velvet UnderGlazes LIQ V-329 Sea Glass 2oz\"}]},{\"@type\":\"WebSite\",\"@id\":\"https:\/\/artvallarta.com\/es\/#website\",\"url\":\"https:\/\/artvallarta.com\/es\/\",\"name\":\"Art VallARTa\",\"description\":\"Art VallARTa\",\"publisher\":{\"@id\":\"https:\/\/artvallarta.com\/es\/#organization\"},\"potentialAction\":[{\"@type\":\"SearchAction\",\"target\":{\"@type\":\"EntryPoint\",\"urlTemplate\":\"https:\/\/artvallarta.com\/es\/?s={search_term_string}\"},\"query-input\":{\"@type\":\"PropertyValueSpecification\",\"valueRequired\":true,\"valueName\":\"search_term_string\"}}],\"inLanguage\":\"es\"},{\"@type\":\"Organization\",\"@id\":\"https:\/\/artvallarta.com\/es\/#organization\",\"name\":\"Art VallARTa\",\"url\":\"https:\/\/artvallarta.com\/es\/\",\"logo\":{\"@type\":\"ImageObject\",\"inLanguage\":\"es\",\"@id\":\"https:\/\/artvallarta.com\/es\/#\/schema\/logo\/image\/\",\"url\":\"https:\/\/artvallarta.com\/wp-content\/uploads\/2019\/02\/51835738_615449708895218_133232196214325248_n.jpg\",\"contentUrl\":\"https:\/\/artvallarta.com\/wp-content\/uploads\/2019\/02\/51835738_615449708895218_133232196214325248_n.jpg\",\"width\":2048,\"height\":1466,\"caption\":\"Art VallARTa\"},\"image\":{\"@id\":\"https:\/\/artvallarta.com\/es\/#\/schema\/logo\/image\/\"},\"sameAs\":[\"http:\/\/www.facebook.com\/artvallarta\",\"http:\/\/www.instagram.com\/artvallarta\",\"http:\/\/www.pinterest\/artvallarta\",\"https:\/\/www.youtube.com\/channel\/UCOqDy2Oyk7EU4tz3S2Gl7kQ\"]}]}<\/script>\n<!-- \/ Yoast SEO plugin. -->","yoast_head_json":{"title":"Amaco Glazes Velvet UnderGlazes LIQ V-329 Sea Glass 2oz - Art VallARTa","description":"Sea Glass is a very pale blue-green color at cone 05 and becomes richer and darker under a clear glaze. It remains the same at cone 5, but fired to cone 10 becomes more blue.Sea Glass tiene un color azul verdoso muy p\u00e1lido en el cono 05 y se vuelve m\u00e1s rico y oscuro bajo un esmalte transparente. Sigue siendo el mismo en el cono 5, pero disparado al cono 10 se vuelve m\u00e1s azul.","robots":{"index":"index","follow":"follow","max-snippet":"max-snippet:-1","max-image-preview":"max-image-preview:large","max-video-preview":"max-video-preview:-1"},"canonical":"https:\/\/artvallarta.com\/es\/product\/amaco-glazes-velvet-underglazes-liq-v-329-sea-glass-2oz\/","og_locale":"es_ES","og_type":"article","og_title":"Amaco Glazes Velvet UnderGlazes LIQ V-329 Sea Glass 2oz - Art VallARTa","og_description":"Sea Glass is a very pale blue-green color at cone 05 and becomes richer and darker under a clear glaze. It remains the same at cone 5, but fired to cone 10 becomes more blue.Sea Glass tiene un color azul verdoso muy p\u00e1lido en el cono 05 y se vuelve m\u00e1s rico y oscuro bajo un esmalte transparente. Sigue siendo el mismo en el cono 5, pero disparado al cono 10 se vuelve m\u00e1s azul.","og_url":"https:\/\/artvallarta.com\/es\/product\/amaco-glazes-velvet-underglazes-liq-v-329-sea-glass-2oz\/","og_site_name":"Art VallARTa","article_publisher":"http:\/\/www.facebook.com\/artvallarta","article_modified_time":"2026-01-12T19:07:28+00:00","og_image":[{"width":772,"height":950,"url":"https:\/\/artvallarta.com\/wp-content\/uploads\/2024\/04\/WhatsApp-Image-2024-04-27-at-12.20.51-PM.jpeg","type":"image\/jpeg"}],"twitter_card":"summary_large_image","twitter_misc":{"Tiempo de lectura":"1 minuto"},"schema":{"@context":"https:\/\/schema.org","@graph":[{"@type":"WebPage","@id":"https:\/\/artvallarta.com\/es\/product\/amaco-glazes-velvet-underglazes-liq-v-329-sea-glass-2oz\/","url":"https:\/\/artvallarta.com\/es\/product\/amaco-glazes-velvet-underglazes-liq-v-329-sea-glass-2oz\/","name":"Amaco Glazes Velvet UnderGlazes LIQ V-329 Sea Glass 2oz - Art VallARTa","isPartOf":{"@id":"https:\/\/artvallarta.com\/es\/#website"},"primaryImageOfPage":{"@id":"https:\/\/artvallarta.com\/es\/product\/amaco-glazes-velvet-underglazes-liq-v-329-sea-glass-2oz\/#primaryimage"},"image":{"@id":"https:\/\/artvallarta.com\/es\/product\/amaco-glazes-velvet-underglazes-liq-v-329-sea-glass-2oz\/#primaryimage"},"thumbnailUrl":"https:\/\/artvallarta.com\/wp-content\/uploads\/2024\/04\/WhatsApp-Image-2024-04-27-at-12.20.51-PM.jpeg","datePublished":"2024-04-27T18:22:31+00:00","dateModified":"2026-01-12T19:07:28+00:00","description":"Sea Glass is a very pale blue-green color at cone 05 and becomes richer and darker under a clear glaze. It remains the same at cone 5, but fired to cone 10 becomes more blue.Sea Glass tiene un color azul verdoso muy p\u00e1lido en el cono 05 y se vuelve m\u00e1s rico y oscuro bajo un esmalte transparente. Sigue siendo el mismo en el cono 5, pero disparado al cono 10 se vuelve m\u00e1s azul.","breadcrumb":{"@id":"https:\/\/artvallarta.com\/es\/product\/amaco-glazes-velvet-underglazes-liq-v-329-sea-glass-2oz\/#breadcrumb"},"inLanguage":"es","potentialAction":[{"@type":"ReadAction","target":["https:\/\/artvallarta.com\/es\/product\/amaco-glazes-velvet-underglazes-liq-v-329-sea-glass-2oz\/"]}]},{"@type":"ImageObject","inLanguage":"es","@id":"https:\/\/artvallarta.com\/es\/product\/amaco-glazes-velvet-underglazes-liq-v-329-sea-glass-2oz\/#primaryimage","url":"https:\/\/artvallarta.com\/wp-content\/uploads\/2024\/04\/WhatsApp-Image-2024-04-27-at-12.20.51-PM.jpeg","contentUrl":"https:\/\/artvallarta.com\/wp-content\/uploads\/2024\/04\/WhatsApp-Image-2024-04-27-at-12.20.51-PM.jpeg","width":772,"height":950},{"@type":"BreadcrumbList","@id":"https:\/\/artvallarta.com\/es\/product\/amaco-glazes-velvet-underglazes-liq-v-329-sea-glass-2oz\/#breadcrumb","itemListElement":[{"@type":"ListItem","position":1,"name":"Pagina principal","item":"https:\/\/artvallarta.com\/es\/art-vallarta-puerto-vallarta-mexico-home\/"},{"@type":"ListItem","position":2,"name":"Shop","item":"https:\/\/artvallarta.com\/shop\/"},{"@type":"ListItem","position":3,"name":"Amaco Glazes Velvet UnderGlazes LIQ V-329 Sea Glass 2oz"}]},{"@type":"WebSite","@id":"https:\/\/artvallarta.com\/es\/#website","url":"https:\/\/artvallarta.com\/es\/","name":"Art VallARTa","description":"Art VallARTa","publisher":{"@id":"https:\/\/artvallarta.com\/es\/#organization"},"potentialAction":[{"@type":"SearchAction","target":{"@type":"EntryPoint","urlTemplate":"https:\/\/artvallarta.com\/es\/?s={search_term_string}"},"query-input":{"@type":"PropertyValueSpecification","valueRequired":true,"valueName":"search_term_string"}}],"inLanguage":"es"},{"@type":"Organization","@id":"https:\/\/artvallarta.com\/es\/#organization","name":"Art VallARTa","url":"https:\/\/artvallarta.com\/es\/","logo":{"@type":"ImageObject","inLanguage":"es","@id":"https:\/\/artvallarta.com\/es\/#\/schema\/logo\/image\/","url":"https:\/\/artvallarta.com\/wp-content\/uploads\/2019\/02\/51835738_615449708895218_133232196214325248_n.jpg","contentUrl":"https:\/\/artvallarta.com\/wp-content\/uploads\/2019\/02\/51835738_615449708895218_133232196214325248_n.jpg","width":2048,"height":1466,"caption":"Art VallARTa"},"image":{"@id":"https:\/\/artvallarta.com\/es\/#\/schema\/logo\/image\/"},"sameAs":["http:\/\/www.facebook.com\/artvallarta","http:\/\/www.instagram.com\/artvallarta","http:\/\/www.pinterest\/artvallarta","https:\/\/www.youtube.com\/channel\/UCOqDy2Oyk7EU4tz3S2Gl7kQ"]}]}},"_links":{"self":[{"href":"https:\/\/artvallarta.com\/es\/wp-json\/wp\/v2\/product\/83833","targetHints":{"allow":["GET"]}}],"collection":[{"href":"https:\/\/artvallarta.com\/es\/wp-json\/wp\/v2\/product"}],"about":[{"href":"https:\/\/artvallarta.com\/es\/wp-json\/wp\/v2\/types\/product"}],"version-history":[{"count":2,"href":"https:\/\/artvallarta.com\/es\/wp-json\/wp\/v2\/product\/83833\/revisions"}],"predecessor-version":[{"id":83837,"href":"https:\/\/artvallarta.com\/es\/wp-json\/wp\/v2\/product\/83833\/revisions\/83837"}],"wp:featuredmedia":[{"embeddable":true,"href":"https:\/\/artvallarta.com\/es\/wp-json\/wp\/v2\/media\/83835"}],"wp:attachment":[{"href":"https:\/\/artvallarta.com\/es\/wp-json\/wp\/v2\/media?parent=83833"}],"wp:term":[{"taxonomy":"product_brand","embeddable":true,"href":"https:\/\/artvallarta.com\/es\/wp-json\/wp\/v2\/product_brand?post=83833"},{"taxonomy":"product_cat","embeddable":true,"href":"https:\/\/artvallarta.com\/es\/wp-json\/wp\/v2\/product_cat?post=83833"},{"taxonomy":"product_tag","embeddable":true,"href":"https:\/\/artvallarta.com\/es\/wp-json\/wp\/v2\/product_tag?post=83833"}],"curies":[{"name":"wp","href":"https:\/\/api.w.org\/{rel}","templated":true}]}}