{"id":83813,"date":"2024-04-25T14:42:42","date_gmt":"2024-04-25T19:42:42","guid":{"rendered":"https:\/\/artvallarta.com\/?post_type=product&#038;p=83813"},"modified":"2026-02-27T10:57:35","modified_gmt":"2026-02-27T16:57:35","slug":"564-azul-electrico-metalico-100m-pintura-acrilica-pinto","status":"publish","type":"product","link":"https:\/\/artvallarta.com\/es\/product\/564-azul-electrico-metalico-100m-pintura-acrilica-pinto\/","title":{"rendered":"564 Azul Electrico Metalico 100m Pintura acrilica Pinto"},"content":{"rendered":"<p>La fina molienda de los pigmentos y el perfecto balance entre resina acr\u00edlica, agua tratada y otros aditivos que intervienen en el proceso de elaboraci\u00f3n de este producto, da como resultado una pintura acr\u00edlica mate con una viscosidad media uniforme, una textura tersa y suave al tacto con excelente poder cubriente y tint\u00f3reo, una buena resistencia del color a la degradaci\u00f3n de la luz y una gran adherencia de este material en superficies porosas como: madera, lienzos, cer\u00e1mica, cart\u00f3n, piedra, papel, yeso, etc.<\/p>\n<p>The fine milling of the pigments and the perfect balance of the acrylic resin, water and other additives that are used in the making of this product result in a matt acrylic paint with a uniform medium viscosity, and a smooth and soft texture to the touch with an excellent opacity and dyeing quality. Also, this product has a good resistance to color fading caused by light and a great adherence in porous surfaces like wood, canvases, pottery, cardboard, paper, plaster, etc.<\/p>\n","protected":false},"excerpt":{"rendered":"<p>La fina molienda de los pigmentos y el perfecto balance entre resina acr\u00edlica, agua tratada y otros aditivos que intervienen en el proceso de elaboraci\u00f3n de este producto, da como resultado una pintura acr\u00edlica mate con una viscosidad media uniforme, una textura tersa y suave al tacto con excelente poder cubriente y tint\u00f3reo, una buena resistencia del color a la degradaci\u00f3n de la luz y una gran adherencia de este material en superficies porosas como: madera, lienzos, cer\u00e1mica, cart\u00f3n, piedra, papel, yeso, etc.<\/p>\n<p>The fine milling of the pigments and the perfect balance of the acrylic resin, water and other additives that are used in the making of this product result in a matt acrylic paint with a uniform medium viscosity, and a smooth and soft texture to the touch with an excellent opacity and dyeing quality. Also, this product has a good resistance to color fading caused by light and a great adherence in porous surfaces like wood, canvases, pottery, cardboard, paper, plaster, etc.<\/p>\n","protected":false},"featured_media":83814,"template":"","meta":[],"product_brand":[],"product_cat":[250],"product_tag":[],"class_list":{"0":"post-83813","1":"product","2":"type-product","3":"status-publish","4":"has-post-thumbnail","6":"product_cat-theater","8":"first","9":"instock","10":"taxable","11":"shipping-taxable","12":"purchasable","13":"product-type-simple"},"yoast_head":"<!-- This site is optimized with the Yoast SEO plugin v27.1.1 - https:\/\/yoast.com\/product\/yoast-seo-wordpress\/ -->\n<title>564 Azul Electrico Metalico 100m Pintura acrilica Pinto - Art VallARTa<\/title>\n<meta name=\"robots\" content=\"index, follow, max-snippet:-1, max-image-preview:large, max-video-preview:-1\" \/>\n<link rel=\"canonical\" href=\"https:\/\/artvallarta.com\/es\/product\/564-azul-electrico-metalico-100m-pintura-acrilica-pinto\/\" \/>\n<meta property=\"og:locale\" content=\"es_ES\" \/>\n<meta property=\"og:type\" content=\"article\" \/>\n<meta property=\"og:title\" content=\"564 Azul Electrico Metalico 100m Pintura acrilica Pinto - Art VallARTa\" \/>\n<meta property=\"og:description\" content=\"La fina molienda de los pigmentos y el perfecto balance entre resina acr\u00edlica, agua tratada y otros aditivos que intervienen en el proceso de elaboraci\u00f3n de este producto, da como resultado una pintura acr\u00edlica mate con una viscosidad media uniforme, una textura tersa y suave al tacto con excelente poder cubriente y tint\u00f3reo, una buena resistencia del color a la degradaci\u00f3n de la luz y una gran adherencia de este material en superficies porosas como: madera, lienzos, cer\u00e1mica, cart\u00f3n, piedra, papel, yeso, etc.  The fine milling of the pigments and the perfect balance of the acrylic resin, water and other additives that are used in the making of this product result in a matt acrylic paint with a uniform medium viscosity, and a smooth and soft texture to the touch with an excellent opacity and dyeing quality. Also, this product has a good resistance to color fading caused by light and a great adherence in porous surfaces like wood, canvases, pottery, cardboard, paper, plaster, etc.\" \/>\n<meta property=\"og:url\" content=\"https:\/\/artvallarta.com\/es\/product\/564-azul-electrico-metalico-100m-pintura-acrilica-pinto\/\" \/>\n<meta property=\"og:site_name\" content=\"Art VallARTa\" \/>\n<meta property=\"article:publisher\" content=\"http:\/\/www.facebook.com\/artvallarta\" \/>\n<meta property=\"article:modified_time\" content=\"2026-02-27T16:57:35+00:00\" \/>\n<meta property=\"og:image\" content=\"https:\/\/artvallarta.com\/wp-content\/uploads\/2024\/04\/564-Azul-electrico-metalico-Acrilica-Pinto-100ml.jpeg\" \/>\n\t<meta property=\"og:image:width\" content=\"915\" \/>\n\t<meta property=\"og:image:height\" content=\"1388\" \/>\n\t<meta property=\"og:image:type\" content=\"image\/jpeg\" \/>\n<meta name=\"twitter:card\" content=\"summary_large_image\" \/>\n<meta name=\"twitter:label1\" content=\"Tiempo de lectura\" \/>\n\t<meta name=\"twitter:data1\" content=\"1 minuto\" \/>\n<script type=\"application\/ld+json\" class=\"yoast-schema-graph\">{\"@context\":\"https:\/\/schema.org\",\"@graph\":[{\"@type\":\"WebPage\",\"@id\":\"https:\/\/artvallarta.com\/es\/product\/564-azul-electrico-metalico-100m-pintura-acrilica-pinto\/\",\"url\":\"https:\/\/artvallarta.com\/es\/product\/564-azul-electrico-metalico-100m-pintura-acrilica-pinto\/\",\"name\":\"564 Azul Electrico Metalico 100m Pintura acrilica Pinto - Art VallARTa\",\"isPartOf\":{\"@id\":\"https:\/\/artvallarta.com\/es\/#website\"},\"primaryImageOfPage\":{\"@id\":\"https:\/\/artvallarta.com\/es\/product\/564-azul-electrico-metalico-100m-pintura-acrilica-pinto\/#primaryimage\"},\"image\":{\"@id\":\"https:\/\/artvallarta.com\/es\/product\/564-azul-electrico-metalico-100m-pintura-acrilica-pinto\/#primaryimage\"},\"thumbnailUrl\":\"https:\/\/artvallarta.com\/wp-content\/uploads\/2024\/04\/564-Azul-electrico-metalico-Acrilica-Pinto-100ml.jpeg\",\"datePublished\":\"2024-04-25T19:42:42+00:00\",\"dateModified\":\"2026-02-27T16:57:35+00:00\",\"breadcrumb\":{\"@id\":\"https:\/\/artvallarta.com\/es\/product\/564-azul-electrico-metalico-100m-pintura-acrilica-pinto\/#breadcrumb\"},\"inLanguage\":\"es\",\"potentialAction\":[{\"@type\":\"ReadAction\",\"target\":[\"https:\/\/artvallarta.com\/es\/product\/564-azul-electrico-metalico-100m-pintura-acrilica-pinto\/\"]}]},{\"@type\":\"ImageObject\",\"inLanguage\":\"es\",\"@id\":\"https:\/\/artvallarta.com\/es\/product\/564-azul-electrico-metalico-100m-pintura-acrilica-pinto\/#primaryimage\",\"url\":\"https:\/\/artvallarta.com\/wp-content\/uploads\/2024\/04\/564-Azul-electrico-metalico-Acrilica-Pinto-100ml.jpeg\",\"contentUrl\":\"https:\/\/artvallarta.com\/wp-content\/uploads\/2024\/04\/564-Azul-electrico-metalico-Acrilica-Pinto-100ml.jpeg\",\"width\":915,\"height\":1388},{\"@type\":\"BreadcrumbList\",\"@id\":\"https:\/\/artvallarta.com\/es\/product\/564-azul-electrico-metalico-100m-pintura-acrilica-pinto\/#breadcrumb\",\"itemListElement\":[{\"@type\":\"ListItem\",\"position\":1,\"name\":\"Pagina principal\",\"item\":\"https:\/\/artvallarta.com\/es\/art-vallarta-puerto-vallarta-mexico-home\/\"},{\"@type\":\"ListItem\",\"position\":2,\"name\":\"Shop\",\"item\":\"https:\/\/artvallarta.com\/shop\/\"},{\"@type\":\"ListItem\",\"position\":3,\"name\":\"564 Azul Electrico Metalico 100m Pintura acrilica Pinto\"}]},{\"@type\":\"WebSite\",\"@id\":\"https:\/\/artvallarta.com\/es\/#website\",\"url\":\"https:\/\/artvallarta.com\/es\/\",\"name\":\"Art VallARTa\",\"description\":\"Art VallARTa\",\"publisher\":{\"@id\":\"https:\/\/artvallarta.com\/es\/#organization\"},\"potentialAction\":[{\"@type\":\"SearchAction\",\"target\":{\"@type\":\"EntryPoint\",\"urlTemplate\":\"https:\/\/artvallarta.com\/es\/?s={search_term_string}\"},\"query-input\":{\"@type\":\"PropertyValueSpecification\",\"valueRequired\":true,\"valueName\":\"search_term_string\"}}],\"inLanguage\":\"es\"},{\"@type\":\"Organization\",\"@id\":\"https:\/\/artvallarta.com\/es\/#organization\",\"name\":\"Art VallARTa\",\"url\":\"https:\/\/artvallarta.com\/es\/\",\"logo\":{\"@type\":\"ImageObject\",\"inLanguage\":\"es\",\"@id\":\"https:\/\/artvallarta.com\/es\/#\/schema\/logo\/image\/\",\"url\":\"https:\/\/artvallarta.com\/wp-content\/uploads\/2019\/02\/51835738_615449708895218_133232196214325248_n.jpg\",\"contentUrl\":\"https:\/\/artvallarta.com\/wp-content\/uploads\/2019\/02\/51835738_615449708895218_133232196214325248_n.jpg\",\"width\":2048,\"height\":1466,\"caption\":\"Art VallARTa\"},\"image\":{\"@id\":\"https:\/\/artvallarta.com\/es\/#\/schema\/logo\/image\/\"},\"sameAs\":[\"http:\/\/www.facebook.com\/artvallarta\",\"http:\/\/www.instagram.com\/artvallarta\",\"http:\/\/www.pinterest\/artvallarta\",\"https:\/\/www.youtube.com\/channel\/UCOqDy2Oyk7EU4tz3S2Gl7kQ\"]}]}<\/script>\n<!-- \/ Yoast SEO plugin. -->","yoast_head_json":{"title":"564 Azul Electrico Metalico 100m Pintura acrilica Pinto - Art VallARTa","robots":{"index":"index","follow":"follow","max-snippet":"max-snippet:-1","max-image-preview":"max-image-preview:large","max-video-preview":"max-video-preview:-1"},"canonical":"https:\/\/artvallarta.com\/es\/product\/564-azul-electrico-metalico-100m-pintura-acrilica-pinto\/","og_locale":"es_ES","og_type":"article","og_title":"564 Azul Electrico Metalico 100m Pintura acrilica Pinto - Art VallARTa","og_description":"La fina molienda de los pigmentos y el perfecto balance entre resina acr\u00edlica, agua tratada y otros aditivos que intervienen en el proceso de elaboraci\u00f3n de este producto, da como resultado una pintura acr\u00edlica mate con una viscosidad media uniforme, una textura tersa y suave al tacto con excelente poder cubriente y tint\u00f3reo, una buena resistencia del color a la degradaci\u00f3n de la luz y una gran adherencia de este material en superficies porosas como: madera, lienzos, cer\u00e1mica, cart\u00f3n, piedra, papel, yeso, etc.  The fine milling of the pigments and the perfect balance of the acrylic resin, water and other additives that are used in the making of this product result in a matt acrylic paint with a uniform medium viscosity, and a smooth and soft texture to the touch with an excellent opacity and dyeing quality. Also, this product has a good resistance to color fading caused by light and a great adherence in porous surfaces like wood, canvases, pottery, cardboard, paper, plaster, etc.","og_url":"https:\/\/artvallarta.com\/es\/product\/564-azul-electrico-metalico-100m-pintura-acrilica-pinto\/","og_site_name":"Art VallARTa","article_publisher":"http:\/\/www.facebook.com\/artvallarta","article_modified_time":"2026-02-27T16:57:35+00:00","og_image":[{"width":915,"height":1388,"url":"https:\/\/artvallarta.com\/wp-content\/uploads\/2024\/04\/564-Azul-electrico-metalico-Acrilica-Pinto-100ml.jpeg","type":"image\/jpeg"}],"twitter_card":"summary_large_image","twitter_misc":{"Tiempo de lectura":"1 minuto"},"schema":{"@context":"https:\/\/schema.org","@graph":[{"@type":"WebPage","@id":"https:\/\/artvallarta.com\/es\/product\/564-azul-electrico-metalico-100m-pintura-acrilica-pinto\/","url":"https:\/\/artvallarta.com\/es\/product\/564-azul-electrico-metalico-100m-pintura-acrilica-pinto\/","name":"564 Azul Electrico Metalico 100m Pintura acrilica Pinto - Art VallARTa","isPartOf":{"@id":"https:\/\/artvallarta.com\/es\/#website"},"primaryImageOfPage":{"@id":"https:\/\/artvallarta.com\/es\/product\/564-azul-electrico-metalico-100m-pintura-acrilica-pinto\/#primaryimage"},"image":{"@id":"https:\/\/artvallarta.com\/es\/product\/564-azul-electrico-metalico-100m-pintura-acrilica-pinto\/#primaryimage"},"thumbnailUrl":"https:\/\/artvallarta.com\/wp-content\/uploads\/2024\/04\/564-Azul-electrico-metalico-Acrilica-Pinto-100ml.jpeg","datePublished":"2024-04-25T19:42:42+00:00","dateModified":"2026-02-27T16:57:35+00:00","breadcrumb":{"@id":"https:\/\/artvallarta.com\/es\/product\/564-azul-electrico-metalico-100m-pintura-acrilica-pinto\/#breadcrumb"},"inLanguage":"es","potentialAction":[{"@type":"ReadAction","target":["https:\/\/artvallarta.com\/es\/product\/564-azul-electrico-metalico-100m-pintura-acrilica-pinto\/"]}]},{"@type":"ImageObject","inLanguage":"es","@id":"https:\/\/artvallarta.com\/es\/product\/564-azul-electrico-metalico-100m-pintura-acrilica-pinto\/#primaryimage","url":"https:\/\/artvallarta.com\/wp-content\/uploads\/2024\/04\/564-Azul-electrico-metalico-Acrilica-Pinto-100ml.jpeg","contentUrl":"https:\/\/artvallarta.com\/wp-content\/uploads\/2024\/04\/564-Azul-electrico-metalico-Acrilica-Pinto-100ml.jpeg","width":915,"height":1388},{"@type":"BreadcrumbList","@id":"https:\/\/artvallarta.com\/es\/product\/564-azul-electrico-metalico-100m-pintura-acrilica-pinto\/#breadcrumb","itemListElement":[{"@type":"ListItem","position":1,"name":"Pagina principal","item":"https:\/\/artvallarta.com\/es\/art-vallarta-puerto-vallarta-mexico-home\/"},{"@type":"ListItem","position":2,"name":"Shop","item":"https:\/\/artvallarta.com\/shop\/"},{"@type":"ListItem","position":3,"name":"564 Azul Electrico Metalico 100m Pintura acrilica Pinto"}]},{"@type":"WebSite","@id":"https:\/\/artvallarta.com\/es\/#website","url":"https:\/\/artvallarta.com\/es\/","name":"Art VallARTa","description":"Art VallARTa","publisher":{"@id":"https:\/\/artvallarta.com\/es\/#organization"},"potentialAction":[{"@type":"SearchAction","target":{"@type":"EntryPoint","urlTemplate":"https:\/\/artvallarta.com\/es\/?s={search_term_string}"},"query-input":{"@type":"PropertyValueSpecification","valueRequired":true,"valueName":"search_term_string"}}],"inLanguage":"es"},{"@type":"Organization","@id":"https:\/\/artvallarta.com\/es\/#organization","name":"Art VallARTa","url":"https:\/\/artvallarta.com\/es\/","logo":{"@type":"ImageObject","inLanguage":"es","@id":"https:\/\/artvallarta.com\/es\/#\/schema\/logo\/image\/","url":"https:\/\/artvallarta.com\/wp-content\/uploads\/2019\/02\/51835738_615449708895218_133232196214325248_n.jpg","contentUrl":"https:\/\/artvallarta.com\/wp-content\/uploads\/2019\/02\/51835738_615449708895218_133232196214325248_n.jpg","width":2048,"height":1466,"caption":"Art VallARTa"},"image":{"@id":"https:\/\/artvallarta.com\/es\/#\/schema\/logo\/image\/"},"sameAs":["http:\/\/www.facebook.com\/artvallarta","http:\/\/www.instagram.com\/artvallarta","http:\/\/www.pinterest\/artvallarta","https:\/\/www.youtube.com\/channel\/UCOqDy2Oyk7EU4tz3S2Gl7kQ"]}]}},"_links":{"self":[{"href":"https:\/\/artvallarta.com\/es\/wp-json\/wp\/v2\/product\/83813","targetHints":{"allow":["GET"]}}],"collection":[{"href":"https:\/\/artvallarta.com\/es\/wp-json\/wp\/v2\/product"}],"about":[{"href":"https:\/\/artvallarta.com\/es\/wp-json\/wp\/v2\/types\/product"}],"version-history":[{"count":1,"href":"https:\/\/artvallarta.com\/es\/wp-json\/wp\/v2\/product\/83813\/revisions"}],"predecessor-version":[{"id":83816,"href":"https:\/\/artvallarta.com\/es\/wp-json\/wp\/v2\/product\/83813\/revisions\/83816"}],"wp:featuredmedia":[{"embeddable":true,"href":"https:\/\/artvallarta.com\/es\/wp-json\/wp\/v2\/media\/83814"}],"wp:attachment":[{"href":"https:\/\/artvallarta.com\/es\/wp-json\/wp\/v2\/media?parent=83813"}],"wp:term":[{"taxonomy":"product_brand","embeddable":true,"href":"https:\/\/artvallarta.com\/es\/wp-json\/wp\/v2\/product_brand?post=83813"},{"taxonomy":"product_cat","embeddable":true,"href":"https:\/\/artvallarta.com\/es\/wp-json\/wp\/v2\/product_cat?post=83813"},{"taxonomy":"product_tag","embeddable":true,"href":"https:\/\/artvallarta.com\/es\/wp-json\/wp\/v2\/product_tag?post=83813"}],"curies":[{"name":"wp","href":"https:\/\/api.w.org\/{rel}","templated":true}]}}