{"id":81248,"date":"2022-09-22T13:58:33","date_gmt":"2022-09-22T18:58:33","guid":{"rendered":"https:\/\/artvallarta.com\/?post_type=product&#038;p=81248"},"modified":"2026-04-08T13:16:25","modified_gmt":"2026-04-08T19:16:25","slug":"block-academia-drawing-200g-con-30-hojas","status":"publish","type":"product","link":"https:\/\/artvallarta.com\/es\/product\/block-academia-drawing-200g-con-30-hojas\/","title":{"rendered":"Block Academia Drawing 200g Con 30 Hojas"},"content":{"rendered":"<p>FEATURES: Produced with 100% cellulose. Resistance to insistent deletions. Allows the use of wet techniques. Blocks with spiral.\u00a0Ideal for: Charcoal, pencil, pastel, sanguine and gouache.<\/p>\n<p>CARACTER\u00cdSTICAS: Producido con el 100% de celulosa. Resistencia a los borrados insistentes. Permite usar t\u00e9cnicas h\u00famedas. Blocks con espiral. Ideal para: Carboncillo, l\u00e1piz, pastel, sanguina y gouache.<\/p>\n","protected":false},"excerpt":{"rendered":"<p>FEATURES: Produced with 100% cellulose. Resistance to insistent deletions. Allows the use of wet techniques. Blocks with spiral.\u00a0Ideal for: Charcoal,<\/p>\n","protected":false},"featured_media":88044,"template":"","meta":[],"product_brand":[],"product_cat":[129,137,106,203],"product_tag":[],"class_list":{"0":"post-81248","1":"product","2":"type-product","3":"status-publish","4":"has-post-thumbnail","6":"product_cat-art-supplies","7":"product_cat-drawing-supplies","8":"product_cat-notebooks","9":"product_cat-sketchbooks","10":"pa_size-148-x-21-cm","11":"pa_size-21-x-297-cm","12":"pa_size-297-x-42-cm","13":"member-discount","14":"discount-restricted","16":"first","17":"instock","18":"taxable","19":"shipping-taxable","20":"purchasable","21":"product-type-variable"},"yoast_head":"<!-- This site is optimized with the Yoast SEO plugin v27.3 - https:\/\/yoast.com\/product\/yoast-seo-wordpress\/ -->\n<title>Block Academia Drawing 200g Con 30 Hojas - Art VallARTa<\/title>\n<meta name=\"robots\" content=\"index, follow, max-snippet:-1, max-image-preview:large, max-video-preview:-1\" \/>\n<link rel=\"canonical\" href=\"https:\/\/artvallarta.com\/es\/product\/block-academia-drawing-200g-con-30-hojas\/\" \/>\n<meta property=\"og:locale\" content=\"es_ES\" \/>\n<meta property=\"og:type\" content=\"article\" \/>\n<meta property=\"og:title\" content=\"Block Academia Drawing 200g Con 30 Hojas - Art VallARTa\" \/>\n<meta property=\"og:description\" content=\"FEATURES: Produced with 100% cellulose. Resistance to insistent deletions. Allows the use of wet techniques. Blocks with spiral.\u00a0Ideal for: Charcoal,\" \/>\n<meta property=\"og:url\" content=\"https:\/\/artvallarta.com\/es\/product\/block-academia-drawing-200g-con-30-hojas\/\" \/>\n<meta property=\"og:site_name\" content=\"Art VallARTa\" \/>\n<meta property=\"article:publisher\" content=\"http:\/\/www.facebook.com\/artvallarta\" \/>\n<meta property=\"article:modified_time\" content=\"2026-04-08T19:16:25+00:00\" \/>\n<meta property=\"og:image\" content=\"https:\/\/artvallarta.com\/wp-content\/uploads\/2022\/09\/Block-Academia-Drawing.jpeg\" \/>\n\t<meta property=\"og:image:width\" content=\"925\" \/>\n\t<meta property=\"og:image:height\" content=\"1280\" \/>\n\t<meta property=\"og:image:type\" content=\"image\/jpeg\" \/>\n<meta name=\"twitter:card\" content=\"summary_large_image\" \/>\n<meta name=\"twitter:label1\" content=\"Tiempo de lectura\" \/>\n\t<meta name=\"twitter:data1\" content=\"1 minuto\" \/>\n<script type=\"application\/ld+json\" class=\"yoast-schema-graph\">{\"@context\":\"https:\\\/\\\/schema.org\",\"@graph\":[{\"@type\":\"WebPage\",\"@id\":\"https:\\\/\\\/artvallarta.com\\\/es\\\/product\\\/block-academia-drawing-200g-con-30-hojas\\\/\",\"url\":\"https:\\\/\\\/artvallarta.com\\\/es\\\/product\\\/block-academia-drawing-200g-con-30-hojas\\\/\",\"name\":\"Block Academia Drawing 200g Con 30 Hojas - Art VallARTa\",\"isPartOf\":{\"@id\":\"https:\\\/\\\/artvallarta.com\\\/es\\\/#website\"},\"primaryImageOfPage\":{\"@id\":\"https:\\\/\\\/artvallarta.com\\\/es\\\/product\\\/block-academia-drawing-200g-con-30-hojas\\\/#primaryimage\"},\"image\":{\"@id\":\"https:\\\/\\\/artvallarta.com\\\/es\\\/product\\\/block-academia-drawing-200g-con-30-hojas\\\/#primaryimage\"},\"thumbnailUrl\":\"https:\\\/\\\/artvallarta.com\\\/wp-content\\\/uploads\\\/2022\\\/09\\\/Block-Academia-Drawing.jpeg\",\"datePublished\":\"2022-09-22T18:58:33+00:00\",\"dateModified\":\"2026-04-08T19:16:25+00:00\",\"breadcrumb\":{\"@id\":\"https:\\\/\\\/artvallarta.com\\\/es\\\/product\\\/block-academia-drawing-200g-con-30-hojas\\\/#breadcrumb\"},\"inLanguage\":\"es\",\"potentialAction\":[{\"@type\":\"ReadAction\",\"target\":[\"https:\\\/\\\/artvallarta.com\\\/es\\\/product\\\/block-academia-drawing-200g-con-30-hojas\\\/\"]}]},{\"@type\":\"ImageObject\",\"inLanguage\":\"es\",\"@id\":\"https:\\\/\\\/artvallarta.com\\\/es\\\/product\\\/block-academia-drawing-200g-con-30-hojas\\\/#primaryimage\",\"url\":\"https:\\\/\\\/artvallarta.com\\\/wp-content\\\/uploads\\\/2022\\\/09\\\/Block-Academia-Drawing.jpeg\",\"contentUrl\":\"https:\\\/\\\/artvallarta.com\\\/wp-content\\\/uploads\\\/2022\\\/09\\\/Block-Academia-Drawing.jpeg\",\"width\":925,\"height\":1280},{\"@type\":\"BreadcrumbList\",\"@id\":\"https:\\\/\\\/artvallarta.com\\\/es\\\/product\\\/block-academia-drawing-200g-con-30-hojas\\\/#breadcrumb\",\"itemListElement\":[{\"@type\":\"ListItem\",\"position\":1,\"name\":\"Pagina principal\",\"item\":\"https:\\\/\\\/artvallarta.com\\\/es\\\/art-vallarta-puerto-vallarta-mexico-home\\\/\"},{\"@type\":\"ListItem\",\"position\":2,\"name\":\"Shop\",\"item\":\"https:\\\/\\\/artvallarta.com\\\/shop\\\/\"},{\"@type\":\"ListItem\",\"position\":3,\"name\":\"Block Academia Drawing 200g Con 30 Hojas\"}]},{\"@type\":\"WebSite\",\"@id\":\"https:\\\/\\\/artvallarta.com\\\/es\\\/#website\",\"url\":\"https:\\\/\\\/artvallarta.com\\\/es\\\/\",\"name\":\"Art VallARTa\",\"description\":\"Art VallARTa\",\"publisher\":{\"@id\":\"https:\\\/\\\/artvallarta.com\\\/es\\\/#organization\"},\"potentialAction\":[{\"@type\":\"SearchAction\",\"target\":{\"@type\":\"EntryPoint\",\"urlTemplate\":\"https:\\\/\\\/artvallarta.com\\\/es\\\/?s={search_term_string}\"},\"query-input\":{\"@type\":\"PropertyValueSpecification\",\"valueRequired\":true,\"valueName\":\"search_term_string\"}}],\"inLanguage\":\"es\"},{\"@type\":\"Organization\",\"@id\":\"https:\\\/\\\/artvallarta.com\\\/es\\\/#organization\",\"name\":\"Art VallARTa\",\"url\":\"https:\\\/\\\/artvallarta.com\\\/es\\\/\",\"logo\":{\"@type\":\"ImageObject\",\"inLanguage\":\"es\",\"@id\":\"https:\\\/\\\/artvallarta.com\\\/es\\\/#\\\/schema\\\/logo\\\/image\\\/\",\"url\":\"https:\\\/\\\/artvallarta.com\\\/wp-content\\\/uploads\\\/2019\\\/02\\\/51835738_615449708895218_133232196214325248_n.jpg\",\"contentUrl\":\"https:\\\/\\\/artvallarta.com\\\/wp-content\\\/uploads\\\/2019\\\/02\\\/51835738_615449708895218_133232196214325248_n.jpg\",\"width\":2048,\"height\":1466,\"caption\":\"Art VallARTa\"},\"image\":{\"@id\":\"https:\\\/\\\/artvallarta.com\\\/es\\\/#\\\/schema\\\/logo\\\/image\\\/\"},\"sameAs\":[\"http:\\\/\\\/www.facebook.com\\\/artvallarta\",\"http:\\\/\\\/www.instagram.com\\\/artvallarta\",\"http:\\\/\\\/www.pinterest\\\/artvallarta\",\"https:\\\/\\\/www.youtube.com\\\/channel\\\/UCOqDy2Oyk7EU4tz3S2Gl7kQ\"]}]}<\/script>\n<!-- \/ Yoast SEO plugin. -->","yoast_head_json":{"title":"Block Academia Drawing 200g Con 30 Hojas - Art VallARTa","robots":{"index":"index","follow":"follow","max-snippet":"max-snippet:-1","max-image-preview":"max-image-preview:large","max-video-preview":"max-video-preview:-1"},"canonical":"https:\/\/artvallarta.com\/es\/product\/block-academia-drawing-200g-con-30-hojas\/","og_locale":"es_ES","og_type":"article","og_title":"Block Academia Drawing 200g Con 30 Hojas - Art VallARTa","og_description":"FEATURES: Produced with 100% cellulose. Resistance to insistent deletions. Allows the use of wet techniques. Blocks with spiral.\u00a0Ideal for: Charcoal,","og_url":"https:\/\/artvallarta.com\/es\/product\/block-academia-drawing-200g-con-30-hojas\/","og_site_name":"Art VallARTa","article_publisher":"http:\/\/www.facebook.com\/artvallarta","article_modified_time":"2026-04-08T19:16:25+00:00","og_image":[{"width":925,"height":1280,"url":"https:\/\/artvallarta.com\/wp-content\/uploads\/2022\/09\/Block-Academia-Drawing.jpeg","type":"image\/jpeg"}],"twitter_card":"summary_large_image","twitter_misc":{"Tiempo de lectura":"1 minuto"},"schema":{"@context":"https:\/\/schema.org","@graph":[{"@type":"WebPage","@id":"https:\/\/artvallarta.com\/es\/product\/block-academia-drawing-200g-con-30-hojas\/","url":"https:\/\/artvallarta.com\/es\/product\/block-academia-drawing-200g-con-30-hojas\/","name":"Block Academia Drawing 200g Con 30 Hojas - Art VallARTa","isPartOf":{"@id":"https:\/\/artvallarta.com\/es\/#website"},"primaryImageOfPage":{"@id":"https:\/\/artvallarta.com\/es\/product\/block-academia-drawing-200g-con-30-hojas\/#primaryimage"},"image":{"@id":"https:\/\/artvallarta.com\/es\/product\/block-academia-drawing-200g-con-30-hojas\/#primaryimage"},"thumbnailUrl":"https:\/\/artvallarta.com\/wp-content\/uploads\/2022\/09\/Block-Academia-Drawing.jpeg","datePublished":"2022-09-22T18:58:33+00:00","dateModified":"2026-04-08T19:16:25+00:00","breadcrumb":{"@id":"https:\/\/artvallarta.com\/es\/product\/block-academia-drawing-200g-con-30-hojas\/#breadcrumb"},"inLanguage":"es","potentialAction":[{"@type":"ReadAction","target":["https:\/\/artvallarta.com\/es\/product\/block-academia-drawing-200g-con-30-hojas\/"]}]},{"@type":"ImageObject","inLanguage":"es","@id":"https:\/\/artvallarta.com\/es\/product\/block-academia-drawing-200g-con-30-hojas\/#primaryimage","url":"https:\/\/artvallarta.com\/wp-content\/uploads\/2022\/09\/Block-Academia-Drawing.jpeg","contentUrl":"https:\/\/artvallarta.com\/wp-content\/uploads\/2022\/09\/Block-Academia-Drawing.jpeg","width":925,"height":1280},{"@type":"BreadcrumbList","@id":"https:\/\/artvallarta.com\/es\/product\/block-academia-drawing-200g-con-30-hojas\/#breadcrumb","itemListElement":[{"@type":"ListItem","position":1,"name":"Pagina principal","item":"https:\/\/artvallarta.com\/es\/art-vallarta-puerto-vallarta-mexico-home\/"},{"@type":"ListItem","position":2,"name":"Shop","item":"https:\/\/artvallarta.com\/shop\/"},{"@type":"ListItem","position":3,"name":"Block Academia Drawing 200g Con 30 Hojas"}]},{"@type":"WebSite","@id":"https:\/\/artvallarta.com\/es\/#website","url":"https:\/\/artvallarta.com\/es\/","name":"Art VallARTa","description":"Art VallARTa","publisher":{"@id":"https:\/\/artvallarta.com\/es\/#organization"},"potentialAction":[{"@type":"SearchAction","target":{"@type":"EntryPoint","urlTemplate":"https:\/\/artvallarta.com\/es\/?s={search_term_string}"},"query-input":{"@type":"PropertyValueSpecification","valueRequired":true,"valueName":"search_term_string"}}],"inLanguage":"es"},{"@type":"Organization","@id":"https:\/\/artvallarta.com\/es\/#organization","name":"Art VallARTa","url":"https:\/\/artvallarta.com\/es\/","logo":{"@type":"ImageObject","inLanguage":"es","@id":"https:\/\/artvallarta.com\/es\/#\/schema\/logo\/image\/","url":"https:\/\/artvallarta.com\/wp-content\/uploads\/2019\/02\/51835738_615449708895218_133232196214325248_n.jpg","contentUrl":"https:\/\/artvallarta.com\/wp-content\/uploads\/2019\/02\/51835738_615449708895218_133232196214325248_n.jpg","width":2048,"height":1466,"caption":"Art VallARTa"},"image":{"@id":"https:\/\/artvallarta.com\/es\/#\/schema\/logo\/image\/"},"sameAs":["http:\/\/www.facebook.com\/artvallarta","http:\/\/www.instagram.com\/artvallarta","http:\/\/www.pinterest\/artvallarta","https:\/\/www.youtube.com\/channel\/UCOqDy2Oyk7EU4tz3S2Gl7kQ"]}]}},"_links":{"self":[{"href":"https:\/\/artvallarta.com\/es\/wp-json\/wp\/v2\/product\/81248","targetHints":{"allow":["GET"]}}],"collection":[{"href":"https:\/\/artvallarta.com\/es\/wp-json\/wp\/v2\/product"}],"about":[{"href":"https:\/\/artvallarta.com\/es\/wp-json\/wp\/v2\/types\/product"}],"version-history":[{"count":4,"href":"https:\/\/artvallarta.com\/es\/wp-json\/wp\/v2\/product\/81248\/revisions"}],"predecessor-version":[{"id":88046,"href":"https:\/\/artvallarta.com\/es\/wp-json\/wp\/v2\/product\/81248\/revisions\/88046"}],"wp:featuredmedia":[{"embeddable":true,"href":"https:\/\/artvallarta.com\/es\/wp-json\/wp\/v2\/media\/88044"}],"wp:attachment":[{"href":"https:\/\/artvallarta.com\/es\/wp-json\/wp\/v2\/media?parent=81248"}],"wp:term":[{"taxonomy":"product_brand","embeddable":true,"href":"https:\/\/artvallarta.com\/es\/wp-json\/wp\/v2\/product_brand?post=81248"},{"taxonomy":"product_cat","embeddable":true,"href":"https:\/\/artvallarta.com\/es\/wp-json\/wp\/v2\/product_cat?post=81248"},{"taxonomy":"product_tag","embeddable":true,"href":"https:\/\/artvallarta.com\/es\/wp-json\/wp\/v2\/product_tag?post=81248"}],"curies":[{"name":"wp","href":"https:\/\/api.w.org\/{rel}","templated":true}]}}