{"id":81197,"date":"2022-09-20T12:08:50","date_gmt":"2022-09-20T17:08:50","guid":{"rendered":"https:\/\/artvallarta.com\/?post_type=product&#038;p=81197"},"modified":"2025-12-05T12:00:33","modified_gmt":"2025-12-05T18:00:33","slug":"pinto-taklon-lengua-de-gato-p30-2","status":"publish","type":"product","link":"https:\/\/artvallarta.com\/es\/product\/pinto-taklon-lengua-de-gato-p30-2\/","title":{"rendered":"Pinto Taklon lengua de gato P30-2"},"content":{"rendered":"<p>The Pinto P30 brush is a cat&#8217;s tongue or countersunk brush with synthetic golden taklon bristles. The pile is soft and firm, ideal for use with acrylics and oils, although it is also suitable for watercolors and inks.<\/p>\n<p>El pincel P30 de Pinto es un pincel forma lengua de gato o avellanado y cerdas sint\u00e9ticas de takl\u00f3n dorado. El pelo es suave y firme, ideal para usar con acr\u00edlicos y \u00f3leos, aunque adecuado tambi\u00e9n para acuarelas y tintas.<\/p>\n","protected":false},"excerpt":{"rendered":"<p>The Pinto P30 brush is a cat&#8217;s tongue or countersunk brush with synthetic golden taklon bristles. The pile is soft<\/p>\n","protected":false},"featured_media":81194,"template":"","meta":[],"product_brand":[],"product_cat":[129,103,180,1265],"product_tag":[],"class_list":{"0":"post-81197","1":"product","2":"type-product","3":"status-publish","4":"has-post-thumbnail","6":"product_cat-art-supplies","7":"product_cat-brushes","8":"product_cat-brushes-brushes","9":"product_cat-p30-pincel-pinto","10":"member-discount","11":"discount-restricted","13":"first","14":"instock","15":"taxable","16":"shipping-taxable","17":"purchasable","18":"product-type-simple"},"yoast_head":"<!-- This site is optimized with the Yoast SEO plugin v27.1.1 - https:\/\/yoast.com\/product\/yoast-seo-wordpress\/ -->\n<title>Pinto Taklon lengua de gato P30-2 - Art VallARTa<\/title>\n<meta name=\"robots\" content=\"index, follow, max-snippet:-1, max-image-preview:large, max-video-preview:-1\" \/>\n<link rel=\"canonical\" href=\"https:\/\/artvallarta.com\/es\/product\/pinto-taklon-lengua-de-gato-p30-2\/\" \/>\n<meta property=\"og:locale\" content=\"es_ES\" \/>\n<meta property=\"og:type\" content=\"article\" \/>\n<meta property=\"og:title\" content=\"Pinto Taklon lengua de gato P30-2 - Art VallARTa\" \/>\n<meta property=\"og:description\" content=\"The Pinto P30 brush is a cat&#8217;s tongue or countersunk brush with synthetic golden taklon bristles. The pile is soft\" \/>\n<meta property=\"og:url\" content=\"https:\/\/artvallarta.com\/es\/product\/pinto-taklon-lengua-de-gato-p30-2\/\" \/>\n<meta property=\"og:site_name\" content=\"Art VallARTa\" \/>\n<meta property=\"article:publisher\" content=\"http:\/\/www.facebook.com\/artvallarta\" \/>\n<meta property=\"article:modified_time\" content=\"2025-12-05T18:00:33+00:00\" \/>\n<meta property=\"og:image\" content=\"https:\/\/artvallarta.com\/wp-content\/uploads\/2022\/09\/shopping-1.webp\" \/>\n\t<meta property=\"og:image:width\" content=\"453\" \/>\n\t<meta property=\"og:image:height\" content=\"453\" \/>\n\t<meta property=\"og:image:type\" content=\"image\/webp\" \/>\n<meta name=\"twitter:card\" content=\"summary_large_image\" \/>\n<meta name=\"twitter:label1\" content=\"Tiempo de lectura\" \/>\n\t<meta name=\"twitter:data1\" content=\"1 minuto\" \/>\n<script type=\"application\/ld+json\" class=\"yoast-schema-graph\">{\"@context\":\"https:\/\/schema.org\",\"@graph\":[{\"@type\":\"WebPage\",\"@id\":\"https:\/\/artvallarta.com\/es\/product\/pinto-taklon-lengua-de-gato-p30-2\/\",\"url\":\"https:\/\/artvallarta.com\/es\/product\/pinto-taklon-lengua-de-gato-p30-2\/\",\"name\":\"Pinto Taklon lengua de gato P30-2 - Art VallARTa\",\"isPartOf\":{\"@id\":\"https:\/\/artvallarta.com\/es\/#website\"},\"primaryImageOfPage\":{\"@id\":\"https:\/\/artvallarta.com\/es\/product\/pinto-taklon-lengua-de-gato-p30-2\/#primaryimage\"},\"image\":{\"@id\":\"https:\/\/artvallarta.com\/es\/product\/pinto-taklon-lengua-de-gato-p30-2\/#primaryimage\"},\"thumbnailUrl\":\"https:\/\/artvallarta.com\/wp-content\/uploads\/2022\/09\/shopping-1.webp\",\"datePublished\":\"2022-09-20T17:08:50+00:00\",\"dateModified\":\"2025-12-05T18:00:33+00:00\",\"breadcrumb\":{\"@id\":\"https:\/\/artvallarta.com\/es\/product\/pinto-taklon-lengua-de-gato-p30-2\/#breadcrumb\"},\"inLanguage\":\"es\",\"potentialAction\":[{\"@type\":\"ReadAction\",\"target\":[\"https:\/\/artvallarta.com\/es\/product\/pinto-taklon-lengua-de-gato-p30-2\/\"]}]},{\"@type\":\"ImageObject\",\"inLanguage\":\"es\",\"@id\":\"https:\/\/artvallarta.com\/es\/product\/pinto-taklon-lengua-de-gato-p30-2\/#primaryimage\",\"url\":\"https:\/\/artvallarta.com\/wp-content\/uploads\/2022\/09\/shopping-1.webp\",\"contentUrl\":\"https:\/\/artvallarta.com\/wp-content\/uploads\/2022\/09\/shopping-1.webp\",\"width\":453,\"height\":453},{\"@type\":\"BreadcrumbList\",\"@id\":\"https:\/\/artvallarta.com\/es\/product\/pinto-taklon-lengua-de-gato-p30-2\/#breadcrumb\",\"itemListElement\":[{\"@type\":\"ListItem\",\"position\":1,\"name\":\"Pagina principal\",\"item\":\"https:\/\/artvallarta.com\/es\/art-vallarta-puerto-vallarta-mexico-home\/\"},{\"@type\":\"ListItem\",\"position\":2,\"name\":\"Shop\",\"item\":\"https:\/\/artvallarta.com\/shop\/\"},{\"@type\":\"ListItem\",\"position\":3,\"name\":\"Pinto Taklon lengua de gato P30-2\"}]},{\"@type\":\"WebSite\",\"@id\":\"https:\/\/artvallarta.com\/es\/#website\",\"url\":\"https:\/\/artvallarta.com\/es\/\",\"name\":\"Art VallARTa\",\"description\":\"Art VallARTa\",\"publisher\":{\"@id\":\"https:\/\/artvallarta.com\/es\/#organization\"},\"potentialAction\":[{\"@type\":\"SearchAction\",\"target\":{\"@type\":\"EntryPoint\",\"urlTemplate\":\"https:\/\/artvallarta.com\/es\/?s={search_term_string}\"},\"query-input\":{\"@type\":\"PropertyValueSpecification\",\"valueRequired\":true,\"valueName\":\"search_term_string\"}}],\"inLanguage\":\"es\"},{\"@type\":\"Organization\",\"@id\":\"https:\/\/artvallarta.com\/es\/#organization\",\"name\":\"Art VallARTa\",\"url\":\"https:\/\/artvallarta.com\/es\/\",\"logo\":{\"@type\":\"ImageObject\",\"inLanguage\":\"es\",\"@id\":\"https:\/\/artvallarta.com\/es\/#\/schema\/logo\/image\/\",\"url\":\"https:\/\/artvallarta.com\/wp-content\/uploads\/2019\/02\/51835738_615449708895218_133232196214325248_n.jpg\",\"contentUrl\":\"https:\/\/artvallarta.com\/wp-content\/uploads\/2019\/02\/51835738_615449708895218_133232196214325248_n.jpg\",\"width\":2048,\"height\":1466,\"caption\":\"Art VallARTa\"},\"image\":{\"@id\":\"https:\/\/artvallarta.com\/es\/#\/schema\/logo\/image\/\"},\"sameAs\":[\"http:\/\/www.facebook.com\/artvallarta\",\"http:\/\/www.instagram.com\/artvallarta\",\"http:\/\/www.pinterest\/artvallarta\",\"https:\/\/www.youtube.com\/channel\/UCOqDy2Oyk7EU4tz3S2Gl7kQ\"]}]}<\/script>\n<!-- \/ Yoast SEO plugin. -->","yoast_head_json":{"title":"Pinto Taklon lengua de gato P30-2 - Art VallARTa","robots":{"index":"index","follow":"follow","max-snippet":"max-snippet:-1","max-image-preview":"max-image-preview:large","max-video-preview":"max-video-preview:-1"},"canonical":"https:\/\/artvallarta.com\/es\/product\/pinto-taklon-lengua-de-gato-p30-2\/","og_locale":"es_ES","og_type":"article","og_title":"Pinto Taklon lengua de gato P30-2 - Art VallARTa","og_description":"The Pinto P30 brush is a cat&#8217;s tongue or countersunk brush with synthetic golden taklon bristles. The pile is soft","og_url":"https:\/\/artvallarta.com\/es\/product\/pinto-taklon-lengua-de-gato-p30-2\/","og_site_name":"Art VallARTa","article_publisher":"http:\/\/www.facebook.com\/artvallarta","article_modified_time":"2025-12-05T18:00:33+00:00","og_image":[{"width":453,"height":453,"url":"https:\/\/artvallarta.com\/wp-content\/uploads\/2022\/09\/shopping-1.webp","type":"image\/webp"}],"twitter_card":"summary_large_image","twitter_misc":{"Tiempo de lectura":"1 minuto"},"schema":{"@context":"https:\/\/schema.org","@graph":[{"@type":"WebPage","@id":"https:\/\/artvallarta.com\/es\/product\/pinto-taklon-lengua-de-gato-p30-2\/","url":"https:\/\/artvallarta.com\/es\/product\/pinto-taklon-lengua-de-gato-p30-2\/","name":"Pinto Taklon lengua de gato P30-2 - Art VallARTa","isPartOf":{"@id":"https:\/\/artvallarta.com\/es\/#website"},"primaryImageOfPage":{"@id":"https:\/\/artvallarta.com\/es\/product\/pinto-taklon-lengua-de-gato-p30-2\/#primaryimage"},"image":{"@id":"https:\/\/artvallarta.com\/es\/product\/pinto-taklon-lengua-de-gato-p30-2\/#primaryimage"},"thumbnailUrl":"https:\/\/artvallarta.com\/wp-content\/uploads\/2022\/09\/shopping-1.webp","datePublished":"2022-09-20T17:08:50+00:00","dateModified":"2025-12-05T18:00:33+00:00","breadcrumb":{"@id":"https:\/\/artvallarta.com\/es\/product\/pinto-taklon-lengua-de-gato-p30-2\/#breadcrumb"},"inLanguage":"es","potentialAction":[{"@type":"ReadAction","target":["https:\/\/artvallarta.com\/es\/product\/pinto-taklon-lengua-de-gato-p30-2\/"]}]},{"@type":"ImageObject","inLanguage":"es","@id":"https:\/\/artvallarta.com\/es\/product\/pinto-taklon-lengua-de-gato-p30-2\/#primaryimage","url":"https:\/\/artvallarta.com\/wp-content\/uploads\/2022\/09\/shopping-1.webp","contentUrl":"https:\/\/artvallarta.com\/wp-content\/uploads\/2022\/09\/shopping-1.webp","width":453,"height":453},{"@type":"BreadcrumbList","@id":"https:\/\/artvallarta.com\/es\/product\/pinto-taklon-lengua-de-gato-p30-2\/#breadcrumb","itemListElement":[{"@type":"ListItem","position":1,"name":"Pagina principal","item":"https:\/\/artvallarta.com\/es\/art-vallarta-puerto-vallarta-mexico-home\/"},{"@type":"ListItem","position":2,"name":"Shop","item":"https:\/\/artvallarta.com\/shop\/"},{"@type":"ListItem","position":3,"name":"Pinto Taklon lengua de gato P30-2"}]},{"@type":"WebSite","@id":"https:\/\/artvallarta.com\/es\/#website","url":"https:\/\/artvallarta.com\/es\/","name":"Art VallARTa","description":"Art VallARTa","publisher":{"@id":"https:\/\/artvallarta.com\/es\/#organization"},"potentialAction":[{"@type":"SearchAction","target":{"@type":"EntryPoint","urlTemplate":"https:\/\/artvallarta.com\/es\/?s={search_term_string}"},"query-input":{"@type":"PropertyValueSpecification","valueRequired":true,"valueName":"search_term_string"}}],"inLanguage":"es"},{"@type":"Organization","@id":"https:\/\/artvallarta.com\/es\/#organization","name":"Art VallARTa","url":"https:\/\/artvallarta.com\/es\/","logo":{"@type":"ImageObject","inLanguage":"es","@id":"https:\/\/artvallarta.com\/es\/#\/schema\/logo\/image\/","url":"https:\/\/artvallarta.com\/wp-content\/uploads\/2019\/02\/51835738_615449708895218_133232196214325248_n.jpg","contentUrl":"https:\/\/artvallarta.com\/wp-content\/uploads\/2019\/02\/51835738_615449708895218_133232196214325248_n.jpg","width":2048,"height":1466,"caption":"Art VallARTa"},"image":{"@id":"https:\/\/artvallarta.com\/es\/#\/schema\/logo\/image\/"},"sameAs":["http:\/\/www.facebook.com\/artvallarta","http:\/\/www.instagram.com\/artvallarta","http:\/\/www.pinterest\/artvallarta","https:\/\/www.youtube.com\/channel\/UCOqDy2Oyk7EU4tz3S2Gl7kQ"]}]}},"_links":{"self":[{"href":"https:\/\/artvallarta.com\/es\/wp-json\/wp\/v2\/product\/81197","targetHints":{"allow":["GET"]}}],"collection":[{"href":"https:\/\/artvallarta.com\/es\/wp-json\/wp\/v2\/product"}],"about":[{"href":"https:\/\/artvallarta.com\/es\/wp-json\/wp\/v2\/types\/product"}],"version-history":[{"count":1,"href":"https:\/\/artvallarta.com\/es\/wp-json\/wp\/v2\/product\/81197\/revisions"}],"predecessor-version":[{"id":81198,"href":"https:\/\/artvallarta.com\/es\/wp-json\/wp\/v2\/product\/81197\/revisions\/81198"}],"wp:featuredmedia":[{"embeddable":true,"href":"https:\/\/artvallarta.com\/es\/wp-json\/wp\/v2\/media\/81194"}],"wp:attachment":[{"href":"https:\/\/artvallarta.com\/es\/wp-json\/wp\/v2\/media?parent=81197"}],"wp:term":[{"taxonomy":"product_brand","embeddable":true,"href":"https:\/\/artvallarta.com\/es\/wp-json\/wp\/v2\/product_brand?post=81197"},{"taxonomy":"product_cat","embeddable":true,"href":"https:\/\/artvallarta.com\/es\/wp-json\/wp\/v2\/product_cat?post=81197"},{"taxonomy":"product_tag","embeddable":true,"href":"https:\/\/artvallarta.com\/es\/wp-json\/wp\/v2\/product_tag?post=81197"}],"curies":[{"name":"wp","href":"https:\/\/api.w.org\/{rel}","templated":true}]}}