{"id":81098,"date":"2022-09-17T10:57:55","date_gmt":"2022-09-17T15:57:55","guid":{"rendered":"https:\/\/artvallarta.com\/?post_type=product&#038;p=81098"},"modified":"2025-06-11T13:49:31","modified_gmt":"2025-06-11T19:49:31","slug":"pinto-bockingford-paper-27x37-cm-20-sheets-190-g","status":"publish","type":"product","link":"https:\/\/artvallarta.com\/es\/product\/pinto-bockingford-paper-27x37-cm-20-sheets-190-g\/","title":{"rendered":"Pinto Bockingford Paper 27&#215;37 cm 20 sheets 190 g"},"content":{"rendered":"<p>Bockingford is a beautiful, fine-grain, cold-pressed, English watercolor paper traditionally made by St. Cuthbert&#8217;s Mill. Its attractive surface is appreciated by beginners and professionals alike for its excellent color absorption. This paper is made from alpha cellulose and is completely free of artificial acids and bleaches.<\/p>\n<p>&nbsp;<\/p>\n<p>El Bockingford es un bello papel ingl\u00e9s para acuarela de grano fino y prensado en fr\u00edo, hecho tradicionalmente por St. Cuthbert&#8217;s Mill. Su atractiva superficie es apreciada tanto por principiantes como por profesionales por su excelente absorci\u00f3n del color. Este papel es elaborado a partir de alfacelulosa y est\u00e1 completamente libre de \u00e1cidos y blanqueadores artificiales.<\/p>\n","protected":false},"excerpt":{"rendered":"<p>Bockingford is a beautiful, fine-grain, cold-pressed, English watercolor paper traditionally made by St. Cuthbert&#8217;s Mill. Its attractive surface is appreciated<\/p>\n","protected":false},"featured_media":81099,"template":"","meta":[],"product_brand":[],"product_cat":[129,137,99,203,176],"product_tag":[],"class_list":{"0":"post-81098","1":"product","2":"type-product","3":"status-publish","4":"has-post-thumbnail","6":"product_cat-art-supplies","7":"product_cat-drawing-supplies","8":"product_cat-paper","9":"product_cat-sketchbooks","10":"product_cat-watercolor","11":"member-discount","12":"discount-restricted","14":"first","15":"outofstock","16":"taxable","17":"shipping-taxable","18":"purchasable","19":"product-type-simple"},"yoast_head":"<!-- This site is optimized with the Yoast SEO plugin v27.3 - https:\/\/yoast.com\/product\/yoast-seo-wordpress\/ -->\n<title>Pinto Bockingford Paper 27x37 cm 20 sheets 190 g - Art VallARTa<\/title>\n<meta name=\"robots\" content=\"index, follow, max-snippet:-1, max-image-preview:large, max-video-preview:-1\" \/>\n<link rel=\"canonical\" href=\"https:\/\/artvallarta.com\/es\/product\/pinto-bockingford-paper-27x37-cm-20-sheets-190-g\/\" \/>\n<meta property=\"og:locale\" content=\"es_ES\" \/>\n<meta property=\"og:type\" content=\"article\" \/>\n<meta property=\"og:title\" content=\"Pinto Bockingford Paper 27x37 cm 20 sheets 190 g - Art VallARTa\" \/>\n<meta property=\"og:description\" content=\"Bockingford is a beautiful, fine-grain, cold-pressed, English watercolor paper traditionally made by St. Cuthbert&#8217;s Mill. Its attractive surface is appreciated\" \/>\n<meta property=\"og:url\" content=\"https:\/\/artvallarta.com\/es\/product\/pinto-bockingford-paper-27x37-cm-20-sheets-190-g\/\" \/>\n<meta property=\"og:site_name\" content=\"Art VallARTa\" \/>\n<meta property=\"article:publisher\" content=\"http:\/\/www.facebook.com\/artvallarta\" \/>\n<meta property=\"article:modified_time\" content=\"2025-06-11T19:49:31+00:00\" \/>\n<meta property=\"og:image\" content=\"https:\/\/artvallarta.com\/wp-content\/uploads\/2022\/09\/Block-Bockinford-190-gramos-1-600x600-1.png\" \/>\n\t<meta property=\"og:image:width\" content=\"600\" \/>\n\t<meta property=\"og:image:height\" content=\"600\" \/>\n\t<meta property=\"og:image:type\" content=\"image\/png\" \/>\n<meta name=\"twitter:card\" content=\"summary_large_image\" \/>\n<meta name=\"twitter:label1\" content=\"Tiempo de lectura\" \/>\n\t<meta name=\"twitter:data1\" content=\"1 minuto\" \/>\n<script type=\"application\/ld+json\" class=\"yoast-schema-graph\">{\"@context\":\"https:\\\/\\\/schema.org\",\"@graph\":[{\"@type\":\"WebPage\",\"@id\":\"https:\\\/\\\/artvallarta.com\\\/es\\\/product\\\/pinto-bockingford-paper-27x37-cm-20-sheets-190-g\\\/\",\"url\":\"https:\\\/\\\/artvallarta.com\\\/es\\\/product\\\/pinto-bockingford-paper-27x37-cm-20-sheets-190-g\\\/\",\"name\":\"Pinto Bockingford Paper 27x37 cm 20 sheets 190 g - Art VallARTa\",\"isPartOf\":{\"@id\":\"https:\\\/\\\/artvallarta.com\\\/es\\\/#website\"},\"primaryImageOfPage\":{\"@id\":\"https:\\\/\\\/artvallarta.com\\\/es\\\/product\\\/pinto-bockingford-paper-27x37-cm-20-sheets-190-g\\\/#primaryimage\"},\"image\":{\"@id\":\"https:\\\/\\\/artvallarta.com\\\/es\\\/product\\\/pinto-bockingford-paper-27x37-cm-20-sheets-190-g\\\/#primaryimage\"},\"thumbnailUrl\":\"https:\\\/\\\/artvallarta.com\\\/wp-content\\\/uploads\\\/2022\\\/09\\\/Block-Bockinford-190-gramos-1-600x600-1.png\",\"datePublished\":\"2022-09-17T15:57:55+00:00\",\"dateModified\":\"2025-06-11T19:49:31+00:00\",\"breadcrumb\":{\"@id\":\"https:\\\/\\\/artvallarta.com\\\/es\\\/product\\\/pinto-bockingford-paper-27x37-cm-20-sheets-190-g\\\/#breadcrumb\"},\"inLanguage\":\"es\",\"potentialAction\":[{\"@type\":\"ReadAction\",\"target\":[\"https:\\\/\\\/artvallarta.com\\\/es\\\/product\\\/pinto-bockingford-paper-27x37-cm-20-sheets-190-g\\\/\"]}]},{\"@type\":\"ImageObject\",\"inLanguage\":\"es\",\"@id\":\"https:\\\/\\\/artvallarta.com\\\/es\\\/product\\\/pinto-bockingford-paper-27x37-cm-20-sheets-190-g\\\/#primaryimage\",\"url\":\"https:\\\/\\\/artvallarta.com\\\/wp-content\\\/uploads\\\/2022\\\/09\\\/Block-Bockinford-190-gramos-1-600x600-1.png\",\"contentUrl\":\"https:\\\/\\\/artvallarta.com\\\/wp-content\\\/uploads\\\/2022\\\/09\\\/Block-Bockinford-190-gramos-1-600x600-1.png\",\"width\":600,\"height\":600},{\"@type\":\"BreadcrumbList\",\"@id\":\"https:\\\/\\\/artvallarta.com\\\/es\\\/product\\\/pinto-bockingford-paper-27x37-cm-20-sheets-190-g\\\/#breadcrumb\",\"itemListElement\":[{\"@type\":\"ListItem\",\"position\":1,\"name\":\"Pagina principal\",\"item\":\"https:\\\/\\\/artvallarta.com\\\/es\\\/art-vallarta-puerto-vallarta-mexico-home\\\/\"},{\"@type\":\"ListItem\",\"position\":2,\"name\":\"Shop\",\"item\":\"https:\\\/\\\/artvallarta.com\\\/shop\\\/\"},{\"@type\":\"ListItem\",\"position\":3,\"name\":\"Pinto Bockingford Paper 27&#215;37 cm 20 sheets 190 g\"}]},{\"@type\":\"WebSite\",\"@id\":\"https:\\\/\\\/artvallarta.com\\\/es\\\/#website\",\"url\":\"https:\\\/\\\/artvallarta.com\\\/es\\\/\",\"name\":\"Art VallARTa\",\"description\":\"Art VallARTa\",\"publisher\":{\"@id\":\"https:\\\/\\\/artvallarta.com\\\/es\\\/#organization\"},\"potentialAction\":[{\"@type\":\"SearchAction\",\"target\":{\"@type\":\"EntryPoint\",\"urlTemplate\":\"https:\\\/\\\/artvallarta.com\\\/es\\\/?s={search_term_string}\"},\"query-input\":{\"@type\":\"PropertyValueSpecification\",\"valueRequired\":true,\"valueName\":\"search_term_string\"}}],\"inLanguage\":\"es\"},{\"@type\":\"Organization\",\"@id\":\"https:\\\/\\\/artvallarta.com\\\/es\\\/#organization\",\"name\":\"Art VallARTa\",\"url\":\"https:\\\/\\\/artvallarta.com\\\/es\\\/\",\"logo\":{\"@type\":\"ImageObject\",\"inLanguage\":\"es\",\"@id\":\"https:\\\/\\\/artvallarta.com\\\/es\\\/#\\\/schema\\\/logo\\\/image\\\/\",\"url\":\"https:\\\/\\\/artvallarta.com\\\/wp-content\\\/uploads\\\/2019\\\/02\\\/51835738_615449708895218_133232196214325248_n.jpg\",\"contentUrl\":\"https:\\\/\\\/artvallarta.com\\\/wp-content\\\/uploads\\\/2019\\\/02\\\/51835738_615449708895218_133232196214325248_n.jpg\",\"width\":2048,\"height\":1466,\"caption\":\"Art VallARTa\"},\"image\":{\"@id\":\"https:\\\/\\\/artvallarta.com\\\/es\\\/#\\\/schema\\\/logo\\\/image\\\/\"},\"sameAs\":[\"http:\\\/\\\/www.facebook.com\\\/artvallarta\",\"http:\\\/\\\/www.instagram.com\\\/artvallarta\",\"http:\\\/\\\/www.pinterest\\\/artvallarta\",\"https:\\\/\\\/www.youtube.com\\\/channel\\\/UCOqDy2Oyk7EU4tz3S2Gl7kQ\"]}]}<\/script>\n<!-- \/ Yoast SEO plugin. -->","yoast_head_json":{"title":"Pinto Bockingford Paper 27x37 cm 20 sheets 190 g - Art VallARTa","robots":{"index":"index","follow":"follow","max-snippet":"max-snippet:-1","max-image-preview":"max-image-preview:large","max-video-preview":"max-video-preview:-1"},"canonical":"https:\/\/artvallarta.com\/es\/product\/pinto-bockingford-paper-27x37-cm-20-sheets-190-g\/","og_locale":"es_ES","og_type":"article","og_title":"Pinto Bockingford Paper 27x37 cm 20 sheets 190 g - Art VallARTa","og_description":"Bockingford is a beautiful, fine-grain, cold-pressed, English watercolor paper traditionally made by St. Cuthbert&#8217;s Mill. Its attractive surface is appreciated","og_url":"https:\/\/artvallarta.com\/es\/product\/pinto-bockingford-paper-27x37-cm-20-sheets-190-g\/","og_site_name":"Art VallARTa","article_publisher":"http:\/\/www.facebook.com\/artvallarta","article_modified_time":"2025-06-11T19:49:31+00:00","og_image":[{"width":600,"height":600,"url":"https:\/\/artvallarta.com\/wp-content\/uploads\/2022\/09\/Block-Bockinford-190-gramos-1-600x600-1.png","type":"image\/png"}],"twitter_card":"summary_large_image","twitter_misc":{"Tiempo de lectura":"1 minuto"},"schema":{"@context":"https:\/\/schema.org","@graph":[{"@type":"WebPage","@id":"https:\/\/artvallarta.com\/es\/product\/pinto-bockingford-paper-27x37-cm-20-sheets-190-g\/","url":"https:\/\/artvallarta.com\/es\/product\/pinto-bockingford-paper-27x37-cm-20-sheets-190-g\/","name":"Pinto Bockingford Paper 27x37 cm 20 sheets 190 g - Art VallARTa","isPartOf":{"@id":"https:\/\/artvallarta.com\/es\/#website"},"primaryImageOfPage":{"@id":"https:\/\/artvallarta.com\/es\/product\/pinto-bockingford-paper-27x37-cm-20-sheets-190-g\/#primaryimage"},"image":{"@id":"https:\/\/artvallarta.com\/es\/product\/pinto-bockingford-paper-27x37-cm-20-sheets-190-g\/#primaryimage"},"thumbnailUrl":"https:\/\/artvallarta.com\/wp-content\/uploads\/2022\/09\/Block-Bockinford-190-gramos-1-600x600-1.png","datePublished":"2022-09-17T15:57:55+00:00","dateModified":"2025-06-11T19:49:31+00:00","breadcrumb":{"@id":"https:\/\/artvallarta.com\/es\/product\/pinto-bockingford-paper-27x37-cm-20-sheets-190-g\/#breadcrumb"},"inLanguage":"es","potentialAction":[{"@type":"ReadAction","target":["https:\/\/artvallarta.com\/es\/product\/pinto-bockingford-paper-27x37-cm-20-sheets-190-g\/"]}]},{"@type":"ImageObject","inLanguage":"es","@id":"https:\/\/artvallarta.com\/es\/product\/pinto-bockingford-paper-27x37-cm-20-sheets-190-g\/#primaryimage","url":"https:\/\/artvallarta.com\/wp-content\/uploads\/2022\/09\/Block-Bockinford-190-gramos-1-600x600-1.png","contentUrl":"https:\/\/artvallarta.com\/wp-content\/uploads\/2022\/09\/Block-Bockinford-190-gramos-1-600x600-1.png","width":600,"height":600},{"@type":"BreadcrumbList","@id":"https:\/\/artvallarta.com\/es\/product\/pinto-bockingford-paper-27x37-cm-20-sheets-190-g\/#breadcrumb","itemListElement":[{"@type":"ListItem","position":1,"name":"Pagina principal","item":"https:\/\/artvallarta.com\/es\/art-vallarta-puerto-vallarta-mexico-home\/"},{"@type":"ListItem","position":2,"name":"Shop","item":"https:\/\/artvallarta.com\/shop\/"},{"@type":"ListItem","position":3,"name":"Pinto Bockingford Paper 27&#215;37 cm 20 sheets 190 g"}]},{"@type":"WebSite","@id":"https:\/\/artvallarta.com\/es\/#website","url":"https:\/\/artvallarta.com\/es\/","name":"Art VallARTa","description":"Art VallARTa","publisher":{"@id":"https:\/\/artvallarta.com\/es\/#organization"},"potentialAction":[{"@type":"SearchAction","target":{"@type":"EntryPoint","urlTemplate":"https:\/\/artvallarta.com\/es\/?s={search_term_string}"},"query-input":{"@type":"PropertyValueSpecification","valueRequired":true,"valueName":"search_term_string"}}],"inLanguage":"es"},{"@type":"Organization","@id":"https:\/\/artvallarta.com\/es\/#organization","name":"Art VallARTa","url":"https:\/\/artvallarta.com\/es\/","logo":{"@type":"ImageObject","inLanguage":"es","@id":"https:\/\/artvallarta.com\/es\/#\/schema\/logo\/image\/","url":"https:\/\/artvallarta.com\/wp-content\/uploads\/2019\/02\/51835738_615449708895218_133232196214325248_n.jpg","contentUrl":"https:\/\/artvallarta.com\/wp-content\/uploads\/2019\/02\/51835738_615449708895218_133232196214325248_n.jpg","width":2048,"height":1466,"caption":"Art VallARTa"},"image":{"@id":"https:\/\/artvallarta.com\/es\/#\/schema\/logo\/image\/"},"sameAs":["http:\/\/www.facebook.com\/artvallarta","http:\/\/www.instagram.com\/artvallarta","http:\/\/www.pinterest\/artvallarta","https:\/\/www.youtube.com\/channel\/UCOqDy2Oyk7EU4tz3S2Gl7kQ"]}]}},"_links":{"self":[{"href":"https:\/\/artvallarta.com\/es\/wp-json\/wp\/v2\/product\/81098","targetHints":{"allow":["GET"]}}],"collection":[{"href":"https:\/\/artvallarta.com\/es\/wp-json\/wp\/v2\/product"}],"about":[{"href":"https:\/\/artvallarta.com\/es\/wp-json\/wp\/v2\/types\/product"}],"version-history":[{"count":3,"href":"https:\/\/artvallarta.com\/es\/wp-json\/wp\/v2\/product\/81098\/revisions"}],"predecessor-version":[{"id":81271,"href":"https:\/\/artvallarta.com\/es\/wp-json\/wp\/v2\/product\/81098\/revisions\/81271"}],"wp:featuredmedia":[{"embeddable":true,"href":"https:\/\/artvallarta.com\/es\/wp-json\/wp\/v2\/media\/81099"}],"wp:attachment":[{"href":"https:\/\/artvallarta.com\/es\/wp-json\/wp\/v2\/media?parent=81098"}],"wp:term":[{"taxonomy":"product_brand","embeddable":true,"href":"https:\/\/artvallarta.com\/es\/wp-json\/wp\/v2\/product_brand?post=81098"},{"taxonomy":"product_cat","embeddable":true,"href":"https:\/\/artvallarta.com\/es\/wp-json\/wp\/v2\/product_cat?post=81098"},{"taxonomy":"product_tag","embeddable":true,"href":"https:\/\/artvallarta.com\/es\/wp-json\/wp\/v2\/product_tag?post=81098"}],"curies":[{"name":"wp","href":"https:\/\/api.w.org\/{rel}","templated":true}]}}