{"id":76413,"date":"2021-10-05T12:27:22","date_gmt":"2021-10-05T17:27:22","guid":{"rendered":"https:\/\/artvallarta.com\/?post_type=product&#038;p=76413"},"modified":"2021-10-06T13:25:08","modified_gmt":"2021-10-06T18:25:08","slug":"el-nino-de-mama","status":"publish","type":"product","link":"https:\/\/artvallarta.com\/es\/product\/el-nino-de-mama\/","title":{"rendered":"El Ni\u00f1o de Mam\u00e1 by Georgia Powell"},"content":{"rendered":"<p>&nbsp;<\/p>\n<p>&nbsp;<\/p>\n<p>&nbsp;<\/p>\n","protected":false},"excerpt":{"rendered":"<p>El Ni\u00f1o de Mam\u00e1<\/p>\n<p>Hand coiled and formed sculpture made from flame ware clay. The texture is enhanced by the \u2018wood fired\u2019 effect this clay takes on when fired.<\/p>\n","protected":false},"featured_media":76414,"template":"","meta":[],"product_brand":[],"product_cat":[511,81,398,502,670],"product_tag":[1207,1208,1206],"class_list":{"0":"post-76413","1":"product","2":"type-product","3":"status-publish","4":"has-post-thumbnail","6":"product_cat-decorative","7":"product_cat-art-sales","8":"product_cat-georgia-powell","9":"product_cat-boutique","10":"product_cat-resident-artist","11":"product_tag-art","12":"product_tag-ceramic","13":"product_tag-sculpture","14":"wcpv_product_vendors-georgia-powell-naranjo","16":"first","17":"instock","18":"taxable","19":"shipping-taxable","20":"purchasable","21":"product-type-simple"},"yoast_head":"<!-- This site is optimized with the Yoast SEO plugin v27.3 - https:\/\/yoast.com\/product\/yoast-seo-wordpress\/ -->\n<title>El Ni\u00f1o de Mam\u00e1 by Georgia Powell - Art VallARTa<\/title>\n<meta name=\"robots\" content=\"index, follow, max-snippet:-1, max-image-preview:large, max-video-preview:-1\" \/>\n<link rel=\"canonical\" href=\"https:\/\/artvallarta.com\/es\/product\/el-nino-de-mama\/\" \/>\n<meta property=\"og:locale\" content=\"es_ES\" \/>\n<meta property=\"og:type\" content=\"article\" \/>\n<meta property=\"og:title\" content=\"El Ni\u00f1o de Mam\u00e1 by Georgia Powell - Art VallARTa\" \/>\n<meta property=\"og:description\" content=\"El Ni\u00f1o de Mam\u00e1  Hand coiled and formed sculpture made from flame ware clay. The texture is enhanced by the \u2018wood fired\u2019 effect this clay takes on when fired.\" \/>\n<meta property=\"og:url\" content=\"https:\/\/artvallarta.com\/es\/product\/el-nino-de-mama\/\" \/>\n<meta property=\"og:site_name\" content=\"Art VallARTa\" \/>\n<meta property=\"article:publisher\" content=\"http:\/\/www.facebook.com\/artvallarta\" \/>\n<meta property=\"article:modified_time\" content=\"2021-10-06T18:25:08+00:00\" \/>\n<meta property=\"og:image\" content=\"https:\/\/artvallarta.com\/wp-content\/uploads\/2021\/10\/CAA73BB6-4256-4211-916D-0D7A545EEBD6.jpeg\" \/>\n\t<meta property=\"og:image:width\" content=\"640\" \/>\n\t<meta property=\"og:image:height\" content=\"640\" \/>\n\t<meta property=\"og:image:type\" content=\"image\/jpeg\" \/>\n<meta name=\"twitter:card\" content=\"summary_large_image\" \/>\n<script type=\"application\/ld+json\" class=\"yoast-schema-graph\">{\"@context\":\"https:\\\/\\\/schema.org\",\"@graph\":[{\"@type\":\"WebPage\",\"@id\":\"https:\\\/\\\/artvallarta.com\\\/es\\\/product\\\/el-nino-de-mama\\\/\",\"url\":\"https:\\\/\\\/artvallarta.com\\\/es\\\/product\\\/el-nino-de-mama\\\/\",\"name\":\"El Ni\u00f1o de Mam\u00e1 by Georgia Powell - Art VallARTa\",\"isPartOf\":{\"@id\":\"https:\\\/\\\/artvallarta.com\\\/es\\\/#website\"},\"primaryImageOfPage\":{\"@id\":\"https:\\\/\\\/artvallarta.com\\\/es\\\/product\\\/el-nino-de-mama\\\/#primaryimage\"},\"image\":{\"@id\":\"https:\\\/\\\/artvallarta.com\\\/es\\\/product\\\/el-nino-de-mama\\\/#primaryimage\"},\"thumbnailUrl\":\"https:\\\/\\\/artvallarta.com\\\/wp-content\\\/uploads\\\/2021\\\/10\\\/CAA73BB6-4256-4211-916D-0D7A545EEBD6.jpeg\",\"datePublished\":\"2021-10-05T17:27:22+00:00\",\"dateModified\":\"2021-10-06T18:25:08+00:00\",\"breadcrumb\":{\"@id\":\"https:\\\/\\\/artvallarta.com\\\/es\\\/product\\\/el-nino-de-mama\\\/#breadcrumb\"},\"inLanguage\":\"es\",\"potentialAction\":[{\"@type\":\"ReadAction\",\"target\":[\"https:\\\/\\\/artvallarta.com\\\/es\\\/product\\\/el-nino-de-mama\\\/\"]}]},{\"@type\":\"ImageObject\",\"inLanguage\":\"es\",\"@id\":\"https:\\\/\\\/artvallarta.com\\\/es\\\/product\\\/el-nino-de-mama\\\/#primaryimage\",\"url\":\"https:\\\/\\\/artvallarta.com\\\/wp-content\\\/uploads\\\/2021\\\/10\\\/CAA73BB6-4256-4211-916D-0D7A545EEBD6.jpeg\",\"contentUrl\":\"https:\\\/\\\/artvallarta.com\\\/wp-content\\\/uploads\\\/2021\\\/10\\\/CAA73BB6-4256-4211-916D-0D7A545EEBD6.jpeg\",\"width\":640,\"height\":640},{\"@type\":\"BreadcrumbList\",\"@id\":\"https:\\\/\\\/artvallarta.com\\\/es\\\/product\\\/el-nino-de-mama\\\/#breadcrumb\",\"itemListElement\":[{\"@type\":\"ListItem\",\"position\":1,\"name\":\"Pagina principal\",\"item\":\"https:\\\/\\\/artvallarta.com\\\/es\\\/art-vallarta-puerto-vallarta-mexico-home\\\/\"},{\"@type\":\"ListItem\",\"position\":2,\"name\":\"Shop\",\"item\":\"https:\\\/\\\/artvallarta.com\\\/shop\\\/\"},{\"@type\":\"ListItem\",\"position\":3,\"name\":\"El Ni\u00f1o de Mam\u00e1 by Georgia Powell\"}]},{\"@type\":\"WebSite\",\"@id\":\"https:\\\/\\\/artvallarta.com\\\/es\\\/#website\",\"url\":\"https:\\\/\\\/artvallarta.com\\\/es\\\/\",\"name\":\"Art VallARTa\",\"description\":\"Art VallARTa\",\"publisher\":{\"@id\":\"https:\\\/\\\/artvallarta.com\\\/es\\\/#organization\"},\"potentialAction\":[{\"@type\":\"SearchAction\",\"target\":{\"@type\":\"EntryPoint\",\"urlTemplate\":\"https:\\\/\\\/artvallarta.com\\\/es\\\/?s={search_term_string}\"},\"query-input\":{\"@type\":\"PropertyValueSpecification\",\"valueRequired\":true,\"valueName\":\"search_term_string\"}}],\"inLanguage\":\"es\"},{\"@type\":\"Organization\",\"@id\":\"https:\\\/\\\/artvallarta.com\\\/es\\\/#organization\",\"name\":\"Art VallARTa\",\"url\":\"https:\\\/\\\/artvallarta.com\\\/es\\\/\",\"logo\":{\"@type\":\"ImageObject\",\"inLanguage\":\"es\",\"@id\":\"https:\\\/\\\/artvallarta.com\\\/es\\\/#\\\/schema\\\/logo\\\/image\\\/\",\"url\":\"https:\\\/\\\/artvallarta.com\\\/wp-content\\\/uploads\\\/2019\\\/02\\\/51835738_615449708895218_133232196214325248_n.jpg\",\"contentUrl\":\"https:\\\/\\\/artvallarta.com\\\/wp-content\\\/uploads\\\/2019\\\/02\\\/51835738_615449708895218_133232196214325248_n.jpg\",\"width\":2048,\"height\":1466,\"caption\":\"Art VallARTa\"},\"image\":{\"@id\":\"https:\\\/\\\/artvallarta.com\\\/es\\\/#\\\/schema\\\/logo\\\/image\\\/\"},\"sameAs\":[\"http:\\\/\\\/www.facebook.com\\\/artvallarta\",\"http:\\\/\\\/www.instagram.com\\\/artvallarta\",\"http:\\\/\\\/www.pinterest\\\/artvallarta\",\"https:\\\/\\\/www.youtube.com\\\/channel\\\/UCOqDy2Oyk7EU4tz3S2Gl7kQ\"]}]}<\/script>\n<!-- \/ Yoast SEO plugin. -->","yoast_head_json":{"title":"El Ni\u00f1o de Mam\u00e1 by Georgia Powell - Art VallARTa","robots":{"index":"index","follow":"follow","max-snippet":"max-snippet:-1","max-image-preview":"max-image-preview:large","max-video-preview":"max-video-preview:-1"},"canonical":"https:\/\/artvallarta.com\/es\/product\/el-nino-de-mama\/","og_locale":"es_ES","og_type":"article","og_title":"El Ni\u00f1o de Mam\u00e1 by Georgia Powell - Art VallARTa","og_description":"El Ni\u00f1o de Mam\u00e1  Hand coiled and formed sculpture made from flame ware clay. The texture is enhanced by the \u2018wood fired\u2019 effect this clay takes on when fired.","og_url":"https:\/\/artvallarta.com\/es\/product\/el-nino-de-mama\/","og_site_name":"Art VallARTa","article_publisher":"http:\/\/www.facebook.com\/artvallarta","article_modified_time":"2021-10-06T18:25:08+00:00","og_image":[{"width":640,"height":640,"url":"https:\/\/artvallarta.com\/wp-content\/uploads\/2021\/10\/CAA73BB6-4256-4211-916D-0D7A545EEBD6.jpeg","type":"image\/jpeg"}],"twitter_card":"summary_large_image","schema":{"@context":"https:\/\/schema.org","@graph":[{"@type":"WebPage","@id":"https:\/\/artvallarta.com\/es\/product\/el-nino-de-mama\/","url":"https:\/\/artvallarta.com\/es\/product\/el-nino-de-mama\/","name":"El Ni\u00f1o de Mam\u00e1 by Georgia Powell - Art VallARTa","isPartOf":{"@id":"https:\/\/artvallarta.com\/es\/#website"},"primaryImageOfPage":{"@id":"https:\/\/artvallarta.com\/es\/product\/el-nino-de-mama\/#primaryimage"},"image":{"@id":"https:\/\/artvallarta.com\/es\/product\/el-nino-de-mama\/#primaryimage"},"thumbnailUrl":"https:\/\/artvallarta.com\/wp-content\/uploads\/2021\/10\/CAA73BB6-4256-4211-916D-0D7A545EEBD6.jpeg","datePublished":"2021-10-05T17:27:22+00:00","dateModified":"2021-10-06T18:25:08+00:00","breadcrumb":{"@id":"https:\/\/artvallarta.com\/es\/product\/el-nino-de-mama\/#breadcrumb"},"inLanguage":"es","potentialAction":[{"@type":"ReadAction","target":["https:\/\/artvallarta.com\/es\/product\/el-nino-de-mama\/"]}]},{"@type":"ImageObject","inLanguage":"es","@id":"https:\/\/artvallarta.com\/es\/product\/el-nino-de-mama\/#primaryimage","url":"https:\/\/artvallarta.com\/wp-content\/uploads\/2021\/10\/CAA73BB6-4256-4211-916D-0D7A545EEBD6.jpeg","contentUrl":"https:\/\/artvallarta.com\/wp-content\/uploads\/2021\/10\/CAA73BB6-4256-4211-916D-0D7A545EEBD6.jpeg","width":640,"height":640},{"@type":"BreadcrumbList","@id":"https:\/\/artvallarta.com\/es\/product\/el-nino-de-mama\/#breadcrumb","itemListElement":[{"@type":"ListItem","position":1,"name":"Pagina principal","item":"https:\/\/artvallarta.com\/es\/art-vallarta-puerto-vallarta-mexico-home\/"},{"@type":"ListItem","position":2,"name":"Shop","item":"https:\/\/artvallarta.com\/shop\/"},{"@type":"ListItem","position":3,"name":"El Ni\u00f1o de Mam\u00e1 by Georgia Powell"}]},{"@type":"WebSite","@id":"https:\/\/artvallarta.com\/es\/#website","url":"https:\/\/artvallarta.com\/es\/","name":"Art VallARTa","description":"Art VallARTa","publisher":{"@id":"https:\/\/artvallarta.com\/es\/#organization"},"potentialAction":[{"@type":"SearchAction","target":{"@type":"EntryPoint","urlTemplate":"https:\/\/artvallarta.com\/es\/?s={search_term_string}"},"query-input":{"@type":"PropertyValueSpecification","valueRequired":true,"valueName":"search_term_string"}}],"inLanguage":"es"},{"@type":"Organization","@id":"https:\/\/artvallarta.com\/es\/#organization","name":"Art VallARTa","url":"https:\/\/artvallarta.com\/es\/","logo":{"@type":"ImageObject","inLanguage":"es","@id":"https:\/\/artvallarta.com\/es\/#\/schema\/logo\/image\/","url":"https:\/\/artvallarta.com\/wp-content\/uploads\/2019\/02\/51835738_615449708895218_133232196214325248_n.jpg","contentUrl":"https:\/\/artvallarta.com\/wp-content\/uploads\/2019\/02\/51835738_615449708895218_133232196214325248_n.jpg","width":2048,"height":1466,"caption":"Art VallARTa"},"image":{"@id":"https:\/\/artvallarta.com\/es\/#\/schema\/logo\/image\/"},"sameAs":["http:\/\/www.facebook.com\/artvallarta","http:\/\/www.instagram.com\/artvallarta","http:\/\/www.pinterest\/artvallarta","https:\/\/www.youtube.com\/channel\/UCOqDy2Oyk7EU4tz3S2Gl7kQ"]}]}},"_links":{"self":[{"href":"https:\/\/artvallarta.com\/es\/wp-json\/wp\/v2\/product\/76413","targetHints":{"allow":["GET"]}}],"collection":[{"href":"https:\/\/artvallarta.com\/es\/wp-json\/wp\/v2\/product"}],"about":[{"href":"https:\/\/artvallarta.com\/es\/wp-json\/wp\/v2\/types\/product"}],"version-history":[{"count":3,"href":"https:\/\/artvallarta.com\/es\/wp-json\/wp\/v2\/product\/76413\/revisions"}],"predecessor-version":[{"id":76440,"href":"https:\/\/artvallarta.com\/es\/wp-json\/wp\/v2\/product\/76413\/revisions\/76440"}],"wp:featuredmedia":[{"embeddable":true,"href":"https:\/\/artvallarta.com\/es\/wp-json\/wp\/v2\/media\/76414"}],"wp:attachment":[{"href":"https:\/\/artvallarta.com\/es\/wp-json\/wp\/v2\/media?parent=76413"}],"wp:term":[{"taxonomy":"product_brand","embeddable":true,"href":"https:\/\/artvallarta.com\/es\/wp-json\/wp\/v2\/product_brand?post=76413"},{"taxonomy":"product_cat","embeddable":true,"href":"https:\/\/artvallarta.com\/es\/wp-json\/wp\/v2\/product_cat?post=76413"},{"taxonomy":"product_tag","embeddable":true,"href":"https:\/\/artvallarta.com\/es\/wp-json\/wp\/v2\/product_tag?post=76413"}],"curies":[{"name":"wp","href":"https:\/\/api.w.org\/{rel}","templated":true}]}}