{"id":73194,"date":"2021-07-06T09:56:40","date_gmt":"2021-07-06T14:56:40","guid":{"rendered":"https:\/\/artvallarta.com\/?post_type=product&#038;p=73194"},"modified":"2021-07-06T09:59:58","modified_gmt":"2021-07-06T14:59:58","slug":"van-gogh-viridian-green-10ml","status":"publish","type":"product","link":"https:\/\/artvallarta.com\/es\/producto\/van-gogh-viridian-green-10ml\/","title":{"rendered":"VANGOGH Viridian Green 616 10ml"},"content":{"rendered":"","protected":false},"excerpt":{"rendered":"<p>Las acuarelas Van Gogh mantienen su intensidad de color a\u00fan cuando son rebajadas considerablemente. Gracias a su pureza, se pueden mezclar y lavar f\u00e1cilmente para crear una combinaci\u00f3n clara y vivaz con las matices m\u00e1s finas.<\/p>\n<p>Van Gogh Watercolors remain intense even when thinned considerably. Thanks to their purity, you can easily mix and wash the colors to create clear and lively mixtures with the finest of nuances. Available in a 10 ml. tube.<\/p>\n","protected":false},"featured_media":73196,"template":"","meta":[],"product_brand":[],"product_cat":[805,807,692,913],"product_tag":[],"class_list":{"0":"post-73194","1":"product","2":"type-product","3":"status-publish","4":"has-post-thumbnail","6":"product_cat-watercolor-es","7":"product_cat-watercolorp-es","8":"product_cat-art-supplies-es","9":"product_cat-van-gogh-es","11":"first","12":"outofstock","13":"taxable","14":"shipping-taxable","15":"purchasable","16":"product-type-simple"},"yoast_head":"<!-- This site is optimized with the Yoast SEO plugin v27.3 - https:\/\/yoast.com\/product\/yoast-seo-wordpress\/ -->\n<title>VANGOGH Viridian Green 616 10ml - Art VallARTa<\/title>\n<meta name=\"robots\" content=\"index, follow, max-snippet:-1, max-image-preview:large, max-video-preview:-1\" \/>\n<link rel=\"canonical\" href=\"https:\/\/artvallarta.com\/es\/producto\/van-gogh-viridian-green-10ml\/\" \/>\n<meta property=\"og:locale\" content=\"es_ES\" \/>\n<meta property=\"og:type\" content=\"article\" \/>\n<meta property=\"og:title\" content=\"VANGOGH Viridian Green 616 10ml - Art VallARTa\" \/>\n<meta property=\"og:description\" content=\"Las acuarelas Van Gogh mantienen su intensidad de color a\u00fan cuando son rebajadas considerablemente. Gracias a su pureza, se pueden mezclar y lavar f\u00e1cilmente para crear una combinaci\u00f3n clara y vivaz con las matices m\u00e1s finas.  Van Gogh Watercolors remain intense even when thinned considerably. Thanks to their purity, you can easily mix and wash the colors to create clear and lively mixtures with the finest of nuances. Available in a 10 ml. tube.\" \/>\n<meta property=\"og:url\" content=\"https:\/\/artvallarta.com\/es\/producto\/van-gogh-viridian-green-10ml\/\" \/>\n<meta property=\"og:site_name\" content=\"Art VallARTa\" \/>\n<meta property=\"article:publisher\" content=\"http:\/\/www.facebook.com\/artvallarta\" \/>\n<meta property=\"article:modified_time\" content=\"2021-07-06T14:59:58+00:00\" \/>\n<meta property=\"og:image\" content=\"https:\/\/artvallarta.com\/wp-content\/uploads\/2021\/07\/van-gogh-viridian-green.jpg\" \/>\n\t<meta property=\"og:image:width\" content=\"570\" \/>\n\t<meta property=\"og:image:height\" content=\"570\" \/>\n\t<meta property=\"og:image:type\" content=\"image\/jpeg\" \/>\n<meta name=\"twitter:card\" content=\"summary_large_image\" \/>\n<script type=\"application\/ld+json\" class=\"yoast-schema-graph\">{\"@context\":\"https:\\\/\\\/schema.org\",\"@graph\":[{\"@type\":\"WebPage\",\"@id\":\"https:\\\/\\\/artvallarta.com\\\/es\\\/producto\\\/van-gogh-viridian-green-10ml\\\/\",\"url\":\"https:\\\/\\\/artvallarta.com\\\/es\\\/producto\\\/van-gogh-viridian-green-10ml\\\/\",\"name\":\"VANGOGH Viridian Green 616 10ml - Art VallARTa\",\"isPartOf\":{\"@id\":\"https:\\\/\\\/artvallarta.com\\\/es\\\/#website\"},\"primaryImageOfPage\":{\"@id\":\"https:\\\/\\\/artvallarta.com\\\/es\\\/producto\\\/van-gogh-viridian-green-10ml\\\/#primaryimage\"},\"image\":{\"@id\":\"https:\\\/\\\/artvallarta.com\\\/es\\\/producto\\\/van-gogh-viridian-green-10ml\\\/#primaryimage\"},\"thumbnailUrl\":\"https:\\\/\\\/artvallarta.com\\\/wp-content\\\/uploads\\\/2021\\\/07\\\/van-gogh-viridian-green.jpg\",\"datePublished\":\"2021-07-06T14:56:40+00:00\",\"dateModified\":\"2021-07-06T14:59:58+00:00\",\"breadcrumb\":{\"@id\":\"https:\\\/\\\/artvallarta.com\\\/es\\\/producto\\\/van-gogh-viridian-green-10ml\\\/#breadcrumb\"},\"inLanguage\":\"es\",\"potentialAction\":[{\"@type\":\"ReadAction\",\"target\":[\"https:\\\/\\\/artvallarta.com\\\/es\\\/producto\\\/van-gogh-viridian-green-10ml\\\/\"]}]},{\"@type\":\"ImageObject\",\"inLanguage\":\"es\",\"@id\":\"https:\\\/\\\/artvallarta.com\\\/es\\\/producto\\\/van-gogh-viridian-green-10ml\\\/#primaryimage\",\"url\":\"https:\\\/\\\/artvallarta.com\\\/wp-content\\\/uploads\\\/2021\\\/07\\\/van-gogh-viridian-green.jpg\",\"contentUrl\":\"https:\\\/\\\/artvallarta.com\\\/wp-content\\\/uploads\\\/2021\\\/07\\\/van-gogh-viridian-green.jpg\",\"width\":570,\"height\":570},{\"@type\":\"BreadcrumbList\",\"@id\":\"https:\\\/\\\/artvallarta.com\\\/es\\\/producto\\\/van-gogh-viridian-green-10ml\\\/#breadcrumb\",\"itemListElement\":[{\"@type\":\"ListItem\",\"position\":1,\"name\":\"Pagina principal\",\"item\":\"https:\\\/\\\/artvallarta.com\\\/es\\\/art-vallarta-puerto-vallarta-mexico-home\\\/\"},{\"@type\":\"ListItem\",\"position\":2,\"name\":\"Shop\",\"item\":\"https:\\\/\\\/artvallarta.com\\\/shop\\\/\"},{\"@type\":\"ListItem\",\"position\":3,\"name\":\"VANGOGH Viridian Green 616 10ml\"}]},{\"@type\":\"WebSite\",\"@id\":\"https:\\\/\\\/artvallarta.com\\\/es\\\/#website\",\"url\":\"https:\\\/\\\/artvallarta.com\\\/es\\\/\",\"name\":\"Art VallARTa\",\"description\":\"Art VallARTa\",\"publisher\":{\"@id\":\"https:\\\/\\\/artvallarta.com\\\/es\\\/#organization\"},\"potentialAction\":[{\"@type\":\"SearchAction\",\"target\":{\"@type\":\"EntryPoint\",\"urlTemplate\":\"https:\\\/\\\/artvallarta.com\\\/es\\\/?s={search_term_string}\"},\"query-input\":{\"@type\":\"PropertyValueSpecification\",\"valueRequired\":true,\"valueName\":\"search_term_string\"}}],\"inLanguage\":\"es\"},{\"@type\":\"Organization\",\"@id\":\"https:\\\/\\\/artvallarta.com\\\/es\\\/#organization\",\"name\":\"Art VallARTa\",\"url\":\"https:\\\/\\\/artvallarta.com\\\/es\\\/\",\"logo\":{\"@type\":\"ImageObject\",\"inLanguage\":\"es\",\"@id\":\"https:\\\/\\\/artvallarta.com\\\/es\\\/#\\\/schema\\\/logo\\\/image\\\/\",\"url\":\"https:\\\/\\\/artvallarta.com\\\/wp-content\\\/uploads\\\/2019\\\/02\\\/51835738_615449708895218_133232196214325248_n.jpg\",\"contentUrl\":\"https:\\\/\\\/artvallarta.com\\\/wp-content\\\/uploads\\\/2019\\\/02\\\/51835738_615449708895218_133232196214325248_n.jpg\",\"width\":2048,\"height\":1466,\"caption\":\"Art VallARTa\"},\"image\":{\"@id\":\"https:\\\/\\\/artvallarta.com\\\/es\\\/#\\\/schema\\\/logo\\\/image\\\/\"},\"sameAs\":[\"http:\\\/\\\/www.facebook.com\\\/artvallarta\",\"http:\\\/\\\/www.instagram.com\\\/artvallarta\",\"http:\\\/\\\/www.pinterest\\\/artvallarta\",\"https:\\\/\\\/www.youtube.com\\\/channel\\\/UCOqDy2Oyk7EU4tz3S2Gl7kQ\"]}]}<\/script>\n<!-- \/ Yoast SEO plugin. -->","yoast_head_json":{"title":"VANGOGH Viridian Green 616 10ml - Art VallARTa","robots":{"index":"index","follow":"follow","max-snippet":"max-snippet:-1","max-image-preview":"max-image-preview:large","max-video-preview":"max-video-preview:-1"},"canonical":"https:\/\/artvallarta.com\/es\/producto\/van-gogh-viridian-green-10ml\/","og_locale":"es_ES","og_type":"article","og_title":"VANGOGH Viridian Green 616 10ml - Art VallARTa","og_description":"Las acuarelas Van Gogh mantienen su intensidad de color a\u00fan cuando son rebajadas considerablemente. Gracias a su pureza, se pueden mezclar y lavar f\u00e1cilmente para crear una combinaci\u00f3n clara y vivaz con las matices m\u00e1s finas.  Van Gogh Watercolors remain intense even when thinned considerably. Thanks to their purity, you can easily mix and wash the colors to create clear and lively mixtures with the finest of nuances. Available in a 10 ml. tube.","og_url":"https:\/\/artvallarta.com\/es\/producto\/van-gogh-viridian-green-10ml\/","og_site_name":"Art VallARTa","article_publisher":"http:\/\/www.facebook.com\/artvallarta","article_modified_time":"2021-07-06T14:59:58+00:00","og_image":[{"width":570,"height":570,"url":"https:\/\/artvallarta.com\/wp-content\/uploads\/2021\/07\/van-gogh-viridian-green.jpg","type":"image\/jpeg"}],"twitter_card":"summary_large_image","schema":{"@context":"https:\/\/schema.org","@graph":[{"@type":"WebPage","@id":"https:\/\/artvallarta.com\/es\/producto\/van-gogh-viridian-green-10ml\/","url":"https:\/\/artvallarta.com\/es\/producto\/van-gogh-viridian-green-10ml\/","name":"VANGOGH Viridian Green 616 10ml - Art VallARTa","isPartOf":{"@id":"https:\/\/artvallarta.com\/es\/#website"},"primaryImageOfPage":{"@id":"https:\/\/artvallarta.com\/es\/producto\/van-gogh-viridian-green-10ml\/#primaryimage"},"image":{"@id":"https:\/\/artvallarta.com\/es\/producto\/van-gogh-viridian-green-10ml\/#primaryimage"},"thumbnailUrl":"https:\/\/artvallarta.com\/wp-content\/uploads\/2021\/07\/van-gogh-viridian-green.jpg","datePublished":"2021-07-06T14:56:40+00:00","dateModified":"2021-07-06T14:59:58+00:00","breadcrumb":{"@id":"https:\/\/artvallarta.com\/es\/producto\/van-gogh-viridian-green-10ml\/#breadcrumb"},"inLanguage":"es","potentialAction":[{"@type":"ReadAction","target":["https:\/\/artvallarta.com\/es\/producto\/van-gogh-viridian-green-10ml\/"]}]},{"@type":"ImageObject","inLanguage":"es","@id":"https:\/\/artvallarta.com\/es\/producto\/van-gogh-viridian-green-10ml\/#primaryimage","url":"https:\/\/artvallarta.com\/wp-content\/uploads\/2021\/07\/van-gogh-viridian-green.jpg","contentUrl":"https:\/\/artvallarta.com\/wp-content\/uploads\/2021\/07\/van-gogh-viridian-green.jpg","width":570,"height":570},{"@type":"BreadcrumbList","@id":"https:\/\/artvallarta.com\/es\/producto\/van-gogh-viridian-green-10ml\/#breadcrumb","itemListElement":[{"@type":"ListItem","position":1,"name":"Pagina principal","item":"https:\/\/artvallarta.com\/es\/art-vallarta-puerto-vallarta-mexico-home\/"},{"@type":"ListItem","position":2,"name":"Shop","item":"https:\/\/artvallarta.com\/shop\/"},{"@type":"ListItem","position":3,"name":"VANGOGH Viridian Green 616 10ml"}]},{"@type":"WebSite","@id":"https:\/\/artvallarta.com\/es\/#website","url":"https:\/\/artvallarta.com\/es\/","name":"Art VallARTa","description":"Art VallARTa","publisher":{"@id":"https:\/\/artvallarta.com\/es\/#organization"},"potentialAction":[{"@type":"SearchAction","target":{"@type":"EntryPoint","urlTemplate":"https:\/\/artvallarta.com\/es\/?s={search_term_string}"},"query-input":{"@type":"PropertyValueSpecification","valueRequired":true,"valueName":"search_term_string"}}],"inLanguage":"es"},{"@type":"Organization","@id":"https:\/\/artvallarta.com\/es\/#organization","name":"Art VallARTa","url":"https:\/\/artvallarta.com\/es\/","logo":{"@type":"ImageObject","inLanguage":"es","@id":"https:\/\/artvallarta.com\/es\/#\/schema\/logo\/image\/","url":"https:\/\/artvallarta.com\/wp-content\/uploads\/2019\/02\/51835738_615449708895218_133232196214325248_n.jpg","contentUrl":"https:\/\/artvallarta.com\/wp-content\/uploads\/2019\/02\/51835738_615449708895218_133232196214325248_n.jpg","width":2048,"height":1466,"caption":"Art VallARTa"},"image":{"@id":"https:\/\/artvallarta.com\/es\/#\/schema\/logo\/image\/"},"sameAs":["http:\/\/www.facebook.com\/artvallarta","http:\/\/www.instagram.com\/artvallarta","http:\/\/www.pinterest\/artvallarta","https:\/\/www.youtube.com\/channel\/UCOqDy2Oyk7EU4tz3S2Gl7kQ"]}]}},"_links":{"self":[{"href":"https:\/\/artvallarta.com\/es\/wp-json\/wp\/v2\/product\/73194","targetHints":{"allow":["GET"]}}],"collection":[{"href":"https:\/\/artvallarta.com\/es\/wp-json\/wp\/v2\/product"}],"about":[{"href":"https:\/\/artvallarta.com\/es\/wp-json\/wp\/v2\/types\/product"}],"version-history":[{"count":1,"href":"https:\/\/artvallarta.com\/es\/wp-json\/wp\/v2\/product\/73194\/revisions"}],"predecessor-version":[{"id":73198,"href":"https:\/\/artvallarta.com\/es\/wp-json\/wp\/v2\/product\/73194\/revisions\/73198"}],"wp:featuredmedia":[{"embeddable":true,"href":"https:\/\/artvallarta.com\/es\/wp-json\/wp\/v2\/media\/73196"}],"wp:attachment":[{"href":"https:\/\/artvallarta.com\/es\/wp-json\/wp\/v2\/media?parent=73194"}],"wp:term":[{"taxonomy":"product_brand","embeddable":true,"href":"https:\/\/artvallarta.com\/es\/wp-json\/wp\/v2\/product_brand?post=73194"},{"taxonomy":"product_cat","embeddable":true,"href":"https:\/\/artvallarta.com\/es\/wp-json\/wp\/v2\/product_cat?post=73194"},{"taxonomy":"product_tag","embeddable":true,"href":"https:\/\/artvallarta.com\/es\/wp-json\/wp\/v2\/product_tag?post=73194"}],"curies":[{"name":"wp","href":"https:\/\/api.w.org\/{rel}","templated":true}]}}