{"id":73044,"date":"2021-07-01T11:42:29","date_gmt":"2021-07-01T17:45:23","guid":{"rendered":"https:\/\/artvallarta.com\/product\/prosecco-ceramica-cuencos-hechos-a-mano-clase-nocturna\/"},"modified":"2021-07-01T12:45:28","modified_gmt":"2021-07-01T17:45:28","slug":"prosecco-ceramica-hechos-a-mano-cuencos-tarde-clase","status":"publish","type":"product","link":"https:\/\/artvallarta.com\/es\/producto\/prosecco-ceramica-hechos-a-mano-cuencos-tarde-clase\/","title":{"rendered":"Prosecco + Cer\u00e1mica = Cuencos hechos a mano Clase nocturna"},"content":{"rendered":"","protected":false},"excerpt":{"rendered":"<p>Mi\u00e9rcoles por la noche de 7:00 p.m. a 9:00 p.m.<\/p>\n<p>Trae a un amigo y pasa una noche creativa en el estudio de cer\u00e1mica haciendo tus propios cuencos hechos a mano (\u00fatiles para servir todo tipo de golosinas). Disfrute de una copa de Prosecco de cortes\u00eda durante la noche.<\/p>\n<p>No se requiere experiencia y los materiales (8 libras de arcilla y el uso de esmaltes b\u00e1sicos) est\u00e1n incluidos en la tarifa del taller + sus trabajos terminados se hornear\u00e1n en nuestro horno. La recogida de sus piezas terminadas estar\u00e1 disponible el lunes por la tarde. Los estudiantes ser\u00e1n introducidos a las t\u00e9cnicas b\u00e1sicas de construcci\u00f3n a mano con arcilla para hacer tres tazones para mojar \/ salsa. Aprenda algunas t\u00e9cnicas b\u00e1sicas de decoraci\u00f3n con arcilla para que pueda hacer que sus cuencos sean \u00fanicos, ya sean contempor\u00e1neos o cl\u00e1sicos.<\/p>\n<p>&nbsp;<\/p>\n","protected":false},"featured_media":73028,"template":"","meta":[],"product_brand":[],"product_cat":[688,916,690],"product_tag":[],"class_list":{"0":"post-73044","1":"product","2":"type-product","3":"status-publish","4":"has-post-thumbnail","6":"product_cat-clases","7":"product_cat-ceramics-classes-es","8":"product_cat-clases-destacadas","9":"wcpv_product_vendors-georgia-powell-naranjo-es","10":"member-discount","11":"discount-restricted","13":"first","14":"instock","15":"virtual","16":"taxable","17":"product-type-simple"},"yoast_head":"<!-- This site is optimized with the Yoast SEO plugin v27.3 - https:\/\/yoast.com\/product\/yoast-seo-wordpress\/ -->\n<title>Prosecco + Cer\u00e1mica = Cuencos hechos a mano Clase nocturna - Art VallARTa<\/title>\n<meta name=\"robots\" content=\"noindex, follow\" \/>\n<meta property=\"og:locale\" content=\"es_ES\" \/>\n<meta property=\"og:type\" content=\"article\" \/>\n<meta property=\"og:title\" content=\"Prosecco + Cer\u00e1mica = Cuencos hechos a mano Clase nocturna - Art VallARTa\" \/>\n<meta property=\"og:description\" content=\"Mi\u00e9rcoles por la noche de 7:00 p.m. a 9:00 p.m. Trae a un amigo y pasa una noche creativa en el estudio de cer\u00e1mica haciendo tus propios cuencos hechos a mano (\u00fatiles para servir todo tipo de golosinas). Disfrute de una copa de Prosecco de cortes\u00eda durante la noche. No se requiere experiencia y los materiales (8 libras de arcilla y el uso de esmaltes b\u00e1sicos) est\u00e1n incluidos en la tarifa del taller + sus trabajos terminados se hornear\u00e1n en nuestro horno. La recogida de sus piezas terminadas estar\u00e1 disponible el lunes por la tarde. Los estudiantes ser\u00e1n introducidos a las t\u00e9cnicas b\u00e1sicas de construcci\u00f3n a mano con arcilla para hacer tres tazones para mojar \/ salsa. Aprenda algunas t\u00e9cnicas b\u00e1sicas de decoraci\u00f3n con arcilla para que pueda hacer que sus cuencos sean \u00fanicos, ya sean contempor\u00e1neos o cl\u00e1sicos. &nbsp;\" \/>\n<meta property=\"og:url\" content=\"https:\/\/artvallarta.com\/es\/producto\/prosecco-ceramica-hechos-a-mano-cuencos-tarde-clase\/\" \/>\n<meta property=\"og:site_name\" content=\"Art VallARTa\" \/>\n<meta property=\"article:publisher\" content=\"http:\/\/www.facebook.com\/artvallarta\" \/>\n<meta property=\"article:modified_time\" content=\"2021-07-01T17:45:28+00:00\" \/>\n<meta property=\"og:image\" content=\"https:\/\/artvallarta.com\/wp-content\/uploads\/2021\/07\/WhatsApp-Image-2021-06-30-at-3.53.33-PM.jpeg\" \/>\n\t<meta property=\"og:image:width\" content=\"1024\" \/>\n\t<meta property=\"og:image:height\" content=\"1024\" \/>\n\t<meta property=\"og:image:type\" content=\"image\/jpeg\" \/>\n<meta name=\"twitter:card\" content=\"summary_large_image\" \/>\n<script type=\"application\/ld+json\" class=\"yoast-schema-graph\">{\"@context\":\"https:\\\/\\\/schema.org\",\"@graph\":[{\"@type\":\"WebPage\",\"@id\":\"https:\\\/\\\/artvallarta.com\\\/es\\\/producto\\\/prosecco-ceramica-hechos-a-mano-cuencos-tarde-clase\\\/\",\"url\":\"https:\\\/\\\/artvallarta.com\\\/es\\\/producto\\\/prosecco-ceramica-hechos-a-mano-cuencos-tarde-clase\\\/\",\"name\":\"Prosecco + Cer\u00e1mica = Cuencos hechos a mano Clase nocturna - Art VallARTa\",\"isPartOf\":{\"@id\":\"https:\\\/\\\/artvallarta.com\\\/es\\\/#website\"},\"primaryImageOfPage\":{\"@id\":\"https:\\\/\\\/artvallarta.com\\\/es\\\/producto\\\/prosecco-ceramica-hechos-a-mano-cuencos-tarde-clase\\\/#primaryimage\"},\"image\":{\"@id\":\"https:\\\/\\\/artvallarta.com\\\/es\\\/producto\\\/prosecco-ceramica-hechos-a-mano-cuencos-tarde-clase\\\/#primaryimage\"},\"thumbnailUrl\":\"https:\\\/\\\/artvallarta.com\\\/wp-content\\\/uploads\\\/2021\\\/07\\\/WhatsApp-Image-2021-06-30-at-3.53.33-PM.jpeg\",\"datePublished\":\"2021-07-01T17:45:23+00:00\",\"dateModified\":\"2021-07-01T17:45:28+00:00\",\"breadcrumb\":{\"@id\":\"https:\\\/\\\/artvallarta.com\\\/es\\\/producto\\\/prosecco-ceramica-hechos-a-mano-cuencos-tarde-clase\\\/#breadcrumb\"},\"inLanguage\":\"es\",\"potentialAction\":[{\"@type\":\"ReadAction\",\"target\":[\"https:\\\/\\\/artvallarta.com\\\/es\\\/producto\\\/prosecco-ceramica-hechos-a-mano-cuencos-tarde-clase\\\/\"]}]},{\"@type\":\"ImageObject\",\"inLanguage\":\"es\",\"@id\":\"https:\\\/\\\/artvallarta.com\\\/es\\\/producto\\\/prosecco-ceramica-hechos-a-mano-cuencos-tarde-clase\\\/#primaryimage\",\"url\":\"https:\\\/\\\/artvallarta.com\\\/wp-content\\\/uploads\\\/2021\\\/07\\\/WhatsApp-Image-2021-06-30-at-3.53.33-PM.jpeg\",\"contentUrl\":\"https:\\\/\\\/artvallarta.com\\\/wp-content\\\/uploads\\\/2021\\\/07\\\/WhatsApp-Image-2021-06-30-at-3.53.33-PM.jpeg\",\"width\":1024,\"height\":1024},{\"@type\":\"BreadcrumbList\",\"@id\":\"https:\\\/\\\/artvallarta.com\\\/es\\\/producto\\\/prosecco-ceramica-hechos-a-mano-cuencos-tarde-clase\\\/#breadcrumb\",\"itemListElement\":[{\"@type\":\"ListItem\",\"position\":1,\"name\":\"Pagina principal\",\"item\":\"https:\\\/\\\/artvallarta.com\\\/es\\\/art-vallarta-puerto-vallarta-mexico-home\\\/\"},{\"@type\":\"ListItem\",\"position\":2,\"name\":\"Shop\",\"item\":\"https:\\\/\\\/artvallarta.com\\\/shop\\\/\"},{\"@type\":\"ListItem\",\"position\":3,\"name\":\"Prosecco + Cer\u00e1mica = Cuencos hechos a mano Clase nocturna\"}]},{\"@type\":\"WebSite\",\"@id\":\"https:\\\/\\\/artvallarta.com\\\/es\\\/#website\",\"url\":\"https:\\\/\\\/artvallarta.com\\\/es\\\/\",\"name\":\"Art VallARTa\",\"description\":\"Art VallARTa\",\"publisher\":{\"@id\":\"https:\\\/\\\/artvallarta.com\\\/es\\\/#organization\"},\"potentialAction\":[{\"@type\":\"SearchAction\",\"target\":{\"@type\":\"EntryPoint\",\"urlTemplate\":\"https:\\\/\\\/artvallarta.com\\\/es\\\/?s={search_term_string}\"},\"query-input\":{\"@type\":\"PropertyValueSpecification\",\"valueRequired\":true,\"valueName\":\"search_term_string\"}}],\"inLanguage\":\"es\"},{\"@type\":\"Organization\",\"@id\":\"https:\\\/\\\/artvallarta.com\\\/es\\\/#organization\",\"name\":\"Art VallARTa\",\"url\":\"https:\\\/\\\/artvallarta.com\\\/es\\\/\",\"logo\":{\"@type\":\"ImageObject\",\"inLanguage\":\"es\",\"@id\":\"https:\\\/\\\/artvallarta.com\\\/es\\\/#\\\/schema\\\/logo\\\/image\\\/\",\"url\":\"https:\\\/\\\/artvallarta.com\\\/wp-content\\\/uploads\\\/2019\\\/02\\\/51835738_615449708895218_133232196214325248_n.jpg\",\"contentUrl\":\"https:\\\/\\\/artvallarta.com\\\/wp-content\\\/uploads\\\/2019\\\/02\\\/51835738_615449708895218_133232196214325248_n.jpg\",\"width\":2048,\"height\":1466,\"caption\":\"Art VallARTa\"},\"image\":{\"@id\":\"https:\\\/\\\/artvallarta.com\\\/es\\\/#\\\/schema\\\/logo\\\/image\\\/\"},\"sameAs\":[\"http:\\\/\\\/www.facebook.com\\\/artvallarta\",\"http:\\\/\\\/www.instagram.com\\\/artvallarta\",\"http:\\\/\\\/www.pinterest\\\/artvallarta\",\"https:\\\/\\\/www.youtube.com\\\/channel\\\/UCOqDy2Oyk7EU4tz3S2Gl7kQ\"]}]}<\/script>\n<!-- \/ Yoast SEO plugin. -->","yoast_head_json":{"title":"Prosecco + Cer\u00e1mica = Cuencos hechos a mano Clase nocturna - Art VallARTa","robots":{"index":"noindex","follow":"follow"},"og_locale":"es_ES","og_type":"article","og_title":"Prosecco + Cer\u00e1mica = Cuencos hechos a mano Clase nocturna - Art VallARTa","og_description":"Mi\u00e9rcoles por la noche de 7:00 p.m. a 9:00 p.m. Trae a un amigo y pasa una noche creativa en el estudio de cer\u00e1mica haciendo tus propios cuencos hechos a mano (\u00fatiles para servir todo tipo de golosinas). Disfrute de una copa de Prosecco de cortes\u00eda durante la noche. No se requiere experiencia y los materiales (8 libras de arcilla y el uso de esmaltes b\u00e1sicos) est\u00e1n incluidos en la tarifa del taller + sus trabajos terminados se hornear\u00e1n en nuestro horno. La recogida de sus piezas terminadas estar\u00e1 disponible el lunes por la tarde. Los estudiantes ser\u00e1n introducidos a las t\u00e9cnicas b\u00e1sicas de construcci\u00f3n a mano con arcilla para hacer tres tazones para mojar \/ salsa. Aprenda algunas t\u00e9cnicas b\u00e1sicas de decoraci\u00f3n con arcilla para que pueda hacer que sus cuencos sean \u00fanicos, ya sean contempor\u00e1neos o cl\u00e1sicos. &nbsp;","og_url":"https:\/\/artvallarta.com\/es\/producto\/prosecco-ceramica-hechos-a-mano-cuencos-tarde-clase\/","og_site_name":"Art VallARTa","article_publisher":"http:\/\/www.facebook.com\/artvallarta","article_modified_time":"2021-07-01T17:45:28+00:00","og_image":[{"width":1024,"height":1024,"url":"https:\/\/artvallarta.com\/wp-content\/uploads\/2021\/07\/WhatsApp-Image-2021-06-30-at-3.53.33-PM.jpeg","type":"image\/jpeg"}],"twitter_card":"summary_large_image","schema":{"@context":"https:\/\/schema.org","@graph":[{"@type":"WebPage","@id":"https:\/\/artvallarta.com\/es\/producto\/prosecco-ceramica-hechos-a-mano-cuencos-tarde-clase\/","url":"https:\/\/artvallarta.com\/es\/producto\/prosecco-ceramica-hechos-a-mano-cuencos-tarde-clase\/","name":"Prosecco + Cer\u00e1mica = Cuencos hechos a mano Clase nocturna - Art VallARTa","isPartOf":{"@id":"https:\/\/artvallarta.com\/es\/#website"},"primaryImageOfPage":{"@id":"https:\/\/artvallarta.com\/es\/producto\/prosecco-ceramica-hechos-a-mano-cuencos-tarde-clase\/#primaryimage"},"image":{"@id":"https:\/\/artvallarta.com\/es\/producto\/prosecco-ceramica-hechos-a-mano-cuencos-tarde-clase\/#primaryimage"},"thumbnailUrl":"https:\/\/artvallarta.com\/wp-content\/uploads\/2021\/07\/WhatsApp-Image-2021-06-30-at-3.53.33-PM.jpeg","datePublished":"2021-07-01T17:45:23+00:00","dateModified":"2021-07-01T17:45:28+00:00","breadcrumb":{"@id":"https:\/\/artvallarta.com\/es\/producto\/prosecco-ceramica-hechos-a-mano-cuencos-tarde-clase\/#breadcrumb"},"inLanguage":"es","potentialAction":[{"@type":"ReadAction","target":["https:\/\/artvallarta.com\/es\/producto\/prosecco-ceramica-hechos-a-mano-cuencos-tarde-clase\/"]}]},{"@type":"ImageObject","inLanguage":"es","@id":"https:\/\/artvallarta.com\/es\/producto\/prosecco-ceramica-hechos-a-mano-cuencos-tarde-clase\/#primaryimage","url":"https:\/\/artvallarta.com\/wp-content\/uploads\/2021\/07\/WhatsApp-Image-2021-06-30-at-3.53.33-PM.jpeg","contentUrl":"https:\/\/artvallarta.com\/wp-content\/uploads\/2021\/07\/WhatsApp-Image-2021-06-30-at-3.53.33-PM.jpeg","width":1024,"height":1024},{"@type":"BreadcrumbList","@id":"https:\/\/artvallarta.com\/es\/producto\/prosecco-ceramica-hechos-a-mano-cuencos-tarde-clase\/#breadcrumb","itemListElement":[{"@type":"ListItem","position":1,"name":"Pagina principal","item":"https:\/\/artvallarta.com\/es\/art-vallarta-puerto-vallarta-mexico-home\/"},{"@type":"ListItem","position":2,"name":"Shop","item":"https:\/\/artvallarta.com\/shop\/"},{"@type":"ListItem","position":3,"name":"Prosecco + Cer\u00e1mica = Cuencos hechos a mano Clase nocturna"}]},{"@type":"WebSite","@id":"https:\/\/artvallarta.com\/es\/#website","url":"https:\/\/artvallarta.com\/es\/","name":"Art VallARTa","description":"Art VallARTa","publisher":{"@id":"https:\/\/artvallarta.com\/es\/#organization"},"potentialAction":[{"@type":"SearchAction","target":{"@type":"EntryPoint","urlTemplate":"https:\/\/artvallarta.com\/es\/?s={search_term_string}"},"query-input":{"@type":"PropertyValueSpecification","valueRequired":true,"valueName":"search_term_string"}}],"inLanguage":"es"},{"@type":"Organization","@id":"https:\/\/artvallarta.com\/es\/#organization","name":"Art VallARTa","url":"https:\/\/artvallarta.com\/es\/","logo":{"@type":"ImageObject","inLanguage":"es","@id":"https:\/\/artvallarta.com\/es\/#\/schema\/logo\/image\/","url":"https:\/\/artvallarta.com\/wp-content\/uploads\/2019\/02\/51835738_615449708895218_133232196214325248_n.jpg","contentUrl":"https:\/\/artvallarta.com\/wp-content\/uploads\/2019\/02\/51835738_615449708895218_133232196214325248_n.jpg","width":2048,"height":1466,"caption":"Art VallARTa"},"image":{"@id":"https:\/\/artvallarta.com\/es\/#\/schema\/logo\/image\/"},"sameAs":["http:\/\/www.facebook.com\/artvallarta","http:\/\/www.instagram.com\/artvallarta","http:\/\/www.pinterest\/artvallarta","https:\/\/www.youtube.com\/channel\/UCOqDy2Oyk7EU4tz3S2Gl7kQ"]}]}},"_links":{"self":[{"href":"https:\/\/artvallarta.com\/es\/wp-json\/wp\/v2\/product\/73044","targetHints":{"allow":["GET"]}}],"collection":[{"href":"https:\/\/artvallarta.com\/es\/wp-json\/wp\/v2\/product"}],"about":[{"href":"https:\/\/artvallarta.com\/es\/wp-json\/wp\/v2\/types\/product"}],"version-history":[{"count":1,"href":"https:\/\/artvallarta.com\/es\/wp-json\/wp\/v2\/product\/73044\/revisions"}],"predecessor-version":[{"id":73045,"href":"https:\/\/artvallarta.com\/es\/wp-json\/wp\/v2\/product\/73044\/revisions\/73045"}],"wp:featuredmedia":[{"embeddable":true,"href":"https:\/\/artvallarta.com\/es\/wp-json\/wp\/v2\/media\/73028"}],"wp:attachment":[{"href":"https:\/\/artvallarta.com\/es\/wp-json\/wp\/v2\/media?parent=73044"}],"wp:term":[{"taxonomy":"product_brand","embeddable":true,"href":"https:\/\/artvallarta.com\/es\/wp-json\/wp\/v2\/product_brand?post=73044"},{"taxonomy":"product_cat","embeddable":true,"href":"https:\/\/artvallarta.com\/es\/wp-json\/wp\/v2\/product_cat?post=73044"},{"taxonomy":"product_tag","embeddable":true,"href":"https:\/\/artvallarta.com\/es\/wp-json\/wp\/v2\/product_tag?post=73044"}],"curies":[{"name":"wp","href":"https:\/\/api.w.org\/{rel}","templated":true}]}}