{"id":66928,"date":"2021-05-28T15:21:54","date_gmt":"2021-05-28T20:24:29","guid":{"rendered":"https:\/\/artvallarta.com\/product\/taller-de-escritura-de-guiones-con-lamar-damon\/"},"modified":"2021-05-28T15:34:36","modified_gmt":"2021-05-28T20:34:36","slug":"escritura-de-guiones","status":"publish","type":"product","link":"https:\/\/artvallarta.com\/es\/producto\/escritura-de-guiones\/","title":{"rendered":"Taller de escritura de guiones con Lamar Damon"},"content":{"rendered":"","protected":false},"excerpt":{"rendered":"<div dir=\"ltr\">El taller se llevar\u00e1 a cabo de 2:00 pm a 4:00 pm los lunes \/ mi\u00e9rcoles \/ viernes 14, 16, 18, 21, 23 y 25 de junio de 2021.<\/p>\n<p> Al registrarse en l\u00ednea para el 14 de junio, se reservar\u00e1 autom\u00e1ticamente para todos los d\u00edas.<\/p><\/div>\n<div dir=\"ltr\"><\/div>\n<div dir=\"ltr\"><\/div>\n<p><\/p>\n<div dir=\"ltr\">\u00bfInteresado en escribir una pel\u00edcula? Taller ofrecido por el escritor \/ productor LAMAR DAMON, quien ha escrito durante las \u00faltimas dos d\u00e9cadas para todos los grandes estudios de Hollywood. Entre sus cr\u00e9ditos producidos, SLAP HER, SHE&#8217;S FRENCH, BE SOMEBODY, y ABC FAMILY SERIES, BUNHEADS. El taller cubrir\u00e1 aspectos importantes de la narraci\u00f3n de historias, la estructura, el desarrollo del personaje y la reescritura. La \u00faltima clase cubrir\u00e1 el negocio de escribir, vender y lanzar.<\/div>\n<p><\/p>\n<div dir=\"ltr\"><\/div>\n<div dir=\"ltr\"><\/div>\n<div>&#8220;Si no est\u00e1 en la p\u00e1gina, no est\u00e1 en el escenario&#8221;.<\/div>\n","protected":false},"featured_media":66925,"template":"","meta":[],"product_brand":[],"product_cat":[688,922,690],"product_tag":[],"class_list":{"0":"post-66928","1":"product","2":"type-product","3":"status-publish","4":"has-post-thumbnail","6":"product_cat-clases","7":"product_cat-performance-arts-es","8":"product_cat-clases-destacadas","10":"first","11":"instock","12":"virtual","13":"taxable","14":"purchasable","15":"product-type-simple"},"yoast_head":"<!-- This site is optimized with the Yoast SEO plugin v27.3 - https:\/\/yoast.com\/product\/yoast-seo-wordpress\/ -->\n<title>Taller de escritura de guiones con Lamar Damon - Art VallARTa Puerto Vallarta<\/title>\n<meta name=\"robots\" content=\"index, follow, max-snippet:-1, max-image-preview:large, max-video-preview:-1\" \/>\n<link rel=\"canonical\" href=\"https:\/\/artvallarta.com\/es\/producto\/escritura-de-guiones\/\" \/>\n<meta property=\"og:locale\" content=\"es_ES\" \/>\n<meta property=\"og:type\" content=\"article\" \/>\n<meta property=\"og:title\" content=\"Taller de escritura de guiones con Lamar Damon - Art VallARTa Puerto Vallarta\" \/>\n<meta property=\"og:description\" content=\"El taller se llevar\u00e1 a cabo de 2:00 pm a 4:00 pm los lunes \/ mi\u00e9rcoles \/ viernes 14, 16, 18, 21, 23 y 25 de junio de 2021. Al registrarse en l\u00ednea para el 14 de junio, se reservar\u00e1 autom\u00e1ticamente para todos los d\u00edas.  \u00bfInteresado en escribir una pel\u00edcula? Taller ofrecido por el escritor \/ productor LAMAR DAMON, quien ha escrito durante las \u00faltimas dos d\u00e9cadas para todos los grandes estudios de Hollywood. Entre sus cr\u00e9ditos producidos, SLAP HER, SHE&#039;S FRENCH, BE SOMEBODY, y ABC FAMILY SERIES, BUNHEADS. El taller cubrir\u00e1 aspectos importantes de la narraci\u00f3n de historias, la estructura, el desarrollo del personaje y la reescritura. La \u00faltima clase cubrir\u00e1 el negocio de escribir, vender y lanzar.  &quot;Si no est\u00e1 en la p\u00e1gina, no est\u00e1 en el escenario&quot;.\" \/>\n<meta property=\"og:url\" content=\"https:\/\/artvallarta.com\/es\/producto\/escritura-de-guiones\/\" \/>\n<meta property=\"og:site_name\" content=\"Art VallARTa\" \/>\n<meta property=\"article:publisher\" content=\"http:\/\/www.facebook.com\/artvallarta\" \/>\n<meta property=\"article:modified_time\" content=\"2021-05-28T20:34:36+00:00\" \/>\n<meta property=\"og:image\" content=\"https:\/\/artvallarta.com\/wp-content\/uploads\/2021\/05\/screenplay.original.jpg\" \/>\n\t<meta property=\"og:image:width\" content=\"960\" \/>\n\t<meta property=\"og:image:height\" content=\"640\" \/>\n\t<meta property=\"og:image:type\" content=\"image\/jpeg\" \/>\n<meta name=\"twitter:card\" content=\"summary_large_image\" \/>\n<script type=\"application\/ld+json\" class=\"yoast-schema-graph\">{\"@context\":\"https:\\\/\\\/schema.org\",\"@graph\":[{\"@type\":\"WebPage\",\"@id\":\"https:\\\/\\\/artvallarta.com\\\/es\\\/producto\\\/escritura-de-guiones\\\/\",\"url\":\"https:\\\/\\\/artvallarta.com\\\/es\\\/producto\\\/escritura-de-guiones\\\/\",\"name\":\"Taller de escritura de guiones con Lamar Damon - Art VallARTa Puerto Vallarta\",\"isPartOf\":{\"@id\":\"https:\\\/\\\/artvallarta.com\\\/es\\\/#website\"},\"primaryImageOfPage\":{\"@id\":\"https:\\\/\\\/artvallarta.com\\\/es\\\/producto\\\/escritura-de-guiones\\\/#primaryimage\"},\"image\":{\"@id\":\"https:\\\/\\\/artvallarta.com\\\/es\\\/producto\\\/escritura-de-guiones\\\/#primaryimage\"},\"thumbnailUrl\":\"https:\\\/\\\/artvallarta.com\\\/wp-content\\\/uploads\\\/2021\\\/05\\\/screenplay.original.jpg\",\"datePublished\":\"2021-05-28T20:24:29+00:00\",\"dateModified\":\"2021-05-28T20:34:36+00:00\",\"breadcrumb\":{\"@id\":\"https:\\\/\\\/artvallarta.com\\\/es\\\/producto\\\/escritura-de-guiones\\\/#breadcrumb\"},\"inLanguage\":\"es\",\"potentialAction\":[{\"@type\":\"ReadAction\",\"target\":[\"https:\\\/\\\/artvallarta.com\\\/es\\\/producto\\\/escritura-de-guiones\\\/\"]}]},{\"@type\":\"ImageObject\",\"inLanguage\":\"es\",\"@id\":\"https:\\\/\\\/artvallarta.com\\\/es\\\/producto\\\/escritura-de-guiones\\\/#primaryimage\",\"url\":\"https:\\\/\\\/artvallarta.com\\\/wp-content\\\/uploads\\\/2021\\\/05\\\/screenplay.original.jpg\",\"contentUrl\":\"https:\\\/\\\/artvallarta.com\\\/wp-content\\\/uploads\\\/2021\\\/05\\\/screenplay.original.jpg\",\"width\":960,\"height\":640},{\"@type\":\"BreadcrumbList\",\"@id\":\"https:\\\/\\\/artvallarta.com\\\/es\\\/producto\\\/escritura-de-guiones\\\/#breadcrumb\",\"itemListElement\":[{\"@type\":\"ListItem\",\"position\":1,\"name\":\"Pagina principal\",\"item\":\"https:\\\/\\\/artvallarta.com\\\/es\\\/art-vallarta-puerto-vallarta-mexico-home\\\/\"},{\"@type\":\"ListItem\",\"position\":2,\"name\":\"Shop\",\"item\":\"https:\\\/\\\/artvallarta.com\\\/shop\\\/\"},{\"@type\":\"ListItem\",\"position\":3,\"name\":\"Taller de escritura de guiones con Lamar Damon\"}]},{\"@type\":\"WebSite\",\"@id\":\"https:\\\/\\\/artvallarta.com\\\/es\\\/#website\",\"url\":\"https:\\\/\\\/artvallarta.com\\\/es\\\/\",\"name\":\"Art VallARTa\",\"description\":\"Art VallARTa\",\"publisher\":{\"@id\":\"https:\\\/\\\/artvallarta.com\\\/es\\\/#organization\"},\"potentialAction\":[{\"@type\":\"SearchAction\",\"target\":{\"@type\":\"EntryPoint\",\"urlTemplate\":\"https:\\\/\\\/artvallarta.com\\\/es\\\/?s={search_term_string}\"},\"query-input\":{\"@type\":\"PropertyValueSpecification\",\"valueRequired\":true,\"valueName\":\"search_term_string\"}}],\"inLanguage\":\"es\"},{\"@type\":\"Organization\",\"@id\":\"https:\\\/\\\/artvallarta.com\\\/es\\\/#organization\",\"name\":\"Art VallARTa\",\"url\":\"https:\\\/\\\/artvallarta.com\\\/es\\\/\",\"logo\":{\"@type\":\"ImageObject\",\"inLanguage\":\"es\",\"@id\":\"https:\\\/\\\/artvallarta.com\\\/es\\\/#\\\/schema\\\/logo\\\/image\\\/\",\"url\":\"https:\\\/\\\/artvallarta.com\\\/wp-content\\\/uploads\\\/2019\\\/02\\\/51835738_615449708895218_133232196214325248_n.jpg\",\"contentUrl\":\"https:\\\/\\\/artvallarta.com\\\/wp-content\\\/uploads\\\/2019\\\/02\\\/51835738_615449708895218_133232196214325248_n.jpg\",\"width\":2048,\"height\":1466,\"caption\":\"Art VallARTa\"},\"image\":{\"@id\":\"https:\\\/\\\/artvallarta.com\\\/es\\\/#\\\/schema\\\/logo\\\/image\\\/\"},\"sameAs\":[\"http:\\\/\\\/www.facebook.com\\\/artvallarta\",\"http:\\\/\\\/www.instagram.com\\\/artvallarta\",\"http:\\\/\\\/www.pinterest\\\/artvallarta\",\"https:\\\/\\\/www.youtube.com\\\/channel\\\/UCOqDy2Oyk7EU4tz3S2Gl7kQ\"]}]}<\/script>\n<!-- \/ Yoast SEO plugin. -->","yoast_head_json":{"title":"Taller de escritura de guiones con Lamar Damon - Art VallARTa Puerto Vallarta","robots":{"index":"index","follow":"follow","max-snippet":"max-snippet:-1","max-image-preview":"max-image-preview:large","max-video-preview":"max-video-preview:-1"},"canonical":"https:\/\/artvallarta.com\/es\/producto\/escritura-de-guiones\/","og_locale":"es_ES","og_type":"article","og_title":"Taller de escritura de guiones con Lamar Damon - Art VallARTa Puerto Vallarta","og_description":"El taller se llevar\u00e1 a cabo de 2:00 pm a 4:00 pm los lunes \/ mi\u00e9rcoles \/ viernes 14, 16, 18, 21, 23 y 25 de junio de 2021. Al registrarse en l\u00ednea para el 14 de junio, se reservar\u00e1 autom\u00e1ticamente para todos los d\u00edas.  \u00bfInteresado en escribir una pel\u00edcula? Taller ofrecido por el escritor \/ productor LAMAR DAMON, quien ha escrito durante las \u00faltimas dos d\u00e9cadas para todos los grandes estudios de Hollywood. Entre sus cr\u00e9ditos producidos, SLAP HER, SHE'S FRENCH, BE SOMEBODY, y ABC FAMILY SERIES, BUNHEADS. El taller cubrir\u00e1 aspectos importantes de la narraci\u00f3n de historias, la estructura, el desarrollo del personaje y la reescritura. La \u00faltima clase cubrir\u00e1 el negocio de escribir, vender y lanzar.  \"Si no est\u00e1 en la p\u00e1gina, no est\u00e1 en el escenario\".","og_url":"https:\/\/artvallarta.com\/es\/producto\/escritura-de-guiones\/","og_site_name":"Art VallARTa","article_publisher":"http:\/\/www.facebook.com\/artvallarta","article_modified_time":"2021-05-28T20:34:36+00:00","og_image":[{"width":960,"height":640,"url":"https:\/\/artvallarta.com\/wp-content\/uploads\/2021\/05\/screenplay.original.jpg","type":"image\/jpeg"}],"twitter_card":"summary_large_image","schema":{"@context":"https:\/\/schema.org","@graph":[{"@type":"WebPage","@id":"https:\/\/artvallarta.com\/es\/producto\/escritura-de-guiones\/","url":"https:\/\/artvallarta.com\/es\/producto\/escritura-de-guiones\/","name":"Taller de escritura de guiones con Lamar Damon - Art VallARTa Puerto Vallarta","isPartOf":{"@id":"https:\/\/artvallarta.com\/es\/#website"},"primaryImageOfPage":{"@id":"https:\/\/artvallarta.com\/es\/producto\/escritura-de-guiones\/#primaryimage"},"image":{"@id":"https:\/\/artvallarta.com\/es\/producto\/escritura-de-guiones\/#primaryimage"},"thumbnailUrl":"https:\/\/artvallarta.com\/wp-content\/uploads\/2021\/05\/screenplay.original.jpg","datePublished":"2021-05-28T20:24:29+00:00","dateModified":"2021-05-28T20:34:36+00:00","breadcrumb":{"@id":"https:\/\/artvallarta.com\/es\/producto\/escritura-de-guiones\/#breadcrumb"},"inLanguage":"es","potentialAction":[{"@type":"ReadAction","target":["https:\/\/artvallarta.com\/es\/producto\/escritura-de-guiones\/"]}]},{"@type":"ImageObject","inLanguage":"es","@id":"https:\/\/artvallarta.com\/es\/producto\/escritura-de-guiones\/#primaryimage","url":"https:\/\/artvallarta.com\/wp-content\/uploads\/2021\/05\/screenplay.original.jpg","contentUrl":"https:\/\/artvallarta.com\/wp-content\/uploads\/2021\/05\/screenplay.original.jpg","width":960,"height":640},{"@type":"BreadcrumbList","@id":"https:\/\/artvallarta.com\/es\/producto\/escritura-de-guiones\/#breadcrumb","itemListElement":[{"@type":"ListItem","position":1,"name":"Pagina principal","item":"https:\/\/artvallarta.com\/es\/art-vallarta-puerto-vallarta-mexico-home\/"},{"@type":"ListItem","position":2,"name":"Shop","item":"https:\/\/artvallarta.com\/shop\/"},{"@type":"ListItem","position":3,"name":"Taller de escritura de guiones con Lamar Damon"}]},{"@type":"WebSite","@id":"https:\/\/artvallarta.com\/es\/#website","url":"https:\/\/artvallarta.com\/es\/","name":"Art VallARTa","description":"Art VallARTa","publisher":{"@id":"https:\/\/artvallarta.com\/es\/#organization"},"potentialAction":[{"@type":"SearchAction","target":{"@type":"EntryPoint","urlTemplate":"https:\/\/artvallarta.com\/es\/?s={search_term_string}"},"query-input":{"@type":"PropertyValueSpecification","valueRequired":true,"valueName":"search_term_string"}}],"inLanguage":"es"},{"@type":"Organization","@id":"https:\/\/artvallarta.com\/es\/#organization","name":"Art VallARTa","url":"https:\/\/artvallarta.com\/es\/","logo":{"@type":"ImageObject","inLanguage":"es","@id":"https:\/\/artvallarta.com\/es\/#\/schema\/logo\/image\/","url":"https:\/\/artvallarta.com\/wp-content\/uploads\/2019\/02\/51835738_615449708895218_133232196214325248_n.jpg","contentUrl":"https:\/\/artvallarta.com\/wp-content\/uploads\/2019\/02\/51835738_615449708895218_133232196214325248_n.jpg","width":2048,"height":1466,"caption":"Art VallARTa"},"image":{"@id":"https:\/\/artvallarta.com\/es\/#\/schema\/logo\/image\/"},"sameAs":["http:\/\/www.facebook.com\/artvallarta","http:\/\/www.instagram.com\/artvallarta","http:\/\/www.pinterest\/artvallarta","https:\/\/www.youtube.com\/channel\/UCOqDy2Oyk7EU4tz3S2Gl7kQ"]}]}},"_links":{"self":[{"href":"https:\/\/artvallarta.com\/es\/wp-json\/wp\/v2\/product\/66928","targetHints":{"allow":["GET"]}}],"collection":[{"href":"https:\/\/artvallarta.com\/es\/wp-json\/wp\/v2\/product"}],"about":[{"href":"https:\/\/artvallarta.com\/es\/wp-json\/wp\/v2\/types\/product"}],"version-history":[{"count":2,"href":"https:\/\/artvallarta.com\/es\/wp-json\/wp\/v2\/product\/66928\/revisions"}],"predecessor-version":[{"id":66934,"href":"https:\/\/artvallarta.com\/es\/wp-json\/wp\/v2\/product\/66928\/revisions\/66934"}],"wp:featuredmedia":[{"embeddable":true,"href":"https:\/\/artvallarta.com\/es\/wp-json\/wp\/v2\/media\/66925"}],"wp:attachment":[{"href":"https:\/\/artvallarta.com\/es\/wp-json\/wp\/v2\/media?parent=66928"}],"wp:term":[{"taxonomy":"product_brand","embeddable":true,"href":"https:\/\/artvallarta.com\/es\/wp-json\/wp\/v2\/product_brand?post=66928"},{"taxonomy":"product_cat","embeddable":true,"href":"https:\/\/artvallarta.com\/es\/wp-json\/wp\/v2\/product_cat?post=66928"},{"taxonomy":"product_tag","embeddable":true,"href":"https:\/\/artvallarta.com\/es\/wp-json\/wp\/v2\/product_tag?post=66928"}],"curies":[{"name":"wp","href":"https:\/\/api.w.org\/{rel}","templated":true}]}}