{"id":66862,"date":"2021-05-26T11:21:12","date_gmt":"2021-05-28T16:37:04","guid":{"rendered":"https:\/\/artvallarta.com\/product\/clase-de-pintura-al-oleo\/"},"modified":"2021-05-28T11:50:38","modified_gmt":"2021-05-28T16:50:38","slug":"clase-de-pintura-al-oleo","status":"publish","type":"product","link":"https:\/\/artvallarta.com\/es\/producto\/clase-de-pintura-al-oleo\/","title":{"rendered":"Clase de pintura al \u00f3leo"},"content":{"rendered":"<p>Jueves a las 10:00 a.m.\u00a0 A partir del 17 de junio de 2021<\/p>\n<p>Mascarillas faciales y otros protocolos de salud implementados<\/p>\n<p>Aprenderemos sobre la pintura al \u00f3leo, sus principales caracter\u00edsticas y formas de uso. El alumno ir\u00e1 subiendo de nivel a su propio ritmo y con el apoyo del profesor. A\u00f1adiremos t\u00e9cnicas mixtas que ser\u00e1n como un tesoro para abrir al alumno un abanico de posibilidades para sus pinturas.<\/p>\n<p>Sobre su maestro:<\/p>\n<p>Soy un artista multidisciplinario que trabaja principalmente con la pintura y el arte digital. Mis or\u00edgenes son acad\u00e9micos, estudi\u00e9 en la Academia de San Carlos en la Ciudad de M\u00e9xico, como se hac\u00eda en la vieja escuela, tambi\u00e9n disfruto mucho conocer t\u00e9cnicas y soportes nuevos, he llegado del lienzo al monitor, con las pinturas y el arte digital, pasando por el mural, el body paint, el modelado escult\u00f3rico, la escultura en papel, incluso he realizado presentaciones de danza, body paint y m\u00fasica, mezclando mi trabajo con el de otros artistas y disciplinas.<\/p>\n<p>Me encanta el arte multidisciplinario. M\u00e1s de veinte a\u00f1os de labor me han permitido dedicarle su tiempo a cada t\u00e9cnica y explorar sus posibilidades. Tambi\u00e9n he sido profesor de pintura en algunas escuelas, participado en jornadas culturales con alumnos de todas las edades y niveles, me gusta difundir el arte como una actividad positiva de desarrollo.<\/p>\n<p>Estoy convencido que el arte es un camino y un veh\u00edculo de exploraci\u00f3n que te lleva a conocer todo sobre todas las cosas del mundo y tambi\u00e9n el mundo interno de las emociones y de las ideas. Crea v\u00ednculos colaborativos con artistas y profesionales de todas las \u00e1reas y al mismo tiempo puede ser un refugio personal donde acurrucarse un rato a contemplar y a crear.<\/p>\n","protected":false},"excerpt":{"rendered":"<p>Jueves a las 10:00 a.m.\u00a0 A partir del 17 de junio de 2021<\/p>\n<p>Mascarillas faciales y otros protocolos de salud implementados<\/p>\n<p>Aprenderemos sobre la pintura al \u00f3leo, sus principales caracter\u00edsticas y formas de uso. El alumno ir\u00e1 subiendo de nivel a su propio ritmo y con el apoyo del profesor. A\u00f1adiremos t\u00e9cnicas mixtas que ser\u00e1n como un tesoro para abrir al alumno un abanico de posibilidades para sus pinturas.<\/p>\n<p>Sobre su maestro:<\/p>\n<p>Soy un artista multidisciplinario que trabaja principalmente con la pintura y el arte digital. Mis or\u00edgenes son acad\u00e9micos, estudi\u00e9 en la Academia de San Carlos en la Ciudad de M\u00e9xico, como se hac\u00eda en la vieja escuela, tambi\u00e9n disfruto mucho conocer t\u00e9cnicas y soportes nuevos, he llegado del lienzo al monitor, con las pinturas y el arte digital, pasando por el mural, el body paint, el modelado escult\u00f3rico, la escultura en papel, incluso he realizado presentaciones de danza, body paint y m\u00fasica, mezclando mi trabajo con el de otros artistas y disciplinas.<\/p>\n<p>Me encanta el arte multidisciplinario. M\u00e1s de veinte a\u00f1os de labor me han permitido dedicarle su tiempo a cada t\u00e9cnica y explorar sus posibilidades. Tambi\u00e9n he sido profesor de pintura en algunas escuelas, participado en jornadas culturales con alumnos de todas las edades y niveles, me gusta difundir el arte como una actividad positiva de desarrollo.<\/p>\n<p>Estoy convencido que el arte es un camino y un veh\u00edculo de exploraci\u00f3n que te lleva a conocer todo sobre todas las cosas del mundo y tambi\u00e9n el mundo interno de las emociones y de las ideas. Crea v\u00ednculos colaborativos con artistas y profesionales de todas las \u00e1reas y al mismo tiempo puede ser un refugio personal donde acurrucarse un rato a contemplar y a crear.<\/p>\n","protected":false},"featured_media":66700,"template":"","meta":[],"product_brand":[],"product_cat":[688,920,690],"product_tag":[],"class_list":{"0":"post-66862","1":"product","2":"type-product","3":"status-publish","4":"has-post-thumbnail","6":"pinterest_tags-classespuertovallarta","7":"pinterest_tags-paintingclasspuertovallarta","8":"product_cat-clases","9":"product_cat-painting-classes-es","10":"product_cat-clases-destacadas","11":"wcpv_product_vendors-chrystian-yaxche-es","13":"first","14":"instock","15":"virtual","16":"taxable","17":"purchasable","18":"product-type-simple"},"yoast_head":"<!-- This site is optimized with the Yoast SEO plugin v27.3 - https:\/\/yoast.com\/product\/yoast-seo-wordpress\/ -->\n<title>Clase de pintura al \u00f3leo - Art VallARTa Puerto Vallarta, JAL, Mexico<\/title>\n<meta name=\"robots\" content=\"index, follow, max-snippet:-1, max-image-preview:large, max-video-preview:-1\" \/>\n<link rel=\"canonical\" href=\"https:\/\/artvallarta.com\/es\/producto\/clase-de-pintura-al-oleo\/\" \/>\n<meta property=\"og:locale\" content=\"es_ES\" \/>\n<meta property=\"og:type\" content=\"article\" \/>\n<meta property=\"og:title\" content=\"Clase de pintura al \u00f3leo - Art VallARTa Puerto Vallarta, JAL, Mexico\" \/>\n<meta property=\"og:description\" content=\"Jueves a las 10:00 a.m.\u00a0 A partir del 17 de junio de 2021  Mascarillas faciales y otros protocolos de salud implementados  Aprenderemos sobre la pintura al \u00f3leo, sus principales caracter\u00edsticas y formas de uso. El alumno ir\u00e1 subiendo de nivel a su propio ritmo y con el apoyo del profesor. A\u00f1adiremos t\u00e9cnicas mixtas que ser\u00e1n como un tesoro para abrir al alumno un abanico de posibilidades para sus pinturas.  Sobre su maestro:  Soy un artista multidisciplinario que trabaja principalmente con la pintura y el arte digital. Mis or\u00edgenes son acad\u00e9micos, estudi\u00e9 en la Academia de San Carlos en la Ciudad de M\u00e9xico, como se hac\u00eda en la vieja escuela, tambi\u00e9n disfruto mucho conocer t\u00e9cnicas y soportes nuevos, he llegado del lienzo al monitor, con las pinturas y el arte digital, pasando por el mural, el body paint, el modelado escult\u00f3rico, la escultura en papel, incluso he realizado presentaciones de danza, body paint y m\u00fasica, mezclando mi trabajo con el de otros artistas y disciplinas.  Me encanta el arte multidisciplinario. M\u00e1s de veinte a\u00f1os de labor me han permitido dedicarle su tiempo a cada t\u00e9cnica y explorar sus posibilidades. Tambi\u00e9n he sido profesor de pintura en algunas escuelas, participado en jornadas culturales con alumnos de todas las edades y niveles, me gusta difundir el arte como una actividad positiva de desarrollo.  Estoy convencido que el arte es un camino y un veh\u00edculo de exploraci\u00f3n que te lleva a conocer todo sobre todas las cosas del mundo y tambi\u00e9n el mundo interno de las emociones y de las ideas. Crea v\u00ednculos colaborativos con artistas y profesionales de todas las \u00e1reas y al mismo tiempo puede ser un refugio personal donde acurrucarse un rato a contemplar y a crear.\" \/>\n<meta property=\"og:url\" content=\"https:\/\/artvallarta.com\/es\/producto\/clase-de-pintura-al-oleo\/\" \/>\n<meta property=\"og:site_name\" content=\"Art VallARTa\" \/>\n<meta property=\"article:publisher\" content=\"http:\/\/www.facebook.com\/artvallarta\" \/>\n<meta property=\"article:modified_time\" content=\"2021-05-28T16:50:38+00:00\" \/>\n<meta property=\"og:image\" content=\"https:\/\/artvallarta.com\/wp-content\/uploads\/2021\/05\/WhatsApp-Image-2021-05-24-at-11.56.13-AM-1.jpeg\" \/>\n\t<meta property=\"og:image:width\" content=\"846\" \/>\n\t<meta property=\"og:image:height\" content=\"1280\" \/>\n\t<meta property=\"og:image:type\" content=\"image\/jpeg\" \/>\n<meta name=\"twitter:card\" content=\"summary_large_image\" \/>\n<meta name=\"twitter:label1\" content=\"Tiempo de lectura\" \/>\n\t<meta name=\"twitter:data1\" content=\"2 minutos\" \/>\n<script type=\"application\/ld+json\" class=\"yoast-schema-graph\">{\"@context\":\"https:\\\/\\\/schema.org\",\"@graph\":[{\"@type\":\"WebPage\",\"@id\":\"https:\\\/\\\/artvallarta.com\\\/es\\\/producto\\\/clase-de-pintura-al-oleo\\\/\",\"url\":\"https:\\\/\\\/artvallarta.com\\\/es\\\/producto\\\/clase-de-pintura-al-oleo\\\/\",\"name\":\"Clase de pintura al \u00f3leo - Art VallARTa Puerto Vallarta, JAL, Mexico\",\"isPartOf\":{\"@id\":\"https:\\\/\\\/artvallarta.com\\\/es\\\/#website\"},\"primaryImageOfPage\":{\"@id\":\"https:\\\/\\\/artvallarta.com\\\/es\\\/producto\\\/clase-de-pintura-al-oleo\\\/#primaryimage\"},\"image\":{\"@id\":\"https:\\\/\\\/artvallarta.com\\\/es\\\/producto\\\/clase-de-pintura-al-oleo\\\/#primaryimage\"},\"thumbnailUrl\":\"https:\\\/\\\/artvallarta.com\\\/wp-content\\\/uploads\\\/2021\\\/05\\\/WhatsApp-Image-2021-05-24-at-11.56.13-AM-1.jpeg\",\"datePublished\":\"2021-05-28T16:37:04+00:00\",\"dateModified\":\"2021-05-28T16:50:38+00:00\",\"breadcrumb\":{\"@id\":\"https:\\\/\\\/artvallarta.com\\\/es\\\/producto\\\/clase-de-pintura-al-oleo\\\/#breadcrumb\"},\"inLanguage\":\"es\",\"potentialAction\":[{\"@type\":\"ReadAction\",\"target\":[\"https:\\\/\\\/artvallarta.com\\\/es\\\/producto\\\/clase-de-pintura-al-oleo\\\/\"]}]},{\"@type\":\"ImageObject\",\"inLanguage\":\"es\",\"@id\":\"https:\\\/\\\/artvallarta.com\\\/es\\\/producto\\\/clase-de-pintura-al-oleo\\\/#primaryimage\",\"url\":\"https:\\\/\\\/artvallarta.com\\\/wp-content\\\/uploads\\\/2021\\\/05\\\/WhatsApp-Image-2021-05-24-at-11.56.13-AM-1.jpeg\",\"contentUrl\":\"https:\\\/\\\/artvallarta.com\\\/wp-content\\\/uploads\\\/2021\\\/05\\\/WhatsApp-Image-2021-05-24-at-11.56.13-AM-1.jpeg\",\"width\":846,\"height\":1280},{\"@type\":\"BreadcrumbList\",\"@id\":\"https:\\\/\\\/artvallarta.com\\\/es\\\/producto\\\/clase-de-pintura-al-oleo\\\/#breadcrumb\",\"itemListElement\":[{\"@type\":\"ListItem\",\"position\":1,\"name\":\"Pagina principal\",\"item\":\"https:\\\/\\\/artvallarta.com\\\/es\\\/art-vallarta-puerto-vallarta-mexico-home\\\/\"},{\"@type\":\"ListItem\",\"position\":2,\"name\":\"Shop\",\"item\":\"https:\\\/\\\/artvallarta.com\\\/shop\\\/\"},{\"@type\":\"ListItem\",\"position\":3,\"name\":\"Clase de pintura al \u00f3leo\"}]},{\"@type\":\"WebSite\",\"@id\":\"https:\\\/\\\/artvallarta.com\\\/es\\\/#website\",\"url\":\"https:\\\/\\\/artvallarta.com\\\/es\\\/\",\"name\":\"Art VallARTa\",\"description\":\"Art VallARTa\",\"publisher\":{\"@id\":\"https:\\\/\\\/artvallarta.com\\\/es\\\/#organization\"},\"potentialAction\":[{\"@type\":\"SearchAction\",\"target\":{\"@type\":\"EntryPoint\",\"urlTemplate\":\"https:\\\/\\\/artvallarta.com\\\/es\\\/?s={search_term_string}\"},\"query-input\":{\"@type\":\"PropertyValueSpecification\",\"valueRequired\":true,\"valueName\":\"search_term_string\"}}],\"inLanguage\":\"es\"},{\"@type\":\"Organization\",\"@id\":\"https:\\\/\\\/artvallarta.com\\\/es\\\/#organization\",\"name\":\"Art VallARTa\",\"url\":\"https:\\\/\\\/artvallarta.com\\\/es\\\/\",\"logo\":{\"@type\":\"ImageObject\",\"inLanguage\":\"es\",\"@id\":\"https:\\\/\\\/artvallarta.com\\\/es\\\/#\\\/schema\\\/logo\\\/image\\\/\",\"url\":\"https:\\\/\\\/artvallarta.com\\\/wp-content\\\/uploads\\\/2019\\\/02\\\/51835738_615449708895218_133232196214325248_n.jpg\",\"contentUrl\":\"https:\\\/\\\/artvallarta.com\\\/wp-content\\\/uploads\\\/2019\\\/02\\\/51835738_615449708895218_133232196214325248_n.jpg\",\"width\":2048,\"height\":1466,\"caption\":\"Art VallARTa\"},\"image\":{\"@id\":\"https:\\\/\\\/artvallarta.com\\\/es\\\/#\\\/schema\\\/logo\\\/image\\\/\"},\"sameAs\":[\"http:\\\/\\\/www.facebook.com\\\/artvallarta\",\"http:\\\/\\\/www.instagram.com\\\/artvallarta\",\"http:\\\/\\\/www.pinterest\\\/artvallarta\",\"https:\\\/\\\/www.youtube.com\\\/channel\\\/UCOqDy2Oyk7EU4tz3S2Gl7kQ\"]}]}<\/script>\n<!-- \/ Yoast SEO plugin. -->","yoast_head_json":{"title":"Clase de pintura al \u00f3leo - Art VallARTa Puerto Vallarta, JAL, Mexico","robots":{"index":"index","follow":"follow","max-snippet":"max-snippet:-1","max-image-preview":"max-image-preview:large","max-video-preview":"max-video-preview:-1"},"canonical":"https:\/\/artvallarta.com\/es\/producto\/clase-de-pintura-al-oleo\/","og_locale":"es_ES","og_type":"article","og_title":"Clase de pintura al \u00f3leo - Art VallARTa Puerto Vallarta, JAL, Mexico","og_description":"Jueves a las 10:00 a.m.\u00a0 A partir del 17 de junio de 2021  Mascarillas faciales y otros protocolos de salud implementados  Aprenderemos sobre la pintura al \u00f3leo, sus principales caracter\u00edsticas y formas de uso. El alumno ir\u00e1 subiendo de nivel a su propio ritmo y con el apoyo del profesor. A\u00f1adiremos t\u00e9cnicas mixtas que ser\u00e1n como un tesoro para abrir al alumno un abanico de posibilidades para sus pinturas.  Sobre su maestro:  Soy un artista multidisciplinario que trabaja principalmente con la pintura y el arte digital. Mis or\u00edgenes son acad\u00e9micos, estudi\u00e9 en la Academia de San Carlos en la Ciudad de M\u00e9xico, como se hac\u00eda en la vieja escuela, tambi\u00e9n disfruto mucho conocer t\u00e9cnicas y soportes nuevos, he llegado del lienzo al monitor, con las pinturas y el arte digital, pasando por el mural, el body paint, el modelado escult\u00f3rico, la escultura en papel, incluso he realizado presentaciones de danza, body paint y m\u00fasica, mezclando mi trabajo con el de otros artistas y disciplinas.  Me encanta el arte multidisciplinario. M\u00e1s de veinte a\u00f1os de labor me han permitido dedicarle su tiempo a cada t\u00e9cnica y explorar sus posibilidades. Tambi\u00e9n he sido profesor de pintura en algunas escuelas, participado en jornadas culturales con alumnos de todas las edades y niveles, me gusta difundir el arte como una actividad positiva de desarrollo.  Estoy convencido que el arte es un camino y un veh\u00edculo de exploraci\u00f3n que te lleva a conocer todo sobre todas las cosas del mundo y tambi\u00e9n el mundo interno de las emociones y de las ideas. Crea v\u00ednculos colaborativos con artistas y profesionales de todas las \u00e1reas y al mismo tiempo puede ser un refugio personal donde acurrucarse un rato a contemplar y a crear.","og_url":"https:\/\/artvallarta.com\/es\/producto\/clase-de-pintura-al-oleo\/","og_site_name":"Art VallARTa","article_publisher":"http:\/\/www.facebook.com\/artvallarta","article_modified_time":"2021-05-28T16:50:38+00:00","og_image":[{"width":846,"height":1280,"url":"https:\/\/artvallarta.com\/wp-content\/uploads\/2021\/05\/WhatsApp-Image-2021-05-24-at-11.56.13-AM-1.jpeg","type":"image\/jpeg"}],"twitter_card":"summary_large_image","twitter_misc":{"Tiempo de lectura":"2 minutos"},"schema":{"@context":"https:\/\/schema.org","@graph":[{"@type":"WebPage","@id":"https:\/\/artvallarta.com\/es\/producto\/clase-de-pintura-al-oleo\/","url":"https:\/\/artvallarta.com\/es\/producto\/clase-de-pintura-al-oleo\/","name":"Clase de pintura al \u00f3leo - Art VallARTa Puerto Vallarta, JAL, Mexico","isPartOf":{"@id":"https:\/\/artvallarta.com\/es\/#website"},"primaryImageOfPage":{"@id":"https:\/\/artvallarta.com\/es\/producto\/clase-de-pintura-al-oleo\/#primaryimage"},"image":{"@id":"https:\/\/artvallarta.com\/es\/producto\/clase-de-pintura-al-oleo\/#primaryimage"},"thumbnailUrl":"https:\/\/artvallarta.com\/wp-content\/uploads\/2021\/05\/WhatsApp-Image-2021-05-24-at-11.56.13-AM-1.jpeg","datePublished":"2021-05-28T16:37:04+00:00","dateModified":"2021-05-28T16:50:38+00:00","breadcrumb":{"@id":"https:\/\/artvallarta.com\/es\/producto\/clase-de-pintura-al-oleo\/#breadcrumb"},"inLanguage":"es","potentialAction":[{"@type":"ReadAction","target":["https:\/\/artvallarta.com\/es\/producto\/clase-de-pintura-al-oleo\/"]}]},{"@type":"ImageObject","inLanguage":"es","@id":"https:\/\/artvallarta.com\/es\/producto\/clase-de-pintura-al-oleo\/#primaryimage","url":"https:\/\/artvallarta.com\/wp-content\/uploads\/2021\/05\/WhatsApp-Image-2021-05-24-at-11.56.13-AM-1.jpeg","contentUrl":"https:\/\/artvallarta.com\/wp-content\/uploads\/2021\/05\/WhatsApp-Image-2021-05-24-at-11.56.13-AM-1.jpeg","width":846,"height":1280},{"@type":"BreadcrumbList","@id":"https:\/\/artvallarta.com\/es\/producto\/clase-de-pintura-al-oleo\/#breadcrumb","itemListElement":[{"@type":"ListItem","position":1,"name":"Pagina principal","item":"https:\/\/artvallarta.com\/es\/art-vallarta-puerto-vallarta-mexico-home\/"},{"@type":"ListItem","position":2,"name":"Shop","item":"https:\/\/artvallarta.com\/shop\/"},{"@type":"ListItem","position":3,"name":"Clase de pintura al \u00f3leo"}]},{"@type":"WebSite","@id":"https:\/\/artvallarta.com\/es\/#website","url":"https:\/\/artvallarta.com\/es\/","name":"Art VallARTa","description":"Art VallARTa","publisher":{"@id":"https:\/\/artvallarta.com\/es\/#organization"},"potentialAction":[{"@type":"SearchAction","target":{"@type":"EntryPoint","urlTemplate":"https:\/\/artvallarta.com\/es\/?s={search_term_string}"},"query-input":{"@type":"PropertyValueSpecification","valueRequired":true,"valueName":"search_term_string"}}],"inLanguage":"es"},{"@type":"Organization","@id":"https:\/\/artvallarta.com\/es\/#organization","name":"Art VallARTa","url":"https:\/\/artvallarta.com\/es\/","logo":{"@type":"ImageObject","inLanguage":"es","@id":"https:\/\/artvallarta.com\/es\/#\/schema\/logo\/image\/","url":"https:\/\/artvallarta.com\/wp-content\/uploads\/2019\/02\/51835738_615449708895218_133232196214325248_n.jpg","contentUrl":"https:\/\/artvallarta.com\/wp-content\/uploads\/2019\/02\/51835738_615449708895218_133232196214325248_n.jpg","width":2048,"height":1466,"caption":"Art VallARTa"},"image":{"@id":"https:\/\/artvallarta.com\/es\/#\/schema\/logo\/image\/"},"sameAs":["http:\/\/www.facebook.com\/artvallarta","http:\/\/www.instagram.com\/artvallarta","http:\/\/www.pinterest\/artvallarta","https:\/\/www.youtube.com\/channel\/UCOqDy2Oyk7EU4tz3S2Gl7kQ"]}]}},"_links":{"self":[{"href":"https:\/\/artvallarta.com\/es\/wp-json\/wp\/v2\/product\/66862","targetHints":{"allow":["GET"]}}],"collection":[{"href":"https:\/\/artvallarta.com\/es\/wp-json\/wp\/v2\/product"}],"about":[{"href":"https:\/\/artvallarta.com\/es\/wp-json\/wp\/v2\/types\/product"}],"version-history":[{"count":3,"href":"https:\/\/artvallarta.com\/es\/wp-json\/wp\/v2\/product\/66862\/revisions"}],"predecessor-version":[{"id":66865,"href":"https:\/\/artvallarta.com\/es\/wp-json\/wp\/v2\/product\/66862\/revisions\/66865"}],"wp:featuredmedia":[{"embeddable":true,"href":"https:\/\/artvallarta.com\/es\/wp-json\/wp\/v2\/media\/66700"}],"wp:attachment":[{"href":"https:\/\/artvallarta.com\/es\/wp-json\/wp\/v2\/media?parent=66862"}],"wp:term":[{"taxonomy":"product_brand","embeddable":true,"href":"https:\/\/artvallarta.com\/es\/wp-json\/wp\/v2\/product_brand?post=66862"},{"taxonomy":"product_cat","embeddable":true,"href":"https:\/\/artvallarta.com\/es\/wp-json\/wp\/v2\/product_cat?post=66862"},{"taxonomy":"product_tag","embeddable":true,"href":"https:\/\/artvallarta.com\/es\/wp-json\/wp\/v2\/product_tag?post=66862"}],"curies":[{"name":"wp","href":"https:\/\/api.w.org\/{rel}","templated":true}]}}