{"id":66840,"date":"2021-05-24T16:47:51","date_gmt":"2021-05-28T16:19:23","guid":{"rendered":"https:\/\/artvallarta.com\/product\/dibujo-de-puerto-vallarta-class\/"},"modified":"2021-09-23T12:38:18","modified_gmt":"2021-09-23T17:38:18","slug":"dibujo-clase-puerto-vallarta","status":"publish","type":"product","link":"https:\/\/artvallarta.com\/es\/producto\/dibujo-clase-puerto-vallarta\/","title":{"rendered":"Dibujo de Puerto VallARTa Class"},"content":{"rendered":"<p>Esta clase suceder\u00e1 en un sal\u00f3n en Art VallARTa usando la belleza de Puerto Vallarta como la inspiraci\u00f3n para aprender a dibujar.<br \/>\nLas clases de dibujo son dise\u00f1adas para el publico de todos los niveles de experiencia y les ensena paso a paso a desarrollar sus habilidades, desde un nivel b\u00e1sico a uno avanzado con atenci\u00f3n personalizado del maestro. Se realizar\u00e1n ejercicios para observar sus habilidades motoras, creatividad y como ver a su ambiente desde una perspectiva art\u00edstica.<\/p>\n<p>Acerca de su maestro:<br \/>\nSoy un artista multidisciplinario que trabaja principalmente con la pintura y el arte digital. Mis or\u00edgenes son acad\u00e9micos, estudi\u00e9 en la Academia de San Carlos en la Ciudad de M\u00e9xico, como se hac\u00eda en la vieja escuela, tambi\u00e9n disfruto mucho conocer t\u00e9cnicas y soportes nuevos, he llegado del lienzo al monitor, con las pinturas y el arte digital, pasando por el mural, el body paint, el modelado escult\u00f3rico, la escultura en papel, incluso he realizado presentaciones de danza, body paint y m\u00fasica, mezclando mi trabajo con el de otros artistas y disciplinas.<\/p>\n<p>Me encanta el arte multidisciplinario. M\u00e1s de veinte a\u00f1os de labor me han permitido dedicarle su tiempo a cada t\u00e9cnica y explorar sus posibilidades. Tambi\u00e9n he sido profesor de pintura en algunas escuelas, participado en jornadas culturales con alumnos de todas las edades y niveles, me gusta difundir el arte como una actividad positiva de desarrollo.<\/p>\n<p>Estoy convencido que el arte es un camino y un veh\u00edculo de exploraci\u00f3n que te lleva a conocer todo sobre todas las cosas del mundo y tambi\u00e9n el mundo interno de las emociones y de las ideas. Crea v\u00ednculos colaborativos con artistas y profesionales de todas las \u00e1reas y al mismo tiempo puede ser un refugio personal donde acurrucarse un rato a contemplar y a crear.<\/p>\n","protected":false},"excerpt":{"rendered":"<p>Las clases de dibujo est\u00e1n dise\u00f1adas para todos los niveles de experiencia, y te llevan paso a paso para desarrollar tus habilidades, desde el nivel b\u00e1sico hasta el avanzado con atenci\u00f3n personalizada. Haremos ejercicios para observar la motricidad, la creatividad y observaremos nuestro entorno con perspectiva art\u00edstica.<\/p>\n<p>Esto se llevar\u00e1 a cabo en un aula en Art VallARTa. Utilizaremos el tema de la belleza de Puerto VallARTa como inspiracion para que aprendas y dibujes.<\/p>\n<p>&nbsp;<\/p>\n<p>Acerca de su profesor Chrystian Yaxche<\/p>\n<p>Soy un artista multidisciplinar que trabaja principalmente con pintura y arte digital.<br \/>\nMis or\u00edgenes son acad\u00e9micos, estudi\u00e9 en la Academia San Carlos de la Ciudad de M\u00e9xico, como se hizo en<br \/>\nla vieja escuela, tambi\u00e9n disfruto mucho aprendiendo sobre nuevas t\u00e9cnicas y apoyos, he venido<br \/>\ndel lienzo al monitor, con pinturas y arte digital, incluidos murales, pintura corporal,<br \/>\nmodelado escult\u00f3rico, escultura en papel, incluso he realizado danza, body paint y m\u00fasica<br \/>\npresentaciones, mezclando mi trabajo con el de otros artistas y disciplinas. Me encanta multidisciplinar<br \/>\nArte.<\/p>\n<p>M\u00e1s de veinte a\u00f1os de trabajo me han permitido dedicar mi tiempo a cada t\u00e9cnica y<br \/>\nexplorar sus posibilidades. Tambi\u00e9n he sido profesora de pintura en algunas escuelas, particip\u00e9 en<br \/>\njornadas culturales con alumnos de todas las edades y niveles, me gusta difundir el arte como un desarrollo positivo<br \/>\nactividad.<\/p>\n<p>Estoy convencido de que el arte es un camino y un veh\u00edculo de exploraci\u00f3n que te lleva a conocerlo todo.<br \/>\nsobre todo en el mundo y tambi\u00e9n el mundo interno de emociones e ideas.<br \/>\nCrea v\u00ednculos de colaboraci\u00f3n con artistas y profesionales de todos los \u00e1mbitos y al mismo tiempo<br \/>\npuede ser un refugio personal donde acurrucarse un rato para contemplar y crear.<\/p>\n","protected":false},"featured_media":66690,"template":"","meta":[],"product_brand":[],"product_cat":[688,918,690],"product_tag":[],"class_list":{"0":"post-66840","1":"product","2":"type-product","3":"status-publish","4":"has-post-thumbnail","6":"product_cat-clases","7":"product_cat-drawing-classes-es","8":"product_cat-clases-destacadas","9":"wcpv_product_vendors-chrystian-yaxche-es","11":"first","12":"instock","13":"virtual","14":"taxable","15":"purchasable","16":"product-type-simple"},"yoast_head":"<!-- This site is optimized with the Yoast SEO plugin v27.3 - https:\/\/yoast.com\/product\/yoast-seo-wordpress\/ -->\n<title>Dibujo de Puerto VallARTa Class - Art VallARTa Puerto Vallarta M\u00e9xico<\/title>\n<meta name=\"robots\" content=\"noindex, follow\" \/>\n<meta property=\"og:locale\" content=\"es_ES\" \/>\n<meta property=\"og:type\" content=\"article\" \/>\n<meta property=\"og:title\" content=\"Dibujo de Puerto VallARTa Class - Art VallARTa Puerto Vallarta M\u00e9xico\" \/>\n<meta property=\"og:description\" content=\"Las clases de dibujo est\u00e1n dise\u00f1adas para todos los niveles de experiencia, y te llevan paso a paso para desarrollar tus habilidades, desde el nivel b\u00e1sico hasta el avanzado con atenci\u00f3n personalizada. Haremos ejercicios para observar la motricidad, la creatividad y observaremos nuestro entorno con perspectiva art\u00edstica.  Esto se llevar\u00e1 a cabo en un aula en Art VallARTa. Utilizaremos el tema de la belleza de Puerto VallARTa como inspiracion para que aprendas y dibujes.  &nbsp;  Acerca de su profesor Chrystian Yaxche  Soy un artista multidisciplinar que trabaja principalmente con pintura y arte digital. Mis or\u00edgenes son acad\u00e9micos, estudi\u00e9 en la Academia San Carlos de la Ciudad de M\u00e9xico, como se hizo en la vieja escuela, tambi\u00e9n disfruto mucho aprendiendo sobre nuevas t\u00e9cnicas y apoyos, he venido del lienzo al monitor, con pinturas y arte digital, incluidos murales, pintura corporal, modelado escult\u00f3rico, escultura en papel, incluso he realizado danza, body paint y m\u00fasica presentaciones, mezclando mi trabajo con el de otros artistas y disciplinas. Me encanta multidisciplinar Arte.  M\u00e1s de veinte a\u00f1os de trabajo me han permitido dedicar mi tiempo a cada t\u00e9cnica y explorar sus posibilidades. Tambi\u00e9n he sido profesora de pintura en algunas escuelas, particip\u00e9 en jornadas culturales con alumnos de todas las edades y niveles, me gusta difundir el arte como un desarrollo positivo actividad.  Estoy convencido de que el arte es un camino y un veh\u00edculo de exploraci\u00f3n que te lleva a conocerlo todo. sobre todo en el mundo y tambi\u00e9n el mundo interno de emociones e ideas. Crea v\u00ednculos de colaboraci\u00f3n con artistas y profesionales de todos los \u00e1mbitos y al mismo tiempo puede ser un refugio personal donde acurrucarse un rato para contemplar y crear.\" \/>\n<meta property=\"og:url\" content=\"https:\/\/artvallarta.com\/es\/producto\/dibujo-clase-puerto-vallarta\/\" \/>\n<meta property=\"og:site_name\" content=\"Art VallARTa\" \/>\n<meta property=\"article:publisher\" content=\"http:\/\/www.facebook.com\/artvallarta\" \/>\n<meta property=\"article:modified_time\" content=\"2021-09-23T17:38:18+00:00\" \/>\n<meta property=\"og:image\" content=\"https:\/\/artvallarta.com\/wp-content\/uploads\/2021\/05\/2901dc1f-9760-43ac-a6ec-59d2709cc324.jpg\" \/>\n\t<meta property=\"og:image:width\" content=\"1200\" \/>\n\t<meta property=\"og:image:height\" content=\"1600\" \/>\n\t<meta property=\"og:image:type\" content=\"image\/jpeg\" \/>\n<meta name=\"twitter:card\" content=\"summary_large_image\" \/>\n<meta name=\"twitter:label1\" content=\"Tiempo de lectura\" \/>\n\t<meta name=\"twitter:data1\" content=\"2 minutos\" \/>\n<script type=\"application\/ld+json\" class=\"yoast-schema-graph\">{\"@context\":\"https:\\\/\\\/schema.org\",\"@graph\":[{\"@type\":\"WebPage\",\"@id\":\"https:\\\/\\\/artvallarta.com\\\/es\\\/producto\\\/dibujo-clase-puerto-vallarta\\\/\",\"url\":\"https:\\\/\\\/artvallarta.com\\\/es\\\/producto\\\/dibujo-clase-puerto-vallarta\\\/\",\"name\":\"Dibujo de Puerto VallARTa Class - Art VallARTa Puerto Vallarta M\u00e9xico\",\"isPartOf\":{\"@id\":\"https:\\\/\\\/artvallarta.com\\\/es\\\/#website\"},\"primaryImageOfPage\":{\"@id\":\"https:\\\/\\\/artvallarta.com\\\/es\\\/producto\\\/dibujo-clase-puerto-vallarta\\\/#primaryimage\"},\"image\":{\"@id\":\"https:\\\/\\\/artvallarta.com\\\/es\\\/producto\\\/dibujo-clase-puerto-vallarta\\\/#primaryimage\"},\"thumbnailUrl\":\"https:\\\/\\\/artvallarta.com\\\/wp-content\\\/uploads\\\/2021\\\/05\\\/2901dc1f-9760-43ac-a6ec-59d2709cc324.jpg\",\"datePublished\":\"2021-05-28T16:19:23+00:00\",\"dateModified\":\"2021-09-23T17:38:18+00:00\",\"breadcrumb\":{\"@id\":\"https:\\\/\\\/artvallarta.com\\\/es\\\/producto\\\/dibujo-clase-puerto-vallarta\\\/#breadcrumb\"},\"inLanguage\":\"es\",\"potentialAction\":[{\"@type\":\"ReadAction\",\"target\":[\"https:\\\/\\\/artvallarta.com\\\/es\\\/producto\\\/dibujo-clase-puerto-vallarta\\\/\"]}]},{\"@type\":\"ImageObject\",\"inLanguage\":\"es\",\"@id\":\"https:\\\/\\\/artvallarta.com\\\/es\\\/producto\\\/dibujo-clase-puerto-vallarta\\\/#primaryimage\",\"url\":\"https:\\\/\\\/artvallarta.com\\\/wp-content\\\/uploads\\\/2021\\\/05\\\/2901dc1f-9760-43ac-a6ec-59d2709cc324.jpg\",\"contentUrl\":\"https:\\\/\\\/artvallarta.com\\\/wp-content\\\/uploads\\\/2021\\\/05\\\/2901dc1f-9760-43ac-a6ec-59d2709cc324.jpg\",\"width\":1200,\"height\":1600},{\"@type\":\"BreadcrumbList\",\"@id\":\"https:\\\/\\\/artvallarta.com\\\/es\\\/producto\\\/dibujo-clase-puerto-vallarta\\\/#breadcrumb\",\"itemListElement\":[{\"@type\":\"ListItem\",\"position\":1,\"name\":\"Pagina principal\",\"item\":\"https:\\\/\\\/artvallarta.com\\\/es\\\/art-vallarta-puerto-vallarta-mexico-home\\\/\"},{\"@type\":\"ListItem\",\"position\":2,\"name\":\"Shop\",\"item\":\"https:\\\/\\\/artvallarta.com\\\/shop\\\/\"},{\"@type\":\"ListItem\",\"position\":3,\"name\":\"Dibujo de Puerto VallARTa Class\"}]},{\"@type\":\"WebSite\",\"@id\":\"https:\\\/\\\/artvallarta.com\\\/es\\\/#website\",\"url\":\"https:\\\/\\\/artvallarta.com\\\/es\\\/\",\"name\":\"Art VallARTa\",\"description\":\"Art VallARTa\",\"publisher\":{\"@id\":\"https:\\\/\\\/artvallarta.com\\\/es\\\/#organization\"},\"potentialAction\":[{\"@type\":\"SearchAction\",\"target\":{\"@type\":\"EntryPoint\",\"urlTemplate\":\"https:\\\/\\\/artvallarta.com\\\/es\\\/?s={search_term_string}\"},\"query-input\":{\"@type\":\"PropertyValueSpecification\",\"valueRequired\":true,\"valueName\":\"search_term_string\"}}],\"inLanguage\":\"es\"},{\"@type\":\"Organization\",\"@id\":\"https:\\\/\\\/artvallarta.com\\\/es\\\/#organization\",\"name\":\"Art VallARTa\",\"url\":\"https:\\\/\\\/artvallarta.com\\\/es\\\/\",\"logo\":{\"@type\":\"ImageObject\",\"inLanguage\":\"es\",\"@id\":\"https:\\\/\\\/artvallarta.com\\\/es\\\/#\\\/schema\\\/logo\\\/image\\\/\",\"url\":\"https:\\\/\\\/artvallarta.com\\\/wp-content\\\/uploads\\\/2019\\\/02\\\/51835738_615449708895218_133232196214325248_n.jpg\",\"contentUrl\":\"https:\\\/\\\/artvallarta.com\\\/wp-content\\\/uploads\\\/2019\\\/02\\\/51835738_615449708895218_133232196214325248_n.jpg\",\"width\":2048,\"height\":1466,\"caption\":\"Art VallARTa\"},\"image\":{\"@id\":\"https:\\\/\\\/artvallarta.com\\\/es\\\/#\\\/schema\\\/logo\\\/image\\\/\"},\"sameAs\":[\"http:\\\/\\\/www.facebook.com\\\/artvallarta\",\"http:\\\/\\\/www.instagram.com\\\/artvallarta\",\"http:\\\/\\\/www.pinterest\\\/artvallarta\",\"https:\\\/\\\/www.youtube.com\\\/channel\\\/UCOqDy2Oyk7EU4tz3S2Gl7kQ\"]}]}<\/script>\n<!-- \/ Yoast SEO plugin. -->","yoast_head_json":{"title":"Dibujo de Puerto VallARTa Class - Art VallARTa Puerto Vallarta M\u00e9xico","robots":{"index":"noindex","follow":"follow"},"og_locale":"es_ES","og_type":"article","og_title":"Dibujo de Puerto VallARTa Class - Art VallARTa Puerto Vallarta M\u00e9xico","og_description":"Las clases de dibujo est\u00e1n dise\u00f1adas para todos los niveles de experiencia, y te llevan paso a paso para desarrollar tus habilidades, desde el nivel b\u00e1sico hasta el avanzado con atenci\u00f3n personalizada. Haremos ejercicios para observar la motricidad, la creatividad y observaremos nuestro entorno con perspectiva art\u00edstica.  Esto se llevar\u00e1 a cabo en un aula en Art VallARTa. Utilizaremos el tema de la belleza de Puerto VallARTa como inspiracion para que aprendas y dibujes.  &nbsp;  Acerca de su profesor Chrystian Yaxche  Soy un artista multidisciplinar que trabaja principalmente con pintura y arte digital. Mis or\u00edgenes son acad\u00e9micos, estudi\u00e9 en la Academia San Carlos de la Ciudad de M\u00e9xico, como se hizo en la vieja escuela, tambi\u00e9n disfruto mucho aprendiendo sobre nuevas t\u00e9cnicas y apoyos, he venido del lienzo al monitor, con pinturas y arte digital, incluidos murales, pintura corporal, modelado escult\u00f3rico, escultura en papel, incluso he realizado danza, body paint y m\u00fasica presentaciones, mezclando mi trabajo con el de otros artistas y disciplinas. Me encanta multidisciplinar Arte.  M\u00e1s de veinte a\u00f1os de trabajo me han permitido dedicar mi tiempo a cada t\u00e9cnica y explorar sus posibilidades. Tambi\u00e9n he sido profesora de pintura en algunas escuelas, particip\u00e9 en jornadas culturales con alumnos de todas las edades y niveles, me gusta difundir el arte como un desarrollo positivo actividad.  Estoy convencido de que el arte es un camino y un veh\u00edculo de exploraci\u00f3n que te lleva a conocerlo todo. sobre todo en el mundo y tambi\u00e9n el mundo interno de emociones e ideas. Crea v\u00ednculos de colaboraci\u00f3n con artistas y profesionales de todos los \u00e1mbitos y al mismo tiempo puede ser un refugio personal donde acurrucarse un rato para contemplar y crear.","og_url":"https:\/\/artvallarta.com\/es\/producto\/dibujo-clase-puerto-vallarta\/","og_site_name":"Art VallARTa","article_publisher":"http:\/\/www.facebook.com\/artvallarta","article_modified_time":"2021-09-23T17:38:18+00:00","og_image":[{"width":1200,"height":1600,"url":"https:\/\/artvallarta.com\/wp-content\/uploads\/2021\/05\/2901dc1f-9760-43ac-a6ec-59d2709cc324.jpg","type":"image\/jpeg"}],"twitter_card":"summary_large_image","twitter_misc":{"Tiempo de lectura":"2 minutos"},"schema":{"@context":"https:\/\/schema.org","@graph":[{"@type":"WebPage","@id":"https:\/\/artvallarta.com\/es\/producto\/dibujo-clase-puerto-vallarta\/","url":"https:\/\/artvallarta.com\/es\/producto\/dibujo-clase-puerto-vallarta\/","name":"Dibujo de Puerto VallARTa Class - Art VallARTa Puerto Vallarta M\u00e9xico","isPartOf":{"@id":"https:\/\/artvallarta.com\/es\/#website"},"primaryImageOfPage":{"@id":"https:\/\/artvallarta.com\/es\/producto\/dibujo-clase-puerto-vallarta\/#primaryimage"},"image":{"@id":"https:\/\/artvallarta.com\/es\/producto\/dibujo-clase-puerto-vallarta\/#primaryimage"},"thumbnailUrl":"https:\/\/artvallarta.com\/wp-content\/uploads\/2021\/05\/2901dc1f-9760-43ac-a6ec-59d2709cc324.jpg","datePublished":"2021-05-28T16:19:23+00:00","dateModified":"2021-09-23T17:38:18+00:00","breadcrumb":{"@id":"https:\/\/artvallarta.com\/es\/producto\/dibujo-clase-puerto-vallarta\/#breadcrumb"},"inLanguage":"es","potentialAction":[{"@type":"ReadAction","target":["https:\/\/artvallarta.com\/es\/producto\/dibujo-clase-puerto-vallarta\/"]}]},{"@type":"ImageObject","inLanguage":"es","@id":"https:\/\/artvallarta.com\/es\/producto\/dibujo-clase-puerto-vallarta\/#primaryimage","url":"https:\/\/artvallarta.com\/wp-content\/uploads\/2021\/05\/2901dc1f-9760-43ac-a6ec-59d2709cc324.jpg","contentUrl":"https:\/\/artvallarta.com\/wp-content\/uploads\/2021\/05\/2901dc1f-9760-43ac-a6ec-59d2709cc324.jpg","width":1200,"height":1600},{"@type":"BreadcrumbList","@id":"https:\/\/artvallarta.com\/es\/producto\/dibujo-clase-puerto-vallarta\/#breadcrumb","itemListElement":[{"@type":"ListItem","position":1,"name":"Pagina principal","item":"https:\/\/artvallarta.com\/es\/art-vallarta-puerto-vallarta-mexico-home\/"},{"@type":"ListItem","position":2,"name":"Shop","item":"https:\/\/artvallarta.com\/shop\/"},{"@type":"ListItem","position":3,"name":"Dibujo de Puerto VallARTa Class"}]},{"@type":"WebSite","@id":"https:\/\/artvallarta.com\/es\/#website","url":"https:\/\/artvallarta.com\/es\/","name":"Art VallARTa","description":"Art VallARTa","publisher":{"@id":"https:\/\/artvallarta.com\/es\/#organization"},"potentialAction":[{"@type":"SearchAction","target":{"@type":"EntryPoint","urlTemplate":"https:\/\/artvallarta.com\/es\/?s={search_term_string}"},"query-input":{"@type":"PropertyValueSpecification","valueRequired":true,"valueName":"search_term_string"}}],"inLanguage":"es"},{"@type":"Organization","@id":"https:\/\/artvallarta.com\/es\/#organization","name":"Art VallARTa","url":"https:\/\/artvallarta.com\/es\/","logo":{"@type":"ImageObject","inLanguage":"es","@id":"https:\/\/artvallarta.com\/es\/#\/schema\/logo\/image\/","url":"https:\/\/artvallarta.com\/wp-content\/uploads\/2019\/02\/51835738_615449708895218_133232196214325248_n.jpg","contentUrl":"https:\/\/artvallarta.com\/wp-content\/uploads\/2019\/02\/51835738_615449708895218_133232196214325248_n.jpg","width":2048,"height":1466,"caption":"Art VallARTa"},"image":{"@id":"https:\/\/artvallarta.com\/es\/#\/schema\/logo\/image\/"},"sameAs":["http:\/\/www.facebook.com\/artvallarta","http:\/\/www.instagram.com\/artvallarta","http:\/\/www.pinterest\/artvallarta","https:\/\/www.youtube.com\/channel\/UCOqDy2Oyk7EU4tz3S2Gl7kQ"]}]}},"_links":{"self":[{"href":"https:\/\/artvallarta.com\/es\/wp-json\/wp\/v2\/product\/66840","targetHints":{"allow":["GET"]}}],"collection":[{"href":"https:\/\/artvallarta.com\/es\/wp-json\/wp\/v2\/product"}],"about":[{"href":"https:\/\/artvallarta.com\/es\/wp-json\/wp\/v2\/types\/product"}],"version-history":[{"count":3,"href":"https:\/\/artvallarta.com\/es\/wp-json\/wp\/v2\/product\/66840\/revisions"}],"predecessor-version":[{"id":76307,"href":"https:\/\/artvallarta.com\/es\/wp-json\/wp\/v2\/product\/66840\/revisions\/76307"}],"wp:featuredmedia":[{"embeddable":true,"href":"https:\/\/artvallarta.com\/es\/wp-json\/wp\/v2\/media\/66690"}],"wp:attachment":[{"href":"https:\/\/artvallarta.com\/es\/wp-json\/wp\/v2\/media?parent=66840"}],"wp:term":[{"taxonomy":"product_brand","embeddable":true,"href":"https:\/\/artvallarta.com\/es\/wp-json\/wp\/v2\/product_brand?post=66840"},{"taxonomy":"product_cat","embeddable":true,"href":"https:\/\/artvallarta.com\/es\/wp-json\/wp\/v2\/product_cat?post=66840"},{"taxonomy":"product_tag","embeddable":true,"href":"https:\/\/artvallarta.com\/es\/wp-json\/wp\/v2\/product_tag?post=66840"}],"curies":[{"name":"wp","href":"https:\/\/api.w.org\/{rel}","templated":true}]}}