{"id":60049,"date":"2019-01-19T13:51:13","date_gmt":"2019-01-19T19:51:13","guid":{"rendered":"https:\/\/artvallarta.com\/product\/amaco-underglazes-chocolate-brown-59ml\/"},"modified":"2025-12-26T19:39:17","modified_gmt":"2025-12-27T01:39:17","slug":"amaco-underglazes-chocolate-brown-59ml","status":"publish","type":"product","link":"https:\/\/artvallarta.com\/es\/producto\/amaco-underglazes-chocolate-brown-59ml\/","title":{"rendered":"Amaco UnderGlazes Chocolate Brown 59ml"},"content":{"rendered":"<p>El bajo esmalte Chocolate Brown Velvet se caracteriza por un color caf\u00e9 profundo que es m\u00e1s c\u00e1lido en el cono 5. El color oscurece desde el cono 5 pero es m\u00e1s oscuro pero menos saturado en el cono 10. Este bajo esmalte se ve muy bien bajo varias capas de un esmalte claro.<\/p>\n<p>El bajo esmalte Chocolate Brown es un marr\u00f3n oscuro que es m\u00e1s c\u00e1lido en el cono 5. El color se oscurece en el cono 5 y es m\u00e1s oscuro pero menos saturado en el cono 10. Este esmalte se ve muy bien debajo de algunas capas de un vidriado transparente.<\/p>\n","protected":false},"excerpt":{"rendered":"<p>El bajo esmalte Chocolate Brown Velvet se caracteriza por un color caf\u00e9 profundo que es m\u00e1s c\u00e1lido en el cono 5. El color oscurece desde el cono 5 pero es m\u00e1s oscuro pero menos saturado en el cono 10. Este bajo esmalte se ve muy bien bajo varias capas de un esmalte claro.<\/p>\n<p>El bajo esmalte Chocolate Brown es un marr\u00f3n oscuro que es m\u00e1s c\u00e1lido en el cono 5. El color se oscurece en el cono 5 y es m\u00e1s oscuro pero menos saturado en el cono 10. Este esmalte se ve muy bien debajo de algunas capas de un vidriado transparente.<\/p>\n","protected":false},"featured_media":60050,"template":"","meta":[],"product_brand":[],"product_cat":[744,692,743,761],"product_tag":[],"class_list":{"0":"post-60049","1":"product","2":"type-product","3":"status-publish","4":"has-post-thumbnail","6":"product_cat-amaco-glazes-es","7":"product_cat-art-supplies-es","8":"product_cat-ceramics-es","9":"product_cat-velvet-underglazes-es","11":"first","12":"instock","13":"taxable","14":"shipping-taxable","15":"purchasable","16":"product-type-simple"},"yoast_head":"<!-- This site is optimized with the Yoast SEO plugin v27.3 - https:\/\/yoast.com\/product\/yoast-seo-wordpress\/ -->\n<title>Amaco UnderGlazes Chocolate Brown 59ml - Art VallARTa<\/title>\n<meta name=\"robots\" content=\"index, follow, max-snippet:-1, max-image-preview:large, max-video-preview:-1\" \/>\n<link rel=\"canonical\" href=\"https:\/\/artvallarta.com\/es\/producto\/amaco-underglazes-chocolate-brown-59ml\/\" \/>\n<meta property=\"og:locale\" content=\"es_ES\" \/>\n<meta property=\"og:type\" content=\"article\" \/>\n<meta property=\"og:title\" content=\"Amaco UnderGlazes Chocolate Brown 59ml - Art VallARTa\" \/>\n<meta property=\"og:description\" content=\"El bajo esmalte Chocolate Brown Velvet se caracteriza por un color caf\u00e9 profundo que es m\u00e1s c\u00e1lido en el cono 5. El color oscurece desde el cono 5 pero es m\u00e1s oscuro pero menos saturado en el cono 10. Este bajo esmalte se ve muy bien bajo varias capas de un esmalte claro.  El bajo esmalte Chocolate Brown es un marr\u00f3n oscuro que es m\u00e1s c\u00e1lido en el cono 5. El color se oscurece en el cono 5 y es m\u00e1s oscuro pero menos saturado en el cono 10. Este esmalte se ve muy bien debajo de algunas capas de un vidriado transparente.\" \/>\n<meta property=\"og:url\" content=\"https:\/\/artvallarta.com\/es\/producto\/amaco-underglazes-chocolate-brown-59ml\/\" \/>\n<meta property=\"og:site_name\" content=\"Art VallARTa\" \/>\n<meta property=\"article:publisher\" content=\"http:\/\/www.facebook.com\/artvallarta\" \/>\n<meta property=\"article:modified_time\" content=\"2025-12-27T01:39:17+00:00\" \/>\n<meta property=\"og:image\" content=\"https:\/\/artvallarta.com\/wp-content\/uploads\/2019\/01\/37408J.jpg\" \/>\n\t<meta property=\"og:image:width\" content=\"600\" \/>\n\t<meta property=\"og:image:height\" content=\"600\" \/>\n\t<meta property=\"og:image:type\" content=\"image\/jpeg\" \/>\n<meta name=\"twitter:card\" content=\"summary_large_image\" \/>\n<meta name=\"twitter:label1\" content=\"Tiempo de lectura\" \/>\n\t<meta name=\"twitter:data1\" content=\"1 minuto\" \/>\n<script type=\"application\/ld+json\" class=\"yoast-schema-graph\">{\"@context\":\"https:\\\/\\\/schema.org\",\"@graph\":[{\"@type\":\"WebPage\",\"@id\":\"https:\\\/\\\/artvallarta.com\\\/es\\\/producto\\\/amaco-underglazes-chocolate-brown-59ml\\\/\",\"url\":\"https:\\\/\\\/artvallarta.com\\\/es\\\/producto\\\/amaco-underglazes-chocolate-brown-59ml\\\/\",\"name\":\"Amaco UnderGlazes Chocolate Brown 59ml - Art VallARTa\",\"isPartOf\":{\"@id\":\"https:\\\/\\\/artvallarta.com\\\/es\\\/#website\"},\"primaryImageOfPage\":{\"@id\":\"https:\\\/\\\/artvallarta.com\\\/es\\\/producto\\\/amaco-underglazes-chocolate-brown-59ml\\\/#primaryimage\"},\"image\":{\"@id\":\"https:\\\/\\\/artvallarta.com\\\/es\\\/producto\\\/amaco-underglazes-chocolate-brown-59ml\\\/#primaryimage\"},\"thumbnailUrl\":\"https:\\\/\\\/artvallarta.com\\\/wp-content\\\/uploads\\\/2019\\\/01\\\/37408J.jpg\",\"datePublished\":\"2019-01-19T19:51:13+00:00\",\"dateModified\":\"2025-12-27T01:39:17+00:00\",\"breadcrumb\":{\"@id\":\"https:\\\/\\\/artvallarta.com\\\/es\\\/producto\\\/amaco-underglazes-chocolate-brown-59ml\\\/#breadcrumb\"},\"inLanguage\":\"es\",\"potentialAction\":[{\"@type\":\"ReadAction\",\"target\":[\"https:\\\/\\\/artvallarta.com\\\/es\\\/producto\\\/amaco-underglazes-chocolate-brown-59ml\\\/\"]}]},{\"@type\":\"ImageObject\",\"inLanguage\":\"es\",\"@id\":\"https:\\\/\\\/artvallarta.com\\\/es\\\/producto\\\/amaco-underglazes-chocolate-brown-59ml\\\/#primaryimage\",\"url\":\"https:\\\/\\\/artvallarta.com\\\/wp-content\\\/uploads\\\/2019\\\/01\\\/37408J.jpg\",\"contentUrl\":\"https:\\\/\\\/artvallarta.com\\\/wp-content\\\/uploads\\\/2019\\\/01\\\/37408J.jpg\",\"width\":600,\"height\":600},{\"@type\":\"BreadcrumbList\",\"@id\":\"https:\\\/\\\/artvallarta.com\\\/es\\\/producto\\\/amaco-underglazes-chocolate-brown-59ml\\\/#breadcrumb\",\"itemListElement\":[{\"@type\":\"ListItem\",\"position\":1,\"name\":\"Pagina principal\",\"item\":\"https:\\\/\\\/artvallarta.com\\\/es\\\/art-vallarta-puerto-vallarta-mexico-home\\\/\"},{\"@type\":\"ListItem\",\"position\":2,\"name\":\"Shop\",\"item\":\"https:\\\/\\\/artvallarta.com\\\/shop\\\/\"},{\"@type\":\"ListItem\",\"position\":3,\"name\":\"Amaco UnderGlazes Chocolate Brown 59ml\"}]},{\"@type\":\"WebSite\",\"@id\":\"https:\\\/\\\/artvallarta.com\\\/es\\\/#website\",\"url\":\"https:\\\/\\\/artvallarta.com\\\/es\\\/\",\"name\":\"Art VallARTa\",\"description\":\"Art VallARTa\",\"publisher\":{\"@id\":\"https:\\\/\\\/artvallarta.com\\\/es\\\/#organization\"},\"potentialAction\":[{\"@type\":\"SearchAction\",\"target\":{\"@type\":\"EntryPoint\",\"urlTemplate\":\"https:\\\/\\\/artvallarta.com\\\/es\\\/?s={search_term_string}\"},\"query-input\":{\"@type\":\"PropertyValueSpecification\",\"valueRequired\":true,\"valueName\":\"search_term_string\"}}],\"inLanguage\":\"es\"},{\"@type\":\"Organization\",\"@id\":\"https:\\\/\\\/artvallarta.com\\\/es\\\/#organization\",\"name\":\"Art VallARTa\",\"url\":\"https:\\\/\\\/artvallarta.com\\\/es\\\/\",\"logo\":{\"@type\":\"ImageObject\",\"inLanguage\":\"es\",\"@id\":\"https:\\\/\\\/artvallarta.com\\\/es\\\/#\\\/schema\\\/logo\\\/image\\\/\",\"url\":\"https:\\\/\\\/artvallarta.com\\\/wp-content\\\/uploads\\\/2019\\\/02\\\/51835738_615449708895218_133232196214325248_n.jpg\",\"contentUrl\":\"https:\\\/\\\/artvallarta.com\\\/wp-content\\\/uploads\\\/2019\\\/02\\\/51835738_615449708895218_133232196214325248_n.jpg\",\"width\":2048,\"height\":1466,\"caption\":\"Art VallARTa\"},\"image\":{\"@id\":\"https:\\\/\\\/artvallarta.com\\\/es\\\/#\\\/schema\\\/logo\\\/image\\\/\"},\"sameAs\":[\"http:\\\/\\\/www.facebook.com\\\/artvallarta\",\"http:\\\/\\\/www.instagram.com\\\/artvallarta\",\"http:\\\/\\\/www.pinterest\\\/artvallarta\",\"https:\\\/\\\/www.youtube.com\\\/channel\\\/UCOqDy2Oyk7EU4tz3S2Gl7kQ\"]}]}<\/script>\n<!-- \/ Yoast SEO plugin. -->","yoast_head_json":{"title":"Amaco UnderGlazes Chocolate Brown 59ml - Art VallARTa","robots":{"index":"index","follow":"follow","max-snippet":"max-snippet:-1","max-image-preview":"max-image-preview:large","max-video-preview":"max-video-preview:-1"},"canonical":"https:\/\/artvallarta.com\/es\/producto\/amaco-underglazes-chocolate-brown-59ml\/","og_locale":"es_ES","og_type":"article","og_title":"Amaco UnderGlazes Chocolate Brown 59ml - Art VallARTa","og_description":"El bajo esmalte Chocolate Brown Velvet se caracteriza por un color caf\u00e9 profundo que es m\u00e1s c\u00e1lido en el cono 5. El color oscurece desde el cono 5 pero es m\u00e1s oscuro pero menos saturado en el cono 10. Este bajo esmalte se ve muy bien bajo varias capas de un esmalte claro.  El bajo esmalte Chocolate Brown es un marr\u00f3n oscuro que es m\u00e1s c\u00e1lido en el cono 5. El color se oscurece en el cono 5 y es m\u00e1s oscuro pero menos saturado en el cono 10. Este esmalte se ve muy bien debajo de algunas capas de un vidriado transparente.","og_url":"https:\/\/artvallarta.com\/es\/producto\/amaco-underglazes-chocolate-brown-59ml\/","og_site_name":"Art VallARTa","article_publisher":"http:\/\/www.facebook.com\/artvallarta","article_modified_time":"2025-12-27T01:39:17+00:00","og_image":[{"width":600,"height":600,"url":"https:\/\/artvallarta.com\/wp-content\/uploads\/2019\/01\/37408J.jpg","type":"image\/jpeg"}],"twitter_card":"summary_large_image","twitter_misc":{"Tiempo de lectura":"1 minuto"},"schema":{"@context":"https:\/\/schema.org","@graph":[{"@type":"WebPage","@id":"https:\/\/artvallarta.com\/es\/producto\/amaco-underglazes-chocolate-brown-59ml\/","url":"https:\/\/artvallarta.com\/es\/producto\/amaco-underglazes-chocolate-brown-59ml\/","name":"Amaco UnderGlazes Chocolate Brown 59ml - Art VallARTa","isPartOf":{"@id":"https:\/\/artvallarta.com\/es\/#website"},"primaryImageOfPage":{"@id":"https:\/\/artvallarta.com\/es\/producto\/amaco-underglazes-chocolate-brown-59ml\/#primaryimage"},"image":{"@id":"https:\/\/artvallarta.com\/es\/producto\/amaco-underglazes-chocolate-brown-59ml\/#primaryimage"},"thumbnailUrl":"https:\/\/artvallarta.com\/wp-content\/uploads\/2019\/01\/37408J.jpg","datePublished":"2019-01-19T19:51:13+00:00","dateModified":"2025-12-27T01:39:17+00:00","breadcrumb":{"@id":"https:\/\/artvallarta.com\/es\/producto\/amaco-underglazes-chocolate-brown-59ml\/#breadcrumb"},"inLanguage":"es","potentialAction":[{"@type":"ReadAction","target":["https:\/\/artvallarta.com\/es\/producto\/amaco-underglazes-chocolate-brown-59ml\/"]}]},{"@type":"ImageObject","inLanguage":"es","@id":"https:\/\/artvallarta.com\/es\/producto\/amaco-underglazes-chocolate-brown-59ml\/#primaryimage","url":"https:\/\/artvallarta.com\/wp-content\/uploads\/2019\/01\/37408J.jpg","contentUrl":"https:\/\/artvallarta.com\/wp-content\/uploads\/2019\/01\/37408J.jpg","width":600,"height":600},{"@type":"BreadcrumbList","@id":"https:\/\/artvallarta.com\/es\/producto\/amaco-underglazes-chocolate-brown-59ml\/#breadcrumb","itemListElement":[{"@type":"ListItem","position":1,"name":"Pagina principal","item":"https:\/\/artvallarta.com\/es\/art-vallarta-puerto-vallarta-mexico-home\/"},{"@type":"ListItem","position":2,"name":"Shop","item":"https:\/\/artvallarta.com\/shop\/"},{"@type":"ListItem","position":3,"name":"Amaco UnderGlazes Chocolate Brown 59ml"}]},{"@type":"WebSite","@id":"https:\/\/artvallarta.com\/es\/#website","url":"https:\/\/artvallarta.com\/es\/","name":"Art VallARTa","description":"Art VallARTa","publisher":{"@id":"https:\/\/artvallarta.com\/es\/#organization"},"potentialAction":[{"@type":"SearchAction","target":{"@type":"EntryPoint","urlTemplate":"https:\/\/artvallarta.com\/es\/?s={search_term_string}"},"query-input":{"@type":"PropertyValueSpecification","valueRequired":true,"valueName":"search_term_string"}}],"inLanguage":"es"},{"@type":"Organization","@id":"https:\/\/artvallarta.com\/es\/#organization","name":"Art VallARTa","url":"https:\/\/artvallarta.com\/es\/","logo":{"@type":"ImageObject","inLanguage":"es","@id":"https:\/\/artvallarta.com\/es\/#\/schema\/logo\/image\/","url":"https:\/\/artvallarta.com\/wp-content\/uploads\/2019\/02\/51835738_615449708895218_133232196214325248_n.jpg","contentUrl":"https:\/\/artvallarta.com\/wp-content\/uploads\/2019\/02\/51835738_615449708895218_133232196214325248_n.jpg","width":2048,"height":1466,"caption":"Art VallARTa"},"image":{"@id":"https:\/\/artvallarta.com\/es\/#\/schema\/logo\/image\/"},"sameAs":["http:\/\/www.facebook.com\/artvallarta","http:\/\/www.instagram.com\/artvallarta","http:\/\/www.pinterest\/artvallarta","https:\/\/www.youtube.com\/channel\/UCOqDy2Oyk7EU4tz3S2Gl7kQ"]}]}},"_links":{"self":[{"href":"https:\/\/artvallarta.com\/es\/wp-json\/wp\/v2\/product\/60049","targetHints":{"allow":["GET"]}}],"collection":[{"href":"https:\/\/artvallarta.com\/es\/wp-json\/wp\/v2\/product"}],"about":[{"href":"https:\/\/artvallarta.com\/es\/wp-json\/wp\/v2\/types\/product"}],"version-history":[{"count":3,"href":"https:\/\/artvallarta.com\/es\/wp-json\/wp\/v2\/product\/60049\/revisions"}],"predecessor-version":[{"id":71640,"href":"https:\/\/artvallarta.com\/es\/wp-json\/wp\/v2\/product\/60049\/revisions\/71640"}],"wp:featuredmedia":[{"embeddable":true,"href":"https:\/\/artvallarta.com\/es\/wp-json\/wp\/v2\/media\/60050"}],"wp:attachment":[{"href":"https:\/\/artvallarta.com\/es\/wp-json\/wp\/v2\/media?parent=60049"}],"wp:term":[{"taxonomy":"product_brand","embeddable":true,"href":"https:\/\/artvallarta.com\/es\/wp-json\/wp\/v2\/product_brand?post=60049"},{"taxonomy":"product_cat","embeddable":true,"href":"https:\/\/artvallarta.com\/es\/wp-json\/wp\/v2\/product_cat?post=60049"},{"taxonomy":"product_tag","embeddable":true,"href":"https:\/\/artvallarta.com\/es\/wp-json\/wp\/v2\/product_tag?post=60049"}],"curies":[{"name":"wp","href":"https:\/\/api.w.org\/{rel}","templated":true}]}}