{"id":59940,"date":"2019-01-19T13:48:25","date_gmt":"2019-01-19T19:48:25","guid":{"rendered":"https:\/\/artvallarta.com\/product\/acr-esc-terracota-100-ml\/"},"modified":"2025-06-02T13:07:57","modified_gmt":"2025-06-02T19:07:57","slug":"acr-esc-terracota-100-ml","status":"publish","type":"product","link":"https:\/\/artvallarta.com\/es\/producto\/acr-esc-terracota-100-ml\/","title":{"rendered":"Rodin Pintura Acrilica Escolar Terracota 100 Ml"},"content":{"rendered":"<p>Rodin Pintura Acrilica Escolar TERRACOTA 100 ML<br \/>\n==== Basic Characteristics ====<br \/>\nPintura elaborada con emulsi\u00f3n pl\u00e1stica de gran adherencia tanto a superficies r\u00edgidas como a flexibles, como papel, cart\u00f3n, madera, cemento, yeso, metales, unicel, tela y cer\u00e1mica.<\/p>\n<p>Paint made with a highly-adhesive plastic emulsion that works on both rigid and flexible surfaces like paper, cardboard, wood, cement, plaster, metal, styrofoam, fabric and ceramic.<br \/>\n&#8211; Condition: New<br \/>\n&#8211; Warranty:<\/p>\n<p>==== Important information before making your purchase ====<br \/>\nIn case you have any inconvenience, doubt, delay, etc. With your order, we invite you to contact us and we will gladly solve it immediately. We are always to help you \u00bf<\/p>\n<p>Please take into account our Customer Service Hours:<br \/>\n&#8211; Monday to Friday from 10am to 4pm.<br \/>\n&#8211; Saturdays from 10am to 2pm.<\/p>\n","protected":false},"excerpt":{"rendered":"<p>Pintura elaborada con emulsi\u00f3n pl\u00e1stica de gran adherencia tanto a superficies r\u00edgidas como a flexibles, como papel, cart\u00f3n, madera, cemento, yeso, metales, unicel, tela y cer\u00e1mica.<\/p>\n<p>Paint made with a highly-adhesive plastic emulsion that works on both rigid and flexible surfaces like paper, cardboard, wood, cement, plaster, metal, styrofoam, fabric and ceramic.<\/p>\n","protected":false},"featured_media":59942,"template":"","meta":[],"product_brand":[],"product_cat":[692,693,702],"product_tag":[],"class_list":{"0":"post-59940","1":"product","2":"type-product","3":"status-publish","4":"has-post-thumbnail","6":"product_cat-art-supplies-es","7":"product_cat-acrylic-paint-es","8":"product_cat-politec-pinturas-acrilicas","10":"first","11":"instock","12":"taxable","13":"shipping-taxable","14":"purchasable","15":"product-type-simple"},"yoast_head":"<!-- This site is optimized with the Yoast SEO plugin v27.1.1 - https:\/\/yoast.com\/product\/yoast-seo-wordpress\/ -->\n<title>Rodin Pintura Acrilica Escolar Terracota 100 Ml - Art VallARTa<\/title>\n<meta name=\"robots\" content=\"index, follow, max-snippet:-1, max-image-preview:large, max-video-preview:-1\" \/>\n<link rel=\"canonical\" href=\"https:\/\/artvallarta.com\/es\/producto\/acr-esc-terracota-100-ml\/\" \/>\n<meta property=\"og:locale\" content=\"es_ES\" \/>\n<meta property=\"og:type\" content=\"article\" \/>\n<meta property=\"og:title\" content=\"Rodin Pintura Acrilica Escolar Terracota 100 Ml - Art VallARTa\" \/>\n<meta property=\"og:description\" content=\"Pintura elaborada con emulsi\u00f3n pl\u00e1stica de gran adherencia tanto a superficies r\u00edgidas como a flexibles, como papel, cart\u00f3n, madera, cemento, yeso, metales, unicel, tela y cer\u00e1mica.  Paint made with a highly-adhesive plastic emulsion that works on both rigid and flexible surfaces like paper, cardboard, wood, cement, plaster, metal, styrofoam, fabric and ceramic.\" \/>\n<meta property=\"og:url\" content=\"https:\/\/artvallarta.com\/es\/producto\/acr-esc-terracota-100-ml\/\" \/>\n<meta property=\"og:site_name\" content=\"Art VallARTa\" \/>\n<meta property=\"article:publisher\" content=\"http:\/\/www.facebook.com\/artvallarta\" \/>\n<meta property=\"article:modified_time\" content=\"2025-06-02T19:07:57+00:00\" \/>\n<meta property=\"og:image\" content=\"https:\/\/artvallarta.com\/wp-content\/uploads\/2020\/04\/917658-MLM31725527150_082019-O.jpg\" \/>\n\t<meta property=\"og:image:width\" content=\"273\" \/>\n\t<meta property=\"og:image:height\" content=\"489\" \/>\n\t<meta property=\"og:image:type\" content=\"image\/jpeg\" \/>\n<meta name=\"twitter:card\" content=\"summary_large_image\" \/>\n<meta name=\"twitter:label1\" content=\"Tiempo de lectura\" \/>\n\t<meta name=\"twitter:data1\" content=\"1 minuto\" \/>\n<script type=\"application\/ld+json\" class=\"yoast-schema-graph\">{\"@context\":\"https:\/\/schema.org\",\"@graph\":[{\"@type\":\"WebPage\",\"@id\":\"https:\/\/artvallarta.com\/es\/producto\/acr-esc-terracota-100-ml\/\",\"url\":\"https:\/\/artvallarta.com\/es\/producto\/acr-esc-terracota-100-ml\/\",\"name\":\"Rodin Pintura Acrilica Escolar Terracota 100 Ml - Art VallARTa\",\"isPartOf\":{\"@id\":\"https:\/\/artvallarta.com\/es\/#website\"},\"primaryImageOfPage\":{\"@id\":\"https:\/\/artvallarta.com\/es\/producto\/acr-esc-terracota-100-ml\/#primaryimage\"},\"image\":{\"@id\":\"https:\/\/artvallarta.com\/es\/producto\/acr-esc-terracota-100-ml\/#primaryimage\"},\"thumbnailUrl\":\"https:\/\/artvallarta.com\/wp-content\/uploads\/2020\/04\/917658-MLM31725527150_082019-O.jpg\",\"datePublished\":\"2019-01-19T19:48:25+00:00\",\"dateModified\":\"2025-06-02T19:07:57+00:00\",\"breadcrumb\":{\"@id\":\"https:\/\/artvallarta.com\/es\/producto\/acr-esc-terracota-100-ml\/#breadcrumb\"},\"inLanguage\":\"es\",\"potentialAction\":[{\"@type\":\"ReadAction\",\"target\":[\"https:\/\/artvallarta.com\/es\/producto\/acr-esc-terracota-100-ml\/\"]}]},{\"@type\":\"ImageObject\",\"inLanguage\":\"es\",\"@id\":\"https:\/\/artvallarta.com\/es\/producto\/acr-esc-terracota-100-ml\/#primaryimage\",\"url\":\"https:\/\/artvallarta.com\/wp-content\/uploads\/2020\/04\/917658-MLM31725527150_082019-O.jpg\",\"contentUrl\":\"https:\/\/artvallarta.com\/wp-content\/uploads\/2020\/04\/917658-MLM31725527150_082019-O.jpg\",\"width\":273,\"height\":489},{\"@type\":\"BreadcrumbList\",\"@id\":\"https:\/\/artvallarta.com\/es\/producto\/acr-esc-terracota-100-ml\/#breadcrumb\",\"itemListElement\":[{\"@type\":\"ListItem\",\"position\":1,\"name\":\"Pagina principal\",\"item\":\"https:\/\/artvallarta.com\/es\/art-vallarta-puerto-vallarta-mexico-home\/\"},{\"@type\":\"ListItem\",\"position\":2,\"name\":\"Shop\",\"item\":\"https:\/\/artvallarta.com\/shop\/\"},{\"@type\":\"ListItem\",\"position\":3,\"name\":\"Rodin Pintura Acrilica Escolar Terracota 100 Ml\"}]},{\"@type\":\"WebSite\",\"@id\":\"https:\/\/artvallarta.com\/es\/#website\",\"url\":\"https:\/\/artvallarta.com\/es\/\",\"name\":\"Art VallARTa\",\"description\":\"Art VallARTa\",\"publisher\":{\"@id\":\"https:\/\/artvallarta.com\/es\/#organization\"},\"potentialAction\":[{\"@type\":\"SearchAction\",\"target\":{\"@type\":\"EntryPoint\",\"urlTemplate\":\"https:\/\/artvallarta.com\/es\/?s={search_term_string}\"},\"query-input\":{\"@type\":\"PropertyValueSpecification\",\"valueRequired\":true,\"valueName\":\"search_term_string\"}}],\"inLanguage\":\"es\"},{\"@type\":\"Organization\",\"@id\":\"https:\/\/artvallarta.com\/es\/#organization\",\"name\":\"Art VallARTa\",\"url\":\"https:\/\/artvallarta.com\/es\/\",\"logo\":{\"@type\":\"ImageObject\",\"inLanguage\":\"es\",\"@id\":\"https:\/\/artvallarta.com\/es\/#\/schema\/logo\/image\/\",\"url\":\"https:\/\/artvallarta.com\/wp-content\/uploads\/2019\/02\/51835738_615449708895218_133232196214325248_n.jpg\",\"contentUrl\":\"https:\/\/artvallarta.com\/wp-content\/uploads\/2019\/02\/51835738_615449708895218_133232196214325248_n.jpg\",\"width\":2048,\"height\":1466,\"caption\":\"Art VallARTa\"},\"image\":{\"@id\":\"https:\/\/artvallarta.com\/es\/#\/schema\/logo\/image\/\"},\"sameAs\":[\"http:\/\/www.facebook.com\/artvallarta\",\"http:\/\/www.instagram.com\/artvallarta\",\"http:\/\/www.pinterest\/artvallarta\",\"https:\/\/www.youtube.com\/channel\/UCOqDy2Oyk7EU4tz3S2Gl7kQ\"]}]}<\/script>\n<!-- \/ Yoast SEO plugin. -->","yoast_head_json":{"title":"Rodin Pintura Acrilica Escolar Terracota 100 Ml - Art VallARTa","robots":{"index":"index","follow":"follow","max-snippet":"max-snippet:-1","max-image-preview":"max-image-preview:large","max-video-preview":"max-video-preview:-1"},"canonical":"https:\/\/artvallarta.com\/es\/producto\/acr-esc-terracota-100-ml\/","og_locale":"es_ES","og_type":"article","og_title":"Rodin Pintura Acrilica Escolar Terracota 100 Ml - Art VallARTa","og_description":"Pintura elaborada con emulsi\u00f3n pl\u00e1stica de gran adherencia tanto a superficies r\u00edgidas como a flexibles, como papel, cart\u00f3n, madera, cemento, yeso, metales, unicel, tela y cer\u00e1mica.  Paint made with a highly-adhesive plastic emulsion that works on both rigid and flexible surfaces like paper, cardboard, wood, cement, plaster, metal, styrofoam, fabric and ceramic.","og_url":"https:\/\/artvallarta.com\/es\/producto\/acr-esc-terracota-100-ml\/","og_site_name":"Art VallARTa","article_publisher":"http:\/\/www.facebook.com\/artvallarta","article_modified_time":"2025-06-02T19:07:57+00:00","og_image":[{"width":273,"height":489,"url":"https:\/\/artvallarta.com\/wp-content\/uploads\/2020\/04\/917658-MLM31725527150_082019-O.jpg","type":"image\/jpeg"}],"twitter_card":"summary_large_image","twitter_misc":{"Tiempo de lectura":"1 minuto"},"schema":{"@context":"https:\/\/schema.org","@graph":[{"@type":"WebPage","@id":"https:\/\/artvallarta.com\/es\/producto\/acr-esc-terracota-100-ml\/","url":"https:\/\/artvallarta.com\/es\/producto\/acr-esc-terracota-100-ml\/","name":"Rodin Pintura Acrilica Escolar Terracota 100 Ml - Art VallARTa","isPartOf":{"@id":"https:\/\/artvallarta.com\/es\/#website"},"primaryImageOfPage":{"@id":"https:\/\/artvallarta.com\/es\/producto\/acr-esc-terracota-100-ml\/#primaryimage"},"image":{"@id":"https:\/\/artvallarta.com\/es\/producto\/acr-esc-terracota-100-ml\/#primaryimage"},"thumbnailUrl":"https:\/\/artvallarta.com\/wp-content\/uploads\/2020\/04\/917658-MLM31725527150_082019-O.jpg","datePublished":"2019-01-19T19:48:25+00:00","dateModified":"2025-06-02T19:07:57+00:00","breadcrumb":{"@id":"https:\/\/artvallarta.com\/es\/producto\/acr-esc-terracota-100-ml\/#breadcrumb"},"inLanguage":"es","potentialAction":[{"@type":"ReadAction","target":["https:\/\/artvallarta.com\/es\/producto\/acr-esc-terracota-100-ml\/"]}]},{"@type":"ImageObject","inLanguage":"es","@id":"https:\/\/artvallarta.com\/es\/producto\/acr-esc-terracota-100-ml\/#primaryimage","url":"https:\/\/artvallarta.com\/wp-content\/uploads\/2020\/04\/917658-MLM31725527150_082019-O.jpg","contentUrl":"https:\/\/artvallarta.com\/wp-content\/uploads\/2020\/04\/917658-MLM31725527150_082019-O.jpg","width":273,"height":489},{"@type":"BreadcrumbList","@id":"https:\/\/artvallarta.com\/es\/producto\/acr-esc-terracota-100-ml\/#breadcrumb","itemListElement":[{"@type":"ListItem","position":1,"name":"Pagina principal","item":"https:\/\/artvallarta.com\/es\/art-vallarta-puerto-vallarta-mexico-home\/"},{"@type":"ListItem","position":2,"name":"Shop","item":"https:\/\/artvallarta.com\/shop\/"},{"@type":"ListItem","position":3,"name":"Rodin Pintura Acrilica Escolar Terracota 100 Ml"}]},{"@type":"WebSite","@id":"https:\/\/artvallarta.com\/es\/#website","url":"https:\/\/artvallarta.com\/es\/","name":"Art VallARTa","description":"Art VallARTa","publisher":{"@id":"https:\/\/artvallarta.com\/es\/#organization"},"potentialAction":[{"@type":"SearchAction","target":{"@type":"EntryPoint","urlTemplate":"https:\/\/artvallarta.com\/es\/?s={search_term_string}"},"query-input":{"@type":"PropertyValueSpecification","valueRequired":true,"valueName":"search_term_string"}}],"inLanguage":"es"},{"@type":"Organization","@id":"https:\/\/artvallarta.com\/es\/#organization","name":"Art VallARTa","url":"https:\/\/artvallarta.com\/es\/","logo":{"@type":"ImageObject","inLanguage":"es","@id":"https:\/\/artvallarta.com\/es\/#\/schema\/logo\/image\/","url":"https:\/\/artvallarta.com\/wp-content\/uploads\/2019\/02\/51835738_615449708895218_133232196214325248_n.jpg","contentUrl":"https:\/\/artvallarta.com\/wp-content\/uploads\/2019\/02\/51835738_615449708895218_133232196214325248_n.jpg","width":2048,"height":1466,"caption":"Art VallARTa"},"image":{"@id":"https:\/\/artvallarta.com\/es\/#\/schema\/logo\/image\/"},"sameAs":["http:\/\/www.facebook.com\/artvallarta","http:\/\/www.instagram.com\/artvallarta","http:\/\/www.pinterest\/artvallarta","https:\/\/www.youtube.com\/channel\/UCOqDy2Oyk7EU4tz3S2Gl7kQ"]}]}},"_links":{"self":[{"href":"https:\/\/artvallarta.com\/es\/wp-json\/wp\/v2\/product\/59940","targetHints":{"allow":["GET"]}}],"collection":[{"href":"https:\/\/artvallarta.com\/es\/wp-json\/wp\/v2\/product"}],"about":[{"href":"https:\/\/artvallarta.com\/es\/wp-json\/wp\/v2\/types\/product"}],"version-history":[{"count":1,"href":"https:\/\/artvallarta.com\/es\/wp-json\/wp\/v2\/product\/59940\/revisions"}],"predecessor-version":[{"id":82362,"href":"https:\/\/artvallarta.com\/es\/wp-json\/wp\/v2\/product\/59940\/revisions\/82362"}],"wp:featuredmedia":[{"embeddable":true,"href":"https:\/\/artvallarta.com\/es\/wp-json\/wp\/v2\/media\/59942"}],"wp:attachment":[{"href":"https:\/\/artvallarta.com\/es\/wp-json\/wp\/v2\/media?parent=59940"}],"wp:term":[{"taxonomy":"product_brand","embeddable":true,"href":"https:\/\/artvallarta.com\/es\/wp-json\/wp\/v2\/product_brand?post=59940"},{"taxonomy":"product_cat","embeddable":true,"href":"https:\/\/artvallarta.com\/es\/wp-json\/wp\/v2\/product_cat?post=59940"},{"taxonomy":"product_tag","embeddable":true,"href":"https:\/\/artvallarta.com\/es\/wp-json\/wp\/v2\/product_tag?post=59940"}],"curies":[{"name":"wp","href":"https:\/\/api.w.org\/{rel}","templated":true}]}}