{"id":59734,"date":"2019-01-19T13:49:15","date_gmt":"2019-01-19T19:49:15","guid":{"rendered":"https:\/\/artvallarta.com\/product\/art-board-tablero-de-arte-58-x-46-cm\/"},"modified":"2019-01-19T13:49:15","modified_gmt":"2019-01-19T19:49:15","slug":"art-board-tablero-de-arte-58-x-46-cm","status":"publish","type":"product","link":"https:\/\/artvallarta.com\/es\/producto\/art-board-tablero-de-arte-58-x-46-cm\/","title":{"rendered":"ART BOARD TABLERO DE ARTE 58 x 46 cm"},"content":{"rendered":"<p>ART BOARD TABLERO DE ARTE 58 x 46 cm<\/p>\n","protected":false},"excerpt":{"rendered":"<p>Tablero de arte de madera de 3 mm con dos sujetadores met\u00e1licos y cord\u00f3n el\u00e1stico para detener el papel ideal para estudiantes de dibujo y pintura, muy pr\u00e1ctico para acuarela y pastel, para trabajo en el campo y taller.<\/p>\n<p>3 mm art board with two metal fasteners and elastic cord to hold the paper in its place. Ideal for drawing and painting students. Very practical for watercolors and pastel. For studio and outdoor use.<\/p>\n","protected":false},"featured_media":59735,"template":"","meta":[],"product_brand":[],"product_cat":[1057],"product_tag":[],"class_list":{"0":"post-59734","1":"product","2":"type-product","3":"status-publish","4":"has-post-thumbnail","6":"product_cat-uncatalogued-es","8":"first","9":"outofstock","10":"virtual","11":"taxable","12":"purchasable","13":"product-type-simple"},"yoast_head":"<!-- This site is optimized with the Yoast SEO plugin v27.3 - https:\/\/yoast.com\/product\/yoast-seo-wordpress\/ -->\n<title>ART BOARD TABLERO DE ARTE 58 x 46 cm - Art VallARTa<\/title>\n<meta name=\"robots\" content=\"index, follow, max-snippet:-1, max-image-preview:large, max-video-preview:-1\" \/>\n<link rel=\"canonical\" href=\"https:\/\/artvallarta.com\/es\/producto\/art-board-tablero-de-arte-58-x-46-cm\/\" \/>\n<meta property=\"og:locale\" content=\"es_ES\" \/>\n<meta property=\"og:type\" content=\"article\" \/>\n<meta property=\"og:title\" content=\"ART BOARD TABLERO DE ARTE 58 x 46 cm - Art VallARTa\" \/>\n<meta property=\"og:description\" content=\"Tablero de arte de madera de 3 mm con dos sujetadores met\u00e1licos y cord\u00f3n el\u00e1stico para detener el papel ideal para estudiantes de dibujo y pintura, muy pr\u00e1ctico para acuarela y pastel, para trabajo en el campo y taller.  3 mm art board with two metal fasteners and elastic cord to hold the paper in its place. Ideal for drawing and painting students. Very practical for watercolors and pastel. For studio and outdoor use.\" \/>\n<meta property=\"og:url\" content=\"https:\/\/artvallarta.com\/es\/producto\/art-board-tablero-de-arte-58-x-46-cm\/\" \/>\n<meta property=\"og:site_name\" content=\"Art VallARTa\" \/>\n<meta property=\"article:publisher\" content=\"http:\/\/www.facebook.com\/artvallarta\" \/>\n<meta property=\"og:image\" content=\"https:\/\/artvallarta.com\/wp-content\/uploads\/2020\/07\/cropped-51835738_615449708895218_133232196214325248_n.jpg\" \/>\n\t<meta property=\"og:image:width\" content=\"167\" \/>\n\t<meta property=\"og:image:height\" content=\"119\" \/>\n\t<meta property=\"og:image:type\" content=\"image\/jpeg\" \/>\n<meta name=\"twitter:card\" content=\"summary_large_image\" \/>\n<script type=\"application\/ld+json\" class=\"yoast-schema-graph\">{\"@context\":\"https:\\\/\\\/schema.org\",\"@graph\":[{\"@type\":\"WebPage\",\"@id\":\"https:\\\/\\\/artvallarta.com\\\/es\\\/producto\\\/art-board-tablero-de-arte-58-x-46-cm\\\/\",\"url\":\"https:\\\/\\\/artvallarta.com\\\/es\\\/producto\\\/art-board-tablero-de-arte-58-x-46-cm\\\/\",\"name\":\"ART BOARD TABLERO DE ARTE 58 x 46 cm - Art VallARTa\",\"isPartOf\":{\"@id\":\"https:\\\/\\\/artvallarta.com\\\/es\\\/#website\"},\"primaryImageOfPage\":{\"@id\":\"https:\\\/\\\/artvallarta.com\\\/es\\\/producto\\\/art-board-tablero-de-arte-58-x-46-cm\\\/#primaryimage\"},\"image\":{\"@id\":\"https:\\\/\\\/artvallarta.com\\\/es\\\/producto\\\/art-board-tablero-de-arte-58-x-46-cm\\\/#primaryimage\"},\"thumbnailUrl\":\"\",\"datePublished\":\"2019-01-19T19:49:15+00:00\",\"breadcrumb\":{\"@id\":\"https:\\\/\\\/artvallarta.com\\\/es\\\/producto\\\/art-board-tablero-de-arte-58-x-46-cm\\\/#breadcrumb\"},\"inLanguage\":\"es\",\"potentialAction\":[{\"@type\":\"ReadAction\",\"target\":[\"https:\\\/\\\/artvallarta.com\\\/es\\\/producto\\\/art-board-tablero-de-arte-58-x-46-cm\\\/\"]}]},{\"@type\":\"ImageObject\",\"inLanguage\":\"es\",\"@id\":\"https:\\\/\\\/artvallarta.com\\\/es\\\/producto\\\/art-board-tablero-de-arte-58-x-46-cm\\\/#primaryimage\",\"url\":\"\",\"contentUrl\":\"\",\"width\":500,\"height\":500},{\"@type\":\"BreadcrumbList\",\"@id\":\"https:\\\/\\\/artvallarta.com\\\/es\\\/producto\\\/art-board-tablero-de-arte-58-x-46-cm\\\/#breadcrumb\",\"itemListElement\":[{\"@type\":\"ListItem\",\"position\":1,\"name\":\"Pagina principal\",\"item\":\"https:\\\/\\\/artvallarta.com\\\/es\\\/art-vallarta-puerto-vallarta-mexico-home\\\/\"},{\"@type\":\"ListItem\",\"position\":2,\"name\":\"Shop\",\"item\":\"https:\\\/\\\/artvallarta.com\\\/shop\\\/\"},{\"@type\":\"ListItem\",\"position\":3,\"name\":\"ART BOARD TABLERO DE ARTE 58 x 46 cm\"}]},{\"@type\":\"WebSite\",\"@id\":\"https:\\\/\\\/artvallarta.com\\\/es\\\/#website\",\"url\":\"https:\\\/\\\/artvallarta.com\\\/es\\\/\",\"name\":\"Art VallARTa\",\"description\":\"Art VallARTa\",\"publisher\":{\"@id\":\"https:\\\/\\\/artvallarta.com\\\/es\\\/#organization\"},\"potentialAction\":[{\"@type\":\"SearchAction\",\"target\":{\"@type\":\"EntryPoint\",\"urlTemplate\":\"https:\\\/\\\/artvallarta.com\\\/es\\\/?s={search_term_string}\"},\"query-input\":{\"@type\":\"PropertyValueSpecification\",\"valueRequired\":true,\"valueName\":\"search_term_string\"}}],\"inLanguage\":\"es\"},{\"@type\":\"Organization\",\"@id\":\"https:\\\/\\\/artvallarta.com\\\/es\\\/#organization\",\"name\":\"Art VallARTa\",\"url\":\"https:\\\/\\\/artvallarta.com\\\/es\\\/\",\"logo\":{\"@type\":\"ImageObject\",\"inLanguage\":\"es\",\"@id\":\"https:\\\/\\\/artvallarta.com\\\/es\\\/#\\\/schema\\\/logo\\\/image\\\/\",\"url\":\"https:\\\/\\\/artvallarta.com\\\/wp-content\\\/uploads\\\/2019\\\/02\\\/51835738_615449708895218_133232196214325248_n.jpg\",\"contentUrl\":\"https:\\\/\\\/artvallarta.com\\\/wp-content\\\/uploads\\\/2019\\\/02\\\/51835738_615449708895218_133232196214325248_n.jpg\",\"width\":2048,\"height\":1466,\"caption\":\"Art VallARTa\"},\"image\":{\"@id\":\"https:\\\/\\\/artvallarta.com\\\/es\\\/#\\\/schema\\\/logo\\\/image\\\/\"},\"sameAs\":[\"http:\\\/\\\/www.facebook.com\\\/artvallarta\",\"http:\\\/\\\/www.instagram.com\\\/artvallarta\",\"http:\\\/\\\/www.pinterest\\\/artvallarta\",\"https:\\\/\\\/www.youtube.com\\\/channel\\\/UCOqDy2Oyk7EU4tz3S2Gl7kQ\"]}]}<\/script>\n<!-- \/ Yoast SEO plugin. -->","yoast_head_json":{"title":"ART BOARD TABLERO DE ARTE 58 x 46 cm - Art VallARTa","robots":{"index":"index","follow":"follow","max-snippet":"max-snippet:-1","max-image-preview":"max-image-preview:large","max-video-preview":"max-video-preview:-1"},"canonical":"https:\/\/artvallarta.com\/es\/producto\/art-board-tablero-de-arte-58-x-46-cm\/","og_locale":"es_ES","og_type":"article","og_title":"ART BOARD TABLERO DE ARTE 58 x 46 cm - Art VallARTa","og_description":"Tablero de arte de madera de 3 mm con dos sujetadores met\u00e1licos y cord\u00f3n el\u00e1stico para detener el papel ideal para estudiantes de dibujo y pintura, muy pr\u00e1ctico para acuarela y pastel, para trabajo en el campo y taller.  3 mm art board with two metal fasteners and elastic cord to hold the paper in its place. Ideal for drawing and painting students. Very practical for watercolors and pastel. For studio and outdoor use.","og_url":"https:\/\/artvallarta.com\/es\/producto\/art-board-tablero-de-arte-58-x-46-cm\/","og_site_name":"Art VallARTa","article_publisher":"http:\/\/www.facebook.com\/artvallarta","og_image":[{"width":167,"height":119,"url":"https:\/\/artvallarta.com\/wp-content\/uploads\/2020\/07\/cropped-51835738_615449708895218_133232196214325248_n.jpg","type":"image\/jpeg"}],"twitter_card":"summary_large_image","schema":{"@context":"https:\/\/schema.org","@graph":[{"@type":"WebPage","@id":"https:\/\/artvallarta.com\/es\/producto\/art-board-tablero-de-arte-58-x-46-cm\/","url":"https:\/\/artvallarta.com\/es\/producto\/art-board-tablero-de-arte-58-x-46-cm\/","name":"ART BOARD TABLERO DE ARTE 58 x 46 cm - Art VallARTa","isPartOf":{"@id":"https:\/\/artvallarta.com\/es\/#website"},"primaryImageOfPage":{"@id":"https:\/\/artvallarta.com\/es\/producto\/art-board-tablero-de-arte-58-x-46-cm\/#primaryimage"},"image":{"@id":"https:\/\/artvallarta.com\/es\/producto\/art-board-tablero-de-arte-58-x-46-cm\/#primaryimage"},"thumbnailUrl":"","datePublished":"2019-01-19T19:49:15+00:00","breadcrumb":{"@id":"https:\/\/artvallarta.com\/es\/producto\/art-board-tablero-de-arte-58-x-46-cm\/#breadcrumb"},"inLanguage":"es","potentialAction":[{"@type":"ReadAction","target":["https:\/\/artvallarta.com\/es\/producto\/art-board-tablero-de-arte-58-x-46-cm\/"]}]},{"@type":"ImageObject","inLanguage":"es","@id":"https:\/\/artvallarta.com\/es\/producto\/art-board-tablero-de-arte-58-x-46-cm\/#primaryimage","url":"","contentUrl":"","width":500,"height":500},{"@type":"BreadcrumbList","@id":"https:\/\/artvallarta.com\/es\/producto\/art-board-tablero-de-arte-58-x-46-cm\/#breadcrumb","itemListElement":[{"@type":"ListItem","position":1,"name":"Pagina principal","item":"https:\/\/artvallarta.com\/es\/art-vallarta-puerto-vallarta-mexico-home\/"},{"@type":"ListItem","position":2,"name":"Shop","item":"https:\/\/artvallarta.com\/shop\/"},{"@type":"ListItem","position":3,"name":"ART BOARD TABLERO DE ARTE 58 x 46 cm"}]},{"@type":"WebSite","@id":"https:\/\/artvallarta.com\/es\/#website","url":"https:\/\/artvallarta.com\/es\/","name":"Art VallARTa","description":"Art VallARTa","publisher":{"@id":"https:\/\/artvallarta.com\/es\/#organization"},"potentialAction":[{"@type":"SearchAction","target":{"@type":"EntryPoint","urlTemplate":"https:\/\/artvallarta.com\/es\/?s={search_term_string}"},"query-input":{"@type":"PropertyValueSpecification","valueRequired":true,"valueName":"search_term_string"}}],"inLanguage":"es"},{"@type":"Organization","@id":"https:\/\/artvallarta.com\/es\/#organization","name":"Art VallARTa","url":"https:\/\/artvallarta.com\/es\/","logo":{"@type":"ImageObject","inLanguage":"es","@id":"https:\/\/artvallarta.com\/es\/#\/schema\/logo\/image\/","url":"https:\/\/artvallarta.com\/wp-content\/uploads\/2019\/02\/51835738_615449708895218_133232196214325248_n.jpg","contentUrl":"https:\/\/artvallarta.com\/wp-content\/uploads\/2019\/02\/51835738_615449708895218_133232196214325248_n.jpg","width":2048,"height":1466,"caption":"Art VallARTa"},"image":{"@id":"https:\/\/artvallarta.com\/es\/#\/schema\/logo\/image\/"},"sameAs":["http:\/\/www.facebook.com\/artvallarta","http:\/\/www.instagram.com\/artvallarta","http:\/\/www.pinterest\/artvallarta","https:\/\/www.youtube.com\/channel\/UCOqDy2Oyk7EU4tz3S2Gl7kQ"]}]}},"_links":{"self":[{"href":"https:\/\/artvallarta.com\/es\/wp-json\/wp\/v2\/product\/59734","targetHints":{"allow":["GET"]}}],"collection":[{"href":"https:\/\/artvallarta.com\/es\/wp-json\/wp\/v2\/product"}],"about":[{"href":"https:\/\/artvallarta.com\/es\/wp-json\/wp\/v2\/types\/product"}],"version-history":[{"count":0,"href":"https:\/\/artvallarta.com\/es\/wp-json\/wp\/v2\/product\/59734\/revisions"}],"wp:featuredmedia":[{"embeddable":true,"href":"https:\/\/artvallarta.com\/es\/wp-json\/wp\/v2\/media\/59735"}],"wp:attachment":[{"href":"https:\/\/artvallarta.com\/es\/wp-json\/wp\/v2\/media?parent=59734"}],"wp:term":[{"taxonomy":"product_brand","embeddable":true,"href":"https:\/\/artvallarta.com\/es\/wp-json\/wp\/v2\/product_brand?post=59734"},{"taxonomy":"product_cat","embeddable":true,"href":"https:\/\/artvallarta.com\/es\/wp-json\/wp\/v2\/product_cat?post=59734"},{"taxonomy":"product_tag","embeddable":true,"href":"https:\/\/artvallarta.com\/es\/wp-json\/wp\/v2\/product_tag?post=59734"}],"curies":[{"name":"wp","href":"https:\/\/api.w.org\/{rel}","templated":true}]}}