{"id":59731,"date":"2019-01-19T13:49:15","date_gmt":"2019-01-19T19:49:15","guid":{"rendered":"https:\/\/artvallarta.com\/product\/arches-yellow\/"},"modified":"2019-01-19T13:49:15","modified_gmt":"2019-01-19T19:49:15","slug":"arches-yellow","status":"publish","type":"product","link":"https:\/\/artvallarta.com\/es\/producto\/arches-yellow\/","title":{"rendered":"ARCHES YELLOW"},"content":{"rendered":"<p>Made the traditional way, on a cylinder mould, this paper has a harmonious natural grain. Thanks to this method, the fibres are evenly distributed, the paper slackens uniformly when wet.<\/p>\n<p>Its composition with long fibres of 100% cotton gives the paper its strength, beauty, a natural, lasting whiteness and an inimitable touch.<\/p>\n<p>ARCHES\u00ae is the only paper mill in the world to gelatin size its watercolour paper \u201cto the core\u201d. This preserves the lustre and transparency of the colours whilst preventing paints from penetrating the paper. It allows superposing of washes and gives it added strength to resist erasing and scratching without tearing or linting. It also allows paints to be removed, either wet or dry, easily revealing the whiteness of the paper. ARCHES\u00ae Watercolour paper can absorb a large amount of water with limited deformation.<\/p>\n","protected":false},"excerpt":{"rendered":"<p>Hecho de la manera tradicional, en un molde cil\u00edndrico, este papel tiene un harmonioso grano natural. Gracias a este m\u00e9todo, las fibras est\u00e1n distribuidas uniformemente, por lo que el papel se afloja de tal manera al mojarse.<\/p>\n<p>Su composici\u00f3n con largas fibras de 100% algod\u00f3n le dan a este papel su resistencia, su belleza, una duradera blancura y sensaci\u00f3n al tacto inigualable.<\/p>\n<p>Made the traditional way, on a cylinder mould, this paper has a harmonious natural grain. Thanks to this method, the fibres are evenly distributed, the paper slackens uniformly when wet.<\/p>\n<p>Its composition with long fibres of 100% cotton gives the paper its strength, beauty, a natural, lasting whiteness and an inimitable touch.<\/p>\n","protected":false},"featured_media":59733,"template":"","meta":[],"product_brand":[],"product_cat":[805,806,692],"product_tag":[],"class_list":{"0":"post-59731","1":"product","2":"type-product","3":"status-publish","4":"has-post-thumbnail","6":"product_cat-watercolor-es","7":"product_cat-paper-es","8":"product_cat-art-supplies-es","10":"first","11":"outofstock","12":"taxable","13":"shipping-taxable","14":"purchasable","15":"product-type-simple"},"yoast_head":"<!-- This site is optimized with the Yoast SEO plugin v27.3 - https:\/\/yoast.com\/product\/yoast-seo-wordpress\/ -->\n<title>ARCHES YELLOW - Art VallARTa<\/title>\n<meta name=\"robots\" content=\"index, follow, max-snippet:-1, max-image-preview:large, max-video-preview:-1\" \/>\n<link rel=\"canonical\" href=\"https:\/\/artvallarta.com\/es\/producto\/arches-yellow\/\" \/>\n<meta property=\"og:locale\" content=\"es_ES\" \/>\n<meta property=\"og:type\" content=\"article\" \/>\n<meta property=\"og:title\" content=\"ARCHES YELLOW - Art VallARTa\" \/>\n<meta property=\"og:description\" content=\"Hecho de la manera tradicional, en un molde cil\u00edndrico, este papel tiene un harmonioso grano natural. Gracias a este m\u00e9todo, las fibras est\u00e1n distribuidas uniformemente, por lo que el papel se afloja de tal manera al mojarse.  Su composici\u00f3n con largas fibras de 100% algod\u00f3n le dan a este papel su resistencia, su belleza, una duradera blancura y sensaci\u00f3n al tacto inigualable.  Made the traditional way, on a cylinder mould, this paper has a harmonious natural grain. Thanks to this method, the fibres are evenly distributed, the paper slackens uniformly when wet.  Its composition with long fibres of 100% cotton gives the paper its strength, beauty, a natural, lasting whiteness and an inimitable touch.\" \/>\n<meta property=\"og:url\" content=\"https:\/\/artvallarta.com\/es\/producto\/arches-yellow\/\" \/>\n<meta property=\"og:site_name\" content=\"Art VallARTa\" \/>\n<meta property=\"article:publisher\" content=\"http:\/\/www.facebook.com\/artvallarta\" \/>\n<meta property=\"og:image\" content=\"https:\/\/artvallarta.com\/wp-content\/uploads\/2019\/01\/arches-yellow.jpg\" \/>\n\t<meta property=\"og:image:width\" content=\"355\" \/>\n\t<meta property=\"og:image:height\" content=\"355\" \/>\n\t<meta property=\"og:image:type\" content=\"image\/jpeg\" \/>\n<meta name=\"twitter:card\" content=\"summary_large_image\" \/>\n<meta name=\"twitter:label1\" content=\"Tiempo de lectura\" \/>\n\t<meta name=\"twitter:data1\" content=\"1 minuto\" \/>\n<script type=\"application\/ld+json\" class=\"yoast-schema-graph\">{\"@context\":\"https:\\\/\\\/schema.org\",\"@graph\":[{\"@type\":\"WebPage\",\"@id\":\"https:\\\/\\\/artvallarta.com\\\/es\\\/producto\\\/arches-yellow\\\/\",\"url\":\"https:\\\/\\\/artvallarta.com\\\/es\\\/producto\\\/arches-yellow\\\/\",\"name\":\"ARCHES YELLOW - Art VallARTa\",\"isPartOf\":{\"@id\":\"https:\\\/\\\/artvallarta.com\\\/es\\\/#website\"},\"primaryImageOfPage\":{\"@id\":\"https:\\\/\\\/artvallarta.com\\\/es\\\/producto\\\/arches-yellow\\\/#primaryimage\"},\"image\":{\"@id\":\"https:\\\/\\\/artvallarta.com\\\/es\\\/producto\\\/arches-yellow\\\/#primaryimage\"},\"thumbnailUrl\":\"https:\\\/\\\/artvallarta.com\\\/wp-content\\\/uploads\\\/2019\\\/01\\\/arches-yellow.jpg\",\"datePublished\":\"2019-01-19T19:49:15+00:00\",\"breadcrumb\":{\"@id\":\"https:\\\/\\\/artvallarta.com\\\/es\\\/producto\\\/arches-yellow\\\/#breadcrumb\"},\"inLanguage\":\"es\",\"potentialAction\":[{\"@type\":\"ReadAction\",\"target\":[\"https:\\\/\\\/artvallarta.com\\\/es\\\/producto\\\/arches-yellow\\\/\"]}]},{\"@type\":\"ImageObject\",\"inLanguage\":\"es\",\"@id\":\"https:\\\/\\\/artvallarta.com\\\/es\\\/producto\\\/arches-yellow\\\/#primaryimage\",\"url\":\"https:\\\/\\\/artvallarta.com\\\/wp-content\\\/uploads\\\/2019\\\/01\\\/arches-yellow.jpg\",\"contentUrl\":\"https:\\\/\\\/artvallarta.com\\\/wp-content\\\/uploads\\\/2019\\\/01\\\/arches-yellow.jpg\",\"width\":355,\"height\":355},{\"@type\":\"BreadcrumbList\",\"@id\":\"https:\\\/\\\/artvallarta.com\\\/es\\\/producto\\\/arches-yellow\\\/#breadcrumb\",\"itemListElement\":[{\"@type\":\"ListItem\",\"position\":1,\"name\":\"Pagina principal\",\"item\":\"https:\\\/\\\/artvallarta.com\\\/es\\\/art-vallarta-puerto-vallarta-mexico-home\\\/\"},{\"@type\":\"ListItem\",\"position\":2,\"name\":\"Shop\",\"item\":\"https:\\\/\\\/artvallarta.com\\\/shop\\\/\"},{\"@type\":\"ListItem\",\"position\":3,\"name\":\"ARCHES YELLOW\"}]},{\"@type\":\"WebSite\",\"@id\":\"https:\\\/\\\/artvallarta.com\\\/es\\\/#website\",\"url\":\"https:\\\/\\\/artvallarta.com\\\/es\\\/\",\"name\":\"Art VallARTa\",\"description\":\"Art VallARTa\",\"publisher\":{\"@id\":\"https:\\\/\\\/artvallarta.com\\\/es\\\/#organization\"},\"potentialAction\":[{\"@type\":\"SearchAction\",\"target\":{\"@type\":\"EntryPoint\",\"urlTemplate\":\"https:\\\/\\\/artvallarta.com\\\/es\\\/?s={search_term_string}\"},\"query-input\":{\"@type\":\"PropertyValueSpecification\",\"valueRequired\":true,\"valueName\":\"search_term_string\"}}],\"inLanguage\":\"es\"},{\"@type\":\"Organization\",\"@id\":\"https:\\\/\\\/artvallarta.com\\\/es\\\/#organization\",\"name\":\"Art VallARTa\",\"url\":\"https:\\\/\\\/artvallarta.com\\\/es\\\/\",\"logo\":{\"@type\":\"ImageObject\",\"inLanguage\":\"es\",\"@id\":\"https:\\\/\\\/artvallarta.com\\\/es\\\/#\\\/schema\\\/logo\\\/image\\\/\",\"url\":\"https:\\\/\\\/artvallarta.com\\\/wp-content\\\/uploads\\\/2019\\\/02\\\/51835738_615449708895218_133232196214325248_n.jpg\",\"contentUrl\":\"https:\\\/\\\/artvallarta.com\\\/wp-content\\\/uploads\\\/2019\\\/02\\\/51835738_615449708895218_133232196214325248_n.jpg\",\"width\":2048,\"height\":1466,\"caption\":\"Art VallARTa\"},\"image\":{\"@id\":\"https:\\\/\\\/artvallarta.com\\\/es\\\/#\\\/schema\\\/logo\\\/image\\\/\"},\"sameAs\":[\"http:\\\/\\\/www.facebook.com\\\/artvallarta\",\"http:\\\/\\\/www.instagram.com\\\/artvallarta\",\"http:\\\/\\\/www.pinterest\\\/artvallarta\",\"https:\\\/\\\/www.youtube.com\\\/channel\\\/UCOqDy2Oyk7EU4tz3S2Gl7kQ\"]}]}<\/script>\n<!-- \/ Yoast SEO plugin. -->","yoast_head_json":{"title":"ARCHES YELLOW - Art VallARTa","robots":{"index":"index","follow":"follow","max-snippet":"max-snippet:-1","max-image-preview":"max-image-preview:large","max-video-preview":"max-video-preview:-1"},"canonical":"https:\/\/artvallarta.com\/es\/producto\/arches-yellow\/","og_locale":"es_ES","og_type":"article","og_title":"ARCHES YELLOW - Art VallARTa","og_description":"Hecho de la manera tradicional, en un molde cil\u00edndrico, este papel tiene un harmonioso grano natural. Gracias a este m\u00e9todo, las fibras est\u00e1n distribuidas uniformemente, por lo que el papel se afloja de tal manera al mojarse.  Su composici\u00f3n con largas fibras de 100% algod\u00f3n le dan a este papel su resistencia, su belleza, una duradera blancura y sensaci\u00f3n al tacto inigualable.  Made the traditional way, on a cylinder mould, this paper has a harmonious natural grain. Thanks to this method, the fibres are evenly distributed, the paper slackens uniformly when wet.  Its composition with long fibres of 100% cotton gives the paper its strength, beauty, a natural, lasting whiteness and an inimitable touch.","og_url":"https:\/\/artvallarta.com\/es\/producto\/arches-yellow\/","og_site_name":"Art VallARTa","article_publisher":"http:\/\/www.facebook.com\/artvallarta","og_image":[{"width":355,"height":355,"url":"https:\/\/artvallarta.com\/wp-content\/uploads\/2019\/01\/arches-yellow.jpg","type":"image\/jpeg"}],"twitter_card":"summary_large_image","twitter_misc":{"Tiempo de lectura":"1 minuto"},"schema":{"@context":"https:\/\/schema.org","@graph":[{"@type":"WebPage","@id":"https:\/\/artvallarta.com\/es\/producto\/arches-yellow\/","url":"https:\/\/artvallarta.com\/es\/producto\/arches-yellow\/","name":"ARCHES YELLOW - Art VallARTa","isPartOf":{"@id":"https:\/\/artvallarta.com\/es\/#website"},"primaryImageOfPage":{"@id":"https:\/\/artvallarta.com\/es\/producto\/arches-yellow\/#primaryimage"},"image":{"@id":"https:\/\/artvallarta.com\/es\/producto\/arches-yellow\/#primaryimage"},"thumbnailUrl":"https:\/\/artvallarta.com\/wp-content\/uploads\/2019\/01\/arches-yellow.jpg","datePublished":"2019-01-19T19:49:15+00:00","breadcrumb":{"@id":"https:\/\/artvallarta.com\/es\/producto\/arches-yellow\/#breadcrumb"},"inLanguage":"es","potentialAction":[{"@type":"ReadAction","target":["https:\/\/artvallarta.com\/es\/producto\/arches-yellow\/"]}]},{"@type":"ImageObject","inLanguage":"es","@id":"https:\/\/artvallarta.com\/es\/producto\/arches-yellow\/#primaryimage","url":"https:\/\/artvallarta.com\/wp-content\/uploads\/2019\/01\/arches-yellow.jpg","contentUrl":"https:\/\/artvallarta.com\/wp-content\/uploads\/2019\/01\/arches-yellow.jpg","width":355,"height":355},{"@type":"BreadcrumbList","@id":"https:\/\/artvallarta.com\/es\/producto\/arches-yellow\/#breadcrumb","itemListElement":[{"@type":"ListItem","position":1,"name":"Pagina principal","item":"https:\/\/artvallarta.com\/es\/art-vallarta-puerto-vallarta-mexico-home\/"},{"@type":"ListItem","position":2,"name":"Shop","item":"https:\/\/artvallarta.com\/shop\/"},{"@type":"ListItem","position":3,"name":"ARCHES YELLOW"}]},{"@type":"WebSite","@id":"https:\/\/artvallarta.com\/es\/#website","url":"https:\/\/artvallarta.com\/es\/","name":"Art VallARTa","description":"Art VallARTa","publisher":{"@id":"https:\/\/artvallarta.com\/es\/#organization"},"potentialAction":[{"@type":"SearchAction","target":{"@type":"EntryPoint","urlTemplate":"https:\/\/artvallarta.com\/es\/?s={search_term_string}"},"query-input":{"@type":"PropertyValueSpecification","valueRequired":true,"valueName":"search_term_string"}}],"inLanguage":"es"},{"@type":"Organization","@id":"https:\/\/artvallarta.com\/es\/#organization","name":"Art VallARTa","url":"https:\/\/artvallarta.com\/es\/","logo":{"@type":"ImageObject","inLanguage":"es","@id":"https:\/\/artvallarta.com\/es\/#\/schema\/logo\/image\/","url":"https:\/\/artvallarta.com\/wp-content\/uploads\/2019\/02\/51835738_615449708895218_133232196214325248_n.jpg","contentUrl":"https:\/\/artvallarta.com\/wp-content\/uploads\/2019\/02\/51835738_615449708895218_133232196214325248_n.jpg","width":2048,"height":1466,"caption":"Art VallARTa"},"image":{"@id":"https:\/\/artvallarta.com\/es\/#\/schema\/logo\/image\/"},"sameAs":["http:\/\/www.facebook.com\/artvallarta","http:\/\/www.instagram.com\/artvallarta","http:\/\/www.pinterest\/artvallarta","https:\/\/www.youtube.com\/channel\/UCOqDy2Oyk7EU4tz3S2Gl7kQ"]}]}},"_links":{"self":[{"href":"https:\/\/artvallarta.com\/es\/wp-json\/wp\/v2\/product\/59731","targetHints":{"allow":["GET"]}}],"collection":[{"href":"https:\/\/artvallarta.com\/es\/wp-json\/wp\/v2\/product"}],"about":[{"href":"https:\/\/artvallarta.com\/es\/wp-json\/wp\/v2\/types\/product"}],"version-history":[{"count":0,"href":"https:\/\/artvallarta.com\/es\/wp-json\/wp\/v2\/product\/59731\/revisions"}],"wp:featuredmedia":[{"embeddable":true,"href":"https:\/\/artvallarta.com\/es\/wp-json\/wp\/v2\/media\/59733"}],"wp:attachment":[{"href":"https:\/\/artvallarta.com\/es\/wp-json\/wp\/v2\/media?parent=59731"}],"wp:term":[{"taxonomy":"product_brand","embeddable":true,"href":"https:\/\/artvallarta.com\/es\/wp-json\/wp\/v2\/product_brand?post=59731"},{"taxonomy":"product_cat","embeddable":true,"href":"https:\/\/artvallarta.com\/es\/wp-json\/wp\/v2\/product_cat?post=59731"},{"taxonomy":"product_tag","embeddable":true,"href":"https:\/\/artvallarta.com\/es\/wp-json\/wp\/v2\/product_tag?post=59731"}],"curies":[{"name":"wp","href":"https:\/\/api.w.org\/{rel}","templated":true}]}}