{"id":59726,"date":"2019-01-19T13:49:15","date_gmt":"2019-01-19T19:49:15","guid":{"rendered":"https:\/\/artvallarta.com\/product\/arches-red\/"},"modified":"2019-01-19T13:49:15","modified_gmt":"2019-01-19T19:49:15","slug":"arches-red","status":"publish","type":"product","link":"https:\/\/artvallarta.com\/es\/producto\/arches-red\/","title":{"rendered":"ARCHES RED"},"content":{"rendered":"<p>ARCHES RED<\/p>\n","protected":false},"excerpt":{"rendered":"<p>uniformemente, por lo que el papel se afloja de tal manera al mojarse.<\/p>\n<p>Su composici\u00f3n con largas fibras de 100% algod\u00f3n le dan a este papel su resistencia, su belleza, una duradera blancura y sensaci\u00f3n al tacto inigualable.<\/p>\n<p>Made the traditional way, on a cylinder mould, this paper has a harmonious natural grain. Thanks to this method, the fibres are evenly distributed, the paper slackens uniformly when wet.<\/p>\n<p>Its composition with long fibres of 100% cotton gives the paper its strength, beauty, a natural, lasting whiteness and an inimitable touch.<\/p>\n","protected":false},"featured_media":59728,"template":"","meta":[],"product_brand":[],"product_cat":[805,780,806,692,774],"product_tag":[],"class_list":{"0":"post-59726","1":"product","2":"type-product","3":"status-publish","4":"has-post-thumbnail","6":"product_cat-watercolor-es","7":"product_cat-sketchbooks-es","8":"product_cat-paper-es","9":"product_cat-art-supplies-es","10":"product_cat-drawing-supplies-es","12":"first","13":"outofstock","14":"taxable","15":"shipping-taxable","16":"purchasable","17":"product-type-simple"},"yoast_head":"<!-- This site is optimized with the Yoast SEO plugin v27.3 - https:\/\/yoast.com\/product\/yoast-seo-wordpress\/ -->\n<title>ARCHES RED - Art VallARTa<\/title>\n<meta name=\"robots\" content=\"index, follow, max-snippet:-1, max-image-preview:large, max-video-preview:-1\" \/>\n<link rel=\"canonical\" href=\"https:\/\/artvallarta.com\/es\/producto\/arches-red\/\" \/>\n<meta property=\"og:locale\" content=\"es_ES\" \/>\n<meta property=\"og:type\" content=\"article\" \/>\n<meta property=\"og:title\" content=\"ARCHES RED - Art VallARTa\" \/>\n<meta property=\"og:description\" content=\"uniformemente, por lo que el papel se afloja de tal manera al mojarse.  Su composici\u00f3n con largas fibras de 100% algod\u00f3n le dan a este papel su resistencia, su belleza, una duradera blancura y sensaci\u00f3n al tacto inigualable.  Made the traditional way, on a cylinder mould, this paper has a harmonious natural grain. Thanks to this method, the fibres are evenly distributed, the paper slackens uniformly when wet.  Its composition with long fibres of 100% cotton gives the paper its strength, beauty, a natural, lasting whiteness and an inimitable touch.\" \/>\n<meta property=\"og:url\" content=\"https:\/\/artvallarta.com\/es\/producto\/arches-red\/\" \/>\n<meta property=\"og:site_name\" content=\"Art VallARTa\" \/>\n<meta property=\"article:publisher\" content=\"http:\/\/www.facebook.com\/artvallarta\" \/>\n<meta property=\"og:image\" content=\"https:\/\/artvallarta.com\/wp-content\/uploads\/2019\/01\/200006578_Arches_Oil_Pad_9x12__82300.1427417295.jpg\" \/>\n\t<meta property=\"og:image:width\" content=\"791\" \/>\n\t<meta property=\"og:image:height\" content=\"800\" \/>\n\t<meta property=\"og:image:type\" content=\"image\/jpeg\" \/>\n<meta name=\"twitter:card\" content=\"summary_large_image\" \/>\n<script type=\"application\/ld+json\" class=\"yoast-schema-graph\">{\"@context\":\"https:\\\/\\\/schema.org\",\"@graph\":[{\"@type\":\"WebPage\",\"@id\":\"https:\\\/\\\/artvallarta.com\\\/es\\\/producto\\\/arches-red\\\/\",\"url\":\"https:\\\/\\\/artvallarta.com\\\/es\\\/producto\\\/arches-red\\\/\",\"name\":\"ARCHES RED - Art VallARTa\",\"isPartOf\":{\"@id\":\"https:\\\/\\\/artvallarta.com\\\/es\\\/#website\"},\"primaryImageOfPage\":{\"@id\":\"https:\\\/\\\/artvallarta.com\\\/es\\\/producto\\\/arches-red\\\/#primaryimage\"},\"image\":{\"@id\":\"https:\\\/\\\/artvallarta.com\\\/es\\\/producto\\\/arches-red\\\/#primaryimage\"},\"thumbnailUrl\":\"https:\\\/\\\/artvallarta.com\\\/wp-content\\\/uploads\\\/2019\\\/01\\\/200006578_Arches_Oil_Pad_9x12__82300.1427417295.jpg\",\"datePublished\":\"2019-01-19T19:49:15+00:00\",\"breadcrumb\":{\"@id\":\"https:\\\/\\\/artvallarta.com\\\/es\\\/producto\\\/arches-red\\\/#breadcrumb\"},\"inLanguage\":\"es\",\"potentialAction\":[{\"@type\":\"ReadAction\",\"target\":[\"https:\\\/\\\/artvallarta.com\\\/es\\\/producto\\\/arches-red\\\/\"]}]},{\"@type\":\"ImageObject\",\"inLanguage\":\"es\",\"@id\":\"https:\\\/\\\/artvallarta.com\\\/es\\\/producto\\\/arches-red\\\/#primaryimage\",\"url\":\"https:\\\/\\\/artvallarta.com\\\/wp-content\\\/uploads\\\/2019\\\/01\\\/200006578_Arches_Oil_Pad_9x12__82300.1427417295.jpg\",\"contentUrl\":\"https:\\\/\\\/artvallarta.com\\\/wp-content\\\/uploads\\\/2019\\\/01\\\/200006578_Arches_Oil_Pad_9x12__82300.1427417295.jpg\",\"width\":791,\"height\":800},{\"@type\":\"BreadcrumbList\",\"@id\":\"https:\\\/\\\/artvallarta.com\\\/es\\\/producto\\\/arches-red\\\/#breadcrumb\",\"itemListElement\":[{\"@type\":\"ListItem\",\"position\":1,\"name\":\"Pagina principal\",\"item\":\"https:\\\/\\\/artvallarta.com\\\/es\\\/art-vallarta-puerto-vallarta-mexico-home\\\/\"},{\"@type\":\"ListItem\",\"position\":2,\"name\":\"Shop\",\"item\":\"https:\\\/\\\/artvallarta.com\\\/shop\\\/\"},{\"@type\":\"ListItem\",\"position\":3,\"name\":\"ARCHES RED\"}]},{\"@type\":\"WebSite\",\"@id\":\"https:\\\/\\\/artvallarta.com\\\/es\\\/#website\",\"url\":\"https:\\\/\\\/artvallarta.com\\\/es\\\/\",\"name\":\"Art VallARTa\",\"description\":\"Art VallARTa\",\"publisher\":{\"@id\":\"https:\\\/\\\/artvallarta.com\\\/es\\\/#organization\"},\"potentialAction\":[{\"@type\":\"SearchAction\",\"target\":{\"@type\":\"EntryPoint\",\"urlTemplate\":\"https:\\\/\\\/artvallarta.com\\\/es\\\/?s={search_term_string}\"},\"query-input\":{\"@type\":\"PropertyValueSpecification\",\"valueRequired\":true,\"valueName\":\"search_term_string\"}}],\"inLanguage\":\"es\"},{\"@type\":\"Organization\",\"@id\":\"https:\\\/\\\/artvallarta.com\\\/es\\\/#organization\",\"name\":\"Art VallARTa\",\"url\":\"https:\\\/\\\/artvallarta.com\\\/es\\\/\",\"logo\":{\"@type\":\"ImageObject\",\"inLanguage\":\"es\",\"@id\":\"https:\\\/\\\/artvallarta.com\\\/es\\\/#\\\/schema\\\/logo\\\/image\\\/\",\"url\":\"https:\\\/\\\/artvallarta.com\\\/wp-content\\\/uploads\\\/2019\\\/02\\\/51835738_615449708895218_133232196214325248_n.jpg\",\"contentUrl\":\"https:\\\/\\\/artvallarta.com\\\/wp-content\\\/uploads\\\/2019\\\/02\\\/51835738_615449708895218_133232196214325248_n.jpg\",\"width\":2048,\"height\":1466,\"caption\":\"Art VallARTa\"},\"image\":{\"@id\":\"https:\\\/\\\/artvallarta.com\\\/es\\\/#\\\/schema\\\/logo\\\/image\\\/\"},\"sameAs\":[\"http:\\\/\\\/www.facebook.com\\\/artvallarta\",\"http:\\\/\\\/www.instagram.com\\\/artvallarta\",\"http:\\\/\\\/www.pinterest\\\/artvallarta\",\"https:\\\/\\\/www.youtube.com\\\/channel\\\/UCOqDy2Oyk7EU4tz3S2Gl7kQ\"]}]}<\/script>\n<!-- \/ Yoast SEO plugin. -->","yoast_head_json":{"title":"ARCHES RED - Art VallARTa","robots":{"index":"index","follow":"follow","max-snippet":"max-snippet:-1","max-image-preview":"max-image-preview:large","max-video-preview":"max-video-preview:-1"},"canonical":"https:\/\/artvallarta.com\/es\/producto\/arches-red\/","og_locale":"es_ES","og_type":"article","og_title":"ARCHES RED - Art VallARTa","og_description":"uniformemente, por lo que el papel se afloja de tal manera al mojarse.  Su composici\u00f3n con largas fibras de 100% algod\u00f3n le dan a este papel su resistencia, su belleza, una duradera blancura y sensaci\u00f3n al tacto inigualable.  Made the traditional way, on a cylinder mould, this paper has a harmonious natural grain. Thanks to this method, the fibres are evenly distributed, the paper slackens uniformly when wet.  Its composition with long fibres of 100% cotton gives the paper its strength, beauty, a natural, lasting whiteness and an inimitable touch.","og_url":"https:\/\/artvallarta.com\/es\/producto\/arches-red\/","og_site_name":"Art VallARTa","article_publisher":"http:\/\/www.facebook.com\/artvallarta","og_image":[{"width":791,"height":800,"url":"https:\/\/artvallarta.com\/wp-content\/uploads\/2019\/01\/200006578_Arches_Oil_Pad_9x12__82300.1427417295.jpg","type":"image\/jpeg"}],"twitter_card":"summary_large_image","schema":{"@context":"https:\/\/schema.org","@graph":[{"@type":"WebPage","@id":"https:\/\/artvallarta.com\/es\/producto\/arches-red\/","url":"https:\/\/artvallarta.com\/es\/producto\/arches-red\/","name":"ARCHES RED - Art VallARTa","isPartOf":{"@id":"https:\/\/artvallarta.com\/es\/#website"},"primaryImageOfPage":{"@id":"https:\/\/artvallarta.com\/es\/producto\/arches-red\/#primaryimage"},"image":{"@id":"https:\/\/artvallarta.com\/es\/producto\/arches-red\/#primaryimage"},"thumbnailUrl":"https:\/\/artvallarta.com\/wp-content\/uploads\/2019\/01\/200006578_Arches_Oil_Pad_9x12__82300.1427417295.jpg","datePublished":"2019-01-19T19:49:15+00:00","breadcrumb":{"@id":"https:\/\/artvallarta.com\/es\/producto\/arches-red\/#breadcrumb"},"inLanguage":"es","potentialAction":[{"@type":"ReadAction","target":["https:\/\/artvallarta.com\/es\/producto\/arches-red\/"]}]},{"@type":"ImageObject","inLanguage":"es","@id":"https:\/\/artvallarta.com\/es\/producto\/arches-red\/#primaryimage","url":"https:\/\/artvallarta.com\/wp-content\/uploads\/2019\/01\/200006578_Arches_Oil_Pad_9x12__82300.1427417295.jpg","contentUrl":"https:\/\/artvallarta.com\/wp-content\/uploads\/2019\/01\/200006578_Arches_Oil_Pad_9x12__82300.1427417295.jpg","width":791,"height":800},{"@type":"BreadcrumbList","@id":"https:\/\/artvallarta.com\/es\/producto\/arches-red\/#breadcrumb","itemListElement":[{"@type":"ListItem","position":1,"name":"Pagina principal","item":"https:\/\/artvallarta.com\/es\/art-vallarta-puerto-vallarta-mexico-home\/"},{"@type":"ListItem","position":2,"name":"Shop","item":"https:\/\/artvallarta.com\/shop\/"},{"@type":"ListItem","position":3,"name":"ARCHES RED"}]},{"@type":"WebSite","@id":"https:\/\/artvallarta.com\/es\/#website","url":"https:\/\/artvallarta.com\/es\/","name":"Art VallARTa","description":"Art VallARTa","publisher":{"@id":"https:\/\/artvallarta.com\/es\/#organization"},"potentialAction":[{"@type":"SearchAction","target":{"@type":"EntryPoint","urlTemplate":"https:\/\/artvallarta.com\/es\/?s={search_term_string}"},"query-input":{"@type":"PropertyValueSpecification","valueRequired":true,"valueName":"search_term_string"}}],"inLanguage":"es"},{"@type":"Organization","@id":"https:\/\/artvallarta.com\/es\/#organization","name":"Art VallARTa","url":"https:\/\/artvallarta.com\/es\/","logo":{"@type":"ImageObject","inLanguage":"es","@id":"https:\/\/artvallarta.com\/es\/#\/schema\/logo\/image\/","url":"https:\/\/artvallarta.com\/wp-content\/uploads\/2019\/02\/51835738_615449708895218_133232196214325248_n.jpg","contentUrl":"https:\/\/artvallarta.com\/wp-content\/uploads\/2019\/02\/51835738_615449708895218_133232196214325248_n.jpg","width":2048,"height":1466,"caption":"Art VallARTa"},"image":{"@id":"https:\/\/artvallarta.com\/es\/#\/schema\/logo\/image\/"},"sameAs":["http:\/\/www.facebook.com\/artvallarta","http:\/\/www.instagram.com\/artvallarta","http:\/\/www.pinterest\/artvallarta","https:\/\/www.youtube.com\/channel\/UCOqDy2Oyk7EU4tz3S2Gl7kQ"]}]}},"_links":{"self":[{"href":"https:\/\/artvallarta.com\/es\/wp-json\/wp\/v2\/product\/59726","targetHints":{"allow":["GET"]}}],"collection":[{"href":"https:\/\/artvallarta.com\/es\/wp-json\/wp\/v2\/product"}],"about":[{"href":"https:\/\/artvallarta.com\/es\/wp-json\/wp\/v2\/types\/product"}],"version-history":[{"count":0,"href":"https:\/\/artvallarta.com\/es\/wp-json\/wp\/v2\/product\/59726\/revisions"}],"wp:featuredmedia":[{"embeddable":true,"href":"https:\/\/artvallarta.com\/es\/wp-json\/wp\/v2\/media\/59728"}],"wp:attachment":[{"href":"https:\/\/artvallarta.com\/es\/wp-json\/wp\/v2\/media?parent=59726"}],"wp:term":[{"taxonomy":"product_brand","embeddable":true,"href":"https:\/\/artvallarta.com\/es\/wp-json\/wp\/v2\/product_brand?post=59726"},{"taxonomy":"product_cat","embeddable":true,"href":"https:\/\/artvallarta.com\/es\/wp-json\/wp\/v2\/product_cat?post=59726"},{"taxonomy":"product_tag","embeddable":true,"href":"https:\/\/artvallarta.com\/es\/wp-json\/wp\/v2\/product_tag?post=59726"}],"curies":[{"name":"wp","href":"https:\/\/api.w.org\/{rel}","templated":true}]}}