{"id":59596,"date":"2019-01-19T13:49:43","date_gmt":"2019-01-19T19:49:43","guid":{"rendered":"https:\/\/artvallarta.com\/product\/lapiz-grafito-derwent-b\/"},"modified":"2019-01-19T13:49:43","modified_gmt":"2019-01-19T19:49:43","slug":"lapiz-grafito-derwent-b","status":"publish","type":"product","link":"https:\/\/artvallarta.com\/es\/producto\/lapiz-grafito-derwent-b\/","title":{"rendered":"LAPIZ GRAFITO DERWENT B"},"content":{"rendered":"<p>LAPIZ GRAFITO DERWENT B<\/p>\n","protected":false},"excerpt":{"rendered":"<p>El l\u00e1piz de grafito Derwent es una barra en forma de l\u00e1piz de puro grafito, soluble en agua, de primera calidad para artistas, que se puede utilizar simplemente como un l\u00e1piz convencional o partido en trozos para crear trazos anchos de tono.<\/p>\n<p>The Derwent graphite pencil is pencil-shaped graphite, soluble in water, first quality pencil for artists. It can be used simply as a normal pencil or broken into pieces to create thicker and darker strokes.<\/p>\n","protected":false},"featured_media":59597,"template":"","meta":[],"product_brand":[],"product_cat":[692,774,779],"product_tag":[],"class_list":{"0":"post-59596","1":"product","2":"type-product","3":"status-publish","4":"has-post-thumbnail","6":"product_cat-art-supplies-es","7":"product_cat-drawing-supplies-es","8":"product_cat-pencils-es","10":"first","11":"outofstock","12":"taxable","13":"shipping-taxable","14":"purchasable","15":"product-type-simple"},"yoast_head":"<!-- This site is optimized with the Yoast SEO plugin v27.1.1 - https:\/\/yoast.com\/product\/yoast-seo-wordpress\/ -->\n<title>LAPIZ GRAFITO DERWENT B - Art VallARTa<\/title>\n<meta name=\"robots\" content=\"index, follow, max-snippet:-1, max-image-preview:large, max-video-preview:-1\" \/>\n<link rel=\"canonical\" href=\"https:\/\/artvallarta.com\/es\/producto\/lapiz-grafito-derwent-b\/\" \/>\n<meta property=\"og:locale\" content=\"es_ES\" \/>\n<meta property=\"og:type\" content=\"article\" \/>\n<meta property=\"og:title\" content=\"LAPIZ GRAFITO DERWENT B - Art VallARTa\" \/>\n<meta property=\"og:description\" content=\"El l\u00e1piz de grafito Derwent es una barra en forma de l\u00e1piz de puro grafito, soluble en agua, de primera calidad para artistas, que se puede utilizar simplemente como un l\u00e1piz convencional o partido en trozos para crear trazos anchos de tono.  The Derwent graphite pencil is pencil-shaped graphite, soluble in water, first quality pencil for artists. It can be used simply as a normal pencil or broken into pieces to create thicker and darker strokes.\" \/>\n<meta property=\"og:url\" content=\"https:\/\/artvallarta.com\/es\/producto\/lapiz-grafito-derwent-b\/\" \/>\n<meta property=\"og:site_name\" content=\"Art VallARTa\" \/>\n<meta property=\"article:publisher\" content=\"http:\/\/www.facebook.com\/artvallarta\" \/>\n<meta property=\"og:image\" content=\"https:\/\/artvallarta.com\/wp-content\/uploads\/2019\/01\/Lapiz-de-grafito-Derwent-Graphic-B.jpg\" \/>\n\t<meta property=\"og:image:width\" content=\"500\" \/>\n\t<meta property=\"og:image:height\" content=\"500\" \/>\n\t<meta property=\"og:image:type\" content=\"image\/jpeg\" \/>\n<meta name=\"twitter:card\" content=\"summary_large_image\" \/>\n<script type=\"application\/ld+json\" class=\"yoast-schema-graph\">{\"@context\":\"https:\/\/schema.org\",\"@graph\":[{\"@type\":\"WebPage\",\"@id\":\"https:\/\/artvallarta.com\/es\/producto\/lapiz-grafito-derwent-b\/\",\"url\":\"https:\/\/artvallarta.com\/es\/producto\/lapiz-grafito-derwent-b\/\",\"name\":\"LAPIZ GRAFITO DERWENT B - Art VallARTa\",\"isPartOf\":{\"@id\":\"https:\/\/artvallarta.com\/es\/#website\"},\"primaryImageOfPage\":{\"@id\":\"https:\/\/artvallarta.com\/es\/producto\/lapiz-grafito-derwent-b\/#primaryimage\"},\"image\":{\"@id\":\"https:\/\/artvallarta.com\/es\/producto\/lapiz-grafito-derwent-b\/#primaryimage\"},\"thumbnailUrl\":\"https:\/\/artvallarta.com\/wp-content\/uploads\/2019\/01\/Lapiz-de-grafito-Derwent-Graphic-B.jpg\",\"datePublished\":\"2019-01-19T19:49:43+00:00\",\"breadcrumb\":{\"@id\":\"https:\/\/artvallarta.com\/es\/producto\/lapiz-grafito-derwent-b\/#breadcrumb\"},\"inLanguage\":\"es\",\"potentialAction\":[{\"@type\":\"ReadAction\",\"target\":[\"https:\/\/artvallarta.com\/es\/producto\/lapiz-grafito-derwent-b\/\"]}]},{\"@type\":\"ImageObject\",\"inLanguage\":\"es\",\"@id\":\"https:\/\/artvallarta.com\/es\/producto\/lapiz-grafito-derwent-b\/#primaryimage\",\"url\":\"https:\/\/artvallarta.com\/wp-content\/uploads\/2019\/01\/Lapiz-de-grafito-Derwent-Graphic-B.jpg\",\"contentUrl\":\"https:\/\/artvallarta.com\/wp-content\/uploads\/2019\/01\/Lapiz-de-grafito-Derwent-Graphic-B.jpg\",\"width\":500,\"height\":500},{\"@type\":\"BreadcrumbList\",\"@id\":\"https:\/\/artvallarta.com\/es\/producto\/lapiz-grafito-derwent-b\/#breadcrumb\",\"itemListElement\":[{\"@type\":\"ListItem\",\"position\":1,\"name\":\"Pagina principal\",\"item\":\"https:\/\/artvallarta.com\/es\/art-vallarta-puerto-vallarta-mexico-home\/\"},{\"@type\":\"ListItem\",\"position\":2,\"name\":\"Shop\",\"item\":\"https:\/\/artvallarta.com\/shop\/\"},{\"@type\":\"ListItem\",\"position\":3,\"name\":\"LAPIZ GRAFITO DERWENT B\"}]},{\"@type\":\"WebSite\",\"@id\":\"https:\/\/artvallarta.com\/es\/#website\",\"url\":\"https:\/\/artvallarta.com\/es\/\",\"name\":\"Art VallARTa\",\"description\":\"Art VallARTa\",\"publisher\":{\"@id\":\"https:\/\/artvallarta.com\/es\/#organization\"},\"potentialAction\":[{\"@type\":\"SearchAction\",\"target\":{\"@type\":\"EntryPoint\",\"urlTemplate\":\"https:\/\/artvallarta.com\/es\/?s={search_term_string}\"},\"query-input\":{\"@type\":\"PropertyValueSpecification\",\"valueRequired\":true,\"valueName\":\"search_term_string\"}}],\"inLanguage\":\"es\"},{\"@type\":\"Organization\",\"@id\":\"https:\/\/artvallarta.com\/es\/#organization\",\"name\":\"Art VallARTa\",\"url\":\"https:\/\/artvallarta.com\/es\/\",\"logo\":{\"@type\":\"ImageObject\",\"inLanguage\":\"es\",\"@id\":\"https:\/\/artvallarta.com\/es\/#\/schema\/logo\/image\/\",\"url\":\"https:\/\/artvallarta.com\/wp-content\/uploads\/2019\/02\/51835738_615449708895218_133232196214325248_n.jpg\",\"contentUrl\":\"https:\/\/artvallarta.com\/wp-content\/uploads\/2019\/02\/51835738_615449708895218_133232196214325248_n.jpg\",\"width\":2048,\"height\":1466,\"caption\":\"Art VallARTa\"},\"image\":{\"@id\":\"https:\/\/artvallarta.com\/es\/#\/schema\/logo\/image\/\"},\"sameAs\":[\"http:\/\/www.facebook.com\/artvallarta\",\"http:\/\/www.instagram.com\/artvallarta\",\"http:\/\/www.pinterest\/artvallarta\",\"https:\/\/www.youtube.com\/channel\/UCOqDy2Oyk7EU4tz3S2Gl7kQ\"]}]}<\/script>\n<!-- \/ Yoast SEO plugin. -->","yoast_head_json":{"title":"LAPIZ GRAFITO DERWENT B - Art VallARTa","robots":{"index":"index","follow":"follow","max-snippet":"max-snippet:-1","max-image-preview":"max-image-preview:large","max-video-preview":"max-video-preview:-1"},"canonical":"https:\/\/artvallarta.com\/es\/producto\/lapiz-grafito-derwent-b\/","og_locale":"es_ES","og_type":"article","og_title":"LAPIZ GRAFITO DERWENT B - Art VallARTa","og_description":"El l\u00e1piz de grafito Derwent es una barra en forma de l\u00e1piz de puro grafito, soluble en agua, de primera calidad para artistas, que se puede utilizar simplemente como un l\u00e1piz convencional o partido en trozos para crear trazos anchos de tono.  The Derwent graphite pencil is pencil-shaped graphite, soluble in water, first quality pencil for artists. It can be used simply as a normal pencil or broken into pieces to create thicker and darker strokes.","og_url":"https:\/\/artvallarta.com\/es\/producto\/lapiz-grafito-derwent-b\/","og_site_name":"Art VallARTa","article_publisher":"http:\/\/www.facebook.com\/artvallarta","og_image":[{"width":500,"height":500,"url":"https:\/\/artvallarta.com\/wp-content\/uploads\/2019\/01\/Lapiz-de-grafito-Derwent-Graphic-B.jpg","type":"image\/jpeg"}],"twitter_card":"summary_large_image","schema":{"@context":"https:\/\/schema.org","@graph":[{"@type":"WebPage","@id":"https:\/\/artvallarta.com\/es\/producto\/lapiz-grafito-derwent-b\/","url":"https:\/\/artvallarta.com\/es\/producto\/lapiz-grafito-derwent-b\/","name":"LAPIZ GRAFITO DERWENT B - Art VallARTa","isPartOf":{"@id":"https:\/\/artvallarta.com\/es\/#website"},"primaryImageOfPage":{"@id":"https:\/\/artvallarta.com\/es\/producto\/lapiz-grafito-derwent-b\/#primaryimage"},"image":{"@id":"https:\/\/artvallarta.com\/es\/producto\/lapiz-grafito-derwent-b\/#primaryimage"},"thumbnailUrl":"https:\/\/artvallarta.com\/wp-content\/uploads\/2019\/01\/Lapiz-de-grafito-Derwent-Graphic-B.jpg","datePublished":"2019-01-19T19:49:43+00:00","breadcrumb":{"@id":"https:\/\/artvallarta.com\/es\/producto\/lapiz-grafito-derwent-b\/#breadcrumb"},"inLanguage":"es","potentialAction":[{"@type":"ReadAction","target":["https:\/\/artvallarta.com\/es\/producto\/lapiz-grafito-derwent-b\/"]}]},{"@type":"ImageObject","inLanguage":"es","@id":"https:\/\/artvallarta.com\/es\/producto\/lapiz-grafito-derwent-b\/#primaryimage","url":"https:\/\/artvallarta.com\/wp-content\/uploads\/2019\/01\/Lapiz-de-grafito-Derwent-Graphic-B.jpg","contentUrl":"https:\/\/artvallarta.com\/wp-content\/uploads\/2019\/01\/Lapiz-de-grafito-Derwent-Graphic-B.jpg","width":500,"height":500},{"@type":"BreadcrumbList","@id":"https:\/\/artvallarta.com\/es\/producto\/lapiz-grafito-derwent-b\/#breadcrumb","itemListElement":[{"@type":"ListItem","position":1,"name":"Pagina principal","item":"https:\/\/artvallarta.com\/es\/art-vallarta-puerto-vallarta-mexico-home\/"},{"@type":"ListItem","position":2,"name":"Shop","item":"https:\/\/artvallarta.com\/shop\/"},{"@type":"ListItem","position":3,"name":"LAPIZ GRAFITO DERWENT B"}]},{"@type":"WebSite","@id":"https:\/\/artvallarta.com\/es\/#website","url":"https:\/\/artvallarta.com\/es\/","name":"Art VallARTa","description":"Art VallARTa","publisher":{"@id":"https:\/\/artvallarta.com\/es\/#organization"},"potentialAction":[{"@type":"SearchAction","target":{"@type":"EntryPoint","urlTemplate":"https:\/\/artvallarta.com\/es\/?s={search_term_string}"},"query-input":{"@type":"PropertyValueSpecification","valueRequired":true,"valueName":"search_term_string"}}],"inLanguage":"es"},{"@type":"Organization","@id":"https:\/\/artvallarta.com\/es\/#organization","name":"Art VallARTa","url":"https:\/\/artvallarta.com\/es\/","logo":{"@type":"ImageObject","inLanguage":"es","@id":"https:\/\/artvallarta.com\/es\/#\/schema\/logo\/image\/","url":"https:\/\/artvallarta.com\/wp-content\/uploads\/2019\/02\/51835738_615449708895218_133232196214325248_n.jpg","contentUrl":"https:\/\/artvallarta.com\/wp-content\/uploads\/2019\/02\/51835738_615449708895218_133232196214325248_n.jpg","width":2048,"height":1466,"caption":"Art VallARTa"},"image":{"@id":"https:\/\/artvallarta.com\/es\/#\/schema\/logo\/image\/"},"sameAs":["http:\/\/www.facebook.com\/artvallarta","http:\/\/www.instagram.com\/artvallarta","http:\/\/www.pinterest\/artvallarta","https:\/\/www.youtube.com\/channel\/UCOqDy2Oyk7EU4tz3S2Gl7kQ"]}]}},"_links":{"self":[{"href":"https:\/\/artvallarta.com\/es\/wp-json\/wp\/v2\/product\/59596","targetHints":{"allow":["GET"]}}],"collection":[{"href":"https:\/\/artvallarta.com\/es\/wp-json\/wp\/v2\/product"}],"about":[{"href":"https:\/\/artvallarta.com\/es\/wp-json\/wp\/v2\/types\/product"}],"version-history":[{"count":0,"href":"https:\/\/artvallarta.com\/es\/wp-json\/wp\/v2\/product\/59596\/revisions"}],"wp:featuredmedia":[{"embeddable":true,"href":"https:\/\/artvallarta.com\/es\/wp-json\/wp\/v2\/media\/59597"}],"wp:attachment":[{"href":"https:\/\/artvallarta.com\/es\/wp-json\/wp\/v2\/media?parent=59596"}],"wp:term":[{"taxonomy":"product_brand","embeddable":true,"href":"https:\/\/artvallarta.com\/es\/wp-json\/wp\/v2\/product_brand?post=59596"},{"taxonomy":"product_cat","embeddable":true,"href":"https:\/\/artvallarta.com\/es\/wp-json\/wp\/v2\/product_cat?post=59596"},{"taxonomy":"product_tag","embeddable":true,"href":"https:\/\/artvallarta.com\/es\/wp-json\/wp\/v2\/product_tag?post=59596"}],"curies":[{"name":"wp","href":"https:\/\/api.w.org\/{rel}","templated":true}]}}