{"id":56153,"date":"2019-11-23T15:21:17","date_gmt":"2019-11-23T21:21:17","guid":{"rendered":"https:\/\/artvallarta.com\/product\/zoisite-genuine-15-ml-daniel-smith-watercolor-copy-2\/"},"modified":"2021-07-20T12:48:14","modified_gmt":"2021-07-20T17:48:14","slug":"daniel-smith-watercolor-primatek-set-5-ml-6-colors","status":"publish","type":"product","link":"https:\/\/artvallarta.com\/es\/producto\/daniel-smith-watercolor-primatek-set-5-ml-6-colors\/","title":{"rendered":"Daniel Smith Watercolor Primatek Set 5 ml 6 Colors"},"content":{"rendered":"<p>Las acuarelas PrimaTek se mezclan maravillosamente con otras pinturas en su paleta y aportan emoci\u00f3n a la superficie de una pintura. Son m\u00e1s pesados en cuerpo y se asientan en los valles de su papel dejando atr\u00e1s una granulaci\u00f3n y textura maravillosas. Los pigmentos se seleccionaron cuidadosamente para brindarle una amplia gama de colores y texturas que no encontrar\u00e1 en ning\u00fan otro lugar. Cuando se mezcla con otros colores, las posibilidades son infinitas.<\/p>\n<ul>Los colores PrimaTek son:<\/p>\n<li>Rhodonite Genuine, 5ml<\/li>\n<li>Jadeite Genuine, 5ml<\/li>\n<li>Amethyst Genuine, 5ml<\/li>\n<li>Mayan Blue Genuine, 5ml<\/li>\n<li>Hematite Genuine, 5ml<\/li>\n<li>Piemontite Genuine, 5ml<\/li>\n<\/ul>\n","protected":false},"excerpt":{"rendered":"<p>Las acuarelas PrimaTek se mezclan maravillosamente con otras pinturas en su paleta y aportan emoci\u00f3n a la superficie de una pintura. Son m\u00e1s pesados en cuerpo y se asientan en los valles de su papel dejando atr\u00e1s una granulaci\u00f3n y textura maravillosas. Los pigmentos se seleccionaron cuidadosamente para brindarle una amplia gama de colores y texturas que no encontrar\u00e1 en ning\u00fan otro lugar. Cuando se mezcla con otros colores, las posibilidades son infinitas.<\/p>\n<ul>The PrimaTeks:<\/p>\n<li>Rhodonite Genuine, 5ml<\/li>\n<li>Jadeite Genuine, 5ml<\/li>\n<li>Amethyst Genuine, 5ml<\/li>\n<li>Mayan Blue Genuine, 5ml<\/li>\n<li>Hematite Genuine, 5ml<\/li>\n<li>Piemontite Genuine, 5ml<\/li>\n<\/ul>\n<p>Las acuarelas PrimaTek Watercolors se mezclan maravillosamente con otras pinturas en tu paleta y le da emocion a la superficie de pintura. Tienen mas cuerpo y se asientan en los valles de tu papel, dejando una grandiosa granulacion y textura. Los pigmentos fueron cuidadosamente seleccionados para darte una amplia gama de colores y textura que no podras encontrar en otro producto. Cuando se mezclan, las posibilidades de colores no tienen fin.<\/p>\n<ul>Los colores PrimaTek son los siguientes:<\/p>\n<li>Rhodonite Genuine, 5ml<\/li>\n<li>Jadeite Genuine, 5ml<\/li>\n<li>Amethyst Genuine, 5ml<\/li>\n<li>Mayan Blue Genuine, 5ml<\/li>\n<li>Hematite Genuine, 5ml<\/li>\n<li>Piemontite Genuine, 5ml<\/li>\n<\/ul>\n","protected":false},"featured_media":56156,"template":"","meta":[],"product_brand":[],"product_cat":[924,692,805,807,809,910],"product_tag":[],"class_list":{"0":"post-56153","1":"product","2":"type-product","3":"status-publish","4":"has-post-thumbnail","6":"product_cat-featured-category-es","7":"product_cat-art-supplies-es","8":"product_cat-watercolor-es","9":"product_cat-watercolorp-es","10":"product_cat-daniel-smith-watercolors-es","11":"product_cat-tubo-de-acuarela-daniel-smith","13":"first","14":"outofstock","15":"taxable","16":"shipping-taxable","17":"purchasable","18":"product-type-simple"},"yoast_head":"<!-- This site is optimized with the Yoast SEO plugin v27.1.1 - https:\/\/yoast.com\/product\/yoast-seo-wordpress\/ -->\n<title>Daniel Smith Watercolor Primatek Set 5 ml 6 Colors - Art VallARTa Mexico<\/title>\n<meta name=\"description\" content=\"Las acuarelas PrimaTek se mezclan maravillosamente con otras pinturas en su paleta y aportan emoci\u00f3n a la superficie de una pintura. Son m\u00e1s pesados en cuerpo y se asientan en los valles de su papel dejando atr\u00e1s una granulaci\u00f3n y textura maravillosas. Los pigmentos se seleccionaron cuidadosamente para brindarle una amplia gama de colores y texturas que no encontrar\u00e1 en ning\u00fan otro lugar. Cuando se mezcla con otros colores, las posibilidades son infinitas.\" \/>\n<meta name=\"robots\" content=\"index, follow, max-snippet:-1, max-image-preview:large, max-video-preview:-1\" \/>\n<link rel=\"canonical\" href=\"https:\/\/artvallarta.com\/es\/producto\/daniel-smith-watercolor-primatek-set-5-ml-6-colors\/\" \/>\n<meta property=\"og:locale\" content=\"es_ES\" \/>\n<meta property=\"og:type\" content=\"article\" \/>\n<meta property=\"og:title\" content=\"Daniel Smith Watercolor Primatek Set 5 ml 6 Colors - Art VallARTa Mexico\" \/>\n<meta property=\"og:description\" content=\"Las acuarelas PrimaTek se mezclan maravillosamente con otras pinturas en su paleta y aportan emoci\u00f3n a la superficie de una pintura. Son m\u00e1s pesados en cuerpo y se asientan en los valles de su papel dejando atr\u00e1s una granulaci\u00f3n y textura maravillosas. Los pigmentos se seleccionaron cuidadosamente para brindarle una amplia gama de colores y texturas que no encontrar\u00e1 en ning\u00fan otro lugar. Cuando se mezcla con otros colores, las posibilidades son infinitas.\" \/>\n<meta property=\"og:url\" content=\"https:\/\/artvallarta.com\/es\/producto\/daniel-smith-watercolor-primatek-set-5-ml-6-colors\/\" \/>\n<meta property=\"og:site_name\" content=\"Art VallARTa\" \/>\n<meta property=\"article:publisher\" content=\"http:\/\/www.facebook.com\/artvallarta\" \/>\n<meta property=\"article:modified_time\" content=\"2021-07-20T17:48:14+00:00\" \/>\n<meta property=\"og:image\" content=\"https:\/\/artvallarta.com\/wp-content\/uploads\/2019\/11\/dsset.jpg\" \/>\n\t<meta property=\"og:image:width\" content=\"1334\" \/>\n\t<meta property=\"og:image:height\" content=\"1500\" \/>\n\t<meta property=\"og:image:type\" content=\"image\/jpeg\" \/>\n<meta name=\"twitter:card\" content=\"summary_large_image\" \/>\n<meta name=\"twitter:label1\" content=\"Tiempo de lectura\" \/>\n\t<meta name=\"twitter:data1\" content=\"1 minuto\" \/>\n<script type=\"application\/ld+json\" class=\"yoast-schema-graph\">{\"@context\":\"https:\/\/schema.org\",\"@graph\":[{\"@type\":\"WebPage\",\"@id\":\"https:\/\/artvallarta.com\/es\/producto\/daniel-smith-watercolor-primatek-set-5-ml-6-colors\/\",\"url\":\"https:\/\/artvallarta.com\/es\/producto\/daniel-smith-watercolor-primatek-set-5-ml-6-colors\/\",\"name\":\"Daniel Smith Watercolor Primatek Set 5 ml 6 Colors - Art VallARTa Mexico\",\"isPartOf\":{\"@id\":\"https:\/\/artvallarta.com\/es\/#website\"},\"primaryImageOfPage\":{\"@id\":\"https:\/\/artvallarta.com\/es\/producto\/daniel-smith-watercolor-primatek-set-5-ml-6-colors\/#primaryimage\"},\"image\":{\"@id\":\"https:\/\/artvallarta.com\/es\/producto\/daniel-smith-watercolor-primatek-set-5-ml-6-colors\/#primaryimage\"},\"thumbnailUrl\":\"https:\/\/artvallarta.com\/wp-content\/uploads\/2019\/11\/dsset.jpg\",\"datePublished\":\"2019-11-23T21:21:17+00:00\",\"dateModified\":\"2021-07-20T17:48:14+00:00\",\"description\":\"Las acuarelas PrimaTek se mezclan maravillosamente con otras pinturas en su paleta y aportan emoci\u00f3n a la superficie de una pintura. Son m\u00e1s pesados en cuerpo y se asientan en los valles de su papel dejando atr\u00e1s una granulaci\u00f3n y textura maravillosas. Los pigmentos se seleccionaron cuidadosamente para brindarle una amplia gama de colores y texturas que no encontrar\u00e1 en ning\u00fan otro lugar. Cuando se mezcla con otros colores, las posibilidades son infinitas.\",\"breadcrumb\":{\"@id\":\"https:\/\/artvallarta.com\/es\/producto\/daniel-smith-watercolor-primatek-set-5-ml-6-colors\/#breadcrumb\"},\"inLanguage\":\"es\",\"potentialAction\":[{\"@type\":\"ReadAction\",\"target\":[\"https:\/\/artvallarta.com\/es\/producto\/daniel-smith-watercolor-primatek-set-5-ml-6-colors\/\"]}]},{\"@type\":\"ImageObject\",\"inLanguage\":\"es\",\"@id\":\"https:\/\/artvallarta.com\/es\/producto\/daniel-smith-watercolor-primatek-set-5-ml-6-colors\/#primaryimage\",\"url\":\"https:\/\/artvallarta.com\/wp-content\/uploads\/2019\/11\/dsset.jpg\",\"contentUrl\":\"https:\/\/artvallarta.com\/wp-content\/uploads\/2019\/11\/dsset.jpg\",\"width\":1334,\"height\":1500},{\"@type\":\"BreadcrumbList\",\"@id\":\"https:\/\/artvallarta.com\/es\/producto\/daniel-smith-watercolor-primatek-set-5-ml-6-colors\/#breadcrumb\",\"itemListElement\":[{\"@type\":\"ListItem\",\"position\":1,\"name\":\"Pagina principal\",\"item\":\"https:\/\/artvallarta.com\/es\/art-vallarta-puerto-vallarta-mexico-home\/\"},{\"@type\":\"ListItem\",\"position\":2,\"name\":\"Shop\",\"item\":\"https:\/\/artvallarta.com\/shop\/\"},{\"@type\":\"ListItem\",\"position\":3,\"name\":\"Daniel Smith Watercolor Primatek Set 5 ml 6 Colors\"}]},{\"@type\":\"WebSite\",\"@id\":\"https:\/\/artvallarta.com\/es\/#website\",\"url\":\"https:\/\/artvallarta.com\/es\/\",\"name\":\"Art VallARTa\",\"description\":\"Art VallARTa\",\"publisher\":{\"@id\":\"https:\/\/artvallarta.com\/es\/#organization\"},\"potentialAction\":[{\"@type\":\"SearchAction\",\"target\":{\"@type\":\"EntryPoint\",\"urlTemplate\":\"https:\/\/artvallarta.com\/es\/?s={search_term_string}\"},\"query-input\":{\"@type\":\"PropertyValueSpecification\",\"valueRequired\":true,\"valueName\":\"search_term_string\"}}],\"inLanguage\":\"es\"},{\"@type\":\"Organization\",\"@id\":\"https:\/\/artvallarta.com\/es\/#organization\",\"name\":\"Art VallARTa\",\"url\":\"https:\/\/artvallarta.com\/es\/\",\"logo\":{\"@type\":\"ImageObject\",\"inLanguage\":\"es\",\"@id\":\"https:\/\/artvallarta.com\/es\/#\/schema\/logo\/image\/\",\"url\":\"https:\/\/artvallarta.com\/wp-content\/uploads\/2019\/02\/51835738_615449708895218_133232196214325248_n.jpg\",\"contentUrl\":\"https:\/\/artvallarta.com\/wp-content\/uploads\/2019\/02\/51835738_615449708895218_133232196214325248_n.jpg\",\"width\":2048,\"height\":1466,\"caption\":\"Art VallARTa\"},\"image\":{\"@id\":\"https:\/\/artvallarta.com\/es\/#\/schema\/logo\/image\/\"},\"sameAs\":[\"http:\/\/www.facebook.com\/artvallarta\",\"http:\/\/www.instagram.com\/artvallarta\",\"http:\/\/www.pinterest\/artvallarta\",\"https:\/\/www.youtube.com\/channel\/UCOqDy2Oyk7EU4tz3S2Gl7kQ\"]}]}<\/script>\n<!-- \/ Yoast SEO plugin. -->","yoast_head_json":{"title":"Daniel Smith Watercolor Primatek Set 5 ml 6 Colors - Art VallARTa Mexico","description":"Las acuarelas PrimaTek se mezclan maravillosamente con otras pinturas en su paleta y aportan emoci\u00f3n a la superficie de una pintura. Son m\u00e1s pesados en cuerpo y se asientan en los valles de su papel dejando atr\u00e1s una granulaci\u00f3n y textura maravillosas. Los pigmentos se seleccionaron cuidadosamente para brindarle una amplia gama de colores y texturas que no encontrar\u00e1 en ning\u00fan otro lugar. Cuando se mezcla con otros colores, las posibilidades son infinitas.","robots":{"index":"index","follow":"follow","max-snippet":"max-snippet:-1","max-image-preview":"max-image-preview:large","max-video-preview":"max-video-preview:-1"},"canonical":"https:\/\/artvallarta.com\/es\/producto\/daniel-smith-watercolor-primatek-set-5-ml-6-colors\/","og_locale":"es_ES","og_type":"article","og_title":"Daniel Smith Watercolor Primatek Set 5 ml 6 Colors - Art VallARTa Mexico","og_description":"Las acuarelas PrimaTek se mezclan maravillosamente con otras pinturas en su paleta y aportan emoci\u00f3n a la superficie de una pintura. Son m\u00e1s pesados en cuerpo y se asientan en los valles de su papel dejando atr\u00e1s una granulaci\u00f3n y textura maravillosas. Los pigmentos se seleccionaron cuidadosamente para brindarle una amplia gama de colores y texturas que no encontrar\u00e1 en ning\u00fan otro lugar. Cuando se mezcla con otros colores, las posibilidades son infinitas.","og_url":"https:\/\/artvallarta.com\/es\/producto\/daniel-smith-watercolor-primatek-set-5-ml-6-colors\/","og_site_name":"Art VallARTa","article_publisher":"http:\/\/www.facebook.com\/artvallarta","article_modified_time":"2021-07-20T17:48:14+00:00","og_image":[{"width":1334,"height":1500,"url":"https:\/\/artvallarta.com\/wp-content\/uploads\/2019\/11\/dsset.jpg","type":"image\/jpeg"}],"twitter_card":"summary_large_image","twitter_misc":{"Tiempo de lectura":"1 minuto"},"schema":{"@context":"https:\/\/schema.org","@graph":[{"@type":"WebPage","@id":"https:\/\/artvallarta.com\/es\/producto\/daniel-smith-watercolor-primatek-set-5-ml-6-colors\/","url":"https:\/\/artvallarta.com\/es\/producto\/daniel-smith-watercolor-primatek-set-5-ml-6-colors\/","name":"Daniel Smith Watercolor Primatek Set 5 ml 6 Colors - Art VallARTa Mexico","isPartOf":{"@id":"https:\/\/artvallarta.com\/es\/#website"},"primaryImageOfPage":{"@id":"https:\/\/artvallarta.com\/es\/producto\/daniel-smith-watercolor-primatek-set-5-ml-6-colors\/#primaryimage"},"image":{"@id":"https:\/\/artvallarta.com\/es\/producto\/daniel-smith-watercolor-primatek-set-5-ml-6-colors\/#primaryimage"},"thumbnailUrl":"https:\/\/artvallarta.com\/wp-content\/uploads\/2019\/11\/dsset.jpg","datePublished":"2019-11-23T21:21:17+00:00","dateModified":"2021-07-20T17:48:14+00:00","description":"Las acuarelas PrimaTek se mezclan maravillosamente con otras pinturas en su paleta y aportan emoci\u00f3n a la superficie de una pintura. Son m\u00e1s pesados en cuerpo y se asientan en los valles de su papel dejando atr\u00e1s una granulaci\u00f3n y textura maravillosas. Los pigmentos se seleccionaron cuidadosamente para brindarle una amplia gama de colores y texturas que no encontrar\u00e1 en ning\u00fan otro lugar. Cuando se mezcla con otros colores, las posibilidades son infinitas.","breadcrumb":{"@id":"https:\/\/artvallarta.com\/es\/producto\/daniel-smith-watercolor-primatek-set-5-ml-6-colors\/#breadcrumb"},"inLanguage":"es","potentialAction":[{"@type":"ReadAction","target":["https:\/\/artvallarta.com\/es\/producto\/daniel-smith-watercolor-primatek-set-5-ml-6-colors\/"]}]},{"@type":"ImageObject","inLanguage":"es","@id":"https:\/\/artvallarta.com\/es\/producto\/daniel-smith-watercolor-primatek-set-5-ml-6-colors\/#primaryimage","url":"https:\/\/artvallarta.com\/wp-content\/uploads\/2019\/11\/dsset.jpg","contentUrl":"https:\/\/artvallarta.com\/wp-content\/uploads\/2019\/11\/dsset.jpg","width":1334,"height":1500},{"@type":"BreadcrumbList","@id":"https:\/\/artvallarta.com\/es\/producto\/daniel-smith-watercolor-primatek-set-5-ml-6-colors\/#breadcrumb","itemListElement":[{"@type":"ListItem","position":1,"name":"Pagina principal","item":"https:\/\/artvallarta.com\/es\/art-vallarta-puerto-vallarta-mexico-home\/"},{"@type":"ListItem","position":2,"name":"Shop","item":"https:\/\/artvallarta.com\/shop\/"},{"@type":"ListItem","position":3,"name":"Daniel Smith Watercolor Primatek Set 5 ml 6 Colors"}]},{"@type":"WebSite","@id":"https:\/\/artvallarta.com\/es\/#website","url":"https:\/\/artvallarta.com\/es\/","name":"Art VallARTa","description":"Art VallARTa","publisher":{"@id":"https:\/\/artvallarta.com\/es\/#organization"},"potentialAction":[{"@type":"SearchAction","target":{"@type":"EntryPoint","urlTemplate":"https:\/\/artvallarta.com\/es\/?s={search_term_string}"},"query-input":{"@type":"PropertyValueSpecification","valueRequired":true,"valueName":"search_term_string"}}],"inLanguage":"es"},{"@type":"Organization","@id":"https:\/\/artvallarta.com\/es\/#organization","name":"Art VallARTa","url":"https:\/\/artvallarta.com\/es\/","logo":{"@type":"ImageObject","inLanguage":"es","@id":"https:\/\/artvallarta.com\/es\/#\/schema\/logo\/image\/","url":"https:\/\/artvallarta.com\/wp-content\/uploads\/2019\/02\/51835738_615449708895218_133232196214325248_n.jpg","contentUrl":"https:\/\/artvallarta.com\/wp-content\/uploads\/2019\/02\/51835738_615449708895218_133232196214325248_n.jpg","width":2048,"height":1466,"caption":"Art VallARTa"},"image":{"@id":"https:\/\/artvallarta.com\/es\/#\/schema\/logo\/image\/"},"sameAs":["http:\/\/www.facebook.com\/artvallarta","http:\/\/www.instagram.com\/artvallarta","http:\/\/www.pinterest\/artvallarta","https:\/\/www.youtube.com\/channel\/UCOqDy2Oyk7EU4tz3S2Gl7kQ"]}]}},"_links":{"self":[{"href":"https:\/\/artvallarta.com\/es\/wp-json\/wp\/v2\/product\/56153","targetHints":{"allow":["GET"]}}],"collection":[{"href":"https:\/\/artvallarta.com\/es\/wp-json\/wp\/v2\/product"}],"about":[{"href":"https:\/\/artvallarta.com\/es\/wp-json\/wp\/v2\/types\/product"}],"version-history":[{"count":4,"href":"https:\/\/artvallarta.com\/es\/wp-json\/wp\/v2\/product\/56153\/revisions"}],"predecessor-version":[{"id":74426,"href":"https:\/\/artvallarta.com\/es\/wp-json\/wp\/v2\/product\/56153\/revisions\/74426"}],"wp:featuredmedia":[{"embeddable":true,"href":"https:\/\/artvallarta.com\/es\/wp-json\/wp\/v2\/media\/56156"}],"wp:attachment":[{"href":"https:\/\/artvallarta.com\/es\/wp-json\/wp\/v2\/media?parent=56153"}],"wp:term":[{"taxonomy":"product_brand","embeddable":true,"href":"https:\/\/artvallarta.com\/es\/wp-json\/wp\/v2\/product_brand?post=56153"},{"taxonomy":"product_cat","embeddable":true,"href":"https:\/\/artvallarta.com\/es\/wp-json\/wp\/v2\/product_cat?post=56153"},{"taxonomy":"product_tag","embeddable":true,"href":"https:\/\/artvallarta.com\/es\/wp-json\/wp\/v2\/product_tag?post=56153"}],"curies":[{"name":"wp","href":"https:\/\/api.w.org\/{rel}","templated":true}]}}