{"id":53576,"date":"2019-01-19T13:47:58","date_gmt":"2019-01-19T19:47:58","guid":{"rendered":"https:\/\/artvallarta.com\/product\/acrilico-l-3000-tubo-plast-75-ml-sombra-cafe\/"},"modified":"2019-01-19T13:47:58","modified_gmt":"2019-01-19T19:47:58","slug":"acrilico-l-3000-tubo-plast-75-ml-sombra-cafe","status":"publish","type":"product","link":"https:\/\/artvallarta.com\/es\/producto\/acrilico-l-3000-tubo-plast-75-ml-sombra-cafe\/","title":{"rendered":"Rodin Pintura Acr L-3000 75 ML 3004 SOMBRA CAFE"},"content":{"rendered":"<p><span class=\"m_-1150225710364042092tlid-translation\">Un grado muy alto de resistencia a la luz gracias al uso de pigmentos puros y s\u00f3lidos. <\/span><span class=\"m_-1150225710364042092tlid-translation\">Las obras conservan el color original incluso despu\u00e9s de d\u00e9cadas. <\/span><span class=\"m_-1150225710364042092tlid-translation\">Una pel\u00edcula de extrema durabilidad para un resultado duradero, adecuada para pintar murales. La pintura se diluye f\u00e1cilmente.<\/span><\/p>\n<p>Highly resistant to light thanks to the paint being made up of pure and solid pigments. The pieces created with this paint line keep the original color even after decades. This paint creates an extremely durable film which makes it adecuate for mural work. The paint is easily diluted.<\/p>\n","protected":false},"excerpt":{"rendered":"<p><span class=\"m_-1150225710364042092tlid-translation\">Un grado muy alto de resistencia a la luz gracias al uso de pigmentos puros y s\u00f3lidos. <\/span><span class=\"m_-1150225710364042092tlid-translation\">Las obras conservan el color original incluso despu\u00e9s de d\u00e9cadas. <\/span><span class=\"m_-1150225710364042092tlid-translation\">Una pel\u00edcula de extrema durabilidad para un resultado duradero, adecuada para pintar murales. La pintura se diluye f\u00e1cilmente.<\/span><\/p>\n<p>Highly resistant to light thanks to the paint being made up of pure and solid pigments. The pieces created with this paint line keep the original color even after decades. This paint creates an extremely durable film which makes it adecuate for mural work. The paint is easily diluted.<\/p>\n","protected":false},"featured_media":53514,"template":"","meta":[],"product_brand":[],"product_cat":[693,702],"product_tag":[],"class_list":{"0":"post-53576","1":"product","2":"type-product","3":"status-publish","4":"has-post-thumbnail","6":"product_cat-acrylic-paint-es","7":"product_cat-politec-pinturas-acrilicas","9":"first","10":"outofstock","11":"taxable","12":"shipping-taxable","13":"purchasable","14":"product-type-simple"},"yoast_head":"<!-- This site is optimized with the Yoast SEO plugin v27.1.1 - https:\/\/yoast.com\/product\/yoast-seo-wordpress\/ -->\n<title>Rodin Pintura Acr L-3000 75 ML 3004 SOMBRA CAFE - Art VallARTa<\/title>\n<meta name=\"robots\" content=\"index, follow, max-snippet:-1, max-image-preview:large, max-video-preview:-1\" \/>\n<link rel=\"canonical\" href=\"https:\/\/artvallarta.com\/es\/producto\/acrilico-l-3000-tubo-plast-75-ml-sombra-cafe\/\" \/>\n<meta property=\"og:locale\" content=\"es_ES\" \/>\n<meta property=\"og:type\" content=\"article\" \/>\n<meta property=\"og:title\" content=\"Rodin Pintura Acr L-3000 75 ML 3004 SOMBRA CAFE - Art VallARTa\" \/>\n<meta property=\"og:description\" content=\"Un grado muy alto de resistencia a la luz gracias al uso de pigmentos puros y s\u00f3lidos. Las obras conservan el color original incluso despu\u00e9s de d\u00e9cadas. Una pel\u00edcula de extrema durabilidad para un resultado duradero, adecuada para pintar murales. La pintura se diluye f\u00e1cilmente.  Highly resistant to light thanks to the paint being made up of pure and solid pigments. The pieces created with this paint line keep the original color even after decades. This paint creates an extremely durable film which makes it adecuate for mural work. The paint is easily diluted.\" \/>\n<meta property=\"og:url\" content=\"https:\/\/artvallarta.com\/es\/producto\/acrilico-l-3000-tubo-plast-75-ml-sombra-cafe\/\" \/>\n<meta property=\"og:site_name\" content=\"Art VallARTa\" \/>\n<meta property=\"article:publisher\" content=\"http:\/\/www.facebook.com\/artvallarta\" \/>\n<meta property=\"og:image\" content=\"https:\/\/artvallarta.com\/wp-content\/uploads\/2019\/01\/kit-politec-pinturas-acrilicas-D_NQ_NP_652645-MLM27702667941_072018-F.jpg\" \/>\n\t<meta property=\"og:image:width\" content=\"980\" \/>\n\t<meta property=\"og:image:height\" content=\"735\" \/>\n\t<meta property=\"og:image:type\" content=\"image\/jpeg\" \/>\n<meta name=\"twitter:card\" content=\"summary_large_image\" \/>\n<script type=\"application\/ld+json\" class=\"yoast-schema-graph\">{\"@context\":\"https:\/\/schema.org\",\"@graph\":[{\"@type\":\"WebPage\",\"@id\":\"https:\/\/artvallarta.com\/es\/producto\/acrilico-l-3000-tubo-plast-75-ml-sombra-cafe\/\",\"url\":\"https:\/\/artvallarta.com\/es\/producto\/acrilico-l-3000-tubo-plast-75-ml-sombra-cafe\/\",\"name\":\"Rodin Pintura Acr L-3000 75 ML 3004 SOMBRA CAFE - Art VallARTa\",\"isPartOf\":{\"@id\":\"https:\/\/artvallarta.com\/es\/#website\"},\"primaryImageOfPage\":{\"@id\":\"https:\/\/artvallarta.com\/es\/producto\/acrilico-l-3000-tubo-plast-75-ml-sombra-cafe\/#primaryimage\"},\"image\":{\"@id\":\"https:\/\/artvallarta.com\/es\/producto\/acrilico-l-3000-tubo-plast-75-ml-sombra-cafe\/#primaryimage\"},\"thumbnailUrl\":\"https:\/\/artvallarta.com\/wp-content\/uploads\/2019\/01\/kit-politec-pinturas-acrilicas-D_NQ_NP_652645-MLM27702667941_072018-F.jpg\",\"datePublished\":\"2019-01-19T19:47:58+00:00\",\"breadcrumb\":{\"@id\":\"https:\/\/artvallarta.com\/es\/producto\/acrilico-l-3000-tubo-plast-75-ml-sombra-cafe\/#breadcrumb\"},\"inLanguage\":\"es\",\"potentialAction\":[{\"@type\":\"ReadAction\",\"target\":[\"https:\/\/artvallarta.com\/es\/producto\/acrilico-l-3000-tubo-plast-75-ml-sombra-cafe\/\"]}]},{\"@type\":\"ImageObject\",\"inLanguage\":\"es\",\"@id\":\"https:\/\/artvallarta.com\/es\/producto\/acrilico-l-3000-tubo-plast-75-ml-sombra-cafe\/#primaryimage\",\"url\":\"https:\/\/artvallarta.com\/wp-content\/uploads\/2019\/01\/kit-politec-pinturas-acrilicas-D_NQ_NP_652645-MLM27702667941_072018-F.jpg\",\"contentUrl\":\"https:\/\/artvallarta.com\/wp-content\/uploads\/2019\/01\/kit-politec-pinturas-acrilicas-D_NQ_NP_652645-MLM27702667941_072018-F.jpg\",\"width\":980,\"height\":735},{\"@type\":\"BreadcrumbList\",\"@id\":\"https:\/\/artvallarta.com\/es\/producto\/acrilico-l-3000-tubo-plast-75-ml-sombra-cafe\/#breadcrumb\",\"itemListElement\":[{\"@type\":\"ListItem\",\"position\":1,\"name\":\"Pagina principal\",\"item\":\"https:\/\/artvallarta.com\/es\/art-vallarta-puerto-vallarta-mexico-home\/\"},{\"@type\":\"ListItem\",\"position\":2,\"name\":\"Shop\",\"item\":\"https:\/\/artvallarta.com\/shop\/\"},{\"@type\":\"ListItem\",\"position\":3,\"name\":\"Rodin Pintura Acr L-3000 75 ML 3004 SOMBRA CAFE\"}]},{\"@type\":\"WebSite\",\"@id\":\"https:\/\/artvallarta.com\/es\/#website\",\"url\":\"https:\/\/artvallarta.com\/es\/\",\"name\":\"Art VallARTa\",\"description\":\"Art VallARTa\",\"publisher\":{\"@id\":\"https:\/\/artvallarta.com\/es\/#organization\"},\"potentialAction\":[{\"@type\":\"SearchAction\",\"target\":{\"@type\":\"EntryPoint\",\"urlTemplate\":\"https:\/\/artvallarta.com\/es\/?s={search_term_string}\"},\"query-input\":{\"@type\":\"PropertyValueSpecification\",\"valueRequired\":true,\"valueName\":\"search_term_string\"}}],\"inLanguage\":\"es\"},{\"@type\":\"Organization\",\"@id\":\"https:\/\/artvallarta.com\/es\/#organization\",\"name\":\"Art VallARTa\",\"url\":\"https:\/\/artvallarta.com\/es\/\",\"logo\":{\"@type\":\"ImageObject\",\"inLanguage\":\"es\",\"@id\":\"https:\/\/artvallarta.com\/es\/#\/schema\/logo\/image\/\",\"url\":\"https:\/\/artvallarta.com\/wp-content\/uploads\/2019\/02\/51835738_615449708895218_133232196214325248_n.jpg\",\"contentUrl\":\"https:\/\/artvallarta.com\/wp-content\/uploads\/2019\/02\/51835738_615449708895218_133232196214325248_n.jpg\",\"width\":2048,\"height\":1466,\"caption\":\"Art VallARTa\"},\"image\":{\"@id\":\"https:\/\/artvallarta.com\/es\/#\/schema\/logo\/image\/\"},\"sameAs\":[\"http:\/\/www.facebook.com\/artvallarta\",\"http:\/\/www.instagram.com\/artvallarta\",\"http:\/\/www.pinterest\/artvallarta\",\"https:\/\/www.youtube.com\/channel\/UCOqDy2Oyk7EU4tz3S2Gl7kQ\"]}]}<\/script>\n<!-- \/ Yoast SEO plugin. -->","yoast_head_json":{"title":"Rodin Pintura Acr L-3000 75 ML 3004 SOMBRA CAFE - Art VallARTa","robots":{"index":"index","follow":"follow","max-snippet":"max-snippet:-1","max-image-preview":"max-image-preview:large","max-video-preview":"max-video-preview:-1"},"canonical":"https:\/\/artvallarta.com\/es\/producto\/acrilico-l-3000-tubo-plast-75-ml-sombra-cafe\/","og_locale":"es_ES","og_type":"article","og_title":"Rodin Pintura Acr L-3000 75 ML 3004 SOMBRA CAFE - Art VallARTa","og_description":"Un grado muy alto de resistencia a la luz gracias al uso de pigmentos puros y s\u00f3lidos. Las obras conservan el color original incluso despu\u00e9s de d\u00e9cadas. Una pel\u00edcula de extrema durabilidad para un resultado duradero, adecuada para pintar murales. La pintura se diluye f\u00e1cilmente.  Highly resistant to light thanks to the paint being made up of pure and solid pigments. The pieces created with this paint line keep the original color even after decades. This paint creates an extremely durable film which makes it adecuate for mural work. The paint is easily diluted.","og_url":"https:\/\/artvallarta.com\/es\/producto\/acrilico-l-3000-tubo-plast-75-ml-sombra-cafe\/","og_site_name":"Art VallARTa","article_publisher":"http:\/\/www.facebook.com\/artvallarta","og_image":[{"width":980,"height":735,"url":"https:\/\/artvallarta.com\/wp-content\/uploads\/2019\/01\/kit-politec-pinturas-acrilicas-D_NQ_NP_652645-MLM27702667941_072018-F.jpg","type":"image\/jpeg"}],"twitter_card":"summary_large_image","schema":{"@context":"https:\/\/schema.org","@graph":[{"@type":"WebPage","@id":"https:\/\/artvallarta.com\/es\/producto\/acrilico-l-3000-tubo-plast-75-ml-sombra-cafe\/","url":"https:\/\/artvallarta.com\/es\/producto\/acrilico-l-3000-tubo-plast-75-ml-sombra-cafe\/","name":"Rodin Pintura Acr L-3000 75 ML 3004 SOMBRA CAFE - Art VallARTa","isPartOf":{"@id":"https:\/\/artvallarta.com\/es\/#website"},"primaryImageOfPage":{"@id":"https:\/\/artvallarta.com\/es\/producto\/acrilico-l-3000-tubo-plast-75-ml-sombra-cafe\/#primaryimage"},"image":{"@id":"https:\/\/artvallarta.com\/es\/producto\/acrilico-l-3000-tubo-plast-75-ml-sombra-cafe\/#primaryimage"},"thumbnailUrl":"https:\/\/artvallarta.com\/wp-content\/uploads\/2019\/01\/kit-politec-pinturas-acrilicas-D_NQ_NP_652645-MLM27702667941_072018-F.jpg","datePublished":"2019-01-19T19:47:58+00:00","breadcrumb":{"@id":"https:\/\/artvallarta.com\/es\/producto\/acrilico-l-3000-tubo-plast-75-ml-sombra-cafe\/#breadcrumb"},"inLanguage":"es","potentialAction":[{"@type":"ReadAction","target":["https:\/\/artvallarta.com\/es\/producto\/acrilico-l-3000-tubo-plast-75-ml-sombra-cafe\/"]}]},{"@type":"ImageObject","inLanguage":"es","@id":"https:\/\/artvallarta.com\/es\/producto\/acrilico-l-3000-tubo-plast-75-ml-sombra-cafe\/#primaryimage","url":"https:\/\/artvallarta.com\/wp-content\/uploads\/2019\/01\/kit-politec-pinturas-acrilicas-D_NQ_NP_652645-MLM27702667941_072018-F.jpg","contentUrl":"https:\/\/artvallarta.com\/wp-content\/uploads\/2019\/01\/kit-politec-pinturas-acrilicas-D_NQ_NP_652645-MLM27702667941_072018-F.jpg","width":980,"height":735},{"@type":"BreadcrumbList","@id":"https:\/\/artvallarta.com\/es\/producto\/acrilico-l-3000-tubo-plast-75-ml-sombra-cafe\/#breadcrumb","itemListElement":[{"@type":"ListItem","position":1,"name":"Pagina principal","item":"https:\/\/artvallarta.com\/es\/art-vallarta-puerto-vallarta-mexico-home\/"},{"@type":"ListItem","position":2,"name":"Shop","item":"https:\/\/artvallarta.com\/shop\/"},{"@type":"ListItem","position":3,"name":"Rodin Pintura Acr L-3000 75 ML 3004 SOMBRA CAFE"}]},{"@type":"WebSite","@id":"https:\/\/artvallarta.com\/es\/#website","url":"https:\/\/artvallarta.com\/es\/","name":"Art VallARTa","description":"Art VallARTa","publisher":{"@id":"https:\/\/artvallarta.com\/es\/#organization"},"potentialAction":[{"@type":"SearchAction","target":{"@type":"EntryPoint","urlTemplate":"https:\/\/artvallarta.com\/es\/?s={search_term_string}"},"query-input":{"@type":"PropertyValueSpecification","valueRequired":true,"valueName":"search_term_string"}}],"inLanguage":"es"},{"@type":"Organization","@id":"https:\/\/artvallarta.com\/es\/#organization","name":"Art VallARTa","url":"https:\/\/artvallarta.com\/es\/","logo":{"@type":"ImageObject","inLanguage":"es","@id":"https:\/\/artvallarta.com\/es\/#\/schema\/logo\/image\/","url":"https:\/\/artvallarta.com\/wp-content\/uploads\/2019\/02\/51835738_615449708895218_133232196214325248_n.jpg","contentUrl":"https:\/\/artvallarta.com\/wp-content\/uploads\/2019\/02\/51835738_615449708895218_133232196214325248_n.jpg","width":2048,"height":1466,"caption":"Art VallARTa"},"image":{"@id":"https:\/\/artvallarta.com\/es\/#\/schema\/logo\/image\/"},"sameAs":["http:\/\/www.facebook.com\/artvallarta","http:\/\/www.instagram.com\/artvallarta","http:\/\/www.pinterest\/artvallarta","https:\/\/www.youtube.com\/channel\/UCOqDy2Oyk7EU4tz3S2Gl7kQ"]}]}},"_links":{"self":[{"href":"https:\/\/artvallarta.com\/es\/wp-json\/wp\/v2\/product\/53576","targetHints":{"allow":["GET"]}}],"collection":[{"href":"https:\/\/artvallarta.com\/es\/wp-json\/wp\/v2\/product"}],"about":[{"href":"https:\/\/artvallarta.com\/es\/wp-json\/wp\/v2\/types\/product"}],"version-history":[{"count":0,"href":"https:\/\/artvallarta.com\/es\/wp-json\/wp\/v2\/product\/53576\/revisions"}],"wp:featuredmedia":[{"embeddable":true,"href":"https:\/\/artvallarta.com\/es\/wp-json\/wp\/v2\/media\/53514"}],"wp:attachment":[{"href":"https:\/\/artvallarta.com\/es\/wp-json\/wp\/v2\/media?parent=53576"}],"wp:term":[{"taxonomy":"product_brand","embeddable":true,"href":"https:\/\/artvallarta.com\/es\/wp-json\/wp\/v2\/product_brand?post=53576"},{"taxonomy":"product_cat","embeddable":true,"href":"https:\/\/artvallarta.com\/es\/wp-json\/wp\/v2\/product_cat?post=53576"},{"taxonomy":"product_tag","embeddable":true,"href":"https:\/\/artvallarta.com\/es\/wp-json\/wp\/v2\/product_tag?post=53576"}],"curies":[{"name":"wp","href":"https:\/\/api.w.org\/{rel}","templated":true}]}}