{"id":53079,"date":"2019-02-17T16:02:28","date_gmt":"2019-02-17T22:02:28","guid":{"rendered":"https:\/\/artvallarta.com\/product\/15312\/"},"modified":"2021-06-03T12:05:07","modified_gmt":"2021-06-03T17:05:07","slug":"renta-de-espacio-de-estudio-para-arte-y-ceramica","status":"publish","type":"product","link":"https:\/\/artvallarta.com\/es\/producto\/renta-de-espacio-de-estudio-para-arte-y-ceramica\/","title":{"rendered":"Renta de espacio de estudio para arte y cer\u00e1mica"},"content":{"rendered":"","protected":false},"excerpt":{"rendered":"<p>Tenemos espacio de estudio en nuestro estudio de cer\u00e1mica o estudio de arte si est\u00e1 interesado. La cuota mensual es de $1,500.00 pesos para miembros o $3,000.00 pesos para no miembros. El horario de atenci\u00f3n es de 10 a 4 pm de lunes a viernes. No se incluyen instrucciones.<\/p>\n<p>Para pintura y artes aplicadas, no se suministra ning\u00fan material al miembro de forma gratuita. Pero la tienda vende lienzos, pinturas, etc. El espacio de almacenamiento es obviamente limitado. No se proporciona ning\u00fan bloqueo hasta el momento. Tambi\u00e9n los artistas tienen la oportunidad de mostrar (si son elegidos) y contribuir a las diversas exhibiciones de galer\u00edas. No se incluyen instrucciones. D\u00edganos sobre sus necesidades y podemos encontrar la manera de adaptarse.<\/p>\n","protected":false},"featured_media":49186,"template":"","meta":[],"product_brand":[],"product_cat":[1054],"product_tag":[],"class_list":{"0":"post-53079","1":"product","2":"type-product","3":"status-publish","4":"has-post-thumbnail","6":"product_cat-membership-es","8":"first","9":"instock","10":"virtual","11":"taxable","12":"purchasable","13":"product-type-simple"},"yoast_head":"<!-- This site is optimized with the Yoast SEO plugin v27.3 - https:\/\/yoast.com\/product\/yoast-seo-wordpress\/ -->\n<title>Renta de espacio de estudio para arte y cer\u00e1mica - Art VallARTa<\/title>\n<meta name=\"description\" content=\"Tenemos espacio de estudio en nuestro estudio de cer\u00e1mica o estudio de arte si est\u00e1 interesado.\" \/>\n<meta name=\"robots\" content=\"noindex, nofollow\" \/>\n<meta property=\"og:locale\" content=\"es_ES\" \/>\n<meta property=\"og:type\" content=\"article\" \/>\n<meta property=\"og:title\" content=\"Renta de espacio de estudio para arte y cer\u00e1mica - Art VallARTa\" \/>\n<meta property=\"og:description\" content=\"Tenemos espacio de estudio en nuestro estudio de cer\u00e1mica o estudio de arte si est\u00e1 interesado.\" \/>\n<meta property=\"og:url\" content=\"https:\/\/artvallarta.com\/es\/producto\/renta-de-espacio-de-estudio-para-arte-y-ceramica\/\" \/>\n<meta property=\"og:site_name\" content=\"Art VallARTa\" \/>\n<meta property=\"article:publisher\" content=\"http:\/\/www.facebook.com\/artvallarta\" \/>\n<meta property=\"article:modified_time\" content=\"2021-06-03T17:05:07+00:00\" \/>\n<meta property=\"og:image\" content=\"https:\/\/artvallarta.com\/wp-content\/uploads\/2019\/02\/i-s86sMF6-X3.jpg\" \/>\n\t<meta property=\"og:image:width\" content=\"1600\" \/>\n\t<meta property=\"og:image:height\" content=\"1067\" \/>\n\t<meta property=\"og:image:type\" content=\"image\/jpeg\" \/>\n<meta name=\"twitter:card\" content=\"summary_large_image\" \/>\n<script type=\"application\/ld+json\" class=\"yoast-schema-graph\">{\"@context\":\"https:\\\/\\\/schema.org\",\"@graph\":[{\"@type\":\"WebPage\",\"@id\":\"https:\\\/\\\/artvallarta.com\\\/es\\\/producto\\\/renta-de-espacio-de-estudio-para-arte-y-ceramica\\\/\",\"url\":\"https:\\\/\\\/artvallarta.com\\\/es\\\/producto\\\/renta-de-espacio-de-estudio-para-arte-y-ceramica\\\/\",\"name\":\"Renta de espacio de estudio para arte y cer\u00e1mica - Art VallARTa\",\"isPartOf\":{\"@id\":\"https:\\\/\\\/artvallarta.com\\\/es\\\/#website\"},\"primaryImageOfPage\":{\"@id\":\"https:\\\/\\\/artvallarta.com\\\/es\\\/producto\\\/renta-de-espacio-de-estudio-para-arte-y-ceramica\\\/#primaryimage\"},\"image\":{\"@id\":\"https:\\\/\\\/artvallarta.com\\\/es\\\/producto\\\/renta-de-espacio-de-estudio-para-arte-y-ceramica\\\/#primaryimage\"},\"thumbnailUrl\":\"https:\\\/\\\/artvallarta.com\\\/wp-content\\\/uploads\\\/2019\\\/02\\\/i-s86sMF6-X3.jpg\",\"datePublished\":\"2019-02-17T22:02:28+00:00\",\"dateModified\":\"2021-06-03T17:05:07+00:00\",\"description\":\"Tenemos espacio de estudio en nuestro estudio de cer\u00e1mica o estudio de arte si est\u00e1 interesado.\",\"breadcrumb\":{\"@id\":\"https:\\\/\\\/artvallarta.com\\\/es\\\/producto\\\/renta-de-espacio-de-estudio-para-arte-y-ceramica\\\/#breadcrumb\"},\"inLanguage\":\"es\",\"potentialAction\":[{\"@type\":\"ReadAction\",\"target\":[\"https:\\\/\\\/artvallarta.com\\\/es\\\/producto\\\/renta-de-espacio-de-estudio-para-arte-y-ceramica\\\/\"]}]},{\"@type\":\"ImageObject\",\"inLanguage\":\"es\",\"@id\":\"https:\\\/\\\/artvallarta.com\\\/es\\\/producto\\\/renta-de-espacio-de-estudio-para-arte-y-ceramica\\\/#primaryimage\",\"url\":\"https:\\\/\\\/artvallarta.com\\\/wp-content\\\/uploads\\\/2019\\\/02\\\/i-s86sMF6-X3.jpg\",\"contentUrl\":\"https:\\\/\\\/artvallarta.com\\\/wp-content\\\/uploads\\\/2019\\\/02\\\/i-s86sMF6-X3.jpg\",\"width\":1600,\"height\":1067},{\"@type\":\"BreadcrumbList\",\"@id\":\"https:\\\/\\\/artvallarta.com\\\/es\\\/producto\\\/renta-de-espacio-de-estudio-para-arte-y-ceramica\\\/#breadcrumb\",\"itemListElement\":[{\"@type\":\"ListItem\",\"position\":1,\"name\":\"Pagina principal\",\"item\":\"https:\\\/\\\/artvallarta.com\\\/es\\\/art-vallarta-puerto-vallarta-mexico-home\\\/\"},{\"@type\":\"ListItem\",\"position\":2,\"name\":\"Shop\",\"item\":\"https:\\\/\\\/artvallarta.com\\\/shop\\\/\"},{\"@type\":\"ListItem\",\"position\":3,\"name\":\"Renta de espacio de estudio para arte y cer\u00e1mica\"}]},{\"@type\":\"WebSite\",\"@id\":\"https:\\\/\\\/artvallarta.com\\\/es\\\/#website\",\"url\":\"https:\\\/\\\/artvallarta.com\\\/es\\\/\",\"name\":\"Art VallARTa\",\"description\":\"Art VallARTa\",\"publisher\":{\"@id\":\"https:\\\/\\\/artvallarta.com\\\/es\\\/#organization\"},\"potentialAction\":[{\"@type\":\"SearchAction\",\"target\":{\"@type\":\"EntryPoint\",\"urlTemplate\":\"https:\\\/\\\/artvallarta.com\\\/es\\\/?s={search_term_string}\"},\"query-input\":{\"@type\":\"PropertyValueSpecification\",\"valueRequired\":true,\"valueName\":\"search_term_string\"}}],\"inLanguage\":\"es\"},{\"@type\":\"Organization\",\"@id\":\"https:\\\/\\\/artvallarta.com\\\/es\\\/#organization\",\"name\":\"Art VallARTa\",\"url\":\"https:\\\/\\\/artvallarta.com\\\/es\\\/\",\"logo\":{\"@type\":\"ImageObject\",\"inLanguage\":\"es\",\"@id\":\"https:\\\/\\\/artvallarta.com\\\/es\\\/#\\\/schema\\\/logo\\\/image\\\/\",\"url\":\"https:\\\/\\\/artvallarta.com\\\/wp-content\\\/uploads\\\/2019\\\/02\\\/51835738_615449708895218_133232196214325248_n.jpg\",\"contentUrl\":\"https:\\\/\\\/artvallarta.com\\\/wp-content\\\/uploads\\\/2019\\\/02\\\/51835738_615449708895218_133232196214325248_n.jpg\",\"width\":2048,\"height\":1466,\"caption\":\"Art VallARTa\"},\"image\":{\"@id\":\"https:\\\/\\\/artvallarta.com\\\/es\\\/#\\\/schema\\\/logo\\\/image\\\/\"},\"sameAs\":[\"http:\\\/\\\/www.facebook.com\\\/artvallarta\",\"http:\\\/\\\/www.instagram.com\\\/artvallarta\",\"http:\\\/\\\/www.pinterest\\\/artvallarta\",\"https:\\\/\\\/www.youtube.com\\\/channel\\\/UCOqDy2Oyk7EU4tz3S2Gl7kQ\"]}]}<\/script>\n<!-- \/ Yoast SEO plugin. -->","yoast_head_json":{"title":"Renta de espacio de estudio para arte y cer\u00e1mica - Art VallARTa","description":"Tenemos espacio de estudio en nuestro estudio de cer\u00e1mica o estudio de arte si est\u00e1 interesado.","robots":{"index":"noindex","follow":"nofollow"},"og_locale":"es_ES","og_type":"article","og_title":"Renta de espacio de estudio para arte y cer\u00e1mica - Art VallARTa","og_description":"Tenemos espacio de estudio en nuestro estudio de cer\u00e1mica o estudio de arte si est\u00e1 interesado.","og_url":"https:\/\/artvallarta.com\/es\/producto\/renta-de-espacio-de-estudio-para-arte-y-ceramica\/","og_site_name":"Art VallARTa","article_publisher":"http:\/\/www.facebook.com\/artvallarta","article_modified_time":"2021-06-03T17:05:07+00:00","og_image":[{"width":1600,"height":1067,"url":"https:\/\/artvallarta.com\/wp-content\/uploads\/2019\/02\/i-s86sMF6-X3.jpg","type":"image\/jpeg"}],"twitter_card":"summary_large_image","schema":{"@context":"https:\/\/schema.org","@graph":[{"@type":"WebPage","@id":"https:\/\/artvallarta.com\/es\/producto\/renta-de-espacio-de-estudio-para-arte-y-ceramica\/","url":"https:\/\/artvallarta.com\/es\/producto\/renta-de-espacio-de-estudio-para-arte-y-ceramica\/","name":"Renta de espacio de estudio para arte y cer\u00e1mica - Art VallARTa","isPartOf":{"@id":"https:\/\/artvallarta.com\/es\/#website"},"primaryImageOfPage":{"@id":"https:\/\/artvallarta.com\/es\/producto\/renta-de-espacio-de-estudio-para-arte-y-ceramica\/#primaryimage"},"image":{"@id":"https:\/\/artvallarta.com\/es\/producto\/renta-de-espacio-de-estudio-para-arte-y-ceramica\/#primaryimage"},"thumbnailUrl":"https:\/\/artvallarta.com\/wp-content\/uploads\/2019\/02\/i-s86sMF6-X3.jpg","datePublished":"2019-02-17T22:02:28+00:00","dateModified":"2021-06-03T17:05:07+00:00","description":"Tenemos espacio de estudio en nuestro estudio de cer\u00e1mica o estudio de arte si est\u00e1 interesado.","breadcrumb":{"@id":"https:\/\/artvallarta.com\/es\/producto\/renta-de-espacio-de-estudio-para-arte-y-ceramica\/#breadcrumb"},"inLanguage":"es","potentialAction":[{"@type":"ReadAction","target":["https:\/\/artvallarta.com\/es\/producto\/renta-de-espacio-de-estudio-para-arte-y-ceramica\/"]}]},{"@type":"ImageObject","inLanguage":"es","@id":"https:\/\/artvallarta.com\/es\/producto\/renta-de-espacio-de-estudio-para-arte-y-ceramica\/#primaryimage","url":"https:\/\/artvallarta.com\/wp-content\/uploads\/2019\/02\/i-s86sMF6-X3.jpg","contentUrl":"https:\/\/artvallarta.com\/wp-content\/uploads\/2019\/02\/i-s86sMF6-X3.jpg","width":1600,"height":1067},{"@type":"BreadcrumbList","@id":"https:\/\/artvallarta.com\/es\/producto\/renta-de-espacio-de-estudio-para-arte-y-ceramica\/#breadcrumb","itemListElement":[{"@type":"ListItem","position":1,"name":"Pagina principal","item":"https:\/\/artvallarta.com\/es\/art-vallarta-puerto-vallarta-mexico-home\/"},{"@type":"ListItem","position":2,"name":"Shop","item":"https:\/\/artvallarta.com\/shop\/"},{"@type":"ListItem","position":3,"name":"Renta de espacio de estudio para arte y cer\u00e1mica"}]},{"@type":"WebSite","@id":"https:\/\/artvallarta.com\/es\/#website","url":"https:\/\/artvallarta.com\/es\/","name":"Art VallARTa","description":"Art VallARTa","publisher":{"@id":"https:\/\/artvallarta.com\/es\/#organization"},"potentialAction":[{"@type":"SearchAction","target":{"@type":"EntryPoint","urlTemplate":"https:\/\/artvallarta.com\/es\/?s={search_term_string}"},"query-input":{"@type":"PropertyValueSpecification","valueRequired":true,"valueName":"search_term_string"}}],"inLanguage":"es"},{"@type":"Organization","@id":"https:\/\/artvallarta.com\/es\/#organization","name":"Art VallARTa","url":"https:\/\/artvallarta.com\/es\/","logo":{"@type":"ImageObject","inLanguage":"es","@id":"https:\/\/artvallarta.com\/es\/#\/schema\/logo\/image\/","url":"https:\/\/artvallarta.com\/wp-content\/uploads\/2019\/02\/51835738_615449708895218_133232196214325248_n.jpg","contentUrl":"https:\/\/artvallarta.com\/wp-content\/uploads\/2019\/02\/51835738_615449708895218_133232196214325248_n.jpg","width":2048,"height":1466,"caption":"Art VallARTa"},"image":{"@id":"https:\/\/artvallarta.com\/es\/#\/schema\/logo\/image\/"},"sameAs":["http:\/\/www.facebook.com\/artvallarta","http:\/\/www.instagram.com\/artvallarta","http:\/\/www.pinterest\/artvallarta","https:\/\/www.youtube.com\/channel\/UCOqDy2Oyk7EU4tz3S2Gl7kQ"]}]}},"_links":{"self":[{"href":"https:\/\/artvallarta.com\/es\/wp-json\/wp\/v2\/product\/53079","targetHints":{"allow":["GET"]}}],"collection":[{"href":"https:\/\/artvallarta.com\/es\/wp-json\/wp\/v2\/product"}],"about":[{"href":"https:\/\/artvallarta.com\/es\/wp-json\/wp\/v2\/types\/product"}],"version-history":[{"count":2,"href":"https:\/\/artvallarta.com\/es\/wp-json\/wp\/v2\/product\/53079\/revisions"}],"predecessor-version":[{"id":70069,"href":"https:\/\/artvallarta.com\/es\/wp-json\/wp\/v2\/product\/53079\/revisions\/70069"}],"wp:featuredmedia":[{"embeddable":true,"href":"https:\/\/artvallarta.com\/es\/wp-json\/wp\/v2\/media\/49186"}],"wp:attachment":[{"href":"https:\/\/artvallarta.com\/es\/wp-json\/wp\/v2\/media?parent=53079"}],"wp:term":[{"taxonomy":"product_brand","embeddable":true,"href":"https:\/\/artvallarta.com\/es\/wp-json\/wp\/v2\/product_brand?post=53079"},{"taxonomy":"product_cat","embeddable":true,"href":"https:\/\/artvallarta.com\/es\/wp-json\/wp\/v2\/product_cat?post=53079"},{"taxonomy":"product_tag","embeddable":true,"href":"https:\/\/artvallarta.com\/es\/wp-json\/wp\/v2\/product_tag?post=53079"}],"curies":[{"name":"wp","href":"https:\/\/api.w.org\/{rel}","templated":true}]}}