{"id":52574,"date":"2019-05-24T11:28:25","date_gmt":"2019-05-24T16:28:25","guid":{"rendered":"https:\/\/artvallarta.com\/product\/medio-diluyente-para-pintura-acrilica-pinto-120-ml\/"},"modified":"2025-06-05T12:11:48","modified_gmt":"2025-06-05T18:11:48","slug":"medio-diluyente-para-pintura-acrilica-pinto-120-ml","status":"publish","type":"product","link":"https:\/\/artvallarta.com\/es\/producto\/medio-diluyente-para-pintura-acrilica-pinto-120-ml\/","title":{"rendered":"Medio Diluyente para pintura acrilica Pinto 120 ml"},"content":{"rendered":"<p>Medio diluyente acr\u00edlico, ideal para diluir la pintura acr\u00edlica manteniendo tonalidad, brillo y adherencia. Brinda brochabilidad y evita la formaci\u00f3n de hongos, bact\u00e9rias y el mal olor en la pintura.<\/p>\n<p>Acrylic diluting medium, ideal for diluting acrylic paint while maintaining tonality, glossiness and adherence. It makes the paint more spreadable and avoids the formation of fungus, bacteria and bad odor in the paint.<\/p>\n","protected":false},"excerpt":{"rendered":"<p>Medio diluyente acr\u00edlico, ideal para diluir la pintura acr\u00edlica manteniendo tonalidad, brillo y adherencia. Brinda brochabilidad y evita la formaci\u00f3n de hongos, bact\u00e9rias y el mal olor en la pintura.<\/p>\n<p>Acrylic diluting medium, ideal for diluting acrylic paint while maintaining tonality, glossiness and adherence. It makes the paint more spreadable and avoids the formation of fungus, bacteria and bad odor in the paint.<\/p>\n","protected":false},"featured_media":52575,"template":"","meta":[],"product_brand":[],"product_cat":[692,793],"product_tag":[],"class_list":{"0":"post-52574","1":"product","2":"type-product","3":"status-publish","4":"has-post-thumbnail","6":"product_cat-art-supplies-es","7":"product_cat-mediums-es","9":"first","10":"instock","11":"taxable","12":"shipping-taxable","13":"purchasable","14":"product-type-simple"},"yoast_head":"<!-- This site is optimized with the Yoast SEO plugin v27.1.1 - https:\/\/yoast.com\/product\/yoast-seo-wordpress\/ -->\n<title>Medio Diluyente para pintura acrilica Pinto 120 ml - Art VallARTa<\/title>\n<meta name=\"description\" content=\"Medio diluyente acr\u00edlico, ideal para diluir la pintura acr\u00edlica manteniendo tonalidad, brillo y adherencia. Brinda brochabilidad y evita la formaci\u00f3n de hongos, bact\u00e9rias y el mal olor en la pintura.Acrylic diluting medium, ideal for diluting acrylic paint while maintaining tonality, glossiness and adherence. It makes the paint more spreadable and avoids the formation of fungus, bacteria and bad odor in the paint.\u00a0\" \/>\n<meta name=\"robots\" content=\"index, follow, max-snippet:-1, max-image-preview:large, max-video-preview:-1\" \/>\n<link rel=\"canonical\" href=\"https:\/\/artvallarta.com\/es\/producto\/medio-diluyente-para-pintura-acrilica-pinto-120-ml\/\" \/>\n<meta property=\"og:locale\" content=\"es_ES\" \/>\n<meta property=\"og:type\" content=\"article\" \/>\n<meta property=\"og:title\" content=\"Medio Diluyente para pintura acrilica Pinto 120 ml - Art VallARTa\" \/>\n<meta property=\"og:description\" content=\"Medio diluyente acr\u00edlico, ideal para diluir la pintura acr\u00edlica manteniendo tonalidad, brillo y adherencia. Brinda brochabilidad y evita la formaci\u00f3n de hongos, bact\u00e9rias y el mal olor en la pintura.Acrylic diluting medium, ideal for diluting acrylic paint while maintaining tonality, glossiness and adherence. It makes the paint more spreadable and avoids the formation of fungus, bacteria and bad odor in the paint.\u00a0\" \/>\n<meta property=\"og:url\" content=\"https:\/\/artvallarta.com\/es\/producto\/medio-diluyente-para-pintura-acrilica-pinto-120-ml\/\" \/>\n<meta property=\"og:site_name\" content=\"Art VallARTa\" \/>\n<meta property=\"article:publisher\" content=\"http:\/\/www.facebook.com\/artvallarta\" \/>\n<meta property=\"article:modified_time\" content=\"2025-06-05T18:11:48+00:00\" \/>\n<meta property=\"og:image\" content=\"https:\/\/artvallarta.com\/wp-content\/uploads\/2019\/05\/Pinto-Medio-Diluyente-Acr\u00edlico-120.jpg\" \/>\n\t<meta property=\"og:image:width\" content=\"288\" \/>\n\t<meta property=\"og:image:height\" content=\"175\" \/>\n\t<meta property=\"og:image:type\" content=\"image\/jpeg\" \/>\n<meta name=\"twitter:card\" content=\"summary_large_image\" \/>\n<script type=\"application\/ld+json\" class=\"yoast-schema-graph\">{\"@context\":\"https:\/\/schema.org\",\"@graph\":[{\"@type\":\"WebPage\",\"@id\":\"https:\/\/artvallarta.com\/es\/producto\/medio-diluyente-para-pintura-acrilica-pinto-120-ml\/\",\"url\":\"https:\/\/artvallarta.com\/es\/producto\/medio-diluyente-para-pintura-acrilica-pinto-120-ml\/\",\"name\":\"Medio Diluyente para pintura acrilica Pinto 120 ml - Art VallARTa\",\"isPartOf\":{\"@id\":\"https:\/\/artvallarta.com\/es\/#website\"},\"primaryImageOfPage\":{\"@id\":\"https:\/\/artvallarta.com\/es\/producto\/medio-diluyente-para-pintura-acrilica-pinto-120-ml\/#primaryimage\"},\"image\":{\"@id\":\"https:\/\/artvallarta.com\/es\/producto\/medio-diluyente-para-pintura-acrilica-pinto-120-ml\/#primaryimage\"},\"thumbnailUrl\":\"https:\/\/artvallarta.com\/wp-content\/uploads\/2019\/05\/Pinto-Medio-Diluyente-Acr\u00edlico-120.jpg\",\"datePublished\":\"2019-05-24T16:28:25+00:00\",\"dateModified\":\"2025-06-05T18:11:48+00:00\",\"description\":\"Medio diluyente acr\u00edlico, ideal para diluir la pintura acr\u00edlica manteniendo tonalidad, brillo y adherencia. Brinda brochabilidad y evita la formaci\u00f3n de hongos, bact\u00e9rias y el mal olor en la pintura.Acrylic diluting medium, ideal for diluting acrylic paint while maintaining tonality, glossiness and adherence. It makes the paint more spreadable and avoids the formation of fungus, bacteria and bad odor in the paint.\u00a0\",\"breadcrumb\":{\"@id\":\"https:\/\/artvallarta.com\/es\/producto\/medio-diluyente-para-pintura-acrilica-pinto-120-ml\/#breadcrumb\"},\"inLanguage\":\"es\",\"potentialAction\":[{\"@type\":\"ReadAction\",\"target\":[\"https:\/\/artvallarta.com\/es\/producto\/medio-diluyente-para-pintura-acrilica-pinto-120-ml\/\"]}]},{\"@type\":\"ImageObject\",\"inLanguage\":\"es\",\"@id\":\"https:\/\/artvallarta.com\/es\/producto\/medio-diluyente-para-pintura-acrilica-pinto-120-ml\/#primaryimage\",\"url\":\"https:\/\/artvallarta.com\/wp-content\/uploads\/2019\/05\/Pinto-Medio-Diluyente-Acr\u00edlico-120.jpg\",\"contentUrl\":\"https:\/\/artvallarta.com\/wp-content\/uploads\/2019\/05\/Pinto-Medio-Diluyente-Acr\u00edlico-120.jpg\",\"width\":288,\"height\":175},{\"@type\":\"BreadcrumbList\",\"@id\":\"https:\/\/artvallarta.com\/es\/producto\/medio-diluyente-para-pintura-acrilica-pinto-120-ml\/#breadcrumb\",\"itemListElement\":[{\"@type\":\"ListItem\",\"position\":1,\"name\":\"Pagina principal\",\"item\":\"https:\/\/artvallarta.com\/es\/art-vallarta-puerto-vallarta-mexico-home\/\"},{\"@type\":\"ListItem\",\"position\":2,\"name\":\"Shop\",\"item\":\"https:\/\/artvallarta.com\/shop\/\"},{\"@type\":\"ListItem\",\"position\":3,\"name\":\"Medio Diluyente para pintura acrilica Pinto 120 ml\"}]},{\"@type\":\"WebSite\",\"@id\":\"https:\/\/artvallarta.com\/es\/#website\",\"url\":\"https:\/\/artvallarta.com\/es\/\",\"name\":\"Art VallARTa\",\"description\":\"Art VallARTa\",\"publisher\":{\"@id\":\"https:\/\/artvallarta.com\/es\/#organization\"},\"potentialAction\":[{\"@type\":\"SearchAction\",\"target\":{\"@type\":\"EntryPoint\",\"urlTemplate\":\"https:\/\/artvallarta.com\/es\/?s={search_term_string}\"},\"query-input\":{\"@type\":\"PropertyValueSpecification\",\"valueRequired\":true,\"valueName\":\"search_term_string\"}}],\"inLanguage\":\"es\"},{\"@type\":\"Organization\",\"@id\":\"https:\/\/artvallarta.com\/es\/#organization\",\"name\":\"Art VallARTa\",\"url\":\"https:\/\/artvallarta.com\/es\/\",\"logo\":{\"@type\":\"ImageObject\",\"inLanguage\":\"es\",\"@id\":\"https:\/\/artvallarta.com\/es\/#\/schema\/logo\/image\/\",\"url\":\"https:\/\/artvallarta.com\/wp-content\/uploads\/2019\/02\/51835738_615449708895218_133232196214325248_n.jpg\",\"contentUrl\":\"https:\/\/artvallarta.com\/wp-content\/uploads\/2019\/02\/51835738_615449708895218_133232196214325248_n.jpg\",\"width\":2048,\"height\":1466,\"caption\":\"Art VallARTa\"},\"image\":{\"@id\":\"https:\/\/artvallarta.com\/es\/#\/schema\/logo\/image\/\"},\"sameAs\":[\"http:\/\/www.facebook.com\/artvallarta\",\"http:\/\/www.instagram.com\/artvallarta\",\"http:\/\/www.pinterest\/artvallarta\",\"https:\/\/www.youtube.com\/channel\/UCOqDy2Oyk7EU4tz3S2Gl7kQ\"]}]}<\/script>\n<!-- \/ Yoast SEO plugin. -->","yoast_head_json":{"title":"Medio Diluyente para pintura acrilica Pinto 120 ml - Art VallARTa","description":"Medio diluyente acr\u00edlico, ideal para diluir la pintura acr\u00edlica manteniendo tonalidad, brillo y adherencia. Brinda brochabilidad y evita la formaci\u00f3n de hongos, bact\u00e9rias y el mal olor en la pintura.Acrylic diluting medium, ideal for diluting acrylic paint while maintaining tonality, glossiness and adherence. It makes the paint more spreadable and avoids the formation of fungus, bacteria and bad odor in the paint.\u00a0","robots":{"index":"index","follow":"follow","max-snippet":"max-snippet:-1","max-image-preview":"max-image-preview:large","max-video-preview":"max-video-preview:-1"},"canonical":"https:\/\/artvallarta.com\/es\/producto\/medio-diluyente-para-pintura-acrilica-pinto-120-ml\/","og_locale":"es_ES","og_type":"article","og_title":"Medio Diluyente para pintura acrilica Pinto 120 ml - Art VallARTa","og_description":"Medio diluyente acr\u00edlico, ideal para diluir la pintura acr\u00edlica manteniendo tonalidad, brillo y adherencia. Brinda brochabilidad y evita la formaci\u00f3n de hongos, bact\u00e9rias y el mal olor en la pintura.Acrylic diluting medium, ideal for diluting acrylic paint while maintaining tonality, glossiness and adherence. It makes the paint more spreadable and avoids the formation of fungus, bacteria and bad odor in the paint.\u00a0","og_url":"https:\/\/artvallarta.com\/es\/producto\/medio-diluyente-para-pintura-acrilica-pinto-120-ml\/","og_site_name":"Art VallARTa","article_publisher":"http:\/\/www.facebook.com\/artvallarta","article_modified_time":"2025-06-05T18:11:48+00:00","og_image":[{"width":288,"height":175,"url":"https:\/\/artvallarta.com\/wp-content\/uploads\/2019\/05\/Pinto-Medio-Diluyente-Acr\u00edlico-120.jpg","type":"image\/jpeg"}],"twitter_card":"summary_large_image","schema":{"@context":"https:\/\/schema.org","@graph":[{"@type":"WebPage","@id":"https:\/\/artvallarta.com\/es\/producto\/medio-diluyente-para-pintura-acrilica-pinto-120-ml\/","url":"https:\/\/artvallarta.com\/es\/producto\/medio-diluyente-para-pintura-acrilica-pinto-120-ml\/","name":"Medio Diluyente para pintura acrilica Pinto 120 ml - Art VallARTa","isPartOf":{"@id":"https:\/\/artvallarta.com\/es\/#website"},"primaryImageOfPage":{"@id":"https:\/\/artvallarta.com\/es\/producto\/medio-diluyente-para-pintura-acrilica-pinto-120-ml\/#primaryimage"},"image":{"@id":"https:\/\/artvallarta.com\/es\/producto\/medio-diluyente-para-pintura-acrilica-pinto-120-ml\/#primaryimage"},"thumbnailUrl":"https:\/\/artvallarta.com\/wp-content\/uploads\/2019\/05\/Pinto-Medio-Diluyente-Acr\u00edlico-120.jpg","datePublished":"2019-05-24T16:28:25+00:00","dateModified":"2025-06-05T18:11:48+00:00","description":"Medio diluyente acr\u00edlico, ideal para diluir la pintura acr\u00edlica manteniendo tonalidad, brillo y adherencia. Brinda brochabilidad y evita la formaci\u00f3n de hongos, bact\u00e9rias y el mal olor en la pintura.Acrylic diluting medium, ideal for diluting acrylic paint while maintaining tonality, glossiness and adherence. It makes the paint more spreadable and avoids the formation of fungus, bacteria and bad odor in the paint.\u00a0","breadcrumb":{"@id":"https:\/\/artvallarta.com\/es\/producto\/medio-diluyente-para-pintura-acrilica-pinto-120-ml\/#breadcrumb"},"inLanguage":"es","potentialAction":[{"@type":"ReadAction","target":["https:\/\/artvallarta.com\/es\/producto\/medio-diluyente-para-pintura-acrilica-pinto-120-ml\/"]}]},{"@type":"ImageObject","inLanguage":"es","@id":"https:\/\/artvallarta.com\/es\/producto\/medio-diluyente-para-pintura-acrilica-pinto-120-ml\/#primaryimage","url":"https:\/\/artvallarta.com\/wp-content\/uploads\/2019\/05\/Pinto-Medio-Diluyente-Acr\u00edlico-120.jpg","contentUrl":"https:\/\/artvallarta.com\/wp-content\/uploads\/2019\/05\/Pinto-Medio-Diluyente-Acr\u00edlico-120.jpg","width":288,"height":175},{"@type":"BreadcrumbList","@id":"https:\/\/artvallarta.com\/es\/producto\/medio-diluyente-para-pintura-acrilica-pinto-120-ml\/#breadcrumb","itemListElement":[{"@type":"ListItem","position":1,"name":"Pagina principal","item":"https:\/\/artvallarta.com\/es\/art-vallarta-puerto-vallarta-mexico-home\/"},{"@type":"ListItem","position":2,"name":"Shop","item":"https:\/\/artvallarta.com\/shop\/"},{"@type":"ListItem","position":3,"name":"Medio Diluyente para pintura acrilica Pinto 120 ml"}]},{"@type":"WebSite","@id":"https:\/\/artvallarta.com\/es\/#website","url":"https:\/\/artvallarta.com\/es\/","name":"Art VallARTa","description":"Art VallARTa","publisher":{"@id":"https:\/\/artvallarta.com\/es\/#organization"},"potentialAction":[{"@type":"SearchAction","target":{"@type":"EntryPoint","urlTemplate":"https:\/\/artvallarta.com\/es\/?s={search_term_string}"},"query-input":{"@type":"PropertyValueSpecification","valueRequired":true,"valueName":"search_term_string"}}],"inLanguage":"es"},{"@type":"Organization","@id":"https:\/\/artvallarta.com\/es\/#organization","name":"Art VallARTa","url":"https:\/\/artvallarta.com\/es\/","logo":{"@type":"ImageObject","inLanguage":"es","@id":"https:\/\/artvallarta.com\/es\/#\/schema\/logo\/image\/","url":"https:\/\/artvallarta.com\/wp-content\/uploads\/2019\/02\/51835738_615449708895218_133232196214325248_n.jpg","contentUrl":"https:\/\/artvallarta.com\/wp-content\/uploads\/2019\/02\/51835738_615449708895218_133232196214325248_n.jpg","width":2048,"height":1466,"caption":"Art VallARTa"},"image":{"@id":"https:\/\/artvallarta.com\/es\/#\/schema\/logo\/image\/"},"sameAs":["http:\/\/www.facebook.com\/artvallarta","http:\/\/www.instagram.com\/artvallarta","http:\/\/www.pinterest\/artvallarta","https:\/\/www.youtube.com\/channel\/UCOqDy2Oyk7EU4tz3S2Gl7kQ"]}]}},"_links":{"self":[{"href":"https:\/\/artvallarta.com\/es\/wp-json\/wp\/v2\/product\/52574","targetHints":{"allow":["GET"]}}],"collection":[{"href":"https:\/\/artvallarta.com\/es\/wp-json\/wp\/v2\/product"}],"about":[{"href":"https:\/\/artvallarta.com\/es\/wp-json\/wp\/v2\/types\/product"}],"version-history":[{"count":1,"href":"https:\/\/artvallarta.com\/es\/wp-json\/wp\/v2\/product\/52574\/revisions"}],"predecessor-version":[{"id":54525,"href":"https:\/\/artvallarta.com\/es\/wp-json\/wp\/v2\/product\/52574\/revisions\/54525"}],"wp:featuredmedia":[{"embeddable":true,"href":"https:\/\/artvallarta.com\/es\/wp-json\/wp\/v2\/media\/52575"}],"wp:attachment":[{"href":"https:\/\/artvallarta.com\/es\/wp-json\/wp\/v2\/media?parent=52574"}],"wp:term":[{"taxonomy":"product_brand","embeddable":true,"href":"https:\/\/artvallarta.com\/es\/wp-json\/wp\/v2\/product_brand?post=52574"},{"taxonomy":"product_cat","embeddable":true,"href":"https:\/\/artvallarta.com\/es\/wp-json\/wp\/v2\/product_cat?post=52574"},{"taxonomy":"product_tag","embeddable":true,"href":"https:\/\/artvallarta.com\/es\/wp-json\/wp\/v2\/product_tag?post=52574"}],"curies":[{"name":"wp","href":"https:\/\/api.w.org\/{rel}","templated":true}]}}