{"id":52508,"date":"2019-05-30T11:52:10","date_gmt":"2019-05-30T16:52:10","guid":{"rendered":"https:\/\/artvallarta.com\/product\/60x60-bastidor-pinto-vanguardia-loneta-fredrix-copy-5\/"},"modified":"2022-04-07T12:24:11","modified_gmt":"2022-04-07T17:24:11","slug":"60x60-bastidor-pinto-vanguardia-loneta-fredrix-copy-5","status":"publish","type":"product","link":"https:\/\/artvallarta.com\/es\/producto\/60x60-bastidor-pinto-vanguardia-loneta-fredrix-copy-5\/","title":{"rendered":"120x120cm Bastidor Pinto Vanguardia Loneta Fredrix"},"content":{"rendered":"<p>La loneta profesional &#8220;Fredrix&#8221;: 7oz, 100% algod\u00f3n, textura media uniforme, libre de acidez, preparada para plasmar la pintura directamente en ella. Ideal para impresi\u00f3n digital, \u00f3leo y acr\u00edlico, con imprimatura alcanza un peso de 12oz. La loneta Profesional tiene un hilo grueso y una superficie con textura marcada ideal para trabajos que requieren relieves.<\/p>\n<p>The professional &#8220;Fredrix&#8221; camvas is 7 ounces, 100% cotton, medium and uniform texture, acid-free, prepared to be painted on directly. Ideal for digital impressions as well as painting in oil and acrylic. With primer applied, the weight of the canvas can go up to 12 ounces. The professional canvas has thick threading and a textured surface ideal for relief pieces.<\/p>\n","protected":false},"excerpt":{"rendered":"<p>La loneta profesional &#8220;Fredrix&#8221;: 7oz, 100% algod\u00f3n, textura media uniforme, libre de acidez, preparada para plasmar la pintura directamente en ella. Ideal para impresi\u00f3n digital, \u00f3leo y acr\u00edlico, con imprimatura alcanza un peso de 12oz. La loneta Profesional tiene un hilo grueso y una superficie con textura marcada ideal para trabajos que requieren relieves.<\/p>\n<p>The professional &#8220;Fredrix&#8221; camvas is 7 ounces, 100% cotton, medium and uniform texture, acid-free, prepared to be painted on directly. Ideal for digital impressions as well as painting in oil and acrylic. With primer applied, the weight of the canvas can go up to 12 ounces. The professional canvas has thick threading and a textured surface ideal for relief pieces.<\/p>\n","protected":false},"featured_media":52477,"template":"","meta":[],"product_brand":[],"product_cat":[692,733,741],"product_tag":[],"class_list":{"0":"post-52508","1":"product","2":"type-product","3":"status-publish","4":"has-post-thumbnail","6":"product_cat-art-supplies-es","7":"product_cat-canvas-es","8":"product_cat-pinto-vanguardia-profesional-es","10":"first","11":"outofstock","12":"taxable","13":"shipping-taxable","14":"purchasable","15":"product-type-simple"},"yoast_head":"<!-- This site is optimized with the Yoast SEO plugin v27.1.1 - https:\/\/yoast.com\/product\/yoast-seo-wordpress\/ -->\n<title>120x120cm Bastidor Pinto Vanguardia Loneta Fredrix - Art VallARTa<\/title>\n<meta name=\"description\" content=\"La loneta profesional &quot;Fredrix&quot;: 7oz, 100% algod\u00f3n, textura media uniforme, libre de acidez, preparada para plasmar la pintura directamente en ella. Ideal para impresi\u00f3n digital, \u00f3leo y acr\u00edlico, con imprimatura alcanza un peso de 12oz. La loneta Profesional tiene un hilo grueso y una superficie con textura marcada ideal para trabajos que requieren relieves.The professional &quot;Fredrix&quot; camvas is 7 ounces, 100% cotton, medium and uniform texture, acid-free, prepared to be painted on directly. Ideal for digital impressions as well as painting in oil and acrylic. With primer applied, the weight of the canvas can go up to 12 ounces. The professional canvas has thick threading and a textured surface ideal for relief pieces.\u00a0\" \/>\n<meta name=\"robots\" content=\"index, follow, max-snippet:-1, max-image-preview:large, max-video-preview:-1\" \/>\n<link rel=\"canonical\" href=\"https:\/\/artvallarta.com\/es\/producto\/60x60-bastidor-pinto-vanguardia-loneta-fredrix-copy-5\/\" \/>\n<meta property=\"og:locale\" content=\"es_ES\" \/>\n<meta property=\"og:type\" content=\"article\" \/>\n<meta property=\"og:title\" content=\"120x120cm Bastidor Pinto Vanguardia Loneta Fredrix - Art VallARTa\" \/>\n<meta property=\"og:description\" content=\"La loneta profesional &quot;Fredrix&quot;: 7oz, 100% algod\u00f3n, textura media uniforme, libre de acidez, preparada para plasmar la pintura directamente en ella. Ideal para impresi\u00f3n digital, \u00f3leo y acr\u00edlico, con imprimatura alcanza un peso de 12oz. La loneta Profesional tiene un hilo grueso y una superficie con textura marcada ideal para trabajos que requieren relieves.The professional &quot;Fredrix&quot; camvas is 7 ounces, 100% cotton, medium and uniform texture, acid-free, prepared to be painted on directly. Ideal for digital impressions as well as painting in oil and acrylic. With primer applied, the weight of the canvas can go up to 12 ounces. The professional canvas has thick threading and a textured surface ideal for relief pieces.\u00a0\" \/>\n<meta property=\"og:url\" content=\"https:\/\/artvallarta.com\/es\/producto\/60x60-bastidor-pinto-vanguardia-loneta-fredrix-copy-5\/\" \/>\n<meta property=\"og:site_name\" content=\"Art VallARTa\" \/>\n<meta property=\"article:publisher\" content=\"http:\/\/www.facebook.com\/artvallarta\" \/>\n<meta property=\"article:modified_time\" content=\"2022-04-07T17:24:11+00:00\" \/>\n<meta property=\"og:image\" content=\"https:\/\/artvallarta.com\/wp-content\/uploads\/2019\/05\/Bastidor-Profesional-Pinto-Vanguardia.jpg\" \/>\n\t<meta property=\"og:image:width\" content=\"587\" \/>\n\t<meta property=\"og:image:height\" content=\"587\" \/>\n\t<meta property=\"og:image:type\" content=\"image\/jpeg\" \/>\n<meta name=\"twitter:card\" content=\"summary_large_image\" \/>\n<meta name=\"twitter:label1\" content=\"Tiempo de lectura\" \/>\n\t<meta name=\"twitter:data1\" content=\"1 minuto\" \/>\n<script type=\"application\/ld+json\" class=\"yoast-schema-graph\">{\"@context\":\"https:\/\/schema.org\",\"@graph\":[{\"@type\":\"WebPage\",\"@id\":\"https:\/\/artvallarta.com\/es\/producto\/60x60-bastidor-pinto-vanguardia-loneta-fredrix-copy-5\/\",\"url\":\"https:\/\/artvallarta.com\/es\/producto\/60x60-bastidor-pinto-vanguardia-loneta-fredrix-copy-5\/\",\"name\":\"120x120cm Bastidor Pinto Vanguardia Loneta Fredrix - Art VallARTa\",\"isPartOf\":{\"@id\":\"https:\/\/artvallarta.com\/es\/#website\"},\"primaryImageOfPage\":{\"@id\":\"https:\/\/artvallarta.com\/es\/producto\/60x60-bastidor-pinto-vanguardia-loneta-fredrix-copy-5\/#primaryimage\"},\"image\":{\"@id\":\"https:\/\/artvallarta.com\/es\/producto\/60x60-bastidor-pinto-vanguardia-loneta-fredrix-copy-5\/#primaryimage\"},\"thumbnailUrl\":\"https:\/\/artvallarta.com\/wp-content\/uploads\/2019\/05\/Bastidor-Profesional-Pinto-Vanguardia.jpg\",\"datePublished\":\"2019-05-30T16:52:10+00:00\",\"dateModified\":\"2022-04-07T17:24:11+00:00\",\"description\":\"La loneta profesional \\\"Fredrix\\\": 7oz, 100% algod\u00f3n, textura media uniforme, libre de acidez, preparada para plasmar la pintura directamente en ella. Ideal para impresi\u00f3n digital, \u00f3leo y acr\u00edlico, con imprimatura alcanza un peso de 12oz. La loneta Profesional tiene un hilo grueso y una superficie con textura marcada ideal para trabajos que requieren relieves.The professional \\\"Fredrix\\\" camvas is 7 ounces, 100% cotton, medium and uniform texture, acid-free, prepared to be painted on directly. Ideal for digital impressions as well as painting in oil and acrylic. With primer applied, the weight of the canvas can go up to 12 ounces. The professional canvas has thick threading and a textured surface ideal for relief pieces.\u00a0\",\"breadcrumb\":{\"@id\":\"https:\/\/artvallarta.com\/es\/producto\/60x60-bastidor-pinto-vanguardia-loneta-fredrix-copy-5\/#breadcrumb\"},\"inLanguage\":\"es\",\"potentialAction\":[{\"@type\":\"ReadAction\",\"target\":[\"https:\/\/artvallarta.com\/es\/producto\/60x60-bastidor-pinto-vanguardia-loneta-fredrix-copy-5\/\"]}]},{\"@type\":\"ImageObject\",\"inLanguage\":\"es\",\"@id\":\"https:\/\/artvallarta.com\/es\/producto\/60x60-bastidor-pinto-vanguardia-loneta-fredrix-copy-5\/#primaryimage\",\"url\":\"https:\/\/artvallarta.com\/wp-content\/uploads\/2019\/05\/Bastidor-Profesional-Pinto-Vanguardia.jpg\",\"contentUrl\":\"https:\/\/artvallarta.com\/wp-content\/uploads\/2019\/05\/Bastidor-Profesional-Pinto-Vanguardia.jpg\",\"width\":587,\"height\":587},{\"@type\":\"BreadcrumbList\",\"@id\":\"https:\/\/artvallarta.com\/es\/producto\/60x60-bastidor-pinto-vanguardia-loneta-fredrix-copy-5\/#breadcrumb\",\"itemListElement\":[{\"@type\":\"ListItem\",\"position\":1,\"name\":\"Pagina principal\",\"item\":\"https:\/\/artvallarta.com\/es\/art-vallarta-puerto-vallarta-mexico-home\/\"},{\"@type\":\"ListItem\",\"position\":2,\"name\":\"Shop\",\"item\":\"https:\/\/artvallarta.com\/shop\/\"},{\"@type\":\"ListItem\",\"position\":3,\"name\":\"120x120cm Bastidor Pinto Vanguardia Loneta Fredrix\"}]},{\"@type\":\"WebSite\",\"@id\":\"https:\/\/artvallarta.com\/es\/#website\",\"url\":\"https:\/\/artvallarta.com\/es\/\",\"name\":\"Art VallARTa\",\"description\":\"Art VallARTa\",\"publisher\":{\"@id\":\"https:\/\/artvallarta.com\/es\/#organization\"},\"potentialAction\":[{\"@type\":\"SearchAction\",\"target\":{\"@type\":\"EntryPoint\",\"urlTemplate\":\"https:\/\/artvallarta.com\/es\/?s={search_term_string}\"},\"query-input\":{\"@type\":\"PropertyValueSpecification\",\"valueRequired\":true,\"valueName\":\"search_term_string\"}}],\"inLanguage\":\"es\"},{\"@type\":\"Organization\",\"@id\":\"https:\/\/artvallarta.com\/es\/#organization\",\"name\":\"Art VallARTa\",\"url\":\"https:\/\/artvallarta.com\/es\/\",\"logo\":{\"@type\":\"ImageObject\",\"inLanguage\":\"es\",\"@id\":\"https:\/\/artvallarta.com\/es\/#\/schema\/logo\/image\/\",\"url\":\"https:\/\/artvallarta.com\/wp-content\/uploads\/2019\/02\/51835738_615449708895218_133232196214325248_n.jpg\",\"contentUrl\":\"https:\/\/artvallarta.com\/wp-content\/uploads\/2019\/02\/51835738_615449708895218_133232196214325248_n.jpg\",\"width\":2048,\"height\":1466,\"caption\":\"Art VallARTa\"},\"image\":{\"@id\":\"https:\/\/artvallarta.com\/es\/#\/schema\/logo\/image\/\"},\"sameAs\":[\"http:\/\/www.facebook.com\/artvallarta\",\"http:\/\/www.instagram.com\/artvallarta\",\"http:\/\/www.pinterest\/artvallarta\",\"https:\/\/www.youtube.com\/channel\/UCOqDy2Oyk7EU4tz3S2Gl7kQ\"]}]}<\/script>\n<!-- \/ Yoast SEO plugin. -->","yoast_head_json":{"title":"120x120cm Bastidor Pinto Vanguardia Loneta Fredrix - Art VallARTa","description":"La loneta profesional \"Fredrix\": 7oz, 100% algod\u00f3n, textura media uniforme, libre de acidez, preparada para plasmar la pintura directamente en ella. Ideal para impresi\u00f3n digital, \u00f3leo y acr\u00edlico, con imprimatura alcanza un peso de 12oz. La loneta Profesional tiene un hilo grueso y una superficie con textura marcada ideal para trabajos que requieren relieves.The professional \"Fredrix\" camvas is 7 ounces, 100% cotton, medium and uniform texture, acid-free, prepared to be painted on directly. Ideal for digital impressions as well as painting in oil and acrylic. With primer applied, the weight of the canvas can go up to 12 ounces. The professional canvas has thick threading and a textured surface ideal for relief pieces.\u00a0","robots":{"index":"index","follow":"follow","max-snippet":"max-snippet:-1","max-image-preview":"max-image-preview:large","max-video-preview":"max-video-preview:-1"},"canonical":"https:\/\/artvallarta.com\/es\/producto\/60x60-bastidor-pinto-vanguardia-loneta-fredrix-copy-5\/","og_locale":"es_ES","og_type":"article","og_title":"120x120cm Bastidor Pinto Vanguardia Loneta Fredrix - Art VallARTa","og_description":"La loneta profesional \"Fredrix\": 7oz, 100% algod\u00f3n, textura media uniforme, libre de acidez, preparada para plasmar la pintura directamente en ella. Ideal para impresi\u00f3n digital, \u00f3leo y acr\u00edlico, con imprimatura alcanza un peso de 12oz. La loneta Profesional tiene un hilo grueso y una superficie con textura marcada ideal para trabajos que requieren relieves.The professional \"Fredrix\" camvas is 7 ounces, 100% cotton, medium and uniform texture, acid-free, prepared to be painted on directly. Ideal for digital impressions as well as painting in oil and acrylic. With primer applied, the weight of the canvas can go up to 12 ounces. The professional canvas has thick threading and a textured surface ideal for relief pieces.\u00a0","og_url":"https:\/\/artvallarta.com\/es\/producto\/60x60-bastidor-pinto-vanguardia-loneta-fredrix-copy-5\/","og_site_name":"Art VallARTa","article_publisher":"http:\/\/www.facebook.com\/artvallarta","article_modified_time":"2022-04-07T17:24:11+00:00","og_image":[{"width":587,"height":587,"url":"https:\/\/artvallarta.com\/wp-content\/uploads\/2019\/05\/Bastidor-Profesional-Pinto-Vanguardia.jpg","type":"image\/jpeg"}],"twitter_card":"summary_large_image","twitter_misc":{"Tiempo de lectura":"1 minuto"},"schema":{"@context":"https:\/\/schema.org","@graph":[{"@type":"WebPage","@id":"https:\/\/artvallarta.com\/es\/producto\/60x60-bastidor-pinto-vanguardia-loneta-fredrix-copy-5\/","url":"https:\/\/artvallarta.com\/es\/producto\/60x60-bastidor-pinto-vanguardia-loneta-fredrix-copy-5\/","name":"120x120cm Bastidor Pinto Vanguardia Loneta Fredrix - Art VallARTa","isPartOf":{"@id":"https:\/\/artvallarta.com\/es\/#website"},"primaryImageOfPage":{"@id":"https:\/\/artvallarta.com\/es\/producto\/60x60-bastidor-pinto-vanguardia-loneta-fredrix-copy-5\/#primaryimage"},"image":{"@id":"https:\/\/artvallarta.com\/es\/producto\/60x60-bastidor-pinto-vanguardia-loneta-fredrix-copy-5\/#primaryimage"},"thumbnailUrl":"https:\/\/artvallarta.com\/wp-content\/uploads\/2019\/05\/Bastidor-Profesional-Pinto-Vanguardia.jpg","datePublished":"2019-05-30T16:52:10+00:00","dateModified":"2022-04-07T17:24:11+00:00","description":"La loneta profesional \"Fredrix\": 7oz, 100% algod\u00f3n, textura media uniforme, libre de acidez, preparada para plasmar la pintura directamente en ella. Ideal para impresi\u00f3n digital, \u00f3leo y acr\u00edlico, con imprimatura alcanza un peso de 12oz. La loneta Profesional tiene un hilo grueso y una superficie con textura marcada ideal para trabajos que requieren relieves.The professional \"Fredrix\" camvas is 7 ounces, 100% cotton, medium and uniform texture, acid-free, prepared to be painted on directly. Ideal for digital impressions as well as painting in oil and acrylic. With primer applied, the weight of the canvas can go up to 12 ounces. The professional canvas has thick threading and a textured surface ideal for relief pieces.\u00a0","breadcrumb":{"@id":"https:\/\/artvallarta.com\/es\/producto\/60x60-bastidor-pinto-vanguardia-loneta-fredrix-copy-5\/#breadcrumb"},"inLanguage":"es","potentialAction":[{"@type":"ReadAction","target":["https:\/\/artvallarta.com\/es\/producto\/60x60-bastidor-pinto-vanguardia-loneta-fredrix-copy-5\/"]}]},{"@type":"ImageObject","inLanguage":"es","@id":"https:\/\/artvallarta.com\/es\/producto\/60x60-bastidor-pinto-vanguardia-loneta-fredrix-copy-5\/#primaryimage","url":"https:\/\/artvallarta.com\/wp-content\/uploads\/2019\/05\/Bastidor-Profesional-Pinto-Vanguardia.jpg","contentUrl":"https:\/\/artvallarta.com\/wp-content\/uploads\/2019\/05\/Bastidor-Profesional-Pinto-Vanguardia.jpg","width":587,"height":587},{"@type":"BreadcrumbList","@id":"https:\/\/artvallarta.com\/es\/producto\/60x60-bastidor-pinto-vanguardia-loneta-fredrix-copy-5\/#breadcrumb","itemListElement":[{"@type":"ListItem","position":1,"name":"Pagina principal","item":"https:\/\/artvallarta.com\/es\/art-vallarta-puerto-vallarta-mexico-home\/"},{"@type":"ListItem","position":2,"name":"Shop","item":"https:\/\/artvallarta.com\/shop\/"},{"@type":"ListItem","position":3,"name":"120x120cm Bastidor Pinto Vanguardia Loneta Fredrix"}]},{"@type":"WebSite","@id":"https:\/\/artvallarta.com\/es\/#website","url":"https:\/\/artvallarta.com\/es\/","name":"Art VallARTa","description":"Art VallARTa","publisher":{"@id":"https:\/\/artvallarta.com\/es\/#organization"},"potentialAction":[{"@type":"SearchAction","target":{"@type":"EntryPoint","urlTemplate":"https:\/\/artvallarta.com\/es\/?s={search_term_string}"},"query-input":{"@type":"PropertyValueSpecification","valueRequired":true,"valueName":"search_term_string"}}],"inLanguage":"es"},{"@type":"Organization","@id":"https:\/\/artvallarta.com\/es\/#organization","name":"Art VallARTa","url":"https:\/\/artvallarta.com\/es\/","logo":{"@type":"ImageObject","inLanguage":"es","@id":"https:\/\/artvallarta.com\/es\/#\/schema\/logo\/image\/","url":"https:\/\/artvallarta.com\/wp-content\/uploads\/2019\/02\/51835738_615449708895218_133232196214325248_n.jpg","contentUrl":"https:\/\/artvallarta.com\/wp-content\/uploads\/2019\/02\/51835738_615449708895218_133232196214325248_n.jpg","width":2048,"height":1466,"caption":"Art VallARTa"},"image":{"@id":"https:\/\/artvallarta.com\/es\/#\/schema\/logo\/image\/"},"sameAs":["http:\/\/www.facebook.com\/artvallarta","http:\/\/www.instagram.com\/artvallarta","http:\/\/www.pinterest\/artvallarta","https:\/\/www.youtube.com\/channel\/UCOqDy2Oyk7EU4tz3S2Gl7kQ"]}]}},"_links":{"self":[{"href":"https:\/\/artvallarta.com\/es\/wp-json\/wp\/v2\/product\/52508","targetHints":{"allow":["GET"]}}],"collection":[{"href":"https:\/\/artvallarta.com\/es\/wp-json\/wp\/v2\/product"}],"about":[{"href":"https:\/\/artvallarta.com\/es\/wp-json\/wp\/v2\/types\/product"}],"version-history":[{"count":1,"href":"https:\/\/artvallarta.com\/es\/wp-json\/wp\/v2\/product\/52508\/revisions"}],"predecessor-version":[{"id":54469,"href":"https:\/\/artvallarta.com\/es\/wp-json\/wp\/v2\/product\/52508\/revisions\/54469"}],"wp:featuredmedia":[{"embeddable":true,"href":"https:\/\/artvallarta.com\/es\/wp-json\/wp\/v2\/media\/52477"}],"wp:attachment":[{"href":"https:\/\/artvallarta.com\/es\/wp-json\/wp\/v2\/media?parent=52508"}],"wp:term":[{"taxonomy":"product_brand","embeddable":true,"href":"https:\/\/artvallarta.com\/es\/wp-json\/wp\/v2\/product_brand?post=52508"},{"taxonomy":"product_cat","embeddable":true,"href":"https:\/\/artvallarta.com\/es\/wp-json\/wp\/v2\/product_cat?post=52508"},{"taxonomy":"product_tag","embeddable":true,"href":"https:\/\/artvallarta.com\/es\/wp-json\/wp\/v2\/product_tag?post=52508"}],"curies":[{"name":"wp","href":"https:\/\/api.w.org\/{rel}","templated":true}]}}