{"id":52284,"date":"2019-07-26T13:01:41","date_gmt":"2019-07-26T18:01:41","guid":{"rendered":"https:\/\/artvallarta.com\/product\/the-night-of-the-alebrijes-written-and-directed-by-georgina-escobar\/"},"modified":"2021-05-07T12:58:23","modified_gmt":"2021-05-07T17:58:23","slug":"the-night-of-the-alebrijes-written-and-directed-by-georgina-escobar","status":"publish","type":"product","link":"https:\/\/artvallarta.com\/es\/producto\/the-night-of-the-alebrijes-written-and-directed-by-georgina-escobar\/","title":{"rendered":"La Noche de los Alebrijes\u201d a bilingual play by Georgina Escobar in collaboration with Mundo Milagro"},"content":{"rendered":"<p>When a young bride and groom-to-be discover the largest Dia de Muertos altar they\u2019ve ever seen, they suddenly notice something\u2019s run amuck, literally. A little creature, known as an alebrije, sweeps into the room and takes the bride\u2019s imagination, forcing past and present to meld together in this playful homage to Pedro Linares, the creator of the alebrije. Set in present day San Luis Potos\u00ed, in Mexico City in 1936, and in an afterlife that looks too much like a psychedelic Oaxacan jungle, young Pedro realizes his artistic potential through his relationship to his pets as totems, his love for painting, and a close encounter with death.<\/p>\n<p>Cuando una pareja de novios descubren el altar m\u00e1s grande de D\u00eda de Muertos en casa de la madre del novio, la novia se da cuenta de repente que algo anda mal. Una peque\u00f1a criaturita, conocida como el alebrije, entra en la habitaci\u00f3n de los novios y se roba as\u00ed la imaginaci\u00f3n de la novia. El pasado y el presente, la ficci\u00f3n y la historia se funden en este homenaje a Pedro Linares, el creador del alebrije de papel mache. Ubicada en 1936, entre San Luis Potos\u00ed, la Ciudad de M\u00e9xico, y en un mas all\u00e1 que es demasiado parecida a las selvas psicod\u00e9licas de Oaxaca, el joven Pedro se da cuenta de su potencial art\u00edstico a trav\u00e9s de su relaci\u00f3n con sus mascotas como t\u00f3tems, su amor por la pintura, y un encuentro cercano con la muerte.<\/p>\n<p>Production in collaboration with <a href=\"https:\/\/milagro.org\/\">Mundo Milagro\u00a0\u00a0\u00a0<\/a><\/p>\n<p>Georgina Escobar is multi-disciplinary artist, playwright and director from Ciudad Ju\u00e1rez, M\u00e9xico, based in Manhattan. She is the maker of sci-fi femme narratives, ultra-humanism mythos, frontera-funk stories, and extravagant surrealism that run current systems of thinking through different filters of all-immersive visual, musical, and interpretative experiences. She is obsessed with plasticity, mobility, harmony, and perspective in drama. Escobar\u2019s most notable work includes: Then they forgot about The Rest (Off Broadway, INTAR 2019), Alebrijes (Milagro 2018),Bi-(be) (Teatro Milagro Tour 2018), Penny Pinball Presents The Beacons (Kingsborough College 2019), Sweep (Aurora Theatre 2017), Death and the Tramp (Milagro 2016), and Ash Tree (Duke City Repertory 2012), among others. Recent collaborations include La Casa Azul (GHDC) A Ribbon About A Bomb (Exquisite Corpse Company), Quixote: On the Conquest of Self (Writers Theatre), All Strings Considered: The Zoongoro Bailongo Play, (New York Children\u2019s Theatre and Queens College), and more. She\u2019s written and directed for and with INTAR, Milagro, New York Children\u2019s Theatre, the Lincoln Center Director\u2019s Lab, Clubbed Thumb, and at Marfa Live Arts. She is a MacDowell Colony fellow, a Kilroy&#8217;s List name (StoneHeart) Djerassi Resident, and Forn\u00e9s Writing Workshop participant. She\u2019s proud recipient of a Kennedy Center National Theatre for Young Audiences Award and a Finalist for the Clubbed Thumb Biennial Commission and the 2010 National Playwright&#8217;s Conference at the O&#8217;Neill.<\/p>\n<p>&nbsp;<\/p>\n<p><img fetchpriority=\"high\" decoding=\"async\" class=\"alignnone size-medium wp-image-21468\" src=\"https:\/\/artvallarta.com\/wp-content\/uploads\/2019\/07\/georgina-300x169.jpg\" alt=\"\" width=\"300\" height=\"169\" srcset=\"https:\/\/artvallarta.com\/wp-content\/uploads\/2019\/07\/georgina-300x169.jpg 300w, https:\/\/artvallarta.com\/wp-content\/uploads\/2019\/07\/georgina-150x84.jpg 150w, https:\/\/artvallarta.com\/wp-content\/uploads\/2019\/07\/georgina-500x281.jpg 500w, https:\/\/artvallarta.com\/wp-content\/uploads\/2019\/07\/georgina-768x432.jpg 768w, https:\/\/artvallarta.com\/wp-content\/uploads\/2019\/07\/georgina.jpg 970w\" sizes=\"(max-width: 300px) 100vw, 300px\" \/><\/p>\n<p>Georgina Escobar Director\/Playwright<\/p>\n<p><img decoding=\"async\" class=\"alignnone wp-image-23887\" src=\"https:\/\/artvallarta.com\/wp-content\/uploads\/2019\/07\/mindy-escobar-leanse-headshot_3_orig-1-200x300.jpg\" alt=\"\" width=\"112\" height=\"168\" srcset=\"https:\/\/artvallarta.com\/wp-content\/uploads\/2019\/07\/mindy-escobar-leanse-headshot_3_orig-1-200x300.jpg 200w, https:\/\/artvallarta.com\/wp-content\/uploads\/2019\/07\/mindy-escobar-leanse-headshot_3_orig-1-150x225.jpg 150w, https:\/\/artvallarta.com\/wp-content\/uploads\/2019\/07\/mindy-escobar-leanse-headshot_3_orig-1-500x749.jpg 500w, https:\/\/artvallarta.com\/wp-content\/uploads\/2019\/07\/mindy-escobar-leanse-headshot_3_orig-1.jpg 534w\" sizes=\"(max-width: 112px) 100vw, 112px\" \/><\/p>\n<p>Mindy Lease, Actor<\/p>\n<p><img decoding=\"async\" class=\"alignnone wp-image-23888\" src=\"https:\/\/artvallarta.com\/wp-content\/uploads\/2019\/07\/Roberto_Arce_HS-177x300.jpg\" alt=\"\" width=\"97\" height=\"164\" srcset=\"https:\/\/artvallarta.com\/wp-content\/uploads\/2019\/07\/Roberto_Arce_HS-177x300.jpg 177w, https:\/\/artvallarta.com\/wp-content\/uploads\/2019\/07\/Roberto_Arce_HS-scaled-150x254.jpg 150w, https:\/\/artvallarta.com\/wp-content\/uploads\/2019\/07\/Roberto_Arce_HS-scaled-1200x2032.jpg 1200w, https:\/\/artvallarta.com\/wp-content\/uploads\/2019\/07\/Roberto_Arce_HS-scaled-886x1500.jpg 886w, https:\/\/artvallarta.com\/wp-content\/uploads\/2019\/07\/Roberto_Arce_HS-768x1300.jpg 768w, https:\/\/artvallarta.com\/wp-content\/uploads\/2019\/07\/Roberto_Arce_HS-605x1024.jpg 605w, https:\/\/artvallarta.com\/wp-content\/uploads\/2019\/07\/Roberto_Arce_HS-scaled.jpg 1512w\" sizes=\"(max-width: 97px) 100vw, 97px\" \/><\/p>\n<p>Robi Arce, Actor<\/p>\n<p><img loading=\"lazy\" decoding=\"async\" class=\"alignnone wp-image-23957\" src=\"https:\/\/artvallarta.com\/wp-content\/uploads\/2019\/07\/Jonathan_Contreras-1-240x300.jpeg\" alt=\"\" width=\"118\" height=\"148\" srcset=\"https:\/\/artvallarta.com\/wp-content\/uploads\/2019\/07\/Jonathan_Contreras-1-240x300.jpeg 240w, https:\/\/artvallarta.com\/wp-content\/uploads\/2019\/07\/Jonathan_Contreras-1-150x188.jpeg 150w, https:\/\/artvallarta.com\/wp-content\/uploads\/2019\/07\/Jonathan_Contreras-1-500x625.jpeg 500w, https:\/\/artvallarta.com\/wp-content\/uploads\/2019\/07\/Jonathan_Contreras-1-768x960.jpeg 768w, https:\/\/artvallarta.com\/wp-content\/uploads\/2019\/07\/Jonathan_Contreras-1.jpeg 819w\" sizes=\"(max-width: 118px) 100vw, 118px\" \/><\/p>\n<p>Jonathan Contreras, Actor<\/p>\n<p><img loading=\"lazy\" decoding=\"async\" class=\"alignnone wp-image-23958\" src=\"https:\/\/artvallarta.com\/wp-content\/uploads\/2019\/07\/YadiraPrintHeadshot-1-e1571180585406-193x300.jpg\" alt=\"\" width=\"130\" height=\"202\" srcset=\"https:\/\/artvallarta.com\/wp-content\/uploads\/2019\/07\/YadiraPrintHeadshot-1-e1571180585406-193x300.jpg 193w, https:\/\/artvallarta.com\/wp-content\/uploads\/2019\/07\/YadiraPrintHeadshot-1-e1571180585406-scaled-150x233.jpg 150w, https:\/\/artvallarta.com\/wp-content\/uploads\/2019\/07\/YadiraPrintHeadshot-1-e1571180585406-scaled-1200x1861.jpg 1200w, https:\/\/artvallarta.com\/wp-content\/uploads\/2019\/07\/YadiraPrintHeadshot-1-e1571180585406-scaled-967x1500.jpg 967w, https:\/\/artvallarta.com\/wp-content\/uploads\/2019\/07\/YadiraPrintHeadshot-1-e1571180585406-768x1191.jpg 768w, https:\/\/artvallarta.com\/wp-content\/uploads\/2019\/07\/YadiraPrintHeadshot-1-e1571180585406-660x1024.jpg 660w, https:\/\/artvallarta.com\/wp-content\/uploads\/2019\/07\/YadiraPrintHeadshot-1-e1571180585406-scaled.jpg 1651w\" sizes=\"(max-width: 130px) 100vw, 130px\" \/><\/p>\n<p>Yadira De La Riva, Actor<\/p>\n<p><img loading=\"lazy\" decoding=\"async\" class=\"alignnone wp-image-24097\" src=\"https:\/\/artvallarta.com\/wp-content\/uploads\/2019\/07\/IMG_7063-1-200x300.jpeg\" alt=\"\" width=\"142\" height=\"213\" srcset=\"https:\/\/artvallarta.com\/wp-content\/uploads\/2019\/07\/IMG_7063-1-200x300.jpeg 200w, https:\/\/artvallarta.com\/wp-content\/uploads\/2019\/07\/IMG_7063-1-150x225.jpeg 150w, https:\/\/artvallarta.com\/wp-content\/uploads\/2019\/07\/IMG_7063-1-500x750.jpeg 500w, https:\/\/artvallarta.com\/wp-content\/uploads\/2019\/07\/IMG_7063-1.jpeg 667w\" sizes=\"(max-width: 142px) 100vw, 142px\" \/><\/p>\n<p>Maria Lavalle, Actor<\/p>\n<p>&nbsp;<\/p>\n<p>&nbsp;<\/p>\n","protected":false},"excerpt":{"rendered":"<p>Thursday October 31, 2019 &#8211; 1:00 pm<\/p>\n<p>Friday November 1, 2019 &#8211; 1:00 pm<\/p>\n<p>Saturday November 2, 2019 &#8211; 1:00 pm<\/p>\n<p>Sunday November 3, 2019 &#8211; 7:00 pm<\/p>\n<p>Friday November 8, 2019 &#8211; 7:00 pm<\/p>\n<p>Saturday November 9, 2019 &#8211; 7:00 pm<\/p>\n<p>Sunday November 10, 2019 &#8211; 7:00 pm<\/p>\n","protected":false},"featured_media":52286,"template":"","meta":[],"product_brand":[],"product_cat":[1056],"product_tag":[],"class_list":{"0":"post-52284","1":"product","2":"type-product","3":"status-publish","4":"has-post-thumbnail","6":"product_cat-theater-es","8":"first","9":"instock","10":"virtual","11":"taxable","12":"purchasable","13":"product-type-simple"},"yoast_head":"<!-- This site is optimized with the Yoast SEO plugin v27.1.1 - https:\/\/yoast.com\/product\/yoast-seo-wordpress\/ -->\n<title>La Noche de los Alebrijes\u201d a bilingual play by Georgina Escobar in collaboration with Mundo Milagro - Art VallARTa Theater Puerto Vallarta<\/title>\n<meta name=\"description\" content=\"Join us for the Mexico Premier of Georgina Escobar&#039;s &quot;The Night of Alberijes&quot; - Theater Puerto Vallarta Mexico\" \/>\n<meta name=\"robots\" content=\"index, follow, max-snippet:-1, max-image-preview:large, max-video-preview:-1\" \/>\n<link rel=\"canonical\" href=\"https:\/\/artvallarta.com\/es\/producto\/the-night-of-the-alebrijes-written-and-directed-by-georgina-escobar\/\" \/>\n<meta property=\"og:locale\" content=\"es_ES\" \/>\n<meta property=\"og:type\" content=\"article\" \/>\n<meta property=\"og:title\" content=\"La Noche de los Alebrijes\u201d a bilingual play by Georgina Escobar in collaboration with Mundo Milagro - Art VallARTa Theater Puerto Vallarta\" \/>\n<meta property=\"og:description\" content=\"Join us for the Mexico Premier of Georgina Escobar&#039;s &quot;The Night of Alberijes&quot; - Theater Puerto Vallarta Mexico\" \/>\n<meta property=\"og:url\" content=\"https:\/\/artvallarta.com\/es\/producto\/the-night-of-the-alebrijes-written-and-directed-by-georgina-escobar\/\" \/>\n<meta property=\"og:site_name\" content=\"Art VallARTa\" \/>\n<meta property=\"article:publisher\" content=\"http:\/\/www.facebook.com\/artvallarta\" \/>\n<meta property=\"article:modified_time\" content=\"2021-05-07T17:58:23+00:00\" \/>\n<meta property=\"og:image\" content=\"https:\/\/artvallarta.com\/wp-content\/uploads\/2019\/07\/Poster-Alebrije-Play-1-scaled.jpg\" \/>\n\t<meta property=\"og:image:width\" content=\"1494\" \/>\n\t<meta property=\"og:image:height\" content=\"2560\" \/>\n\t<meta property=\"og:image:type\" content=\"image\/jpeg\" \/>\n<meta name=\"twitter:card\" content=\"summary_large_image\" \/>\n<meta name=\"twitter:label1\" content=\"Tiempo de lectura\" \/>\n\t<meta name=\"twitter:data1\" content=\"3 minutos\" \/>\n<script type=\"application\/ld+json\" class=\"yoast-schema-graph\">{\"@context\":\"https:\/\/schema.org\",\"@graph\":[{\"@type\":\"WebPage\",\"@id\":\"https:\/\/artvallarta.com\/es\/producto\/the-night-of-the-alebrijes-written-and-directed-by-georgina-escobar\/\",\"url\":\"https:\/\/artvallarta.com\/es\/producto\/the-night-of-the-alebrijes-written-and-directed-by-georgina-escobar\/\",\"name\":\"La Noche de los Alebrijes\u201d a bilingual play by Georgina Escobar in collaboration with Mundo Milagro - Art VallARTa Theater Puerto Vallarta\",\"isPartOf\":{\"@id\":\"https:\/\/artvallarta.com\/es\/#website\"},\"primaryImageOfPage\":{\"@id\":\"https:\/\/artvallarta.com\/es\/producto\/the-night-of-the-alebrijes-written-and-directed-by-georgina-escobar\/#primaryimage\"},\"image\":{\"@id\":\"https:\/\/artvallarta.com\/es\/producto\/the-night-of-the-alebrijes-written-and-directed-by-georgina-escobar\/#primaryimage\"},\"thumbnailUrl\":\"https:\/\/artvallarta.com\/wp-content\/uploads\/2019\/07\/Poster-Alebrije-Play-1-scaled.jpg\",\"datePublished\":\"2019-07-26T18:01:41+00:00\",\"dateModified\":\"2021-05-07T17:58:23+00:00\",\"description\":\"Join us for the Mexico Premier of Georgina Escobar's \\\"The Night of Alberijes\\\" - Theater Puerto Vallarta Mexico\",\"breadcrumb\":{\"@id\":\"https:\/\/artvallarta.com\/es\/producto\/the-night-of-the-alebrijes-written-and-directed-by-georgina-escobar\/#breadcrumb\"},\"inLanguage\":\"es\",\"potentialAction\":[{\"@type\":\"ReadAction\",\"target\":[\"https:\/\/artvallarta.com\/es\/producto\/the-night-of-the-alebrijes-written-and-directed-by-georgina-escobar\/\"]}]},{\"@type\":\"ImageObject\",\"inLanguage\":\"es\",\"@id\":\"https:\/\/artvallarta.com\/es\/producto\/the-night-of-the-alebrijes-written-and-directed-by-georgina-escobar\/#primaryimage\",\"url\":\"https:\/\/artvallarta.com\/wp-content\/uploads\/2019\/07\/Poster-Alebrije-Play-1-scaled.jpg\",\"contentUrl\":\"https:\/\/artvallarta.com\/wp-content\/uploads\/2019\/07\/Poster-Alebrije-Play-1-scaled.jpg\",\"width\":1494,\"height\":2560},{\"@type\":\"BreadcrumbList\",\"@id\":\"https:\/\/artvallarta.com\/es\/producto\/the-night-of-the-alebrijes-written-and-directed-by-georgina-escobar\/#breadcrumb\",\"itemListElement\":[{\"@type\":\"ListItem\",\"position\":1,\"name\":\"Pagina principal\",\"item\":\"https:\/\/artvallarta.com\/es\/art-vallarta-puerto-vallarta-mexico-home\/\"},{\"@type\":\"ListItem\",\"position\":2,\"name\":\"Shop\",\"item\":\"https:\/\/artvallarta.com\/shop\/\"},{\"@type\":\"ListItem\",\"position\":3,\"name\":\"La Noche de los Alebrijes\u201d a bilingual play by Georgina Escobar in collaboration with Mundo Milagro\"}]},{\"@type\":\"WebSite\",\"@id\":\"https:\/\/artvallarta.com\/es\/#website\",\"url\":\"https:\/\/artvallarta.com\/es\/\",\"name\":\"Art VallARTa\",\"description\":\"Art VallARTa\",\"publisher\":{\"@id\":\"https:\/\/artvallarta.com\/es\/#organization\"},\"potentialAction\":[{\"@type\":\"SearchAction\",\"target\":{\"@type\":\"EntryPoint\",\"urlTemplate\":\"https:\/\/artvallarta.com\/es\/?s={search_term_string}\"},\"query-input\":{\"@type\":\"PropertyValueSpecification\",\"valueRequired\":true,\"valueName\":\"search_term_string\"}}],\"inLanguage\":\"es\"},{\"@type\":\"Organization\",\"@id\":\"https:\/\/artvallarta.com\/es\/#organization\",\"name\":\"Art VallARTa\",\"url\":\"https:\/\/artvallarta.com\/es\/\",\"logo\":{\"@type\":\"ImageObject\",\"inLanguage\":\"es\",\"@id\":\"https:\/\/artvallarta.com\/es\/#\/schema\/logo\/image\/\",\"url\":\"https:\/\/artvallarta.com\/wp-content\/uploads\/2019\/02\/51835738_615449708895218_133232196214325248_n.jpg\",\"contentUrl\":\"https:\/\/artvallarta.com\/wp-content\/uploads\/2019\/02\/51835738_615449708895218_133232196214325248_n.jpg\",\"width\":2048,\"height\":1466,\"caption\":\"Art VallARTa\"},\"image\":{\"@id\":\"https:\/\/artvallarta.com\/es\/#\/schema\/logo\/image\/\"},\"sameAs\":[\"http:\/\/www.facebook.com\/artvallarta\",\"http:\/\/www.instagram.com\/artvallarta\",\"http:\/\/www.pinterest\/artvallarta\",\"https:\/\/www.youtube.com\/channel\/UCOqDy2Oyk7EU4tz3S2Gl7kQ\"]}]}<\/script>\n<!-- \/ Yoast SEO plugin. -->","yoast_head_json":{"title":"La Noche de los Alebrijes\u201d a bilingual play by Georgina Escobar in collaboration with Mundo Milagro - Art VallARTa Theater Puerto Vallarta","description":"Join us for the Mexico Premier of Georgina Escobar's \"The Night of Alberijes\" - Theater Puerto Vallarta Mexico","robots":{"index":"index","follow":"follow","max-snippet":"max-snippet:-1","max-image-preview":"max-image-preview:large","max-video-preview":"max-video-preview:-1"},"canonical":"https:\/\/artvallarta.com\/es\/producto\/the-night-of-the-alebrijes-written-and-directed-by-georgina-escobar\/","og_locale":"es_ES","og_type":"article","og_title":"La Noche de los Alebrijes\u201d a bilingual play by Georgina Escobar in collaboration with Mundo Milagro - Art VallARTa Theater Puerto Vallarta","og_description":"Join us for the Mexico Premier of Georgina Escobar's \"The Night of Alberijes\" - Theater Puerto Vallarta Mexico","og_url":"https:\/\/artvallarta.com\/es\/producto\/the-night-of-the-alebrijes-written-and-directed-by-georgina-escobar\/","og_site_name":"Art VallARTa","article_publisher":"http:\/\/www.facebook.com\/artvallarta","article_modified_time":"2021-05-07T17:58:23+00:00","og_image":[{"width":1494,"height":2560,"url":"https:\/\/artvallarta.com\/wp-content\/uploads\/2019\/07\/Poster-Alebrije-Play-1-scaled.jpg","type":"image\/jpeg"}],"twitter_card":"summary_large_image","twitter_misc":{"Tiempo de lectura":"3 minutos"},"schema":{"@context":"https:\/\/schema.org","@graph":[{"@type":"WebPage","@id":"https:\/\/artvallarta.com\/es\/producto\/the-night-of-the-alebrijes-written-and-directed-by-georgina-escobar\/","url":"https:\/\/artvallarta.com\/es\/producto\/the-night-of-the-alebrijes-written-and-directed-by-georgina-escobar\/","name":"La Noche de los Alebrijes\u201d a bilingual play by Georgina Escobar in collaboration with Mundo Milagro - Art VallARTa Theater Puerto Vallarta","isPartOf":{"@id":"https:\/\/artvallarta.com\/es\/#website"},"primaryImageOfPage":{"@id":"https:\/\/artvallarta.com\/es\/producto\/the-night-of-the-alebrijes-written-and-directed-by-georgina-escobar\/#primaryimage"},"image":{"@id":"https:\/\/artvallarta.com\/es\/producto\/the-night-of-the-alebrijes-written-and-directed-by-georgina-escobar\/#primaryimage"},"thumbnailUrl":"https:\/\/artvallarta.com\/wp-content\/uploads\/2019\/07\/Poster-Alebrije-Play-1-scaled.jpg","datePublished":"2019-07-26T18:01:41+00:00","dateModified":"2021-05-07T17:58:23+00:00","description":"Join us for the Mexico Premier of Georgina Escobar's \"The Night of Alberijes\" - Theater Puerto Vallarta Mexico","breadcrumb":{"@id":"https:\/\/artvallarta.com\/es\/producto\/the-night-of-the-alebrijes-written-and-directed-by-georgina-escobar\/#breadcrumb"},"inLanguage":"es","potentialAction":[{"@type":"ReadAction","target":["https:\/\/artvallarta.com\/es\/producto\/the-night-of-the-alebrijes-written-and-directed-by-georgina-escobar\/"]}]},{"@type":"ImageObject","inLanguage":"es","@id":"https:\/\/artvallarta.com\/es\/producto\/the-night-of-the-alebrijes-written-and-directed-by-georgina-escobar\/#primaryimage","url":"https:\/\/artvallarta.com\/wp-content\/uploads\/2019\/07\/Poster-Alebrije-Play-1-scaled.jpg","contentUrl":"https:\/\/artvallarta.com\/wp-content\/uploads\/2019\/07\/Poster-Alebrije-Play-1-scaled.jpg","width":1494,"height":2560},{"@type":"BreadcrumbList","@id":"https:\/\/artvallarta.com\/es\/producto\/the-night-of-the-alebrijes-written-and-directed-by-georgina-escobar\/#breadcrumb","itemListElement":[{"@type":"ListItem","position":1,"name":"Pagina principal","item":"https:\/\/artvallarta.com\/es\/art-vallarta-puerto-vallarta-mexico-home\/"},{"@type":"ListItem","position":2,"name":"Shop","item":"https:\/\/artvallarta.com\/shop\/"},{"@type":"ListItem","position":3,"name":"La Noche de los Alebrijes\u201d a bilingual play by Georgina Escobar in collaboration with Mundo Milagro"}]},{"@type":"WebSite","@id":"https:\/\/artvallarta.com\/es\/#website","url":"https:\/\/artvallarta.com\/es\/","name":"Art VallARTa","description":"Art VallARTa","publisher":{"@id":"https:\/\/artvallarta.com\/es\/#organization"},"potentialAction":[{"@type":"SearchAction","target":{"@type":"EntryPoint","urlTemplate":"https:\/\/artvallarta.com\/es\/?s={search_term_string}"},"query-input":{"@type":"PropertyValueSpecification","valueRequired":true,"valueName":"search_term_string"}}],"inLanguage":"es"},{"@type":"Organization","@id":"https:\/\/artvallarta.com\/es\/#organization","name":"Art VallARTa","url":"https:\/\/artvallarta.com\/es\/","logo":{"@type":"ImageObject","inLanguage":"es","@id":"https:\/\/artvallarta.com\/es\/#\/schema\/logo\/image\/","url":"https:\/\/artvallarta.com\/wp-content\/uploads\/2019\/02\/51835738_615449708895218_133232196214325248_n.jpg","contentUrl":"https:\/\/artvallarta.com\/wp-content\/uploads\/2019\/02\/51835738_615449708895218_133232196214325248_n.jpg","width":2048,"height":1466,"caption":"Art VallARTa"},"image":{"@id":"https:\/\/artvallarta.com\/es\/#\/schema\/logo\/image\/"},"sameAs":["http:\/\/www.facebook.com\/artvallarta","http:\/\/www.instagram.com\/artvallarta","http:\/\/www.pinterest\/artvallarta","https:\/\/www.youtube.com\/channel\/UCOqDy2Oyk7EU4tz3S2Gl7kQ"]}]}},"_links":{"self":[{"href":"https:\/\/artvallarta.com\/es\/wp-json\/wp\/v2\/product\/52284","targetHints":{"allow":["GET"]}}],"collection":[{"href":"https:\/\/artvallarta.com\/es\/wp-json\/wp\/v2\/product"}],"about":[{"href":"https:\/\/artvallarta.com\/es\/wp-json\/wp\/v2\/types\/product"}],"version-history":[{"count":1,"href":"https:\/\/artvallarta.com\/es\/wp-json\/wp\/v2\/product\/52284\/revisions"}],"predecessor-version":[{"id":54169,"href":"https:\/\/artvallarta.com\/es\/wp-json\/wp\/v2\/product\/52284\/revisions\/54169"}],"wp:featuredmedia":[{"embeddable":true,"href":"https:\/\/artvallarta.com\/es\/wp-json\/wp\/v2\/media\/52286"}],"wp:attachment":[{"href":"https:\/\/artvallarta.com\/es\/wp-json\/wp\/v2\/media?parent=52284"}],"wp:term":[{"taxonomy":"product_brand","embeddable":true,"href":"https:\/\/artvallarta.com\/es\/wp-json\/wp\/v2\/product_brand?post=52284"},{"taxonomy":"product_cat","embeddable":true,"href":"https:\/\/artvallarta.com\/es\/wp-json\/wp\/v2\/product_cat?post=52284"},{"taxonomy":"product_tag","embeddable":true,"href":"https:\/\/artvallarta.com\/es\/wp-json\/wp\/v2\/product_tag?post=52284"}],"curies":[{"name":"wp","href":"https:\/\/api.w.org\/{rel}","templated":true}]}}