{"id":51174,"date":"2020-07-30T11:47:14","date_gmt":"2020-07-30T16:47:14","guid":{"rendered":"https:\/\/artvallarta.com\/product\/barniz-dammar-pinto-240-ml\/"},"modified":"2023-07-14T15:49:59","modified_gmt":"2023-07-14T20:49:59","slug":"barniz-dammar-pinto-240-ml","status":"publish","type":"product","link":"https:\/\/artvallarta.com\/es\/producto\/barniz-dammar-pinto-240-ml\/","title":{"rendered":"Barniz Dammar Pinto 240 ml"},"content":{"rendered":"<p>Es un barniz hecho con goma Dammar. Debido a que las gomas naturales son quebradizas con el paso del tiempo, Pinto ha agregado un aditivo que permite que este barniz sea m\u00e1s flexible y estable, con el fin de evitar el craquelamiento originado por los cambios clim\u00e1ticos y antig\u00fcedad de la obra.<\/p>\n<p>This is a varnish made with Dammar gum. Given that natural gums\/resins are very brittle over time, Pinto implemented an additive that allows for this varnish to be more flexible and stable, in order to avoid crackling that arises by temperature changes and by the artwork&#8217;s state over time.<\/p>\n","protected":false},"excerpt":{"rendered":"<p>Es un barniz hecho con goma Dammar. Debido a que las gomas naturales son quebradizas con el paso del tiempo, Pinto ha agregado un aditivo que permite que este barniz sea m\u00e1s flexible y estable, con el fin de evitar el craquelamiento originado por los cambios clim\u00e1ticos y antig\u00fcedad de la obra.<\/p>\n<p>This is a varnish made with Dammar gum. Given that natural gums\/resins are very brittle over time, Pinto implemented an additive that allows for this varnish to be more flexible and stable, in order to avoid crackling that arises by temperature changes and by the artwork&#8217;s state over time.<\/p>\n","protected":false},"featured_media":51173,"template":"","meta":[],"product_brand":[],"product_cat":[692,792,795],"product_tag":[],"class_list":{"0":"post-51174","1":"product","2":"type-product","3":"status-publish","4":"has-post-thumbnail","6":"product_cat-art-supplies-es","7":"product_cat-solventes-es","8":"product_cat-varnish-es","10":"first","11":"instock","12":"taxable","13":"shipping-taxable","14":"purchasable","15":"product-type-simple"},"yoast_head":"<!-- This site is optimized with the Yoast SEO plugin v27.1.1 - https:\/\/yoast.com\/product\/yoast-seo-wordpress\/ -->\n<title>Barniz Dammar Pinto 240 ml - Art VallARTa<\/title>\n<meta name=\"description\" content=\"Recomendado para la protecci\u00f3n de pinturas, murales y manualidades. Otorga mayor resistencia y lavabilidad a la obra. Ofrece un acabado brillante.We recommend using this product to provide protection to paintings, murals and crafts. It gives better resistance to the elements as well as better washability. It gives your piece a glossy finish.\" \/>\n<meta name=\"robots\" content=\"index, follow, max-snippet:-1, max-image-preview:large, max-video-preview:-1\" \/>\n<link rel=\"canonical\" href=\"https:\/\/artvallarta.com\/es\/producto\/barniz-dammar-pinto-240-ml\/\" \/>\n<meta property=\"og:locale\" content=\"es_ES\" \/>\n<meta property=\"og:type\" content=\"article\" \/>\n<meta property=\"og:title\" content=\"Barniz Dammar Pinto 240 ml - Art VallARTa\" \/>\n<meta property=\"og:description\" content=\"Recomendado para la protecci\u00f3n de pinturas, murales y manualidades. Otorga mayor resistencia y lavabilidad a la obra. Ofrece un acabado brillante.We recommend using this product to provide protection to paintings, murals and crafts. It gives better resistance to the elements as well as better washability. It gives your piece a glossy finish.\" \/>\n<meta property=\"og:url\" content=\"https:\/\/artvallarta.com\/es\/producto\/barniz-dammar-pinto-240-ml\/\" \/>\n<meta property=\"og:site_name\" content=\"Art VallARTa\" \/>\n<meta property=\"article:publisher\" content=\"http:\/\/www.facebook.com\/artvallarta\" \/>\n<meta property=\"article:modified_time\" content=\"2023-07-14T20:49:59+00:00\" \/>\n<meta property=\"og:image\" content=\"https:\/\/artvallarta.com\/wp-content\/uploads\/2020\/07\/Barniz-dammar.jpg\" \/>\n\t<meta property=\"og:image:width\" content=\"350\" \/>\n\t<meta property=\"og:image:height\" content=\"213\" \/>\n\t<meta property=\"og:image:type\" content=\"image\/jpeg\" \/>\n<meta name=\"twitter:card\" content=\"summary_large_image\" \/>\n<meta name=\"twitter:label1\" content=\"Tiempo de lectura\" \/>\n\t<meta name=\"twitter:data1\" content=\"1 minuto\" \/>\n<script type=\"application\/ld+json\" class=\"yoast-schema-graph\">{\"@context\":\"https:\/\/schema.org\",\"@graph\":[{\"@type\":\"WebPage\",\"@id\":\"https:\/\/artvallarta.com\/es\/producto\/barniz-dammar-pinto-240-ml\/\",\"url\":\"https:\/\/artvallarta.com\/es\/producto\/barniz-dammar-pinto-240-ml\/\",\"name\":\"Barniz Dammar Pinto 240 ml - Art VallARTa\",\"isPartOf\":{\"@id\":\"https:\/\/artvallarta.com\/es\/#website\"},\"primaryImageOfPage\":{\"@id\":\"https:\/\/artvallarta.com\/es\/producto\/barniz-dammar-pinto-240-ml\/#primaryimage\"},\"image\":{\"@id\":\"https:\/\/artvallarta.com\/es\/producto\/barniz-dammar-pinto-240-ml\/#primaryimage\"},\"thumbnailUrl\":\"https:\/\/artvallarta.com\/wp-content\/uploads\/2020\/07\/Barniz-dammar.jpg\",\"datePublished\":\"2020-07-30T16:47:14+00:00\",\"dateModified\":\"2023-07-14T20:49:59+00:00\",\"description\":\"Recomendado para la protecci\u00f3n de pinturas, murales y manualidades. Otorga mayor resistencia y lavabilidad a la obra. Ofrece un acabado brillante.We recommend using this product to provide protection to paintings, murals and crafts. It gives better resistance to the elements as well as better washability. It gives your piece a glossy finish.\",\"breadcrumb\":{\"@id\":\"https:\/\/artvallarta.com\/es\/producto\/barniz-dammar-pinto-240-ml\/#breadcrumb\"},\"inLanguage\":\"es\",\"potentialAction\":[{\"@type\":\"ReadAction\",\"target\":[\"https:\/\/artvallarta.com\/es\/producto\/barniz-dammar-pinto-240-ml\/\"]}]},{\"@type\":\"ImageObject\",\"inLanguage\":\"es\",\"@id\":\"https:\/\/artvallarta.com\/es\/producto\/barniz-dammar-pinto-240-ml\/#primaryimage\",\"url\":\"https:\/\/artvallarta.com\/wp-content\/uploads\/2020\/07\/Barniz-dammar.jpg\",\"contentUrl\":\"https:\/\/artvallarta.com\/wp-content\/uploads\/2020\/07\/Barniz-dammar.jpg\",\"width\":350,\"height\":213},{\"@type\":\"BreadcrumbList\",\"@id\":\"https:\/\/artvallarta.com\/es\/producto\/barniz-dammar-pinto-240-ml\/#breadcrumb\",\"itemListElement\":[{\"@type\":\"ListItem\",\"position\":1,\"name\":\"Pagina principal\",\"item\":\"https:\/\/artvallarta.com\/es\/art-vallarta-puerto-vallarta-mexico-home\/\"},{\"@type\":\"ListItem\",\"position\":2,\"name\":\"Shop\",\"item\":\"https:\/\/artvallarta.com\/shop\/\"},{\"@type\":\"ListItem\",\"position\":3,\"name\":\"Barniz Dammar Pinto 240 ml\"}]},{\"@type\":\"WebSite\",\"@id\":\"https:\/\/artvallarta.com\/es\/#website\",\"url\":\"https:\/\/artvallarta.com\/es\/\",\"name\":\"Art VallARTa\",\"description\":\"Art VallARTa\",\"publisher\":{\"@id\":\"https:\/\/artvallarta.com\/es\/#organization\"},\"potentialAction\":[{\"@type\":\"SearchAction\",\"target\":{\"@type\":\"EntryPoint\",\"urlTemplate\":\"https:\/\/artvallarta.com\/es\/?s={search_term_string}\"},\"query-input\":{\"@type\":\"PropertyValueSpecification\",\"valueRequired\":true,\"valueName\":\"search_term_string\"}}],\"inLanguage\":\"es\"},{\"@type\":\"Organization\",\"@id\":\"https:\/\/artvallarta.com\/es\/#organization\",\"name\":\"Art VallARTa\",\"url\":\"https:\/\/artvallarta.com\/es\/\",\"logo\":{\"@type\":\"ImageObject\",\"inLanguage\":\"es\",\"@id\":\"https:\/\/artvallarta.com\/es\/#\/schema\/logo\/image\/\",\"url\":\"https:\/\/artvallarta.com\/wp-content\/uploads\/2019\/02\/51835738_615449708895218_133232196214325248_n.jpg\",\"contentUrl\":\"https:\/\/artvallarta.com\/wp-content\/uploads\/2019\/02\/51835738_615449708895218_133232196214325248_n.jpg\",\"width\":2048,\"height\":1466,\"caption\":\"Art VallARTa\"},\"image\":{\"@id\":\"https:\/\/artvallarta.com\/es\/#\/schema\/logo\/image\/\"},\"sameAs\":[\"http:\/\/www.facebook.com\/artvallarta\",\"http:\/\/www.instagram.com\/artvallarta\",\"http:\/\/www.pinterest\/artvallarta\",\"https:\/\/www.youtube.com\/channel\/UCOqDy2Oyk7EU4tz3S2Gl7kQ\"]}]}<\/script>\n<!-- \/ Yoast SEO plugin. -->","yoast_head_json":{"title":"Barniz Dammar Pinto 240 ml - Art VallARTa","description":"Recomendado para la protecci\u00f3n de pinturas, murales y manualidades. Otorga mayor resistencia y lavabilidad a la obra. Ofrece un acabado brillante.We recommend using this product to provide protection to paintings, murals and crafts. It gives better resistance to the elements as well as better washability. It gives your piece a glossy finish.","robots":{"index":"index","follow":"follow","max-snippet":"max-snippet:-1","max-image-preview":"max-image-preview:large","max-video-preview":"max-video-preview:-1"},"canonical":"https:\/\/artvallarta.com\/es\/producto\/barniz-dammar-pinto-240-ml\/","og_locale":"es_ES","og_type":"article","og_title":"Barniz Dammar Pinto 240 ml - Art VallARTa","og_description":"Recomendado para la protecci\u00f3n de pinturas, murales y manualidades. Otorga mayor resistencia y lavabilidad a la obra. Ofrece un acabado brillante.We recommend using this product to provide protection to paintings, murals and crafts. It gives better resistance to the elements as well as better washability. It gives your piece a glossy finish.","og_url":"https:\/\/artvallarta.com\/es\/producto\/barniz-dammar-pinto-240-ml\/","og_site_name":"Art VallARTa","article_publisher":"http:\/\/www.facebook.com\/artvallarta","article_modified_time":"2023-07-14T20:49:59+00:00","og_image":[{"width":350,"height":213,"url":"https:\/\/artvallarta.com\/wp-content\/uploads\/2020\/07\/Barniz-dammar.jpg","type":"image\/jpeg"}],"twitter_card":"summary_large_image","twitter_misc":{"Tiempo de lectura":"1 minuto"},"schema":{"@context":"https:\/\/schema.org","@graph":[{"@type":"WebPage","@id":"https:\/\/artvallarta.com\/es\/producto\/barniz-dammar-pinto-240-ml\/","url":"https:\/\/artvallarta.com\/es\/producto\/barniz-dammar-pinto-240-ml\/","name":"Barniz Dammar Pinto 240 ml - Art VallARTa","isPartOf":{"@id":"https:\/\/artvallarta.com\/es\/#website"},"primaryImageOfPage":{"@id":"https:\/\/artvallarta.com\/es\/producto\/barniz-dammar-pinto-240-ml\/#primaryimage"},"image":{"@id":"https:\/\/artvallarta.com\/es\/producto\/barniz-dammar-pinto-240-ml\/#primaryimage"},"thumbnailUrl":"https:\/\/artvallarta.com\/wp-content\/uploads\/2020\/07\/Barniz-dammar.jpg","datePublished":"2020-07-30T16:47:14+00:00","dateModified":"2023-07-14T20:49:59+00:00","description":"Recomendado para la protecci\u00f3n de pinturas, murales y manualidades. Otorga mayor resistencia y lavabilidad a la obra. Ofrece un acabado brillante.We recommend using this product to provide protection to paintings, murals and crafts. It gives better resistance to the elements as well as better washability. It gives your piece a glossy finish.","breadcrumb":{"@id":"https:\/\/artvallarta.com\/es\/producto\/barniz-dammar-pinto-240-ml\/#breadcrumb"},"inLanguage":"es","potentialAction":[{"@type":"ReadAction","target":["https:\/\/artvallarta.com\/es\/producto\/barniz-dammar-pinto-240-ml\/"]}]},{"@type":"ImageObject","inLanguage":"es","@id":"https:\/\/artvallarta.com\/es\/producto\/barniz-dammar-pinto-240-ml\/#primaryimage","url":"https:\/\/artvallarta.com\/wp-content\/uploads\/2020\/07\/Barniz-dammar.jpg","contentUrl":"https:\/\/artvallarta.com\/wp-content\/uploads\/2020\/07\/Barniz-dammar.jpg","width":350,"height":213},{"@type":"BreadcrumbList","@id":"https:\/\/artvallarta.com\/es\/producto\/barniz-dammar-pinto-240-ml\/#breadcrumb","itemListElement":[{"@type":"ListItem","position":1,"name":"Pagina principal","item":"https:\/\/artvallarta.com\/es\/art-vallarta-puerto-vallarta-mexico-home\/"},{"@type":"ListItem","position":2,"name":"Shop","item":"https:\/\/artvallarta.com\/shop\/"},{"@type":"ListItem","position":3,"name":"Barniz Dammar Pinto 240 ml"}]},{"@type":"WebSite","@id":"https:\/\/artvallarta.com\/es\/#website","url":"https:\/\/artvallarta.com\/es\/","name":"Art VallARTa","description":"Art VallARTa","publisher":{"@id":"https:\/\/artvallarta.com\/es\/#organization"},"potentialAction":[{"@type":"SearchAction","target":{"@type":"EntryPoint","urlTemplate":"https:\/\/artvallarta.com\/es\/?s={search_term_string}"},"query-input":{"@type":"PropertyValueSpecification","valueRequired":true,"valueName":"search_term_string"}}],"inLanguage":"es"},{"@type":"Organization","@id":"https:\/\/artvallarta.com\/es\/#organization","name":"Art VallARTa","url":"https:\/\/artvallarta.com\/es\/","logo":{"@type":"ImageObject","inLanguage":"es","@id":"https:\/\/artvallarta.com\/es\/#\/schema\/logo\/image\/","url":"https:\/\/artvallarta.com\/wp-content\/uploads\/2019\/02\/51835738_615449708895218_133232196214325248_n.jpg","contentUrl":"https:\/\/artvallarta.com\/wp-content\/uploads\/2019\/02\/51835738_615449708895218_133232196214325248_n.jpg","width":2048,"height":1466,"caption":"Art VallARTa"},"image":{"@id":"https:\/\/artvallarta.com\/es\/#\/schema\/logo\/image\/"},"sameAs":["http:\/\/www.facebook.com\/artvallarta","http:\/\/www.instagram.com\/artvallarta","http:\/\/www.pinterest\/artvallarta","https:\/\/www.youtube.com\/channel\/UCOqDy2Oyk7EU4tz3S2Gl7kQ"]}]}},"_links":{"self":[{"href":"https:\/\/artvallarta.com\/es\/wp-json\/wp\/v2\/product\/51174","targetHints":{"allow":["GET"]}}],"collection":[{"href":"https:\/\/artvallarta.com\/es\/wp-json\/wp\/v2\/product"}],"about":[{"href":"https:\/\/artvallarta.com\/es\/wp-json\/wp\/v2\/types\/product"}],"version-history":[{"count":1,"href":"https:\/\/artvallarta.com\/es\/wp-json\/wp\/v2\/product\/51174\/revisions"}],"predecessor-version":[{"id":76750,"href":"https:\/\/artvallarta.com\/es\/wp-json\/wp\/v2\/product\/51174\/revisions\/76750"}],"wp:featuredmedia":[{"embeddable":true,"href":"https:\/\/artvallarta.com\/es\/wp-json\/wp\/v2\/media\/51173"}],"wp:attachment":[{"href":"https:\/\/artvallarta.com\/es\/wp-json\/wp\/v2\/media?parent=51174"}],"wp:term":[{"taxonomy":"product_brand","embeddable":true,"href":"https:\/\/artvallarta.com\/es\/wp-json\/wp\/v2\/product_brand?post=51174"},{"taxonomy":"product_cat","embeddable":true,"href":"https:\/\/artvallarta.com\/es\/wp-json\/wp\/v2\/product_cat?post=51174"},{"taxonomy":"product_tag","embeddable":true,"href":"https:\/\/artvallarta.com\/es\/wp-json\/wp\/v2\/product_tag?post=51174"}],"curies":[{"name":"wp","href":"https:\/\/api.w.org\/{rel}","templated":true}]}}