{"id":51153,"date":"2020-08-01T10:46:56","date_gmt":"2020-08-01T15:46:56","guid":{"rendered":"https:\/\/artvallarta.com\/product\/aguarras-bidestilado-120-ml\/"},"modified":"2025-06-06T12:26:32","modified_gmt":"2025-06-06T18:26:32","slug":"aguarras-bidestilado-120-ml","status":"publish","type":"product","link":"https:\/\/artvallarta.com\/es\/producto\/aguarras-bidestilado-120-ml\/","title":{"rendered":"Aguarras Bidestilado 120 Ml Bidistilled Turpentine"},"content":{"rendered":"<p id=\"u11968-5\">Aguarr\u00e1s 100% puro de pino, transparente, graso y c\u00e1lido al tacto, lo que favorece la brochabilidad del \u00f3leo. Ideal para diluir o adelgazar la pintura. Se utiliza tambi\u00e9n para la limpieza de pinceles, paletas, godetes y otros utensilios.<\/p>\n","protected":false},"excerpt":{"rendered":"<p>Aguarr\u00e1s 100% puro de pino, transparente, graso y c\u00e1lido al tacto, lo que favorece la brochabilidad del \u00f3leo. Ideal para diluir o adelgazar la pintura. Se utiliza tambi\u00e9n para la limpieza de pinceles, paletas, godetes y otros utensilios.<\/p>\n<p>Turpentine made 100% from pine. Transparent, slight greasy and warm to the touch, which makes it ideal for using it with oil paint. Great for diluting or thinning paint. It can also be used to clean brushes, palettes, and other utensils.<\/p>\n","protected":false},"featured_media":51155,"template":"","meta":[],"product_brand":[],"product_cat":[792,794,692],"product_tag":[],"class_list":{"0":"post-51153","1":"product","2":"type-product","3":"status-publish","4":"has-post-thumbnail","6":"product_cat-solventes-es","7":"product_cat-solvents-es","8":"product_cat-art-supplies-es","10":"first","11":"instock","12":"taxable","13":"shipping-taxable","14":"purchasable","15":"product-type-simple"},"yoast_head":"<!-- This site is optimized with the Yoast SEO plugin v27.3 - https:\/\/yoast.com\/product\/yoast-seo-wordpress\/ -->\n<title>Aguarras Bidestilado 120 Ml Bidistilled Turpentine - Art VallARTa Puerto Vallarta Mexico<\/title>\n<meta name=\"description\" content=\"Aguarr\u00e1s 100% puro de pino, transparente, graso y c\u00e1lido al tacto, lo que favorece la brochabilidad del \u00f3leo. Ideal para diluir o adelgazar la pintura. Se utiliza tambi\u00e9n para la limpieza de pinceles, paletas, godetes y otros utensilios.Turpentine made 100% from pine. Transparent, slight greasy and warm to the touch, which makes it ideal for using it with oil paint. Great for diluting or thinning paint. It can also be used to clean brushes, palettes, and other utensils.\" \/>\n<meta name=\"robots\" content=\"index, follow, max-snippet:-1, max-image-preview:large, max-video-preview:-1\" \/>\n<link rel=\"canonical\" href=\"https:\/\/artvallarta.com\/es\/producto\/aguarras-bidestilado-120-ml\/\" \/>\n<meta property=\"og:locale\" content=\"es_ES\" \/>\n<meta property=\"og:type\" content=\"article\" \/>\n<meta property=\"og:title\" content=\"Aguarras Bidestilado 120 Ml Bidistilled Turpentine - Art VallARTa Puerto Vallarta Mexico\" \/>\n<meta property=\"og:description\" content=\"Aguarr\u00e1s 100% puro de pino, transparente, graso y c\u00e1lido al tacto, lo que favorece la brochabilidad del \u00f3leo. Ideal para diluir o adelgazar la pintura. Se utiliza tambi\u00e9n para la limpieza de pinceles, paletas, godetes y otros utensilios.Turpentine made 100% from pine. Transparent, slight greasy and warm to the touch, which makes it ideal for using it with oil paint. Great for diluting or thinning paint. It can also be used to clean brushes, palettes, and other utensils.\" \/>\n<meta property=\"og:url\" content=\"https:\/\/artvallarta.com\/es\/producto\/aguarras-bidestilado-120-ml\/\" \/>\n<meta property=\"og:site_name\" content=\"Art VallARTa\" \/>\n<meta property=\"article:publisher\" content=\"http:\/\/www.facebook.com\/artvallarta\" \/>\n<meta property=\"article:modified_time\" content=\"2025-06-06T18:26:32+00:00\" \/>\n<meta property=\"og:image\" content=\"https:\/\/artvallarta.com\/wp-content\/uploads\/2020\/08\/aguarras-bidestilado-240-ml-pinto.jpg\" \/>\n\t<meta property=\"og:image:width\" content=\"239\" \/>\n\t<meta property=\"og:image:height\" content=\"500\" \/>\n\t<meta property=\"og:image:type\" content=\"image\/jpeg\" \/>\n<meta name=\"twitter:card\" content=\"summary_large_image\" \/>\n<script type=\"application\/ld+json\" class=\"yoast-schema-graph\">{\"@context\":\"https:\\\/\\\/schema.org\",\"@graph\":[{\"@type\":\"WebPage\",\"@id\":\"https:\\\/\\\/artvallarta.com\\\/es\\\/producto\\\/aguarras-bidestilado-120-ml\\\/\",\"url\":\"https:\\\/\\\/artvallarta.com\\\/es\\\/producto\\\/aguarras-bidestilado-120-ml\\\/\",\"name\":\"Aguarras Bidestilado 120 Ml Bidistilled Turpentine - Art VallARTa Puerto Vallarta Mexico\",\"isPartOf\":{\"@id\":\"https:\\\/\\\/artvallarta.com\\\/es\\\/#website\"},\"primaryImageOfPage\":{\"@id\":\"https:\\\/\\\/artvallarta.com\\\/es\\\/producto\\\/aguarras-bidestilado-120-ml\\\/#primaryimage\"},\"image\":{\"@id\":\"https:\\\/\\\/artvallarta.com\\\/es\\\/producto\\\/aguarras-bidestilado-120-ml\\\/#primaryimage\"},\"thumbnailUrl\":\"https:\\\/\\\/artvallarta.com\\\/wp-content\\\/uploads\\\/2020\\\/08\\\/aguarras-bidestilado-240-ml-pinto.jpg\",\"datePublished\":\"2020-08-01T15:46:56+00:00\",\"dateModified\":\"2025-06-06T18:26:32+00:00\",\"description\":\"Aguarr\u00e1s 100% puro de pino, transparente, graso y c\u00e1lido al tacto, lo que favorece la brochabilidad del \u00f3leo. Ideal para diluir o adelgazar la pintura. Se utiliza tambi\u00e9n para la limpieza de pinceles, paletas, godetes y otros utensilios.Turpentine made 100% from pine. Transparent, slight greasy and warm to the touch, which makes it ideal for using it with oil paint. Great for diluting or thinning paint. It can also be used to clean brushes, palettes, and other utensils.\",\"breadcrumb\":{\"@id\":\"https:\\\/\\\/artvallarta.com\\\/es\\\/producto\\\/aguarras-bidestilado-120-ml\\\/#breadcrumb\"},\"inLanguage\":\"es\",\"potentialAction\":[{\"@type\":\"ReadAction\",\"target\":[\"https:\\\/\\\/artvallarta.com\\\/es\\\/producto\\\/aguarras-bidestilado-120-ml\\\/\"]}]},{\"@type\":\"ImageObject\",\"inLanguage\":\"es\",\"@id\":\"https:\\\/\\\/artvallarta.com\\\/es\\\/producto\\\/aguarras-bidestilado-120-ml\\\/#primaryimage\",\"url\":\"https:\\\/\\\/artvallarta.com\\\/wp-content\\\/uploads\\\/2020\\\/08\\\/aguarras-bidestilado-240-ml-pinto.jpg\",\"contentUrl\":\"https:\\\/\\\/artvallarta.com\\\/wp-content\\\/uploads\\\/2020\\\/08\\\/aguarras-bidestilado-240-ml-pinto.jpg\",\"width\":239,\"height\":500},{\"@type\":\"BreadcrumbList\",\"@id\":\"https:\\\/\\\/artvallarta.com\\\/es\\\/producto\\\/aguarras-bidestilado-120-ml\\\/#breadcrumb\",\"itemListElement\":[{\"@type\":\"ListItem\",\"position\":1,\"name\":\"Pagina principal\",\"item\":\"https:\\\/\\\/artvallarta.com\\\/es\\\/art-vallarta-puerto-vallarta-mexico-home\\\/\"},{\"@type\":\"ListItem\",\"position\":2,\"name\":\"Shop\",\"item\":\"https:\\\/\\\/artvallarta.com\\\/shop\\\/\"},{\"@type\":\"ListItem\",\"position\":3,\"name\":\"Aguarras Bidestilado 120 Ml Bidistilled Turpentine\"}]},{\"@type\":\"WebSite\",\"@id\":\"https:\\\/\\\/artvallarta.com\\\/es\\\/#website\",\"url\":\"https:\\\/\\\/artvallarta.com\\\/es\\\/\",\"name\":\"Art VallARTa\",\"description\":\"Art VallARTa\",\"publisher\":{\"@id\":\"https:\\\/\\\/artvallarta.com\\\/es\\\/#organization\"},\"potentialAction\":[{\"@type\":\"SearchAction\",\"target\":{\"@type\":\"EntryPoint\",\"urlTemplate\":\"https:\\\/\\\/artvallarta.com\\\/es\\\/?s={search_term_string}\"},\"query-input\":{\"@type\":\"PropertyValueSpecification\",\"valueRequired\":true,\"valueName\":\"search_term_string\"}}],\"inLanguage\":\"es\"},{\"@type\":\"Organization\",\"@id\":\"https:\\\/\\\/artvallarta.com\\\/es\\\/#organization\",\"name\":\"Art VallARTa\",\"url\":\"https:\\\/\\\/artvallarta.com\\\/es\\\/\",\"logo\":{\"@type\":\"ImageObject\",\"inLanguage\":\"es\",\"@id\":\"https:\\\/\\\/artvallarta.com\\\/es\\\/#\\\/schema\\\/logo\\\/image\\\/\",\"url\":\"https:\\\/\\\/artvallarta.com\\\/wp-content\\\/uploads\\\/2019\\\/02\\\/51835738_615449708895218_133232196214325248_n.jpg\",\"contentUrl\":\"https:\\\/\\\/artvallarta.com\\\/wp-content\\\/uploads\\\/2019\\\/02\\\/51835738_615449708895218_133232196214325248_n.jpg\",\"width\":2048,\"height\":1466,\"caption\":\"Art VallARTa\"},\"image\":{\"@id\":\"https:\\\/\\\/artvallarta.com\\\/es\\\/#\\\/schema\\\/logo\\\/image\\\/\"},\"sameAs\":[\"http:\\\/\\\/www.facebook.com\\\/artvallarta\",\"http:\\\/\\\/www.instagram.com\\\/artvallarta\",\"http:\\\/\\\/www.pinterest\\\/artvallarta\",\"https:\\\/\\\/www.youtube.com\\\/channel\\\/UCOqDy2Oyk7EU4tz3S2Gl7kQ\"]}]}<\/script>\n<!-- \/ Yoast SEO plugin. -->","yoast_head_json":{"title":"Aguarras Bidestilado 120 Ml Bidistilled Turpentine - Art VallARTa Puerto Vallarta Mexico","description":"Aguarr\u00e1s 100% puro de pino, transparente, graso y c\u00e1lido al tacto, lo que favorece la brochabilidad del \u00f3leo. Ideal para diluir o adelgazar la pintura. Se utiliza tambi\u00e9n para la limpieza de pinceles, paletas, godetes y otros utensilios.Turpentine made 100% from pine. Transparent, slight greasy and warm to the touch, which makes it ideal for using it with oil paint. Great for diluting or thinning paint. It can also be used to clean brushes, palettes, and other utensils.","robots":{"index":"index","follow":"follow","max-snippet":"max-snippet:-1","max-image-preview":"max-image-preview:large","max-video-preview":"max-video-preview:-1"},"canonical":"https:\/\/artvallarta.com\/es\/producto\/aguarras-bidestilado-120-ml\/","og_locale":"es_ES","og_type":"article","og_title":"Aguarras Bidestilado 120 Ml Bidistilled Turpentine - Art VallARTa Puerto Vallarta Mexico","og_description":"Aguarr\u00e1s 100% puro de pino, transparente, graso y c\u00e1lido al tacto, lo que favorece la brochabilidad del \u00f3leo. Ideal para diluir o adelgazar la pintura. Se utiliza tambi\u00e9n para la limpieza de pinceles, paletas, godetes y otros utensilios.Turpentine made 100% from pine. Transparent, slight greasy and warm to the touch, which makes it ideal for using it with oil paint. Great for diluting or thinning paint. It can also be used to clean brushes, palettes, and other utensils.","og_url":"https:\/\/artvallarta.com\/es\/producto\/aguarras-bidestilado-120-ml\/","og_site_name":"Art VallARTa","article_publisher":"http:\/\/www.facebook.com\/artvallarta","article_modified_time":"2025-06-06T18:26:32+00:00","og_image":[{"width":239,"height":500,"url":"https:\/\/artvallarta.com\/wp-content\/uploads\/2020\/08\/aguarras-bidestilado-240-ml-pinto.jpg","type":"image\/jpeg"}],"twitter_card":"summary_large_image","schema":{"@context":"https:\/\/schema.org","@graph":[{"@type":"WebPage","@id":"https:\/\/artvallarta.com\/es\/producto\/aguarras-bidestilado-120-ml\/","url":"https:\/\/artvallarta.com\/es\/producto\/aguarras-bidestilado-120-ml\/","name":"Aguarras Bidestilado 120 Ml Bidistilled Turpentine - Art VallARTa Puerto Vallarta Mexico","isPartOf":{"@id":"https:\/\/artvallarta.com\/es\/#website"},"primaryImageOfPage":{"@id":"https:\/\/artvallarta.com\/es\/producto\/aguarras-bidestilado-120-ml\/#primaryimage"},"image":{"@id":"https:\/\/artvallarta.com\/es\/producto\/aguarras-bidestilado-120-ml\/#primaryimage"},"thumbnailUrl":"https:\/\/artvallarta.com\/wp-content\/uploads\/2020\/08\/aguarras-bidestilado-240-ml-pinto.jpg","datePublished":"2020-08-01T15:46:56+00:00","dateModified":"2025-06-06T18:26:32+00:00","description":"Aguarr\u00e1s 100% puro de pino, transparente, graso y c\u00e1lido al tacto, lo que favorece la brochabilidad del \u00f3leo. Ideal para diluir o adelgazar la pintura. Se utiliza tambi\u00e9n para la limpieza de pinceles, paletas, godetes y otros utensilios.Turpentine made 100% from pine. Transparent, slight greasy and warm to the touch, which makes it ideal for using it with oil paint. Great for diluting or thinning paint. It can also be used to clean brushes, palettes, and other utensils.","breadcrumb":{"@id":"https:\/\/artvallarta.com\/es\/producto\/aguarras-bidestilado-120-ml\/#breadcrumb"},"inLanguage":"es","potentialAction":[{"@type":"ReadAction","target":["https:\/\/artvallarta.com\/es\/producto\/aguarras-bidestilado-120-ml\/"]}]},{"@type":"ImageObject","inLanguage":"es","@id":"https:\/\/artvallarta.com\/es\/producto\/aguarras-bidestilado-120-ml\/#primaryimage","url":"https:\/\/artvallarta.com\/wp-content\/uploads\/2020\/08\/aguarras-bidestilado-240-ml-pinto.jpg","contentUrl":"https:\/\/artvallarta.com\/wp-content\/uploads\/2020\/08\/aguarras-bidestilado-240-ml-pinto.jpg","width":239,"height":500},{"@type":"BreadcrumbList","@id":"https:\/\/artvallarta.com\/es\/producto\/aguarras-bidestilado-120-ml\/#breadcrumb","itemListElement":[{"@type":"ListItem","position":1,"name":"Pagina principal","item":"https:\/\/artvallarta.com\/es\/art-vallarta-puerto-vallarta-mexico-home\/"},{"@type":"ListItem","position":2,"name":"Shop","item":"https:\/\/artvallarta.com\/shop\/"},{"@type":"ListItem","position":3,"name":"Aguarras Bidestilado 120 Ml Bidistilled Turpentine"}]},{"@type":"WebSite","@id":"https:\/\/artvallarta.com\/es\/#website","url":"https:\/\/artvallarta.com\/es\/","name":"Art VallARTa","description":"Art VallARTa","publisher":{"@id":"https:\/\/artvallarta.com\/es\/#organization"},"potentialAction":[{"@type":"SearchAction","target":{"@type":"EntryPoint","urlTemplate":"https:\/\/artvallarta.com\/es\/?s={search_term_string}"},"query-input":{"@type":"PropertyValueSpecification","valueRequired":true,"valueName":"search_term_string"}}],"inLanguage":"es"},{"@type":"Organization","@id":"https:\/\/artvallarta.com\/es\/#organization","name":"Art VallARTa","url":"https:\/\/artvallarta.com\/es\/","logo":{"@type":"ImageObject","inLanguage":"es","@id":"https:\/\/artvallarta.com\/es\/#\/schema\/logo\/image\/","url":"https:\/\/artvallarta.com\/wp-content\/uploads\/2019\/02\/51835738_615449708895218_133232196214325248_n.jpg","contentUrl":"https:\/\/artvallarta.com\/wp-content\/uploads\/2019\/02\/51835738_615449708895218_133232196214325248_n.jpg","width":2048,"height":1466,"caption":"Art VallARTa"},"image":{"@id":"https:\/\/artvallarta.com\/es\/#\/schema\/logo\/image\/"},"sameAs":["http:\/\/www.facebook.com\/artvallarta","http:\/\/www.instagram.com\/artvallarta","http:\/\/www.pinterest\/artvallarta","https:\/\/www.youtube.com\/channel\/UCOqDy2Oyk7EU4tz3S2Gl7kQ"]}]}},"_links":{"self":[{"href":"https:\/\/artvallarta.com\/es\/wp-json\/wp\/v2\/product\/51153","targetHints":{"allow":["GET"]}}],"collection":[{"href":"https:\/\/artvallarta.com\/es\/wp-json\/wp\/v2\/product"}],"about":[{"href":"https:\/\/artvallarta.com\/es\/wp-json\/wp\/v2\/types\/product"}],"version-history":[{"count":1,"href":"https:\/\/artvallarta.com\/es\/wp-json\/wp\/v2\/product\/51153\/revisions"}],"predecessor-version":[{"id":82321,"href":"https:\/\/artvallarta.com\/es\/wp-json\/wp\/v2\/product\/51153\/revisions\/82321"}],"wp:featuredmedia":[{"embeddable":true,"href":"https:\/\/artvallarta.com\/es\/wp-json\/wp\/v2\/media\/51155"}],"wp:attachment":[{"href":"https:\/\/artvallarta.com\/es\/wp-json\/wp\/v2\/media?parent=51153"}],"wp:term":[{"taxonomy":"product_brand","embeddable":true,"href":"https:\/\/artvallarta.com\/es\/wp-json\/wp\/v2\/product_brand?post=51153"},{"taxonomy":"product_cat","embeddable":true,"href":"https:\/\/artvallarta.com\/es\/wp-json\/wp\/v2\/product_cat?post=51153"},{"taxonomy":"product_tag","embeddable":true,"href":"https:\/\/artvallarta.com\/es\/wp-json\/wp\/v2\/product_tag?post=51153"}],"curies":[{"name":"wp","href":"https:\/\/api.w.org\/{rel}","templated":true}]}}