{"id":51077,"date":"2020-08-03T14:57:38","date_gmt":"2020-08-03T19:57:38","guid":{"rendered":"https:\/\/artvallarta.com\/product\/obertone-tinta-acuarela-super-pigentanda\/"},"modified":"2026-03-09T15:46:43","modified_gmt":"2026-03-09T21:46:43","slug":"obertone-tinta-acuarela-super-pigentanda","status":"publish","type":"product","link":"https:\/\/artvallarta.com\/es\/producto\/obertone-tinta-acuarela-super-pigentanda\/","title":{"rendered":"Obertone &#8211; Tinta Acuarela Super Pigentanda &#8211;"},"content":{"rendered":"<p>La acuarela l\u00edquida s\u00faper pigmentada Obert\u00f6ne cuenta con 24 colores b\u00e1sicos y 12 colores met\u00e1licos, excelentes para acentuar las obras del artista. Tiene un excelente rango de colores oros, cobrizos, plateados, etc. Al igual que los colores b\u00e1sicos, tienen una alta concentraci\u00f3n de pigmento y se pueden diluir con agua.<\/p>\n<p>&nbsp;<\/p>\n<p>Se pueden mezclar entre s\u00ed y tambien con los colores b\u00e1sicos para obtener una amplia gama de tonalidades. Tambi\u00e9n, se pueden mezclar con acuarela tradicional ya sea de pastilla o tubo. Son excelentes para crear proyectos de t\u00e9cnicas mixtas.<\/p>\n<p>&nbsp;<\/p>\n<p>Se puede utilizar de manera tradicional y con plumilla para caligraf\u00eda. La acuarela l\u00edquida debe ser agitada antes de usarse, cada recipiente contiene un bal\u00edn para ayudar a incorporar el pigmento de mejor manera.<\/p>\n","protected":false},"excerpt":{"rendered":"<p>La acuarela l\u00edquida s\u00faper pigmentada Obert\u00f6ne cuenta con 24 colores b\u00e1sicos y 12 colores met\u00e1licos, excelentes para acentuar las obras<\/p>\n","protected":false},"featured_media":51078,"template":"","meta":[],"product_brand":[],"product_cat":[805,912,807,692],"product_tag":[],"class_list":{"0":"post-51077","1":"product","2":"type-product","3":"status-publish","4":"has-post-thumbnail","6":"product_cat-watercolor-es","7":"product_cat-obertone-es","8":"product_cat-watercolorp-es","9":"product_cat-art-supplies-es","10":"pa_color-lemon-yellow-es","11":"pa_color-sky-blue-es","12":"pa_color-light-blue-es","13":"pa_color-lake-blue-es","14":"pa_color-prussian-blue-es","15":"pa_color-white-es","16":"pa_color-purple-gray-es","17":"pa_color-magenta-es","18":"pa_color-light-purple-es","19":"pa_color-orange-es-2","20":"pa_color-oro-cobre-metalico","21":"pa_color-gold-metallic-es","22":"pa_color-black-gold-metallic-es","23":"pa_color-pure-gold-metallic-es","24":"pa_color-silver-metallic-es","25":"pa_color-peach-red-bright-es","26":"pa_color-light-green-es","27":"pa_color-hookers-green-es","29":"first","30":"instock","31":"taxable","32":"shipping-taxable","33":"purchasable","34":"product-type-variable"},"yoast_head":"<!-- This site is optimized with the Yoast SEO plugin v27.3 - https:\/\/yoast.com\/product\/yoast-seo-wordpress\/ -->\n<title>Obertone - Tinta Acuarela Super Pigentanda - Art VallARTa<\/title>\n<meta name=\"robots\" content=\"index, follow, max-snippet:-1, max-image-preview:large, max-video-preview:-1\" \/>\n<link rel=\"canonical\" href=\"https:\/\/artvallarta.com\/es\/producto\/obertone-tinta-acuarela-super-pigentanda\/\" \/>\n<meta property=\"og:locale\" content=\"es_ES\" \/>\n<meta property=\"og:type\" content=\"article\" \/>\n<meta property=\"og:title\" content=\"Obertone - Tinta Acuarela Super Pigentanda - Art VallARTa\" \/>\n<meta property=\"og:description\" content=\"La acuarela l\u00edquida s\u00faper pigmentada Obert\u00f6ne cuenta con 24 colores b\u00e1sicos y 12 colores met\u00e1licos, excelentes para acentuar las obras\" \/>\n<meta property=\"og:url\" content=\"https:\/\/artvallarta.com\/es\/producto\/obertone-tinta-acuarela-super-pigentanda\/\" \/>\n<meta property=\"og:site_name\" content=\"Art VallARTa\" \/>\n<meta property=\"article:publisher\" content=\"http:\/\/www.facebook.com\/artvallarta\" \/>\n<meta property=\"article:modified_time\" content=\"2026-03-09T21:46:43+00:00\" \/>\n<meta property=\"og:image\" content=\"https:\/\/artvallarta.com\/wp-content\/uploads\/2020\/08\/tintas-super-pigmentada.png\" \/>\n\t<meta property=\"og:image:width\" content=\"460\" \/>\n\t<meta property=\"og:image:height\" content=\"600\" \/>\n\t<meta property=\"og:image:type\" content=\"image\/png\" \/>\n<meta name=\"twitter:card\" content=\"summary_large_image\" \/>\n<meta name=\"twitter:label1\" content=\"Tiempo de lectura\" \/>\n\t<meta name=\"twitter:data1\" content=\"1 minuto\" \/>\n<script type=\"application\/ld+json\" class=\"yoast-schema-graph\">{\"@context\":\"https:\\\/\\\/schema.org\",\"@graph\":[{\"@type\":\"WebPage\",\"@id\":\"https:\\\/\\\/artvallarta.com\\\/es\\\/producto\\\/obertone-tinta-acuarela-super-pigentanda\\\/\",\"url\":\"https:\\\/\\\/artvallarta.com\\\/es\\\/producto\\\/obertone-tinta-acuarela-super-pigentanda\\\/\",\"name\":\"Obertone - Tinta Acuarela Super Pigentanda - Art VallARTa\",\"isPartOf\":{\"@id\":\"https:\\\/\\\/artvallarta.com\\\/es\\\/#website\"},\"primaryImageOfPage\":{\"@id\":\"https:\\\/\\\/artvallarta.com\\\/es\\\/producto\\\/obertone-tinta-acuarela-super-pigentanda\\\/#primaryimage\"},\"image\":{\"@id\":\"https:\\\/\\\/artvallarta.com\\\/es\\\/producto\\\/obertone-tinta-acuarela-super-pigentanda\\\/#primaryimage\"},\"thumbnailUrl\":\"https:\\\/\\\/artvallarta.com\\\/wp-content\\\/uploads\\\/2020\\\/08\\\/tintas-super-pigmentada.png\",\"datePublished\":\"2020-08-03T19:57:38+00:00\",\"dateModified\":\"2026-03-09T21:46:43+00:00\",\"breadcrumb\":{\"@id\":\"https:\\\/\\\/artvallarta.com\\\/es\\\/producto\\\/obertone-tinta-acuarela-super-pigentanda\\\/#breadcrumb\"},\"inLanguage\":\"es\",\"potentialAction\":[{\"@type\":\"ReadAction\",\"target\":[\"https:\\\/\\\/artvallarta.com\\\/es\\\/producto\\\/obertone-tinta-acuarela-super-pigentanda\\\/\"]}]},{\"@type\":\"ImageObject\",\"inLanguage\":\"es\",\"@id\":\"https:\\\/\\\/artvallarta.com\\\/es\\\/producto\\\/obertone-tinta-acuarela-super-pigentanda\\\/#primaryimage\",\"url\":\"https:\\\/\\\/artvallarta.com\\\/wp-content\\\/uploads\\\/2020\\\/08\\\/tintas-super-pigmentada.png\",\"contentUrl\":\"https:\\\/\\\/artvallarta.com\\\/wp-content\\\/uploads\\\/2020\\\/08\\\/tintas-super-pigmentada.png\",\"width\":460,\"height\":600},{\"@type\":\"BreadcrumbList\",\"@id\":\"https:\\\/\\\/artvallarta.com\\\/es\\\/producto\\\/obertone-tinta-acuarela-super-pigentanda\\\/#breadcrumb\",\"itemListElement\":[{\"@type\":\"ListItem\",\"position\":1,\"name\":\"Pagina principal\",\"item\":\"https:\\\/\\\/artvallarta.com\\\/es\\\/art-vallarta-puerto-vallarta-mexico-home\\\/\"},{\"@type\":\"ListItem\",\"position\":2,\"name\":\"Shop\",\"item\":\"https:\\\/\\\/artvallarta.com\\\/shop\\\/\"},{\"@type\":\"ListItem\",\"position\":3,\"name\":\"Obertone &#8211; Tinta Acuarela Super Pigentanda &#8211;\"}]},{\"@type\":\"WebSite\",\"@id\":\"https:\\\/\\\/artvallarta.com\\\/es\\\/#website\",\"url\":\"https:\\\/\\\/artvallarta.com\\\/es\\\/\",\"name\":\"Art VallARTa\",\"description\":\"Art VallARTa\",\"publisher\":{\"@id\":\"https:\\\/\\\/artvallarta.com\\\/es\\\/#organization\"},\"potentialAction\":[{\"@type\":\"SearchAction\",\"target\":{\"@type\":\"EntryPoint\",\"urlTemplate\":\"https:\\\/\\\/artvallarta.com\\\/es\\\/?s={search_term_string}\"},\"query-input\":{\"@type\":\"PropertyValueSpecification\",\"valueRequired\":true,\"valueName\":\"search_term_string\"}}],\"inLanguage\":\"es\"},{\"@type\":\"Organization\",\"@id\":\"https:\\\/\\\/artvallarta.com\\\/es\\\/#organization\",\"name\":\"Art VallARTa\",\"url\":\"https:\\\/\\\/artvallarta.com\\\/es\\\/\",\"logo\":{\"@type\":\"ImageObject\",\"inLanguage\":\"es\",\"@id\":\"https:\\\/\\\/artvallarta.com\\\/es\\\/#\\\/schema\\\/logo\\\/image\\\/\",\"url\":\"https:\\\/\\\/artvallarta.com\\\/wp-content\\\/uploads\\\/2019\\\/02\\\/51835738_615449708895218_133232196214325248_n.jpg\",\"contentUrl\":\"https:\\\/\\\/artvallarta.com\\\/wp-content\\\/uploads\\\/2019\\\/02\\\/51835738_615449708895218_133232196214325248_n.jpg\",\"width\":2048,\"height\":1466,\"caption\":\"Art VallARTa\"},\"image\":{\"@id\":\"https:\\\/\\\/artvallarta.com\\\/es\\\/#\\\/schema\\\/logo\\\/image\\\/\"},\"sameAs\":[\"http:\\\/\\\/www.facebook.com\\\/artvallarta\",\"http:\\\/\\\/www.instagram.com\\\/artvallarta\",\"http:\\\/\\\/www.pinterest\\\/artvallarta\",\"https:\\\/\\\/www.youtube.com\\\/channel\\\/UCOqDy2Oyk7EU4tz3S2Gl7kQ\"]}]}<\/script>\n<!-- \/ Yoast SEO plugin. -->","yoast_head_json":{"title":"Obertone - Tinta Acuarela Super Pigentanda - Art VallARTa","robots":{"index":"index","follow":"follow","max-snippet":"max-snippet:-1","max-image-preview":"max-image-preview:large","max-video-preview":"max-video-preview:-1"},"canonical":"https:\/\/artvallarta.com\/es\/producto\/obertone-tinta-acuarela-super-pigentanda\/","og_locale":"es_ES","og_type":"article","og_title":"Obertone - Tinta Acuarela Super Pigentanda - Art VallARTa","og_description":"La acuarela l\u00edquida s\u00faper pigmentada Obert\u00f6ne cuenta con 24 colores b\u00e1sicos y 12 colores met\u00e1licos, excelentes para acentuar las obras","og_url":"https:\/\/artvallarta.com\/es\/producto\/obertone-tinta-acuarela-super-pigentanda\/","og_site_name":"Art VallARTa","article_publisher":"http:\/\/www.facebook.com\/artvallarta","article_modified_time":"2026-03-09T21:46:43+00:00","og_image":[{"width":460,"height":600,"url":"https:\/\/artvallarta.com\/wp-content\/uploads\/2020\/08\/tintas-super-pigmentada.png","type":"image\/png"}],"twitter_card":"summary_large_image","twitter_misc":{"Tiempo de lectura":"1 minuto"},"schema":{"@context":"https:\/\/schema.org","@graph":[{"@type":"WebPage","@id":"https:\/\/artvallarta.com\/es\/producto\/obertone-tinta-acuarela-super-pigentanda\/","url":"https:\/\/artvallarta.com\/es\/producto\/obertone-tinta-acuarela-super-pigentanda\/","name":"Obertone - Tinta Acuarela Super Pigentanda - Art VallARTa","isPartOf":{"@id":"https:\/\/artvallarta.com\/es\/#website"},"primaryImageOfPage":{"@id":"https:\/\/artvallarta.com\/es\/producto\/obertone-tinta-acuarela-super-pigentanda\/#primaryimage"},"image":{"@id":"https:\/\/artvallarta.com\/es\/producto\/obertone-tinta-acuarela-super-pigentanda\/#primaryimage"},"thumbnailUrl":"https:\/\/artvallarta.com\/wp-content\/uploads\/2020\/08\/tintas-super-pigmentada.png","datePublished":"2020-08-03T19:57:38+00:00","dateModified":"2026-03-09T21:46:43+00:00","breadcrumb":{"@id":"https:\/\/artvallarta.com\/es\/producto\/obertone-tinta-acuarela-super-pigentanda\/#breadcrumb"},"inLanguage":"es","potentialAction":[{"@type":"ReadAction","target":["https:\/\/artvallarta.com\/es\/producto\/obertone-tinta-acuarela-super-pigentanda\/"]}]},{"@type":"ImageObject","inLanguage":"es","@id":"https:\/\/artvallarta.com\/es\/producto\/obertone-tinta-acuarela-super-pigentanda\/#primaryimage","url":"https:\/\/artvallarta.com\/wp-content\/uploads\/2020\/08\/tintas-super-pigmentada.png","contentUrl":"https:\/\/artvallarta.com\/wp-content\/uploads\/2020\/08\/tintas-super-pigmentada.png","width":460,"height":600},{"@type":"BreadcrumbList","@id":"https:\/\/artvallarta.com\/es\/producto\/obertone-tinta-acuarela-super-pigentanda\/#breadcrumb","itemListElement":[{"@type":"ListItem","position":1,"name":"Pagina principal","item":"https:\/\/artvallarta.com\/es\/art-vallarta-puerto-vallarta-mexico-home\/"},{"@type":"ListItem","position":2,"name":"Shop","item":"https:\/\/artvallarta.com\/shop\/"},{"@type":"ListItem","position":3,"name":"Obertone &#8211; Tinta Acuarela Super Pigentanda &#8211;"}]},{"@type":"WebSite","@id":"https:\/\/artvallarta.com\/es\/#website","url":"https:\/\/artvallarta.com\/es\/","name":"Art VallARTa","description":"Art VallARTa","publisher":{"@id":"https:\/\/artvallarta.com\/es\/#organization"},"potentialAction":[{"@type":"SearchAction","target":{"@type":"EntryPoint","urlTemplate":"https:\/\/artvallarta.com\/es\/?s={search_term_string}"},"query-input":{"@type":"PropertyValueSpecification","valueRequired":true,"valueName":"search_term_string"}}],"inLanguage":"es"},{"@type":"Organization","@id":"https:\/\/artvallarta.com\/es\/#organization","name":"Art VallARTa","url":"https:\/\/artvallarta.com\/es\/","logo":{"@type":"ImageObject","inLanguage":"es","@id":"https:\/\/artvallarta.com\/es\/#\/schema\/logo\/image\/","url":"https:\/\/artvallarta.com\/wp-content\/uploads\/2019\/02\/51835738_615449708895218_133232196214325248_n.jpg","contentUrl":"https:\/\/artvallarta.com\/wp-content\/uploads\/2019\/02\/51835738_615449708895218_133232196214325248_n.jpg","width":2048,"height":1466,"caption":"Art VallARTa"},"image":{"@id":"https:\/\/artvallarta.com\/es\/#\/schema\/logo\/image\/"},"sameAs":["http:\/\/www.facebook.com\/artvallarta","http:\/\/www.instagram.com\/artvallarta","http:\/\/www.pinterest\/artvallarta","https:\/\/www.youtube.com\/channel\/UCOqDy2Oyk7EU4tz3S2Gl7kQ"]}]}},"_links":{"self":[{"href":"https:\/\/artvallarta.com\/es\/wp-json\/wp\/v2\/product\/51077","targetHints":{"allow":["GET"]}}],"collection":[{"href":"https:\/\/artvallarta.com\/es\/wp-json\/wp\/v2\/product"}],"about":[{"href":"https:\/\/artvallarta.com\/es\/wp-json\/wp\/v2\/types\/product"}],"version-history":[{"count":1,"href":"https:\/\/artvallarta.com\/es\/wp-json\/wp\/v2\/product\/51077\/revisions"}],"predecessor-version":[{"id":80658,"href":"https:\/\/artvallarta.com\/es\/wp-json\/wp\/v2\/product\/51077\/revisions\/80658"}],"wp:featuredmedia":[{"embeddable":true,"href":"https:\/\/artvallarta.com\/es\/wp-json\/wp\/v2\/media\/51078"}],"wp:attachment":[{"href":"https:\/\/artvallarta.com\/es\/wp-json\/wp\/v2\/media?parent=51077"}],"wp:term":[{"taxonomy":"product_brand","embeddable":true,"href":"https:\/\/artvallarta.com\/es\/wp-json\/wp\/v2\/product_brand?post=51077"},{"taxonomy":"product_cat","embeddable":true,"href":"https:\/\/artvallarta.com\/es\/wp-json\/wp\/v2\/product_cat?post=51077"},{"taxonomy":"product_tag","embeddable":true,"href":"https:\/\/artvallarta.com\/es\/wp-json\/wp\/v2\/product_tag?post=51077"}],"curies":[{"name":"wp","href":"https:\/\/api.w.org\/{rel}","templated":true}]}}