{"id":51075,"date":"2020-08-03T15:04:29","date_gmt":"2020-08-03T20:04:29","guid":{"rendered":"https:\/\/artvallarta.com\/product\/acuarela-obertone-metalica-golden-premium\/"},"modified":"2020-08-03T15:04:29","modified_gmt":"2020-08-03T20:04:29","slug":"acuarela-obertone-metalica-golden-premium","status":"publish","type":"product","link":"https:\/\/artvallarta.com\/es\/producto\/acuarela-obertone-metalica-golden-premium\/","title":{"rendered":"ACUARELA OBERT\u00d6NE MET\u00c1LICA GOLDEN PREMIUM"},"content":{"rendered":"<p>La acuarela Golden Obert\u00f6ne es un excelente auxiliar para tus acuarelas tradicionales. Muy buena opci\u00f3n para acentuar tus obras. Se puede mezclar con colores tradicionales para crear tonos metalizados llenos de luz y resplandecientes part\u00edculas met\u00e1licas que dar\u00e1n un excelente toque final.<\/p>\n<p>&nbsp;<\/p>\n<p>Disponible en un set con 5 tonos met\u00e1licos.<\/p>\n<p>El set incluye 1 pincel Water Brush Pinto.<\/p>\n","protected":false},"excerpt":{"rendered":"<p>La acuarela Golden Obert\u00f6ne es un excelente auxiliar para tus acuarelas tradicionales. Muy buena opci\u00f3n para acentuar tus obras. Se<\/p>\n","protected":false},"featured_media":51076,"template":"","meta":[],"product_brand":[],"product_cat":[805,912,692],"product_tag":[],"class_list":{"0":"post-51075","1":"product","2":"type-product","3":"status-publish","4":"has-post-thumbnail","6":"product_cat-watercolor-es","7":"product_cat-obertone-es","8":"product_cat-art-supplies-es","10":"first","11":"outofstock","12":"taxable","13":"shipping-taxable","14":"purchasable","15":"product-type-simple"},"yoast_head":"<!-- This site is optimized with the Yoast SEO plugin v27.3 - https:\/\/yoast.com\/product\/yoast-seo-wordpress\/ -->\n<title>ACUARELA OBERT\u00d6NE MET\u00c1LICA GOLDEN PREMIUM - Art VallARTa<\/title>\n<meta name=\"robots\" content=\"index, follow, max-snippet:-1, max-image-preview:large, max-video-preview:-1\" \/>\n<link rel=\"canonical\" href=\"https:\/\/artvallarta.com\/es\/producto\/acuarela-obertone-metalica-golden-premium\/\" \/>\n<meta property=\"og:locale\" content=\"es_ES\" \/>\n<meta property=\"og:type\" content=\"article\" \/>\n<meta property=\"og:title\" content=\"ACUARELA OBERT\u00d6NE MET\u00c1LICA GOLDEN PREMIUM - Art VallARTa\" \/>\n<meta property=\"og:description\" content=\"La acuarela Golden Obert\u00f6ne es un excelente auxiliar para tus acuarelas tradicionales. Muy buena opci\u00f3n para acentuar tus obras. Se\" \/>\n<meta property=\"og:url\" content=\"https:\/\/artvallarta.com\/es\/producto\/acuarela-obertone-metalica-golden-premium\/\" \/>\n<meta property=\"og:site_name\" content=\"Art VallARTa\" \/>\n<meta property=\"article:publisher\" content=\"http:\/\/www.facebook.com\/artvallarta\" \/>\n<meta property=\"og:image\" content=\"https:\/\/artvallarta.com\/wp-content\/uploads\/2020\/08\/obergolden.jpg\" \/>\n\t<meta property=\"og:image:width\" content=\"700\" \/>\n\t<meta property=\"og:image:height\" content=\"700\" \/>\n\t<meta property=\"og:image:type\" content=\"image\/jpeg\" \/>\n<meta name=\"twitter:card\" content=\"summary_large_image\" \/>\n<script type=\"application\/ld+json\" class=\"yoast-schema-graph\">{\"@context\":\"https:\\\/\\\/schema.org\",\"@graph\":[{\"@type\":\"WebPage\",\"@id\":\"https:\\\/\\\/artvallarta.com\\\/es\\\/producto\\\/acuarela-obertone-metalica-golden-premium\\\/\",\"url\":\"https:\\\/\\\/artvallarta.com\\\/es\\\/producto\\\/acuarela-obertone-metalica-golden-premium\\\/\",\"name\":\"ACUARELA OBERT\u00d6NE MET\u00c1LICA GOLDEN PREMIUM - Art VallARTa\",\"isPartOf\":{\"@id\":\"https:\\\/\\\/artvallarta.com\\\/es\\\/#website\"},\"primaryImageOfPage\":{\"@id\":\"https:\\\/\\\/artvallarta.com\\\/es\\\/producto\\\/acuarela-obertone-metalica-golden-premium\\\/#primaryimage\"},\"image\":{\"@id\":\"https:\\\/\\\/artvallarta.com\\\/es\\\/producto\\\/acuarela-obertone-metalica-golden-premium\\\/#primaryimage\"},\"thumbnailUrl\":\"https:\\\/\\\/artvallarta.com\\\/wp-content\\\/uploads\\\/2020\\\/08\\\/obergolden.jpg\",\"datePublished\":\"2020-08-03T20:04:29+00:00\",\"breadcrumb\":{\"@id\":\"https:\\\/\\\/artvallarta.com\\\/es\\\/producto\\\/acuarela-obertone-metalica-golden-premium\\\/#breadcrumb\"},\"inLanguage\":\"es\",\"potentialAction\":[{\"@type\":\"ReadAction\",\"target\":[\"https:\\\/\\\/artvallarta.com\\\/es\\\/producto\\\/acuarela-obertone-metalica-golden-premium\\\/\"]}]},{\"@type\":\"ImageObject\",\"inLanguage\":\"es\",\"@id\":\"https:\\\/\\\/artvallarta.com\\\/es\\\/producto\\\/acuarela-obertone-metalica-golden-premium\\\/#primaryimage\",\"url\":\"https:\\\/\\\/artvallarta.com\\\/wp-content\\\/uploads\\\/2020\\\/08\\\/obergolden.jpg\",\"contentUrl\":\"https:\\\/\\\/artvallarta.com\\\/wp-content\\\/uploads\\\/2020\\\/08\\\/obergolden.jpg\",\"width\":700,\"height\":700},{\"@type\":\"BreadcrumbList\",\"@id\":\"https:\\\/\\\/artvallarta.com\\\/es\\\/producto\\\/acuarela-obertone-metalica-golden-premium\\\/#breadcrumb\",\"itemListElement\":[{\"@type\":\"ListItem\",\"position\":1,\"name\":\"Pagina principal\",\"item\":\"https:\\\/\\\/artvallarta.com\\\/es\\\/art-vallarta-puerto-vallarta-mexico-home\\\/\"},{\"@type\":\"ListItem\",\"position\":2,\"name\":\"Shop\",\"item\":\"https:\\\/\\\/artvallarta.com\\\/shop\\\/\"},{\"@type\":\"ListItem\",\"position\":3,\"name\":\"ACUARELA OBERT\u00d6NE MET\u00c1LICA GOLDEN PREMIUM\"}]},{\"@type\":\"WebSite\",\"@id\":\"https:\\\/\\\/artvallarta.com\\\/es\\\/#website\",\"url\":\"https:\\\/\\\/artvallarta.com\\\/es\\\/\",\"name\":\"Art VallARTa\",\"description\":\"Art VallARTa\",\"publisher\":{\"@id\":\"https:\\\/\\\/artvallarta.com\\\/es\\\/#organization\"},\"potentialAction\":[{\"@type\":\"SearchAction\",\"target\":{\"@type\":\"EntryPoint\",\"urlTemplate\":\"https:\\\/\\\/artvallarta.com\\\/es\\\/?s={search_term_string}\"},\"query-input\":{\"@type\":\"PropertyValueSpecification\",\"valueRequired\":true,\"valueName\":\"search_term_string\"}}],\"inLanguage\":\"es\"},{\"@type\":\"Organization\",\"@id\":\"https:\\\/\\\/artvallarta.com\\\/es\\\/#organization\",\"name\":\"Art VallARTa\",\"url\":\"https:\\\/\\\/artvallarta.com\\\/es\\\/\",\"logo\":{\"@type\":\"ImageObject\",\"inLanguage\":\"es\",\"@id\":\"https:\\\/\\\/artvallarta.com\\\/es\\\/#\\\/schema\\\/logo\\\/image\\\/\",\"url\":\"https:\\\/\\\/artvallarta.com\\\/wp-content\\\/uploads\\\/2019\\\/02\\\/51835738_615449708895218_133232196214325248_n.jpg\",\"contentUrl\":\"https:\\\/\\\/artvallarta.com\\\/wp-content\\\/uploads\\\/2019\\\/02\\\/51835738_615449708895218_133232196214325248_n.jpg\",\"width\":2048,\"height\":1466,\"caption\":\"Art VallARTa\"},\"image\":{\"@id\":\"https:\\\/\\\/artvallarta.com\\\/es\\\/#\\\/schema\\\/logo\\\/image\\\/\"},\"sameAs\":[\"http:\\\/\\\/www.facebook.com\\\/artvallarta\",\"http:\\\/\\\/www.instagram.com\\\/artvallarta\",\"http:\\\/\\\/www.pinterest\\\/artvallarta\",\"https:\\\/\\\/www.youtube.com\\\/channel\\\/UCOqDy2Oyk7EU4tz3S2Gl7kQ\"]}]}<\/script>\n<!-- \/ Yoast SEO plugin. -->","yoast_head_json":{"title":"ACUARELA OBERT\u00d6NE MET\u00c1LICA GOLDEN PREMIUM - Art VallARTa","robots":{"index":"index","follow":"follow","max-snippet":"max-snippet:-1","max-image-preview":"max-image-preview:large","max-video-preview":"max-video-preview:-1"},"canonical":"https:\/\/artvallarta.com\/es\/producto\/acuarela-obertone-metalica-golden-premium\/","og_locale":"es_ES","og_type":"article","og_title":"ACUARELA OBERT\u00d6NE MET\u00c1LICA GOLDEN PREMIUM - Art VallARTa","og_description":"La acuarela Golden Obert\u00f6ne es un excelente auxiliar para tus acuarelas tradicionales. Muy buena opci\u00f3n para acentuar tus obras. Se","og_url":"https:\/\/artvallarta.com\/es\/producto\/acuarela-obertone-metalica-golden-premium\/","og_site_name":"Art VallARTa","article_publisher":"http:\/\/www.facebook.com\/artvallarta","og_image":[{"width":700,"height":700,"url":"https:\/\/artvallarta.com\/wp-content\/uploads\/2020\/08\/obergolden.jpg","type":"image\/jpeg"}],"twitter_card":"summary_large_image","schema":{"@context":"https:\/\/schema.org","@graph":[{"@type":"WebPage","@id":"https:\/\/artvallarta.com\/es\/producto\/acuarela-obertone-metalica-golden-premium\/","url":"https:\/\/artvallarta.com\/es\/producto\/acuarela-obertone-metalica-golden-premium\/","name":"ACUARELA OBERT\u00d6NE MET\u00c1LICA GOLDEN PREMIUM - Art VallARTa","isPartOf":{"@id":"https:\/\/artvallarta.com\/es\/#website"},"primaryImageOfPage":{"@id":"https:\/\/artvallarta.com\/es\/producto\/acuarela-obertone-metalica-golden-premium\/#primaryimage"},"image":{"@id":"https:\/\/artvallarta.com\/es\/producto\/acuarela-obertone-metalica-golden-premium\/#primaryimage"},"thumbnailUrl":"https:\/\/artvallarta.com\/wp-content\/uploads\/2020\/08\/obergolden.jpg","datePublished":"2020-08-03T20:04:29+00:00","breadcrumb":{"@id":"https:\/\/artvallarta.com\/es\/producto\/acuarela-obertone-metalica-golden-premium\/#breadcrumb"},"inLanguage":"es","potentialAction":[{"@type":"ReadAction","target":["https:\/\/artvallarta.com\/es\/producto\/acuarela-obertone-metalica-golden-premium\/"]}]},{"@type":"ImageObject","inLanguage":"es","@id":"https:\/\/artvallarta.com\/es\/producto\/acuarela-obertone-metalica-golden-premium\/#primaryimage","url":"https:\/\/artvallarta.com\/wp-content\/uploads\/2020\/08\/obergolden.jpg","contentUrl":"https:\/\/artvallarta.com\/wp-content\/uploads\/2020\/08\/obergolden.jpg","width":700,"height":700},{"@type":"BreadcrumbList","@id":"https:\/\/artvallarta.com\/es\/producto\/acuarela-obertone-metalica-golden-premium\/#breadcrumb","itemListElement":[{"@type":"ListItem","position":1,"name":"Pagina principal","item":"https:\/\/artvallarta.com\/es\/art-vallarta-puerto-vallarta-mexico-home\/"},{"@type":"ListItem","position":2,"name":"Shop","item":"https:\/\/artvallarta.com\/shop\/"},{"@type":"ListItem","position":3,"name":"ACUARELA OBERT\u00d6NE MET\u00c1LICA GOLDEN PREMIUM"}]},{"@type":"WebSite","@id":"https:\/\/artvallarta.com\/es\/#website","url":"https:\/\/artvallarta.com\/es\/","name":"Art VallARTa","description":"Art VallARTa","publisher":{"@id":"https:\/\/artvallarta.com\/es\/#organization"},"potentialAction":[{"@type":"SearchAction","target":{"@type":"EntryPoint","urlTemplate":"https:\/\/artvallarta.com\/es\/?s={search_term_string}"},"query-input":{"@type":"PropertyValueSpecification","valueRequired":true,"valueName":"search_term_string"}}],"inLanguage":"es"},{"@type":"Organization","@id":"https:\/\/artvallarta.com\/es\/#organization","name":"Art VallARTa","url":"https:\/\/artvallarta.com\/es\/","logo":{"@type":"ImageObject","inLanguage":"es","@id":"https:\/\/artvallarta.com\/es\/#\/schema\/logo\/image\/","url":"https:\/\/artvallarta.com\/wp-content\/uploads\/2019\/02\/51835738_615449708895218_133232196214325248_n.jpg","contentUrl":"https:\/\/artvallarta.com\/wp-content\/uploads\/2019\/02\/51835738_615449708895218_133232196214325248_n.jpg","width":2048,"height":1466,"caption":"Art VallARTa"},"image":{"@id":"https:\/\/artvallarta.com\/es\/#\/schema\/logo\/image\/"},"sameAs":["http:\/\/www.facebook.com\/artvallarta","http:\/\/www.instagram.com\/artvallarta","http:\/\/www.pinterest\/artvallarta","https:\/\/www.youtube.com\/channel\/UCOqDy2Oyk7EU4tz3S2Gl7kQ"]}]}},"_links":{"self":[{"href":"https:\/\/artvallarta.com\/es\/wp-json\/wp\/v2\/product\/51075","targetHints":{"allow":["GET"]}}],"collection":[{"href":"https:\/\/artvallarta.com\/es\/wp-json\/wp\/v2\/product"}],"about":[{"href":"https:\/\/artvallarta.com\/es\/wp-json\/wp\/v2\/types\/product"}],"version-history":[{"count":0,"href":"https:\/\/artvallarta.com\/es\/wp-json\/wp\/v2\/product\/51075\/revisions"}],"wp:featuredmedia":[{"embeddable":true,"href":"https:\/\/artvallarta.com\/es\/wp-json\/wp\/v2\/media\/51076"}],"wp:attachment":[{"href":"https:\/\/artvallarta.com\/es\/wp-json\/wp\/v2\/media?parent=51075"}],"wp:term":[{"taxonomy":"product_brand","embeddable":true,"href":"https:\/\/artvallarta.com\/es\/wp-json\/wp\/v2\/product_brand?post=51075"},{"taxonomy":"product_cat","embeddable":true,"href":"https:\/\/artvallarta.com\/es\/wp-json\/wp\/v2\/product_cat?post=51075"},{"taxonomy":"product_tag","embeddable":true,"href":"https:\/\/artvallarta.com\/es\/wp-json\/wp\/v2\/product_tag?post=51075"}],"curies":[{"name":"wp","href":"https:\/\/api.w.org\/{rel}","templated":true}]}}