{"id":51058,"date":"2020-08-06T14:39:57","date_gmt":"2020-08-06T19:39:57","guid":{"rendered":"https:\/\/artvallarta.com\/product\/bastidor-professional-t-508-30-x-35\/"},"modified":"2021-10-28T13:19:57","modified_gmt":"2021-10-28T18:19:57","slug":"bastidor-professional-t-508-30-x-35","status":"publish","type":"product","link":"https:\/\/artvallarta.com\/es\/producto\/bastidor-professional-t-508-30-x-35\/","title":{"rendered":"BASTIDOR PROFESSIONAL T-508 30 x 35"},"content":{"rendered":"<p>Tela 100% algod\u00f3n. Preparada para \u00f3leo y acr\u00edlico. Montado sobre madera.<\/p>\n<p>Made with 100% cotton fabric. Prepared for oil and acrylic paint. Mounted on a\u00a0 wooden frame.<\/p>\n","protected":false},"excerpt":{"rendered":"<p>Tela 100% algod\u00f3n. Preparada para \u00f3leo y acr\u00edlico. Montado sobre madera.<\/p>\n<p>Made with 100% cotton fabric. Prepared for oil and acrylic paint. Mounted on a\u00a0 wooden frame.<\/p>\n","protected":false},"featured_media":51059,"template":"","meta":[],"product_brand":[],"product_cat":[735,733,692],"product_tag":[],"class_list":{"0":"post-51058","1":"product","2":"type-product","3":"status-publish","4":"has-post-thumbnail","6":"product_cat-508-es","7":"product_cat-canvas-es","8":"product_cat-art-supplies-es","10":"first","11":"outofstock","12":"taxable","13":"shipping-taxable","14":"purchasable","15":"product-type-simple"},"yoast_head":"<!-- This site is optimized with the Yoast SEO plugin v27.3 - https:\/\/yoast.com\/product\/yoast-seo-wordpress\/ -->\n<title>BASTIDOR PROFESSIONAL T-508 30 x 35 - Art VallARTa<\/title>\n<meta name=\"robots\" content=\"index, follow, max-snippet:-1, max-image-preview:large, max-video-preview:-1\" \/>\n<link rel=\"canonical\" href=\"https:\/\/artvallarta.com\/es\/producto\/bastidor-professional-t-508-30-x-35\/\" \/>\n<meta property=\"og:locale\" content=\"es_ES\" \/>\n<meta property=\"og:type\" content=\"article\" \/>\n<meta property=\"og:title\" content=\"BASTIDOR PROFESSIONAL T-508 30 x 35 - Art VallARTa\" \/>\n<meta property=\"og:description\" content=\"Tela 100% algod\u00f3n. Preparada para \u00f3leo y acr\u00edlico. Montado sobre madera.  Made with 100% cotton fabric. Prepared for oil and acrylic paint. Mounted on a\u00a0 wooden frame.\" \/>\n<meta property=\"og:url\" content=\"https:\/\/artvallarta.com\/es\/producto\/bastidor-professional-t-508-30-x-35\/\" \/>\n<meta property=\"og:site_name\" content=\"Art VallARTa\" \/>\n<meta property=\"article:publisher\" content=\"http:\/\/www.facebook.com\/artvallarta\" \/>\n<meta property=\"article:modified_time\" content=\"2021-10-28T18:19:57+00:00\" \/>\n<meta property=\"og:image\" content=\"https:\/\/artvallarta.com\/wp-content\/uploads\/2020\/08\/Bastidor-508.jpg\" \/>\n\t<meta property=\"og:image:width\" content=\"500\" \/>\n\t<meta property=\"og:image:height\" content=\"500\" \/>\n\t<meta property=\"og:image:type\" content=\"image\/jpeg\" \/>\n<meta name=\"twitter:card\" content=\"summary_large_image\" \/>\n<script type=\"application\/ld+json\" class=\"yoast-schema-graph\">{\"@context\":\"https:\\\/\\\/schema.org\",\"@graph\":[{\"@type\":\"WebPage\",\"@id\":\"https:\\\/\\\/artvallarta.com\\\/es\\\/producto\\\/bastidor-professional-t-508-30-x-35\\\/\",\"url\":\"https:\\\/\\\/artvallarta.com\\\/es\\\/producto\\\/bastidor-professional-t-508-30-x-35\\\/\",\"name\":\"BASTIDOR PROFESSIONAL T-508 30 x 35 - Art VallARTa\",\"isPartOf\":{\"@id\":\"https:\\\/\\\/artvallarta.com\\\/es\\\/#website\"},\"primaryImageOfPage\":{\"@id\":\"https:\\\/\\\/artvallarta.com\\\/es\\\/producto\\\/bastidor-professional-t-508-30-x-35\\\/#primaryimage\"},\"image\":{\"@id\":\"https:\\\/\\\/artvallarta.com\\\/es\\\/producto\\\/bastidor-professional-t-508-30-x-35\\\/#primaryimage\"},\"thumbnailUrl\":\"https:\\\/\\\/artvallarta.com\\\/wp-content\\\/uploads\\\/2020\\\/08\\\/Bastidor-508.jpg\",\"datePublished\":\"2020-08-06T19:39:57+00:00\",\"dateModified\":\"2021-10-28T18:19:57+00:00\",\"breadcrumb\":{\"@id\":\"https:\\\/\\\/artvallarta.com\\\/es\\\/producto\\\/bastidor-professional-t-508-30-x-35\\\/#breadcrumb\"},\"inLanguage\":\"es\",\"potentialAction\":[{\"@type\":\"ReadAction\",\"target\":[\"https:\\\/\\\/artvallarta.com\\\/es\\\/producto\\\/bastidor-professional-t-508-30-x-35\\\/\"]}]},{\"@type\":\"ImageObject\",\"inLanguage\":\"es\",\"@id\":\"https:\\\/\\\/artvallarta.com\\\/es\\\/producto\\\/bastidor-professional-t-508-30-x-35\\\/#primaryimage\",\"url\":\"https:\\\/\\\/artvallarta.com\\\/wp-content\\\/uploads\\\/2020\\\/08\\\/Bastidor-508.jpg\",\"contentUrl\":\"https:\\\/\\\/artvallarta.com\\\/wp-content\\\/uploads\\\/2020\\\/08\\\/Bastidor-508.jpg\",\"width\":500,\"height\":500},{\"@type\":\"BreadcrumbList\",\"@id\":\"https:\\\/\\\/artvallarta.com\\\/es\\\/producto\\\/bastidor-professional-t-508-30-x-35\\\/#breadcrumb\",\"itemListElement\":[{\"@type\":\"ListItem\",\"position\":1,\"name\":\"Pagina principal\",\"item\":\"https:\\\/\\\/artvallarta.com\\\/es\\\/art-vallarta-puerto-vallarta-mexico-home\\\/\"},{\"@type\":\"ListItem\",\"position\":2,\"name\":\"Shop\",\"item\":\"https:\\\/\\\/artvallarta.com\\\/shop\\\/\"},{\"@type\":\"ListItem\",\"position\":3,\"name\":\"BASTIDOR PROFESSIONAL T-508 30 x 35\"}]},{\"@type\":\"WebSite\",\"@id\":\"https:\\\/\\\/artvallarta.com\\\/es\\\/#website\",\"url\":\"https:\\\/\\\/artvallarta.com\\\/es\\\/\",\"name\":\"Art VallARTa\",\"description\":\"Art VallARTa\",\"publisher\":{\"@id\":\"https:\\\/\\\/artvallarta.com\\\/es\\\/#organization\"},\"potentialAction\":[{\"@type\":\"SearchAction\",\"target\":{\"@type\":\"EntryPoint\",\"urlTemplate\":\"https:\\\/\\\/artvallarta.com\\\/es\\\/?s={search_term_string}\"},\"query-input\":{\"@type\":\"PropertyValueSpecification\",\"valueRequired\":true,\"valueName\":\"search_term_string\"}}],\"inLanguage\":\"es\"},{\"@type\":\"Organization\",\"@id\":\"https:\\\/\\\/artvallarta.com\\\/es\\\/#organization\",\"name\":\"Art VallARTa\",\"url\":\"https:\\\/\\\/artvallarta.com\\\/es\\\/\",\"logo\":{\"@type\":\"ImageObject\",\"inLanguage\":\"es\",\"@id\":\"https:\\\/\\\/artvallarta.com\\\/es\\\/#\\\/schema\\\/logo\\\/image\\\/\",\"url\":\"https:\\\/\\\/artvallarta.com\\\/wp-content\\\/uploads\\\/2019\\\/02\\\/51835738_615449708895218_133232196214325248_n.jpg\",\"contentUrl\":\"https:\\\/\\\/artvallarta.com\\\/wp-content\\\/uploads\\\/2019\\\/02\\\/51835738_615449708895218_133232196214325248_n.jpg\",\"width\":2048,\"height\":1466,\"caption\":\"Art VallARTa\"},\"image\":{\"@id\":\"https:\\\/\\\/artvallarta.com\\\/es\\\/#\\\/schema\\\/logo\\\/image\\\/\"},\"sameAs\":[\"http:\\\/\\\/www.facebook.com\\\/artvallarta\",\"http:\\\/\\\/www.instagram.com\\\/artvallarta\",\"http:\\\/\\\/www.pinterest\\\/artvallarta\",\"https:\\\/\\\/www.youtube.com\\\/channel\\\/UCOqDy2Oyk7EU4tz3S2Gl7kQ\"]}]}<\/script>\n<!-- \/ Yoast SEO plugin. -->","yoast_head_json":{"title":"BASTIDOR PROFESSIONAL T-508 30 x 35 - Art VallARTa","robots":{"index":"index","follow":"follow","max-snippet":"max-snippet:-1","max-image-preview":"max-image-preview:large","max-video-preview":"max-video-preview:-1"},"canonical":"https:\/\/artvallarta.com\/es\/producto\/bastidor-professional-t-508-30-x-35\/","og_locale":"es_ES","og_type":"article","og_title":"BASTIDOR PROFESSIONAL T-508 30 x 35 - Art VallARTa","og_description":"Tela 100% algod\u00f3n. Preparada para \u00f3leo y acr\u00edlico. Montado sobre madera.  Made with 100% cotton fabric. Prepared for oil and acrylic paint. Mounted on a\u00a0 wooden frame.","og_url":"https:\/\/artvallarta.com\/es\/producto\/bastidor-professional-t-508-30-x-35\/","og_site_name":"Art VallARTa","article_publisher":"http:\/\/www.facebook.com\/artvallarta","article_modified_time":"2021-10-28T18:19:57+00:00","og_image":[{"width":500,"height":500,"url":"https:\/\/artvallarta.com\/wp-content\/uploads\/2020\/08\/Bastidor-508.jpg","type":"image\/jpeg"}],"twitter_card":"summary_large_image","schema":{"@context":"https:\/\/schema.org","@graph":[{"@type":"WebPage","@id":"https:\/\/artvallarta.com\/es\/producto\/bastidor-professional-t-508-30-x-35\/","url":"https:\/\/artvallarta.com\/es\/producto\/bastidor-professional-t-508-30-x-35\/","name":"BASTIDOR PROFESSIONAL T-508 30 x 35 - Art VallARTa","isPartOf":{"@id":"https:\/\/artvallarta.com\/es\/#website"},"primaryImageOfPage":{"@id":"https:\/\/artvallarta.com\/es\/producto\/bastidor-professional-t-508-30-x-35\/#primaryimage"},"image":{"@id":"https:\/\/artvallarta.com\/es\/producto\/bastidor-professional-t-508-30-x-35\/#primaryimage"},"thumbnailUrl":"https:\/\/artvallarta.com\/wp-content\/uploads\/2020\/08\/Bastidor-508.jpg","datePublished":"2020-08-06T19:39:57+00:00","dateModified":"2021-10-28T18:19:57+00:00","breadcrumb":{"@id":"https:\/\/artvallarta.com\/es\/producto\/bastidor-professional-t-508-30-x-35\/#breadcrumb"},"inLanguage":"es","potentialAction":[{"@type":"ReadAction","target":["https:\/\/artvallarta.com\/es\/producto\/bastidor-professional-t-508-30-x-35\/"]}]},{"@type":"ImageObject","inLanguage":"es","@id":"https:\/\/artvallarta.com\/es\/producto\/bastidor-professional-t-508-30-x-35\/#primaryimage","url":"https:\/\/artvallarta.com\/wp-content\/uploads\/2020\/08\/Bastidor-508.jpg","contentUrl":"https:\/\/artvallarta.com\/wp-content\/uploads\/2020\/08\/Bastidor-508.jpg","width":500,"height":500},{"@type":"BreadcrumbList","@id":"https:\/\/artvallarta.com\/es\/producto\/bastidor-professional-t-508-30-x-35\/#breadcrumb","itemListElement":[{"@type":"ListItem","position":1,"name":"Pagina principal","item":"https:\/\/artvallarta.com\/es\/art-vallarta-puerto-vallarta-mexico-home\/"},{"@type":"ListItem","position":2,"name":"Shop","item":"https:\/\/artvallarta.com\/shop\/"},{"@type":"ListItem","position":3,"name":"BASTIDOR PROFESSIONAL T-508 30 x 35"}]},{"@type":"WebSite","@id":"https:\/\/artvallarta.com\/es\/#website","url":"https:\/\/artvallarta.com\/es\/","name":"Art VallARTa","description":"Art VallARTa","publisher":{"@id":"https:\/\/artvallarta.com\/es\/#organization"},"potentialAction":[{"@type":"SearchAction","target":{"@type":"EntryPoint","urlTemplate":"https:\/\/artvallarta.com\/es\/?s={search_term_string}"},"query-input":{"@type":"PropertyValueSpecification","valueRequired":true,"valueName":"search_term_string"}}],"inLanguage":"es"},{"@type":"Organization","@id":"https:\/\/artvallarta.com\/es\/#organization","name":"Art VallARTa","url":"https:\/\/artvallarta.com\/es\/","logo":{"@type":"ImageObject","inLanguage":"es","@id":"https:\/\/artvallarta.com\/es\/#\/schema\/logo\/image\/","url":"https:\/\/artvallarta.com\/wp-content\/uploads\/2019\/02\/51835738_615449708895218_133232196214325248_n.jpg","contentUrl":"https:\/\/artvallarta.com\/wp-content\/uploads\/2019\/02\/51835738_615449708895218_133232196214325248_n.jpg","width":2048,"height":1466,"caption":"Art VallARTa"},"image":{"@id":"https:\/\/artvallarta.com\/es\/#\/schema\/logo\/image\/"},"sameAs":["http:\/\/www.facebook.com\/artvallarta","http:\/\/www.instagram.com\/artvallarta","http:\/\/www.pinterest\/artvallarta","https:\/\/www.youtube.com\/channel\/UCOqDy2Oyk7EU4tz3S2Gl7kQ"]}]}},"_links":{"self":[{"href":"https:\/\/artvallarta.com\/es\/wp-json\/wp\/v2\/product\/51058","targetHints":{"allow":["GET"]}}],"collection":[{"href":"https:\/\/artvallarta.com\/es\/wp-json\/wp\/v2\/product"}],"about":[{"href":"https:\/\/artvallarta.com\/es\/wp-json\/wp\/v2\/types\/product"}],"version-history":[{"count":1,"href":"https:\/\/artvallarta.com\/es\/wp-json\/wp\/v2\/product\/51058\/revisions"}],"predecessor-version":[{"id":76744,"href":"https:\/\/artvallarta.com\/es\/wp-json\/wp\/v2\/product\/51058\/revisions\/76744"}],"wp:featuredmedia":[{"embeddable":true,"href":"https:\/\/artvallarta.com\/es\/wp-json\/wp\/v2\/media\/51059"}],"wp:attachment":[{"href":"https:\/\/artvallarta.com\/es\/wp-json\/wp\/v2\/media?parent=51058"}],"wp:term":[{"taxonomy":"product_brand","embeddable":true,"href":"https:\/\/artvallarta.com\/es\/wp-json\/wp\/v2\/product_brand?post=51058"},{"taxonomy":"product_cat","embeddable":true,"href":"https:\/\/artvallarta.com\/es\/wp-json\/wp\/v2\/product_cat?post=51058"},{"taxonomy":"product_tag","embeddable":true,"href":"https:\/\/artvallarta.com\/es\/wp-json\/wp\/v2\/product_tag?post=51058"}],"curies":[{"name":"wp","href":"https:\/\/api.w.org\/{rel}","templated":true}]}}