{"id":50700,"date":"2020-08-21T14:37:26","date_gmt":"2020-08-21T19:37:26","guid":{"rendered":"https:\/\/artvallarta.com\/product\/daniel-smith-cerulean-blue-chromium-15ml-watercolor\/"},"modified":"2021-07-20T11:49:17","modified_gmt":"2021-07-20T16:49:17","slug":"daniel-smith-cerulean-blue-chromium-15ml-watercolor","status":"publish","type":"product","link":"https:\/\/artvallarta.com\/es\/producto\/daniel-smith-cerulean-blue-chromium-15ml-watercolor\/","title":{"rendered":"Daniel Smith Cerulean Blue, Chromium 15ml Watercolor"},"content":{"rendered":"<p>Hermoso por s\u00ed solo, y especialmente cuando se mezcla con un pigmento transparente, este pigmento inorg\u00e1nico azul cielo es granular y de valor medio-ligero. Cerulean Blue, muy permanente y con una tinci\u00f3n extremadamente baja, crea lavados de granulaci\u00f3n y sedimentaci\u00f3n emocionantes. Una gota de Cerulean Blue en un lavado h\u00famedo como Burnt Sienna crea un efecto de halo alrededor del Cerulean m\u00e1s denso. Esto es especialmente eficaz cuando se utilizan Quinacridone Gold o Quinacridone Burnt Orange en la pintura base h\u00fameda. Esta t\u00e9cnica es ideal para procesar l\u00edquenes y musgo espa\u00f1ol. Agregue Buff Titanium, Undersea Green y toques de Lunar Black, cada uno exclusivo de DANIEL SMITH, \u00a1y la diversi\u00f3n creativa realmente comienza! Para un paisaje brumoso o esa calidad oscura en berenjenas, uvas y ciruelas, piense en Cerulean como mezclador.<\/p>\n<p>&nbsp;<\/p>\n","protected":false},"excerpt":{"rendered":"<p>Hermoso por s\u00ed solo, y especialmente cuando se mezcla con un pigmento transparente, este pigmento inorg\u00e1nico azul cielo es granular y de valor medio-ligero. Cerulean Blue, muy permanente y con una tinci\u00f3n extremadamente baja, crea lavados de granulaci\u00f3n y sedimentaci\u00f3n emocionantes.<\/p>\n","protected":false},"featured_media":50701,"template":"","meta":[],"product_brand":[],"product_cat":[805,809,807,692,910],"product_tag":[],"class_list":{"0":"post-50700","1":"product","2":"type-product","3":"status-publish","4":"has-post-thumbnail","6":"product_cat-watercolor-es","7":"product_cat-daniel-smith-watercolors-es","8":"product_cat-watercolorp-es","9":"product_cat-art-supplies-es","10":"product_cat-tubo-de-acuarela-daniel-smith","12":"first","13":"outofstock","14":"taxable","15":"shipping-taxable","16":"purchasable","17":"product-type-simple"},"yoast_head":"<!-- This site is optimized with the Yoast SEO plugin v27.3 - https:\/\/yoast.com\/product\/yoast-seo-wordpress\/ -->\n<title>Daniel Smith Cerulean Blue, Chromium 15ml Watercolor - Art VallARTa<\/title>\n<meta name=\"description\" content=\"Hermoso por s\u00ed solo, y especialmente cuando se mezcla con un pigmento transparente, este pigmento inorg\u00e1nico azul cielo es granular y de valor medio-ligero. Cerulean Blue, muy permanente y con una tinci\u00f3n extremadamente baja, crea lavados de granulaci\u00f3n y sedimentaci\u00f3n emocionantes.\" \/>\n<meta name=\"robots\" content=\"index, follow, max-snippet:-1, max-image-preview:large, max-video-preview:-1\" \/>\n<link rel=\"canonical\" href=\"https:\/\/artvallarta.com\/es\/producto\/daniel-smith-cerulean-blue-chromium-15ml-watercolor\/\" \/>\n<meta property=\"og:locale\" content=\"es_ES\" \/>\n<meta property=\"og:type\" content=\"article\" \/>\n<meta property=\"og:title\" content=\"Daniel Smith Cerulean Blue, Chromium 15ml Watercolor - Art VallARTa\" \/>\n<meta property=\"og:description\" content=\"Hermoso por s\u00ed solo, y especialmente cuando se mezcla con un pigmento transparente, este pigmento inorg\u00e1nico azul cielo es granular y de valor medio-ligero. Cerulean Blue, muy permanente y con una tinci\u00f3n extremadamente baja, crea lavados de granulaci\u00f3n y sedimentaci\u00f3n emocionantes.\" \/>\n<meta property=\"og:url\" content=\"https:\/\/artvallarta.com\/es\/producto\/daniel-smith-cerulean-blue-chromium-15ml-watercolor\/\" \/>\n<meta property=\"og:site_name\" content=\"Art VallARTa\" \/>\n<meta property=\"article:publisher\" content=\"http:\/\/www.facebook.com\/artvallarta\" \/>\n<meta property=\"article:modified_time\" content=\"2021-07-20T16:49:17+00:00\" \/>\n<meta property=\"og:image\" content=\"https:\/\/artvallarta.com\/wp-content\/uploads\/2020\/08\/cbcds.jpg\" \/>\n\t<meta property=\"og:image:width\" content=\"1000\" \/>\n\t<meta property=\"og:image:height\" content=\"1000\" \/>\n\t<meta property=\"og:image:type\" content=\"image\/jpeg\" \/>\n<meta name=\"twitter:card\" content=\"summary_large_image\" \/>\n<meta name=\"twitter:label1\" content=\"Tiempo de lectura\" \/>\n\t<meta name=\"twitter:data1\" content=\"1 minuto\" \/>\n<script type=\"application\/ld+json\" class=\"yoast-schema-graph\">{\"@context\":\"https:\\\/\\\/schema.org\",\"@graph\":[{\"@type\":\"WebPage\",\"@id\":\"https:\\\/\\\/artvallarta.com\\\/es\\\/producto\\\/daniel-smith-cerulean-blue-chromium-15ml-watercolor\\\/\",\"url\":\"https:\\\/\\\/artvallarta.com\\\/es\\\/producto\\\/daniel-smith-cerulean-blue-chromium-15ml-watercolor\\\/\",\"name\":\"Daniel Smith Cerulean Blue, Chromium 15ml Watercolor - Art VallARTa\",\"isPartOf\":{\"@id\":\"https:\\\/\\\/artvallarta.com\\\/es\\\/#website\"},\"primaryImageOfPage\":{\"@id\":\"https:\\\/\\\/artvallarta.com\\\/es\\\/producto\\\/daniel-smith-cerulean-blue-chromium-15ml-watercolor\\\/#primaryimage\"},\"image\":{\"@id\":\"https:\\\/\\\/artvallarta.com\\\/es\\\/producto\\\/daniel-smith-cerulean-blue-chromium-15ml-watercolor\\\/#primaryimage\"},\"thumbnailUrl\":\"https:\\\/\\\/artvallarta.com\\\/wp-content\\\/uploads\\\/2020\\\/08\\\/cbcds.jpg\",\"datePublished\":\"2020-08-21T19:37:26+00:00\",\"dateModified\":\"2021-07-20T16:49:17+00:00\",\"description\":\"Hermoso por s\u00ed solo, y especialmente cuando se mezcla con un pigmento transparente, este pigmento inorg\u00e1nico azul cielo es granular y de valor medio-ligero. Cerulean Blue, muy permanente y con una tinci\u00f3n extremadamente baja, crea lavados de granulaci\u00f3n y sedimentaci\u00f3n emocionantes.\",\"breadcrumb\":{\"@id\":\"https:\\\/\\\/artvallarta.com\\\/es\\\/producto\\\/daniel-smith-cerulean-blue-chromium-15ml-watercolor\\\/#breadcrumb\"},\"inLanguage\":\"es\",\"potentialAction\":[{\"@type\":\"ReadAction\",\"target\":[\"https:\\\/\\\/artvallarta.com\\\/es\\\/producto\\\/daniel-smith-cerulean-blue-chromium-15ml-watercolor\\\/\"]}]},{\"@type\":\"ImageObject\",\"inLanguage\":\"es\",\"@id\":\"https:\\\/\\\/artvallarta.com\\\/es\\\/producto\\\/daniel-smith-cerulean-blue-chromium-15ml-watercolor\\\/#primaryimage\",\"url\":\"https:\\\/\\\/artvallarta.com\\\/wp-content\\\/uploads\\\/2020\\\/08\\\/cbcds.jpg\",\"contentUrl\":\"https:\\\/\\\/artvallarta.com\\\/wp-content\\\/uploads\\\/2020\\\/08\\\/cbcds.jpg\",\"width\":1000,\"height\":1000},{\"@type\":\"BreadcrumbList\",\"@id\":\"https:\\\/\\\/artvallarta.com\\\/es\\\/producto\\\/daniel-smith-cerulean-blue-chromium-15ml-watercolor\\\/#breadcrumb\",\"itemListElement\":[{\"@type\":\"ListItem\",\"position\":1,\"name\":\"Pagina principal\",\"item\":\"https:\\\/\\\/artvallarta.com\\\/es\\\/art-vallarta-puerto-vallarta-mexico-home\\\/\"},{\"@type\":\"ListItem\",\"position\":2,\"name\":\"Shop\",\"item\":\"https:\\\/\\\/artvallarta.com\\\/shop\\\/\"},{\"@type\":\"ListItem\",\"position\":3,\"name\":\"Daniel Smith Cerulean Blue, Chromium 15ml Watercolor\"}]},{\"@type\":\"WebSite\",\"@id\":\"https:\\\/\\\/artvallarta.com\\\/es\\\/#website\",\"url\":\"https:\\\/\\\/artvallarta.com\\\/es\\\/\",\"name\":\"Art VallARTa\",\"description\":\"Art VallARTa\",\"publisher\":{\"@id\":\"https:\\\/\\\/artvallarta.com\\\/es\\\/#organization\"},\"potentialAction\":[{\"@type\":\"SearchAction\",\"target\":{\"@type\":\"EntryPoint\",\"urlTemplate\":\"https:\\\/\\\/artvallarta.com\\\/es\\\/?s={search_term_string}\"},\"query-input\":{\"@type\":\"PropertyValueSpecification\",\"valueRequired\":true,\"valueName\":\"search_term_string\"}}],\"inLanguage\":\"es\"},{\"@type\":\"Organization\",\"@id\":\"https:\\\/\\\/artvallarta.com\\\/es\\\/#organization\",\"name\":\"Art VallARTa\",\"url\":\"https:\\\/\\\/artvallarta.com\\\/es\\\/\",\"logo\":{\"@type\":\"ImageObject\",\"inLanguage\":\"es\",\"@id\":\"https:\\\/\\\/artvallarta.com\\\/es\\\/#\\\/schema\\\/logo\\\/image\\\/\",\"url\":\"https:\\\/\\\/artvallarta.com\\\/wp-content\\\/uploads\\\/2019\\\/02\\\/51835738_615449708895218_133232196214325248_n.jpg\",\"contentUrl\":\"https:\\\/\\\/artvallarta.com\\\/wp-content\\\/uploads\\\/2019\\\/02\\\/51835738_615449708895218_133232196214325248_n.jpg\",\"width\":2048,\"height\":1466,\"caption\":\"Art VallARTa\"},\"image\":{\"@id\":\"https:\\\/\\\/artvallarta.com\\\/es\\\/#\\\/schema\\\/logo\\\/image\\\/\"},\"sameAs\":[\"http:\\\/\\\/www.facebook.com\\\/artvallarta\",\"http:\\\/\\\/www.instagram.com\\\/artvallarta\",\"http:\\\/\\\/www.pinterest\\\/artvallarta\",\"https:\\\/\\\/www.youtube.com\\\/channel\\\/UCOqDy2Oyk7EU4tz3S2Gl7kQ\"]}]}<\/script>\n<!-- \/ Yoast SEO plugin. -->","yoast_head_json":{"title":"Daniel Smith Cerulean Blue, Chromium 15ml Watercolor - Art VallARTa","description":"Hermoso por s\u00ed solo, y especialmente cuando se mezcla con un pigmento transparente, este pigmento inorg\u00e1nico azul cielo es granular y de valor medio-ligero. Cerulean Blue, muy permanente y con una tinci\u00f3n extremadamente baja, crea lavados de granulaci\u00f3n y sedimentaci\u00f3n emocionantes.","robots":{"index":"index","follow":"follow","max-snippet":"max-snippet:-1","max-image-preview":"max-image-preview:large","max-video-preview":"max-video-preview:-1"},"canonical":"https:\/\/artvallarta.com\/es\/producto\/daniel-smith-cerulean-blue-chromium-15ml-watercolor\/","og_locale":"es_ES","og_type":"article","og_title":"Daniel Smith Cerulean Blue, Chromium 15ml Watercolor - Art VallARTa","og_description":"Hermoso por s\u00ed solo, y especialmente cuando se mezcla con un pigmento transparente, este pigmento inorg\u00e1nico azul cielo es granular y de valor medio-ligero. Cerulean Blue, muy permanente y con una tinci\u00f3n extremadamente baja, crea lavados de granulaci\u00f3n y sedimentaci\u00f3n emocionantes.","og_url":"https:\/\/artvallarta.com\/es\/producto\/daniel-smith-cerulean-blue-chromium-15ml-watercolor\/","og_site_name":"Art VallARTa","article_publisher":"http:\/\/www.facebook.com\/artvallarta","article_modified_time":"2021-07-20T16:49:17+00:00","og_image":[{"width":1000,"height":1000,"url":"https:\/\/artvallarta.com\/wp-content\/uploads\/2020\/08\/cbcds.jpg","type":"image\/jpeg"}],"twitter_card":"summary_large_image","twitter_misc":{"Tiempo de lectura":"1 minuto"},"schema":{"@context":"https:\/\/schema.org","@graph":[{"@type":"WebPage","@id":"https:\/\/artvallarta.com\/es\/producto\/daniel-smith-cerulean-blue-chromium-15ml-watercolor\/","url":"https:\/\/artvallarta.com\/es\/producto\/daniel-smith-cerulean-blue-chromium-15ml-watercolor\/","name":"Daniel Smith Cerulean Blue, Chromium 15ml Watercolor - Art VallARTa","isPartOf":{"@id":"https:\/\/artvallarta.com\/es\/#website"},"primaryImageOfPage":{"@id":"https:\/\/artvallarta.com\/es\/producto\/daniel-smith-cerulean-blue-chromium-15ml-watercolor\/#primaryimage"},"image":{"@id":"https:\/\/artvallarta.com\/es\/producto\/daniel-smith-cerulean-blue-chromium-15ml-watercolor\/#primaryimage"},"thumbnailUrl":"https:\/\/artvallarta.com\/wp-content\/uploads\/2020\/08\/cbcds.jpg","datePublished":"2020-08-21T19:37:26+00:00","dateModified":"2021-07-20T16:49:17+00:00","description":"Hermoso por s\u00ed solo, y especialmente cuando se mezcla con un pigmento transparente, este pigmento inorg\u00e1nico azul cielo es granular y de valor medio-ligero. Cerulean Blue, muy permanente y con una tinci\u00f3n extremadamente baja, crea lavados de granulaci\u00f3n y sedimentaci\u00f3n emocionantes.","breadcrumb":{"@id":"https:\/\/artvallarta.com\/es\/producto\/daniel-smith-cerulean-blue-chromium-15ml-watercolor\/#breadcrumb"},"inLanguage":"es","potentialAction":[{"@type":"ReadAction","target":["https:\/\/artvallarta.com\/es\/producto\/daniel-smith-cerulean-blue-chromium-15ml-watercolor\/"]}]},{"@type":"ImageObject","inLanguage":"es","@id":"https:\/\/artvallarta.com\/es\/producto\/daniel-smith-cerulean-blue-chromium-15ml-watercolor\/#primaryimage","url":"https:\/\/artvallarta.com\/wp-content\/uploads\/2020\/08\/cbcds.jpg","contentUrl":"https:\/\/artvallarta.com\/wp-content\/uploads\/2020\/08\/cbcds.jpg","width":1000,"height":1000},{"@type":"BreadcrumbList","@id":"https:\/\/artvallarta.com\/es\/producto\/daniel-smith-cerulean-blue-chromium-15ml-watercolor\/#breadcrumb","itemListElement":[{"@type":"ListItem","position":1,"name":"Pagina principal","item":"https:\/\/artvallarta.com\/es\/art-vallarta-puerto-vallarta-mexico-home\/"},{"@type":"ListItem","position":2,"name":"Shop","item":"https:\/\/artvallarta.com\/shop\/"},{"@type":"ListItem","position":3,"name":"Daniel Smith Cerulean Blue, Chromium 15ml Watercolor"}]},{"@type":"WebSite","@id":"https:\/\/artvallarta.com\/es\/#website","url":"https:\/\/artvallarta.com\/es\/","name":"Art VallARTa","description":"Art VallARTa","publisher":{"@id":"https:\/\/artvallarta.com\/es\/#organization"},"potentialAction":[{"@type":"SearchAction","target":{"@type":"EntryPoint","urlTemplate":"https:\/\/artvallarta.com\/es\/?s={search_term_string}"},"query-input":{"@type":"PropertyValueSpecification","valueRequired":true,"valueName":"search_term_string"}}],"inLanguage":"es"},{"@type":"Organization","@id":"https:\/\/artvallarta.com\/es\/#organization","name":"Art VallARTa","url":"https:\/\/artvallarta.com\/es\/","logo":{"@type":"ImageObject","inLanguage":"es","@id":"https:\/\/artvallarta.com\/es\/#\/schema\/logo\/image\/","url":"https:\/\/artvallarta.com\/wp-content\/uploads\/2019\/02\/51835738_615449708895218_133232196214325248_n.jpg","contentUrl":"https:\/\/artvallarta.com\/wp-content\/uploads\/2019\/02\/51835738_615449708895218_133232196214325248_n.jpg","width":2048,"height":1466,"caption":"Art VallARTa"},"image":{"@id":"https:\/\/artvallarta.com\/es\/#\/schema\/logo\/image\/"},"sameAs":["http:\/\/www.facebook.com\/artvallarta","http:\/\/www.instagram.com\/artvallarta","http:\/\/www.pinterest\/artvallarta","https:\/\/www.youtube.com\/channel\/UCOqDy2Oyk7EU4tz3S2Gl7kQ"]}]}},"_links":{"self":[{"href":"https:\/\/artvallarta.com\/es\/wp-json\/wp\/v2\/product\/50700","targetHints":{"allow":["GET"]}}],"collection":[{"href":"https:\/\/artvallarta.com\/es\/wp-json\/wp\/v2\/product"}],"about":[{"href":"https:\/\/artvallarta.com\/es\/wp-json\/wp\/v2\/types\/product"}],"version-history":[{"count":3,"href":"https:\/\/artvallarta.com\/es\/wp-json\/wp\/v2\/product\/50700\/revisions"}],"predecessor-version":[{"id":74415,"href":"https:\/\/artvallarta.com\/es\/wp-json\/wp\/v2\/product\/50700\/revisions\/74415"}],"wp:featuredmedia":[{"embeddable":true,"href":"https:\/\/artvallarta.com\/es\/wp-json\/wp\/v2\/media\/50701"}],"wp:attachment":[{"href":"https:\/\/artvallarta.com\/es\/wp-json\/wp\/v2\/media?parent=50700"}],"wp:term":[{"taxonomy":"product_brand","embeddable":true,"href":"https:\/\/artvallarta.com\/es\/wp-json\/wp\/v2\/product_brand?post=50700"},{"taxonomy":"product_cat","embeddable":true,"href":"https:\/\/artvallarta.com\/es\/wp-json\/wp\/v2\/product_cat?post=50700"},{"taxonomy":"product_tag","embeddable":true,"href":"https:\/\/artvallarta.com\/es\/wp-json\/wp\/v2\/product_tag?post=50700"}],"curies":[{"name":"wp","href":"https:\/\/api.w.org\/{rel}","templated":true}]}}