{"id":50698,"date":"2020-08-21T14:44:59","date_gmt":"2020-08-21T19:44:59","guid":{"rendered":"https:\/\/artvallarta.com\/product\/daniel-smith-cascade-green-15-ml-watercolor\/"},"modified":"2021-07-20T11:46:03","modified_gmt":"2021-07-20T16:46:03","slug":"daniel-smith-cascade-green-15-ml-watercolor","status":"publish","type":"product","link":"https:\/\/artvallarta.com\/es\/producto\/daniel-smith-cascade-green-15-ml-watercolor\/","title":{"rendered":"Daniel Smith Cascade Green 15 ml Watercolor"},"content":{"rendered":"<p>Los picos escarpados de las Monta\u00f1as Cascade que dividen el exuberante oeste de Washington de las llanuras secas y altas del este, inspiraron este verde \u00fanico. Desde bosques h\u00famedos de hoja perenne y prados alpinos hasta bosques abiertos m\u00e1s secos y soleados, nuestro Cascade Green muestra un mill\u00f3n de tonos de verde que se encuentran en esos entornos y se convierte en una adici\u00f3n vers\u00e1til a nuestros verdes preferidos por los artistas. A medida que lo aplica, la variaci\u00f3n sutil de oscuro a claro agrega la ilusi\u00f3n de profundidad. Directamente del tubo, este verde intenso de rango medio es fresco, oscuro y cubierto de musgo. En lavados, tiene una claridad asombrosa. En cualquier aplicaci\u00f3n, tiene una excelente solidez a la luz.<\/p>\n<p><iframe title=\"Cascade Green Watercolor by DANIEL SMITH\" width=\"500\" height=\"281\" src=\"https:\/\/www.youtube.com\/embed\/I-npo8og3Rc?feature=oembed\" frameborder=\"0\" allow=\"accelerometer; autoplay; clipboard-write; encrypted-media; gyroscope; picture-in-picture; web-share\" referrerpolicy=\"strict-origin-when-cross-origin\" allowfullscreen><\/iframe><\/p>\n","protected":false},"excerpt":{"rendered":"<p>Nuestro Cascade Green muestra un mill\u00f3n de tonos de verde que se encuentran en esos entornos y se convierte en una adici\u00f3n vers\u00e1til a nuestros verdes preferidos por los artistas. A medida que lo aplica, la variaci\u00f3n sutil de oscuro a claro agrega la ilusi\u00f3n de profundidad. Directamente del tubo, este verde intenso de rango medio es fresco, oscuro y cubierto de musgo. En lavados, tiene una claridad asombrosa. En cualquier aplicaci\u00f3n, tiene una excelente solidez a la luz.<\/p>\n","protected":false},"featured_media":50699,"template":"","meta":[],"product_brand":[],"product_cat":[805,809,807,692,910],"product_tag":[],"class_list":{"0":"post-50698","1":"product","2":"type-product","3":"status-publish","4":"has-post-thumbnail","6":"product_cat-watercolor-es","7":"product_cat-daniel-smith-watercolors-es","8":"product_cat-watercolorp-es","9":"product_cat-art-supplies-es","10":"product_cat-tubo-de-acuarela-daniel-smith","12":"first","13":"instock","14":"taxable","15":"shipping-taxable","16":"purchasable","17":"product-type-simple"},"yoast_head":"<!-- This site is optimized with the Yoast SEO plugin v27.3 - https:\/\/yoast.com\/product\/yoast-seo-wordpress\/ -->\n<title>Daniel Smith Cascade Green 15 ml Watercolor - Art VallARTa<\/title>\n<meta name=\"description\" content=\"Nuestro Cascade Green muestra un mill\u00f3n de tonos de verde que se encuentran en esos entornos y se convierte en una adici\u00f3n vers\u00e1til a nuestros verdes preferidos por los artistas. A medida que lo aplica, la variaci\u00f3n sutil de oscuro a claro agrega la ilusi\u00f3n de profundidad. Directamente del tubo, este verde intenso de rango medio es fresco, oscuro y cubierto de musgo. En lavados, tiene una claridad asombrosa. En cualquier aplicaci\u00f3n, tiene una excelente solidez a la luz.\" \/>\n<meta name=\"robots\" content=\"index, follow, max-snippet:-1, max-image-preview:large, max-video-preview:-1\" \/>\n<link rel=\"canonical\" href=\"https:\/\/artvallarta.com\/es\/producto\/daniel-smith-cascade-green-15-ml-watercolor\/\" \/>\n<meta property=\"og:locale\" content=\"es_ES\" \/>\n<meta property=\"og:type\" content=\"article\" \/>\n<meta property=\"og:title\" content=\"Daniel Smith Cascade Green 15 ml Watercolor - Art VallARTa\" \/>\n<meta property=\"og:description\" content=\"Nuestro Cascade Green muestra un mill\u00f3n de tonos de verde que se encuentran en esos entornos y se convierte en una adici\u00f3n vers\u00e1til a nuestros verdes preferidos por los artistas. A medida que lo aplica, la variaci\u00f3n sutil de oscuro a claro agrega la ilusi\u00f3n de profundidad. Directamente del tubo, este verde intenso de rango medio es fresco, oscuro y cubierto de musgo. En lavados, tiene una claridad asombrosa. En cualquier aplicaci\u00f3n, tiene una excelente solidez a la luz.\" \/>\n<meta property=\"og:url\" content=\"https:\/\/artvallarta.com\/es\/producto\/daniel-smith-cascade-green-15-ml-watercolor\/\" \/>\n<meta property=\"og:site_name\" content=\"Art VallARTa\" \/>\n<meta property=\"article:publisher\" content=\"http:\/\/www.facebook.com\/artvallarta\" \/>\n<meta property=\"article:modified_time\" content=\"2021-07-20T16:46:03+00:00\" \/>\n<meta property=\"og:image\" content=\"https:\/\/artvallarta.com\/wp-content\/uploads\/2020\/08\/cgds.jpg\" \/>\n\t<meta property=\"og:image:width\" content=\"1000\" \/>\n\t<meta property=\"og:image:height\" content=\"1000\" \/>\n\t<meta property=\"og:image:type\" content=\"image\/jpeg\" \/>\n<meta name=\"twitter:card\" content=\"summary_large_image\" \/>\n<meta name=\"twitter:label1\" content=\"Tiempo de lectura\" \/>\n\t<meta name=\"twitter:data1\" content=\"1 minuto\" \/>\n<script type=\"application\/ld+json\" class=\"yoast-schema-graph\">{\"@context\":\"https:\\\/\\\/schema.org\",\"@graph\":[{\"@type\":\"WebPage\",\"@id\":\"https:\\\/\\\/artvallarta.com\\\/es\\\/producto\\\/daniel-smith-cascade-green-15-ml-watercolor\\\/\",\"url\":\"https:\\\/\\\/artvallarta.com\\\/es\\\/producto\\\/daniel-smith-cascade-green-15-ml-watercolor\\\/\",\"name\":\"Daniel Smith Cascade Green 15 ml Watercolor - Art VallARTa\",\"isPartOf\":{\"@id\":\"https:\\\/\\\/artvallarta.com\\\/es\\\/#website\"},\"primaryImageOfPage\":{\"@id\":\"https:\\\/\\\/artvallarta.com\\\/es\\\/producto\\\/daniel-smith-cascade-green-15-ml-watercolor\\\/#primaryimage\"},\"image\":{\"@id\":\"https:\\\/\\\/artvallarta.com\\\/es\\\/producto\\\/daniel-smith-cascade-green-15-ml-watercolor\\\/#primaryimage\"},\"thumbnailUrl\":\"https:\\\/\\\/artvallarta.com\\\/wp-content\\\/uploads\\\/2020\\\/08\\\/cgds.jpg\",\"datePublished\":\"2020-08-21T19:44:59+00:00\",\"dateModified\":\"2021-07-20T16:46:03+00:00\",\"description\":\"Nuestro Cascade Green muestra un mill\u00f3n de tonos de verde que se encuentran en esos entornos y se convierte en una adici\u00f3n vers\u00e1til a nuestros verdes preferidos por los artistas. A medida que lo aplica, la variaci\u00f3n sutil de oscuro a claro agrega la ilusi\u00f3n de profundidad. Directamente del tubo, este verde intenso de rango medio es fresco, oscuro y cubierto de musgo. En lavados, tiene una claridad asombrosa. En cualquier aplicaci\u00f3n, tiene una excelente solidez a la luz.\",\"breadcrumb\":{\"@id\":\"https:\\\/\\\/artvallarta.com\\\/es\\\/producto\\\/daniel-smith-cascade-green-15-ml-watercolor\\\/#breadcrumb\"},\"inLanguage\":\"es\",\"potentialAction\":[{\"@type\":\"ReadAction\",\"target\":[\"https:\\\/\\\/artvallarta.com\\\/es\\\/producto\\\/daniel-smith-cascade-green-15-ml-watercolor\\\/\"]}]},{\"@type\":\"ImageObject\",\"inLanguage\":\"es\",\"@id\":\"https:\\\/\\\/artvallarta.com\\\/es\\\/producto\\\/daniel-smith-cascade-green-15-ml-watercolor\\\/#primaryimage\",\"url\":\"https:\\\/\\\/artvallarta.com\\\/wp-content\\\/uploads\\\/2020\\\/08\\\/cgds.jpg\",\"contentUrl\":\"https:\\\/\\\/artvallarta.com\\\/wp-content\\\/uploads\\\/2020\\\/08\\\/cgds.jpg\",\"width\":1000,\"height\":1000},{\"@type\":\"BreadcrumbList\",\"@id\":\"https:\\\/\\\/artvallarta.com\\\/es\\\/producto\\\/daniel-smith-cascade-green-15-ml-watercolor\\\/#breadcrumb\",\"itemListElement\":[{\"@type\":\"ListItem\",\"position\":1,\"name\":\"Pagina principal\",\"item\":\"https:\\\/\\\/artvallarta.com\\\/es\\\/art-vallarta-puerto-vallarta-mexico-home\\\/\"},{\"@type\":\"ListItem\",\"position\":2,\"name\":\"Shop\",\"item\":\"https:\\\/\\\/artvallarta.com\\\/shop\\\/\"},{\"@type\":\"ListItem\",\"position\":3,\"name\":\"Daniel Smith Cascade Green 15 ml Watercolor\"}]},{\"@type\":\"WebSite\",\"@id\":\"https:\\\/\\\/artvallarta.com\\\/es\\\/#website\",\"url\":\"https:\\\/\\\/artvallarta.com\\\/es\\\/\",\"name\":\"Art VallARTa\",\"description\":\"Art VallARTa\",\"publisher\":{\"@id\":\"https:\\\/\\\/artvallarta.com\\\/es\\\/#organization\"},\"potentialAction\":[{\"@type\":\"SearchAction\",\"target\":{\"@type\":\"EntryPoint\",\"urlTemplate\":\"https:\\\/\\\/artvallarta.com\\\/es\\\/?s={search_term_string}\"},\"query-input\":{\"@type\":\"PropertyValueSpecification\",\"valueRequired\":true,\"valueName\":\"search_term_string\"}}],\"inLanguage\":\"es\"},{\"@type\":\"Organization\",\"@id\":\"https:\\\/\\\/artvallarta.com\\\/es\\\/#organization\",\"name\":\"Art VallARTa\",\"url\":\"https:\\\/\\\/artvallarta.com\\\/es\\\/\",\"logo\":{\"@type\":\"ImageObject\",\"inLanguage\":\"es\",\"@id\":\"https:\\\/\\\/artvallarta.com\\\/es\\\/#\\\/schema\\\/logo\\\/image\\\/\",\"url\":\"https:\\\/\\\/artvallarta.com\\\/wp-content\\\/uploads\\\/2019\\\/02\\\/51835738_615449708895218_133232196214325248_n.jpg\",\"contentUrl\":\"https:\\\/\\\/artvallarta.com\\\/wp-content\\\/uploads\\\/2019\\\/02\\\/51835738_615449708895218_133232196214325248_n.jpg\",\"width\":2048,\"height\":1466,\"caption\":\"Art VallARTa\"},\"image\":{\"@id\":\"https:\\\/\\\/artvallarta.com\\\/es\\\/#\\\/schema\\\/logo\\\/image\\\/\"},\"sameAs\":[\"http:\\\/\\\/www.facebook.com\\\/artvallarta\",\"http:\\\/\\\/www.instagram.com\\\/artvallarta\",\"http:\\\/\\\/www.pinterest\\\/artvallarta\",\"https:\\\/\\\/www.youtube.com\\\/channel\\\/UCOqDy2Oyk7EU4tz3S2Gl7kQ\"]}]}<\/script>\n<!-- \/ Yoast SEO plugin. -->","yoast_head_json":{"title":"Daniel Smith Cascade Green 15 ml Watercolor - Art VallARTa","description":"Nuestro Cascade Green muestra un mill\u00f3n de tonos de verde que se encuentran en esos entornos y se convierte en una adici\u00f3n vers\u00e1til a nuestros verdes preferidos por los artistas. A medida que lo aplica, la variaci\u00f3n sutil de oscuro a claro agrega la ilusi\u00f3n de profundidad. Directamente del tubo, este verde intenso de rango medio es fresco, oscuro y cubierto de musgo. En lavados, tiene una claridad asombrosa. En cualquier aplicaci\u00f3n, tiene una excelente solidez a la luz.","robots":{"index":"index","follow":"follow","max-snippet":"max-snippet:-1","max-image-preview":"max-image-preview:large","max-video-preview":"max-video-preview:-1"},"canonical":"https:\/\/artvallarta.com\/es\/producto\/daniel-smith-cascade-green-15-ml-watercolor\/","og_locale":"es_ES","og_type":"article","og_title":"Daniel Smith Cascade Green 15 ml Watercolor - Art VallARTa","og_description":"Nuestro Cascade Green muestra un mill\u00f3n de tonos de verde que se encuentran en esos entornos y se convierte en una adici\u00f3n vers\u00e1til a nuestros verdes preferidos por los artistas. A medida que lo aplica, la variaci\u00f3n sutil de oscuro a claro agrega la ilusi\u00f3n de profundidad. Directamente del tubo, este verde intenso de rango medio es fresco, oscuro y cubierto de musgo. En lavados, tiene una claridad asombrosa. En cualquier aplicaci\u00f3n, tiene una excelente solidez a la luz.","og_url":"https:\/\/artvallarta.com\/es\/producto\/daniel-smith-cascade-green-15-ml-watercolor\/","og_site_name":"Art VallARTa","article_publisher":"http:\/\/www.facebook.com\/artvallarta","article_modified_time":"2021-07-20T16:46:03+00:00","og_image":[{"width":1000,"height":1000,"url":"https:\/\/artvallarta.com\/wp-content\/uploads\/2020\/08\/cgds.jpg","type":"image\/jpeg"}],"twitter_card":"summary_large_image","twitter_misc":{"Tiempo de lectura":"1 minuto"},"schema":{"@context":"https:\/\/schema.org","@graph":[{"@type":"WebPage","@id":"https:\/\/artvallarta.com\/es\/producto\/daniel-smith-cascade-green-15-ml-watercolor\/","url":"https:\/\/artvallarta.com\/es\/producto\/daniel-smith-cascade-green-15-ml-watercolor\/","name":"Daniel Smith Cascade Green 15 ml Watercolor - Art VallARTa","isPartOf":{"@id":"https:\/\/artvallarta.com\/es\/#website"},"primaryImageOfPage":{"@id":"https:\/\/artvallarta.com\/es\/producto\/daniel-smith-cascade-green-15-ml-watercolor\/#primaryimage"},"image":{"@id":"https:\/\/artvallarta.com\/es\/producto\/daniel-smith-cascade-green-15-ml-watercolor\/#primaryimage"},"thumbnailUrl":"https:\/\/artvallarta.com\/wp-content\/uploads\/2020\/08\/cgds.jpg","datePublished":"2020-08-21T19:44:59+00:00","dateModified":"2021-07-20T16:46:03+00:00","description":"Nuestro Cascade Green muestra un mill\u00f3n de tonos de verde que se encuentran en esos entornos y se convierte en una adici\u00f3n vers\u00e1til a nuestros verdes preferidos por los artistas. A medida que lo aplica, la variaci\u00f3n sutil de oscuro a claro agrega la ilusi\u00f3n de profundidad. Directamente del tubo, este verde intenso de rango medio es fresco, oscuro y cubierto de musgo. En lavados, tiene una claridad asombrosa. En cualquier aplicaci\u00f3n, tiene una excelente solidez a la luz.","breadcrumb":{"@id":"https:\/\/artvallarta.com\/es\/producto\/daniel-smith-cascade-green-15-ml-watercolor\/#breadcrumb"},"inLanguage":"es","potentialAction":[{"@type":"ReadAction","target":["https:\/\/artvallarta.com\/es\/producto\/daniel-smith-cascade-green-15-ml-watercolor\/"]}]},{"@type":"ImageObject","inLanguage":"es","@id":"https:\/\/artvallarta.com\/es\/producto\/daniel-smith-cascade-green-15-ml-watercolor\/#primaryimage","url":"https:\/\/artvallarta.com\/wp-content\/uploads\/2020\/08\/cgds.jpg","contentUrl":"https:\/\/artvallarta.com\/wp-content\/uploads\/2020\/08\/cgds.jpg","width":1000,"height":1000},{"@type":"BreadcrumbList","@id":"https:\/\/artvallarta.com\/es\/producto\/daniel-smith-cascade-green-15-ml-watercolor\/#breadcrumb","itemListElement":[{"@type":"ListItem","position":1,"name":"Pagina principal","item":"https:\/\/artvallarta.com\/es\/art-vallarta-puerto-vallarta-mexico-home\/"},{"@type":"ListItem","position":2,"name":"Shop","item":"https:\/\/artvallarta.com\/shop\/"},{"@type":"ListItem","position":3,"name":"Daniel Smith Cascade Green 15 ml Watercolor"}]},{"@type":"WebSite","@id":"https:\/\/artvallarta.com\/es\/#website","url":"https:\/\/artvallarta.com\/es\/","name":"Art VallARTa","description":"Art VallARTa","publisher":{"@id":"https:\/\/artvallarta.com\/es\/#organization"},"potentialAction":[{"@type":"SearchAction","target":{"@type":"EntryPoint","urlTemplate":"https:\/\/artvallarta.com\/es\/?s={search_term_string}"},"query-input":{"@type":"PropertyValueSpecification","valueRequired":true,"valueName":"search_term_string"}}],"inLanguage":"es"},{"@type":"Organization","@id":"https:\/\/artvallarta.com\/es\/#organization","name":"Art VallARTa","url":"https:\/\/artvallarta.com\/es\/","logo":{"@type":"ImageObject","inLanguage":"es","@id":"https:\/\/artvallarta.com\/es\/#\/schema\/logo\/image\/","url":"https:\/\/artvallarta.com\/wp-content\/uploads\/2019\/02\/51835738_615449708895218_133232196214325248_n.jpg","contentUrl":"https:\/\/artvallarta.com\/wp-content\/uploads\/2019\/02\/51835738_615449708895218_133232196214325248_n.jpg","width":2048,"height":1466,"caption":"Art VallARTa"},"image":{"@id":"https:\/\/artvallarta.com\/es\/#\/schema\/logo\/image\/"},"sameAs":["http:\/\/www.facebook.com\/artvallarta","http:\/\/www.instagram.com\/artvallarta","http:\/\/www.pinterest\/artvallarta","https:\/\/www.youtube.com\/channel\/UCOqDy2Oyk7EU4tz3S2Gl7kQ"]}]}},"_links":{"self":[{"href":"https:\/\/artvallarta.com\/es\/wp-json\/wp\/v2\/product\/50698","targetHints":{"allow":["GET"]}}],"collection":[{"href":"https:\/\/artvallarta.com\/es\/wp-json\/wp\/v2\/product"}],"about":[{"href":"https:\/\/artvallarta.com\/es\/wp-json\/wp\/v2\/types\/product"}],"version-history":[{"count":3,"href":"https:\/\/artvallarta.com\/es\/wp-json\/wp\/v2\/product\/50698\/revisions"}],"predecessor-version":[{"id":74413,"href":"https:\/\/artvallarta.com\/es\/wp-json\/wp\/v2\/product\/50698\/revisions\/74413"}],"wp:featuredmedia":[{"embeddable":true,"href":"https:\/\/artvallarta.com\/es\/wp-json\/wp\/v2\/media\/50699"}],"wp:attachment":[{"href":"https:\/\/artvallarta.com\/es\/wp-json\/wp\/v2\/media?parent=50698"}],"wp:term":[{"taxonomy":"product_brand","embeddable":true,"href":"https:\/\/artvallarta.com\/es\/wp-json\/wp\/v2\/product_brand?post=50698"},{"taxonomy":"product_cat","embeddable":true,"href":"https:\/\/artvallarta.com\/es\/wp-json\/wp\/v2\/product_cat?post=50698"},{"taxonomy":"product_tag","embeddable":true,"href":"https:\/\/artvallarta.com\/es\/wp-json\/wp\/v2\/product_tag?post=50698"}],"curies":[{"name":"wp","href":"https:\/\/api.w.org\/{rel}","templated":true}]}}