{"id":49799,"date":"2020-03-03T13:15:14","date_gmt":"2021-05-05T20:57:31","guid":{"rendered":"https:\/\/artvallarta.com\/product\/amaco-glazes-velvet-underglazes-liq-v-349-2-oz-cactus\/"},"modified":"2022-12-13T13:41:46","modified_gmt":"2022-12-13T19:41:46","slug":"amaco-glazes-bajo-esmaltes-velvet-liq-v-349-2-oz-cactus","status":"publish","type":"product","link":"https:\/\/artvallarta.com\/es\/producto\/amaco-glazes-bajo-esmaltes-velvet-liq-v-349-2-oz-cactus\/","title":{"rendered":"Amaco Glazes Velvet UnderGlazes LIQ V-349 2 OZ Cactus"},"content":{"rendered":"<p>Cactus es un esmalte verde claro fr\u00edo que retiene el color desde el cono 05 hasta el cono 6 con un oscurecimiento m\u00ednimo. Por encima del cono 6, el color se vuelve un poco m\u00e1s azul. El esmalte transparente ilumina el color. El bajo esmalte Cactus se puede usar con esmaltes con o sin zinc sin cambio a su color.<\/p>\n<p>Advertencia de seguridad<br \/>\nLos productores de vajillas deben probar toda la vajilla terminada para establecer el estado de la vajilla, debido a las posibles variaciones en la temperatura de cocci\u00f3n y la contaminaci\u00f3n.<\/p>\n<h3>Advertencia de seguridad<\/h3>\n<p>Los productores de vajillas deben probar toda la vajilla terminada para establecer el estado de la vajilla, debido a las posibles variaciones en la temperatura de cocci\u00f3n y la contaminaci\u00f3n.<\/p>\n","protected":false},"excerpt":{"rendered":"<p>El color saturado, la confiabilidad y la versatilidad hacen que los Velvets sean tan populares para los profesionales como para los ni\u00f1os. Los velvets mantienen su color al quemarse como un bajo esmalte Cono 05\/06 o Cono 6. Algunos colores siguen siendo fieles al tono hasta el cono 10.<\/p>\n","protected":false},"featured_media":49800,"template":"","meta":[],"product_brand":[],"product_cat":[744,692,743,761],"product_tag":[],"class_list":{"0":"post-49799","1":"product","2":"type-product","3":"status-publish","4":"has-post-thumbnail","6":"product_cat-amaco-glazes-es","7":"product_cat-art-supplies-es","8":"product_cat-ceramics-es","9":"product_cat-velvet-underglazes-es","11":"first","12":"instock","13":"taxable","14":"shipping-taxable","15":"purchasable","16":"product-type-simple"},"yoast_head":"<!-- This site is optimized with the Yoast SEO plugin v27.3 - https:\/\/yoast.com\/product\/yoast-seo-wordpress\/ -->\n<title>Amaco Glazes Velvet UnderGlazes LIQ V-349 2 OZ Cactus - Art VallARTa<\/title>\n<meta name=\"robots\" content=\"index, follow, max-snippet:-1, max-image-preview:large, max-video-preview:-1\" \/>\n<link rel=\"canonical\" href=\"https:\/\/artvallarta.com\/es\/producto\/amaco-glazes-bajo-esmaltes-velvet-liq-v-349-2-oz-cactus\/\" \/>\n<meta property=\"og:locale\" content=\"es_ES\" \/>\n<meta property=\"og:type\" content=\"article\" \/>\n<meta property=\"og:title\" content=\"Amaco Glazes Velvet UnderGlazes LIQ V-349 2 OZ Cactus - Art VallARTa\" \/>\n<meta property=\"og:description\" content=\"El color saturado, la confiabilidad y la versatilidad hacen que los Velvets sean tan populares para los profesionales como para los ni\u00f1os. Los velvets mantienen su color al quemarse como un bajo esmalte Cono 05\/06 o Cono 6. Algunos colores siguen siendo fieles al tono hasta el cono 10.\" \/>\n<meta property=\"og:url\" content=\"https:\/\/artvallarta.com\/es\/producto\/amaco-glazes-bajo-esmaltes-velvet-liq-v-349-2-oz-cactus\/\" \/>\n<meta property=\"og:site_name\" content=\"Art VallARTa\" \/>\n<meta property=\"article:publisher\" content=\"http:\/\/www.facebook.com\/artvallarta\" \/>\n<meta property=\"article:modified_time\" content=\"2022-12-13T19:41:46+00:00\" \/>\n<meta property=\"og:image\" content=\"https:\/\/artvallarta.com\/wp-content\/uploads\/2020\/03\/V-349_Cactus_Color_Swatch_Tile_SKU_37593H_Cone_05_6x6.jpg\" \/>\n\t<meta property=\"og:image:width\" content=\"1200\" \/>\n\t<meta property=\"og:image:height\" content=\"1200\" \/>\n\t<meta property=\"og:image:type\" content=\"image\/jpeg\" \/>\n<meta name=\"twitter:card\" content=\"summary_large_image\" \/>\n<meta name=\"twitter:label1\" content=\"Tiempo de lectura\" \/>\n\t<meta name=\"twitter:data1\" content=\"1 minuto\" \/>\n<script type=\"application\/ld+json\" class=\"yoast-schema-graph\">{\"@context\":\"https:\\\/\\\/schema.org\",\"@graph\":[{\"@type\":\"WebPage\",\"@id\":\"https:\\\/\\\/artvallarta.com\\\/es\\\/producto\\\/amaco-glazes-bajo-esmaltes-velvet-liq-v-349-2-oz-cactus\\\/\",\"url\":\"https:\\\/\\\/artvallarta.com\\\/es\\\/producto\\\/amaco-glazes-bajo-esmaltes-velvet-liq-v-349-2-oz-cactus\\\/\",\"name\":\"Amaco Glazes Velvet UnderGlazes LIQ V-349 2 OZ Cactus - Art VallARTa\",\"isPartOf\":{\"@id\":\"https:\\\/\\\/artvallarta.com\\\/es\\\/#website\"},\"primaryImageOfPage\":{\"@id\":\"https:\\\/\\\/artvallarta.com\\\/es\\\/producto\\\/amaco-glazes-bajo-esmaltes-velvet-liq-v-349-2-oz-cactus\\\/#primaryimage\"},\"image\":{\"@id\":\"https:\\\/\\\/artvallarta.com\\\/es\\\/producto\\\/amaco-glazes-bajo-esmaltes-velvet-liq-v-349-2-oz-cactus\\\/#primaryimage\"},\"thumbnailUrl\":\"https:\\\/\\\/artvallarta.com\\\/wp-content\\\/uploads\\\/2020\\\/03\\\/V-349_Cactus_Color_Swatch_Tile_SKU_37593H_Cone_05_6x6.jpg\",\"datePublished\":\"2021-05-05T20:57:31+00:00\",\"dateModified\":\"2022-12-13T19:41:46+00:00\",\"breadcrumb\":{\"@id\":\"https:\\\/\\\/artvallarta.com\\\/es\\\/producto\\\/amaco-glazes-bajo-esmaltes-velvet-liq-v-349-2-oz-cactus\\\/#breadcrumb\"},\"inLanguage\":\"es\",\"potentialAction\":[{\"@type\":\"ReadAction\",\"target\":[\"https:\\\/\\\/artvallarta.com\\\/es\\\/producto\\\/amaco-glazes-bajo-esmaltes-velvet-liq-v-349-2-oz-cactus\\\/\"]}]},{\"@type\":\"ImageObject\",\"inLanguage\":\"es\",\"@id\":\"https:\\\/\\\/artvallarta.com\\\/es\\\/producto\\\/amaco-glazes-bajo-esmaltes-velvet-liq-v-349-2-oz-cactus\\\/#primaryimage\",\"url\":\"https:\\\/\\\/artvallarta.com\\\/wp-content\\\/uploads\\\/2020\\\/03\\\/V-349_Cactus_Color_Swatch_Tile_SKU_37593H_Cone_05_6x6.jpg\",\"contentUrl\":\"https:\\\/\\\/artvallarta.com\\\/wp-content\\\/uploads\\\/2020\\\/03\\\/V-349_Cactus_Color_Swatch_Tile_SKU_37593H_Cone_05_6x6.jpg\",\"width\":1200,\"height\":1200},{\"@type\":\"BreadcrumbList\",\"@id\":\"https:\\\/\\\/artvallarta.com\\\/es\\\/producto\\\/amaco-glazes-bajo-esmaltes-velvet-liq-v-349-2-oz-cactus\\\/#breadcrumb\",\"itemListElement\":[{\"@type\":\"ListItem\",\"position\":1,\"name\":\"Pagina principal\",\"item\":\"https:\\\/\\\/artvallarta.com\\\/es\\\/art-vallarta-puerto-vallarta-mexico-home\\\/\"},{\"@type\":\"ListItem\",\"position\":2,\"name\":\"Shop\",\"item\":\"https:\\\/\\\/artvallarta.com\\\/shop\\\/\"},{\"@type\":\"ListItem\",\"position\":3,\"name\":\"Amaco Glazes Velvet UnderGlazes LIQ V-349 2 OZ Cactus\"}]},{\"@type\":\"WebSite\",\"@id\":\"https:\\\/\\\/artvallarta.com\\\/es\\\/#website\",\"url\":\"https:\\\/\\\/artvallarta.com\\\/es\\\/\",\"name\":\"Art VallARTa\",\"description\":\"Art VallARTa\",\"publisher\":{\"@id\":\"https:\\\/\\\/artvallarta.com\\\/es\\\/#organization\"},\"potentialAction\":[{\"@type\":\"SearchAction\",\"target\":{\"@type\":\"EntryPoint\",\"urlTemplate\":\"https:\\\/\\\/artvallarta.com\\\/es\\\/?s={search_term_string}\"},\"query-input\":{\"@type\":\"PropertyValueSpecification\",\"valueRequired\":true,\"valueName\":\"search_term_string\"}}],\"inLanguage\":\"es\"},{\"@type\":\"Organization\",\"@id\":\"https:\\\/\\\/artvallarta.com\\\/es\\\/#organization\",\"name\":\"Art VallARTa\",\"url\":\"https:\\\/\\\/artvallarta.com\\\/es\\\/\",\"logo\":{\"@type\":\"ImageObject\",\"inLanguage\":\"es\",\"@id\":\"https:\\\/\\\/artvallarta.com\\\/es\\\/#\\\/schema\\\/logo\\\/image\\\/\",\"url\":\"https:\\\/\\\/artvallarta.com\\\/wp-content\\\/uploads\\\/2019\\\/02\\\/51835738_615449708895218_133232196214325248_n.jpg\",\"contentUrl\":\"https:\\\/\\\/artvallarta.com\\\/wp-content\\\/uploads\\\/2019\\\/02\\\/51835738_615449708895218_133232196214325248_n.jpg\",\"width\":2048,\"height\":1466,\"caption\":\"Art VallARTa\"},\"image\":{\"@id\":\"https:\\\/\\\/artvallarta.com\\\/es\\\/#\\\/schema\\\/logo\\\/image\\\/\"},\"sameAs\":[\"http:\\\/\\\/www.facebook.com\\\/artvallarta\",\"http:\\\/\\\/www.instagram.com\\\/artvallarta\",\"http:\\\/\\\/www.pinterest\\\/artvallarta\",\"https:\\\/\\\/www.youtube.com\\\/channel\\\/UCOqDy2Oyk7EU4tz3S2Gl7kQ\"]}]}<\/script>\n<!-- \/ Yoast SEO plugin. -->","yoast_head_json":{"title":"Amaco Glazes Velvet UnderGlazes LIQ V-349 2 OZ Cactus - Art VallARTa","robots":{"index":"index","follow":"follow","max-snippet":"max-snippet:-1","max-image-preview":"max-image-preview:large","max-video-preview":"max-video-preview:-1"},"canonical":"https:\/\/artvallarta.com\/es\/producto\/amaco-glazes-bajo-esmaltes-velvet-liq-v-349-2-oz-cactus\/","og_locale":"es_ES","og_type":"article","og_title":"Amaco Glazes Velvet UnderGlazes LIQ V-349 2 OZ Cactus - Art VallARTa","og_description":"El color saturado, la confiabilidad y la versatilidad hacen que los Velvets sean tan populares para los profesionales como para los ni\u00f1os. Los velvets mantienen su color al quemarse como un bajo esmalte Cono 05\/06 o Cono 6. Algunos colores siguen siendo fieles al tono hasta el cono 10.","og_url":"https:\/\/artvallarta.com\/es\/producto\/amaco-glazes-bajo-esmaltes-velvet-liq-v-349-2-oz-cactus\/","og_site_name":"Art VallARTa","article_publisher":"http:\/\/www.facebook.com\/artvallarta","article_modified_time":"2022-12-13T19:41:46+00:00","og_image":[{"width":1200,"height":1200,"url":"https:\/\/artvallarta.com\/wp-content\/uploads\/2020\/03\/V-349_Cactus_Color_Swatch_Tile_SKU_37593H_Cone_05_6x6.jpg","type":"image\/jpeg"}],"twitter_card":"summary_large_image","twitter_misc":{"Tiempo de lectura":"1 minuto"},"schema":{"@context":"https:\/\/schema.org","@graph":[{"@type":"WebPage","@id":"https:\/\/artvallarta.com\/es\/producto\/amaco-glazes-bajo-esmaltes-velvet-liq-v-349-2-oz-cactus\/","url":"https:\/\/artvallarta.com\/es\/producto\/amaco-glazes-bajo-esmaltes-velvet-liq-v-349-2-oz-cactus\/","name":"Amaco Glazes Velvet UnderGlazes LIQ V-349 2 OZ Cactus - Art VallARTa","isPartOf":{"@id":"https:\/\/artvallarta.com\/es\/#website"},"primaryImageOfPage":{"@id":"https:\/\/artvallarta.com\/es\/producto\/amaco-glazes-bajo-esmaltes-velvet-liq-v-349-2-oz-cactus\/#primaryimage"},"image":{"@id":"https:\/\/artvallarta.com\/es\/producto\/amaco-glazes-bajo-esmaltes-velvet-liq-v-349-2-oz-cactus\/#primaryimage"},"thumbnailUrl":"https:\/\/artvallarta.com\/wp-content\/uploads\/2020\/03\/V-349_Cactus_Color_Swatch_Tile_SKU_37593H_Cone_05_6x6.jpg","datePublished":"2021-05-05T20:57:31+00:00","dateModified":"2022-12-13T19:41:46+00:00","breadcrumb":{"@id":"https:\/\/artvallarta.com\/es\/producto\/amaco-glazes-bajo-esmaltes-velvet-liq-v-349-2-oz-cactus\/#breadcrumb"},"inLanguage":"es","potentialAction":[{"@type":"ReadAction","target":["https:\/\/artvallarta.com\/es\/producto\/amaco-glazes-bajo-esmaltes-velvet-liq-v-349-2-oz-cactus\/"]}]},{"@type":"ImageObject","inLanguage":"es","@id":"https:\/\/artvallarta.com\/es\/producto\/amaco-glazes-bajo-esmaltes-velvet-liq-v-349-2-oz-cactus\/#primaryimage","url":"https:\/\/artvallarta.com\/wp-content\/uploads\/2020\/03\/V-349_Cactus_Color_Swatch_Tile_SKU_37593H_Cone_05_6x6.jpg","contentUrl":"https:\/\/artvallarta.com\/wp-content\/uploads\/2020\/03\/V-349_Cactus_Color_Swatch_Tile_SKU_37593H_Cone_05_6x6.jpg","width":1200,"height":1200},{"@type":"BreadcrumbList","@id":"https:\/\/artvallarta.com\/es\/producto\/amaco-glazes-bajo-esmaltes-velvet-liq-v-349-2-oz-cactus\/#breadcrumb","itemListElement":[{"@type":"ListItem","position":1,"name":"Pagina principal","item":"https:\/\/artvallarta.com\/es\/art-vallarta-puerto-vallarta-mexico-home\/"},{"@type":"ListItem","position":2,"name":"Shop","item":"https:\/\/artvallarta.com\/shop\/"},{"@type":"ListItem","position":3,"name":"Amaco Glazes Velvet UnderGlazes LIQ V-349 2 OZ Cactus"}]},{"@type":"WebSite","@id":"https:\/\/artvallarta.com\/es\/#website","url":"https:\/\/artvallarta.com\/es\/","name":"Art VallARTa","description":"Art VallARTa","publisher":{"@id":"https:\/\/artvallarta.com\/es\/#organization"},"potentialAction":[{"@type":"SearchAction","target":{"@type":"EntryPoint","urlTemplate":"https:\/\/artvallarta.com\/es\/?s={search_term_string}"},"query-input":{"@type":"PropertyValueSpecification","valueRequired":true,"valueName":"search_term_string"}}],"inLanguage":"es"},{"@type":"Organization","@id":"https:\/\/artvallarta.com\/es\/#organization","name":"Art VallARTa","url":"https:\/\/artvallarta.com\/es\/","logo":{"@type":"ImageObject","inLanguage":"es","@id":"https:\/\/artvallarta.com\/es\/#\/schema\/logo\/image\/","url":"https:\/\/artvallarta.com\/wp-content\/uploads\/2019\/02\/51835738_615449708895218_133232196214325248_n.jpg","contentUrl":"https:\/\/artvallarta.com\/wp-content\/uploads\/2019\/02\/51835738_615449708895218_133232196214325248_n.jpg","width":2048,"height":1466,"caption":"Art VallARTa"},"image":{"@id":"https:\/\/artvallarta.com\/es\/#\/schema\/logo\/image\/"},"sameAs":["http:\/\/www.facebook.com\/artvallarta","http:\/\/www.instagram.com\/artvallarta","http:\/\/www.pinterest\/artvallarta","https:\/\/www.youtube.com\/channel\/UCOqDy2Oyk7EU4tz3S2Gl7kQ"]}]}},"_links":{"self":[{"href":"https:\/\/artvallarta.com\/es\/wp-json\/wp\/v2\/product\/49799","targetHints":{"allow":["GET"]}}],"collection":[{"href":"https:\/\/artvallarta.com\/es\/wp-json\/wp\/v2\/product"}],"about":[{"href":"https:\/\/artvallarta.com\/es\/wp-json\/wp\/v2\/types\/product"}],"version-history":[{"count":3,"href":"https:\/\/artvallarta.com\/es\/wp-json\/wp\/v2\/product\/49799\/revisions"}],"predecessor-version":[{"id":71181,"href":"https:\/\/artvallarta.com\/es\/wp-json\/wp\/v2\/product\/49799\/revisions\/71181"}],"wp:featuredmedia":[{"embeddable":true,"href":"https:\/\/artvallarta.com\/es\/wp-json\/wp\/v2\/media\/49800"}],"wp:attachment":[{"href":"https:\/\/artvallarta.com\/es\/wp-json\/wp\/v2\/media?parent=49799"}],"wp:term":[{"taxonomy":"product_brand","embeddable":true,"href":"https:\/\/artvallarta.com\/es\/wp-json\/wp\/v2\/product_brand?post=49799"},{"taxonomy":"product_cat","embeddable":true,"href":"https:\/\/artvallarta.com\/es\/wp-json\/wp\/v2\/product_cat?post=49799"},{"taxonomy":"product_tag","embeddable":true,"href":"https:\/\/artvallarta.com\/es\/wp-json\/wp\/v2\/product_tag?post=49799"}],"curies":[{"name":"wp","href":"https:\/\/api.w.org\/{rel}","templated":true}]}}