{"id":49747,"date":"2020-03-04T10:36:08","date_gmt":"2021-05-05T20:29:14","guid":{"rendered":"https:\/\/artvallarta.com\/product\/amaco-glazes-textured-alligator-lt-13-dalmatian-16-oz\/"},"modified":"2021-05-05T15:29:17","modified_gmt":"2021-05-05T20:29:17","slug":"amaco-glazes-textura-cocodrilo-lt-13-dalmation-16-oz","status":"publish","type":"product","link":"https:\/\/artvallarta.com\/es\/producto\/amaco-glazes-textura-cocodrilo-lt-13-dalmation-16-oz\/","title":{"rendered":"Amaco Glazes Textured Alligator LT-13 Dalmatian 16 oz."},"content":{"rendered":"<p>Dalmatian es un esmalte blanco brillante y moteado que tiene una variedad de efectos que dependen de la t\u00e9cnica de cocci\u00f3n, la aplicaci\u00f3n del esmalte y el cuerpo de arcilla debajo del esmalte.<\/p>\n<h3>Advertencia de seguridad<\/h3>\n<p>Los productores de vajillas deben probar toda la vajilla terminada para establecer el estado de la vajilla, debido a las posibles variaciones en la temperatura de cocci\u00f3n y la contaminaci\u00f3n.<\/p>\n","protected":false},"excerpt":{"rendered":"<p>Dalmatian es un esmalte blanco brillante y moteado que tiene una variedad de efectos que dependen de la t\u00e9cnica de<\/p>\n","protected":false},"featured_media":29884,"template":"","meta":[],"product_brand":[],"product_cat":[692,743,744,758],"product_tag":[],"class_list":{"0":"post-49747","1":"product","2":"type-product","3":"status-publish","4":"has-post-thumbnail","6":"product_cat-art-supplies-es","7":"product_cat-ceramics-es","8":"product_cat-amaco-glazes-es","9":"product_cat-textured-alligator-es","11":"first","12":"outofstock","13":"taxable","14":"shipping-taxable","15":"purchasable","16":"product-type-simple"},"yoast_head":"<!-- This site is optimized with the Yoast SEO plugin v27.1.1 - https:\/\/yoast.com\/product\/yoast-seo-wordpress\/ -->\n<title>Amaco Glazes Textured Alligator LT-13 Dalmatian 16 oz. - Art VallARTa<\/title>\n<meta name=\"robots\" content=\"index, follow, max-snippet:-1, max-image-preview:large, max-video-preview:-1\" \/>\n<link rel=\"canonical\" href=\"https:\/\/artvallarta.com\/es\/producto\/amaco-glazes-textura-cocodrilo-lt-13-dalmation-16-oz\/\" \/>\n<meta property=\"og:locale\" content=\"es_ES\" \/>\n<meta property=\"og:type\" content=\"article\" \/>\n<meta property=\"og:title\" content=\"Amaco Glazes Textured Alligator LT-13 Dalmatian 16 oz. - Art VallARTa\" \/>\n<meta property=\"og:description\" content=\"Dalmatian es un esmalte blanco brillante y moteado que tiene una variedad de efectos que dependen de la t\u00e9cnica de\" \/>\n<meta property=\"og:url\" content=\"https:\/\/artvallarta.com\/es\/producto\/amaco-glazes-textura-cocodrilo-lt-13-dalmation-16-oz\/\" \/>\n<meta property=\"og:site_name\" content=\"Art VallARTa\" \/>\n<meta property=\"article:publisher\" content=\"http:\/\/www.facebook.com\/artvallarta\" \/>\n<meta property=\"article:modified_time\" content=\"2021-05-05T20:29:17+00:00\" \/>\n<meta property=\"og:image\" content=\"https:\/\/artvallarta.com\/wp-content\/uploads\/2020\/03\/lt13-dalmatian-leaf-tile-2048px.jpg\" \/>\n\t<meta property=\"og:image:width\" content=\"600\" \/>\n\t<meta property=\"og:image:height\" content=\"600\" \/>\n\t<meta property=\"og:image:type\" content=\"image\/jpeg\" \/>\n<meta name=\"twitter:card\" content=\"summary_large_image\" \/>\n<script type=\"application\/ld+json\" class=\"yoast-schema-graph\">{\"@context\":\"https:\/\/schema.org\",\"@graph\":[{\"@type\":\"WebPage\",\"@id\":\"https:\/\/artvallarta.com\/es\/producto\/amaco-glazes-textura-cocodrilo-lt-13-dalmation-16-oz\/\",\"url\":\"https:\/\/artvallarta.com\/es\/producto\/amaco-glazes-textura-cocodrilo-lt-13-dalmation-16-oz\/\",\"name\":\"Amaco Glazes Textured Alligator LT-13 Dalmatian 16 oz. - Art VallARTa\",\"isPartOf\":{\"@id\":\"https:\/\/artvallarta.com\/es\/#website\"},\"primaryImageOfPage\":{\"@id\":\"https:\/\/artvallarta.com\/es\/producto\/amaco-glazes-textura-cocodrilo-lt-13-dalmation-16-oz\/#primaryimage\"},\"image\":{\"@id\":\"https:\/\/artvallarta.com\/es\/producto\/amaco-glazes-textura-cocodrilo-lt-13-dalmation-16-oz\/#primaryimage\"},\"thumbnailUrl\":\"https:\/\/artvallarta.com\/wp-content\/uploads\/2020\/03\/lt13-dalmatian-leaf-tile-2048px.jpg\",\"datePublished\":\"2021-05-05T20:29:14+00:00\",\"dateModified\":\"2021-05-05T20:29:17+00:00\",\"breadcrumb\":{\"@id\":\"https:\/\/artvallarta.com\/es\/producto\/amaco-glazes-textura-cocodrilo-lt-13-dalmation-16-oz\/#breadcrumb\"},\"inLanguage\":\"es\",\"potentialAction\":[{\"@type\":\"ReadAction\",\"target\":[\"https:\/\/artvallarta.com\/es\/producto\/amaco-glazes-textura-cocodrilo-lt-13-dalmation-16-oz\/\"]}]},{\"@type\":\"ImageObject\",\"inLanguage\":\"es\",\"@id\":\"https:\/\/artvallarta.com\/es\/producto\/amaco-glazes-textura-cocodrilo-lt-13-dalmation-16-oz\/#primaryimage\",\"url\":\"https:\/\/artvallarta.com\/wp-content\/uploads\/2020\/03\/lt13-dalmatian-leaf-tile-2048px.jpg\",\"contentUrl\":\"https:\/\/artvallarta.com\/wp-content\/uploads\/2020\/03\/lt13-dalmatian-leaf-tile-2048px.jpg\",\"width\":600,\"height\":600},{\"@type\":\"BreadcrumbList\",\"@id\":\"https:\/\/artvallarta.com\/es\/producto\/amaco-glazes-textura-cocodrilo-lt-13-dalmation-16-oz\/#breadcrumb\",\"itemListElement\":[{\"@type\":\"ListItem\",\"position\":1,\"name\":\"Pagina principal\",\"item\":\"https:\/\/artvallarta.com\/es\/art-vallarta-puerto-vallarta-mexico-home\/\"},{\"@type\":\"ListItem\",\"position\":2,\"name\":\"Shop\",\"item\":\"https:\/\/artvallarta.com\/shop\/\"},{\"@type\":\"ListItem\",\"position\":3,\"name\":\"Amaco Glazes Textured Alligator LT-13 Dalmatian 16 oz.\"}]},{\"@type\":\"WebSite\",\"@id\":\"https:\/\/artvallarta.com\/es\/#website\",\"url\":\"https:\/\/artvallarta.com\/es\/\",\"name\":\"Art VallARTa\",\"description\":\"Art VallARTa\",\"publisher\":{\"@id\":\"https:\/\/artvallarta.com\/es\/#organization\"},\"potentialAction\":[{\"@type\":\"SearchAction\",\"target\":{\"@type\":\"EntryPoint\",\"urlTemplate\":\"https:\/\/artvallarta.com\/es\/?s={search_term_string}\"},\"query-input\":{\"@type\":\"PropertyValueSpecification\",\"valueRequired\":true,\"valueName\":\"search_term_string\"}}],\"inLanguage\":\"es\"},{\"@type\":\"Organization\",\"@id\":\"https:\/\/artvallarta.com\/es\/#organization\",\"name\":\"Art VallARTa\",\"url\":\"https:\/\/artvallarta.com\/es\/\",\"logo\":{\"@type\":\"ImageObject\",\"inLanguage\":\"es\",\"@id\":\"https:\/\/artvallarta.com\/es\/#\/schema\/logo\/image\/\",\"url\":\"https:\/\/artvallarta.com\/wp-content\/uploads\/2019\/02\/51835738_615449708895218_133232196214325248_n.jpg\",\"contentUrl\":\"https:\/\/artvallarta.com\/wp-content\/uploads\/2019\/02\/51835738_615449708895218_133232196214325248_n.jpg\",\"width\":2048,\"height\":1466,\"caption\":\"Art VallARTa\"},\"image\":{\"@id\":\"https:\/\/artvallarta.com\/es\/#\/schema\/logo\/image\/\"},\"sameAs\":[\"http:\/\/www.facebook.com\/artvallarta\",\"http:\/\/www.instagram.com\/artvallarta\",\"http:\/\/www.pinterest\/artvallarta\",\"https:\/\/www.youtube.com\/channel\/UCOqDy2Oyk7EU4tz3S2Gl7kQ\"]}]}<\/script>\n<!-- \/ Yoast SEO plugin. -->","yoast_head_json":{"title":"Amaco Glazes Textured Alligator LT-13 Dalmatian 16 oz. - Art VallARTa","robots":{"index":"index","follow":"follow","max-snippet":"max-snippet:-1","max-image-preview":"max-image-preview:large","max-video-preview":"max-video-preview:-1"},"canonical":"https:\/\/artvallarta.com\/es\/producto\/amaco-glazes-textura-cocodrilo-lt-13-dalmation-16-oz\/","og_locale":"es_ES","og_type":"article","og_title":"Amaco Glazes Textured Alligator LT-13 Dalmatian 16 oz. - Art VallARTa","og_description":"Dalmatian es un esmalte blanco brillante y moteado que tiene una variedad de efectos que dependen de la t\u00e9cnica de","og_url":"https:\/\/artvallarta.com\/es\/producto\/amaco-glazes-textura-cocodrilo-lt-13-dalmation-16-oz\/","og_site_name":"Art VallARTa","article_publisher":"http:\/\/www.facebook.com\/artvallarta","article_modified_time":"2021-05-05T20:29:17+00:00","og_image":[{"width":600,"height":600,"url":"https:\/\/artvallarta.com\/wp-content\/uploads\/2020\/03\/lt13-dalmatian-leaf-tile-2048px.jpg","type":"image\/jpeg"}],"twitter_card":"summary_large_image","schema":{"@context":"https:\/\/schema.org","@graph":[{"@type":"WebPage","@id":"https:\/\/artvallarta.com\/es\/producto\/amaco-glazes-textura-cocodrilo-lt-13-dalmation-16-oz\/","url":"https:\/\/artvallarta.com\/es\/producto\/amaco-glazes-textura-cocodrilo-lt-13-dalmation-16-oz\/","name":"Amaco Glazes Textured Alligator LT-13 Dalmatian 16 oz. - Art VallARTa","isPartOf":{"@id":"https:\/\/artvallarta.com\/es\/#website"},"primaryImageOfPage":{"@id":"https:\/\/artvallarta.com\/es\/producto\/amaco-glazes-textura-cocodrilo-lt-13-dalmation-16-oz\/#primaryimage"},"image":{"@id":"https:\/\/artvallarta.com\/es\/producto\/amaco-glazes-textura-cocodrilo-lt-13-dalmation-16-oz\/#primaryimage"},"thumbnailUrl":"https:\/\/artvallarta.com\/wp-content\/uploads\/2020\/03\/lt13-dalmatian-leaf-tile-2048px.jpg","datePublished":"2021-05-05T20:29:14+00:00","dateModified":"2021-05-05T20:29:17+00:00","breadcrumb":{"@id":"https:\/\/artvallarta.com\/es\/producto\/amaco-glazes-textura-cocodrilo-lt-13-dalmation-16-oz\/#breadcrumb"},"inLanguage":"es","potentialAction":[{"@type":"ReadAction","target":["https:\/\/artvallarta.com\/es\/producto\/amaco-glazes-textura-cocodrilo-lt-13-dalmation-16-oz\/"]}]},{"@type":"ImageObject","inLanguage":"es","@id":"https:\/\/artvallarta.com\/es\/producto\/amaco-glazes-textura-cocodrilo-lt-13-dalmation-16-oz\/#primaryimage","url":"https:\/\/artvallarta.com\/wp-content\/uploads\/2020\/03\/lt13-dalmatian-leaf-tile-2048px.jpg","contentUrl":"https:\/\/artvallarta.com\/wp-content\/uploads\/2020\/03\/lt13-dalmatian-leaf-tile-2048px.jpg","width":600,"height":600},{"@type":"BreadcrumbList","@id":"https:\/\/artvallarta.com\/es\/producto\/amaco-glazes-textura-cocodrilo-lt-13-dalmation-16-oz\/#breadcrumb","itemListElement":[{"@type":"ListItem","position":1,"name":"Pagina principal","item":"https:\/\/artvallarta.com\/es\/art-vallarta-puerto-vallarta-mexico-home\/"},{"@type":"ListItem","position":2,"name":"Shop","item":"https:\/\/artvallarta.com\/shop\/"},{"@type":"ListItem","position":3,"name":"Amaco Glazes Textured Alligator LT-13 Dalmatian 16 oz."}]},{"@type":"WebSite","@id":"https:\/\/artvallarta.com\/es\/#website","url":"https:\/\/artvallarta.com\/es\/","name":"Art VallARTa","description":"Art VallARTa","publisher":{"@id":"https:\/\/artvallarta.com\/es\/#organization"},"potentialAction":[{"@type":"SearchAction","target":{"@type":"EntryPoint","urlTemplate":"https:\/\/artvallarta.com\/es\/?s={search_term_string}"},"query-input":{"@type":"PropertyValueSpecification","valueRequired":true,"valueName":"search_term_string"}}],"inLanguage":"es"},{"@type":"Organization","@id":"https:\/\/artvallarta.com\/es\/#organization","name":"Art VallARTa","url":"https:\/\/artvallarta.com\/es\/","logo":{"@type":"ImageObject","inLanguage":"es","@id":"https:\/\/artvallarta.com\/es\/#\/schema\/logo\/image\/","url":"https:\/\/artvallarta.com\/wp-content\/uploads\/2019\/02\/51835738_615449708895218_133232196214325248_n.jpg","contentUrl":"https:\/\/artvallarta.com\/wp-content\/uploads\/2019\/02\/51835738_615449708895218_133232196214325248_n.jpg","width":2048,"height":1466,"caption":"Art VallARTa"},"image":{"@id":"https:\/\/artvallarta.com\/es\/#\/schema\/logo\/image\/"},"sameAs":["http:\/\/www.facebook.com\/artvallarta","http:\/\/www.instagram.com\/artvallarta","http:\/\/www.pinterest\/artvallarta","https:\/\/www.youtube.com\/channel\/UCOqDy2Oyk7EU4tz3S2Gl7kQ"]}]}},"_links":{"self":[{"href":"https:\/\/artvallarta.com\/es\/wp-json\/wp\/v2\/product\/49747","targetHints":{"allow":["GET"]}}],"collection":[{"href":"https:\/\/artvallarta.com\/es\/wp-json\/wp\/v2\/product"}],"about":[{"href":"https:\/\/artvallarta.com\/es\/wp-json\/wp\/v2\/types\/product"}],"version-history":[{"count":1,"href":"https:\/\/artvallarta.com\/es\/wp-json\/wp\/v2\/product\/49747\/revisions"}],"predecessor-version":[{"id":49750,"href":"https:\/\/artvallarta.com\/es\/wp-json\/wp\/v2\/product\/49747\/revisions\/49750"}],"wp:featuredmedia":[{"embeddable":true,"href":"https:\/\/artvallarta.com\/es\/wp-json\/wp\/v2\/media\/29884"}],"wp:attachment":[{"href":"https:\/\/artvallarta.com\/es\/wp-json\/wp\/v2\/media?parent=49747"}],"wp:term":[{"taxonomy":"product_brand","embeddable":true,"href":"https:\/\/artvallarta.com\/es\/wp-json\/wp\/v2\/product_brand?post=49747"},{"taxonomy":"product_cat","embeddable":true,"href":"https:\/\/artvallarta.com\/es\/wp-json\/wp\/v2\/product_cat?post=49747"},{"taxonomy":"product_tag","embeddable":true,"href":"https:\/\/artvallarta.com\/es\/wp-json\/wp\/v2\/product_tag?post=49747"}],"curies":[{"name":"wp","href":"https:\/\/api.w.org\/{rel}","templated":true}]}}