{"id":49693,"date":"2020-11-23T15:28:54","date_gmt":"2021-05-05T18:48:03","guid":{"rendered":"https:\/\/artvallarta.com\/product\/laguna-clay-lc-201-gold-metallic-lustre-2-gramos\/"},"modified":"2021-11-30T16:41:31","modified_gmt":"2021-11-30T22:41:31","slug":"laguna-clay-lc-201-gold-metallic-lustre-2-gramos","status":"publish","type":"product","link":"https:\/\/artvallarta.com\/es\/producto\/laguna-clay-lc-201-gold-metallic-lustre-2-gramos\/","title":{"rendered":"Laguna Clay LC-201 Gold Metallic Lustre (2 gramos)"},"content":{"rendered":"<p><strong>Brillo met\u00e1lico dorado<\/strong><\/p>\n<p>Los lustres Laguna son un producto sobre esmaltado para agregar decoraci\u00f3n de metales preciosos cocidos a piezas o vidrio ya esmaltados.<\/p>\n<p>Laguna \/ Axner ofrece lustres met\u00e1licos europeos de alta calidad disponibles en dos colores populares. La concentraci\u00f3n de metal del 8% supera a la mayor\u00eda de los dem\u00e1s productos del mercado y proporciona una cobertura excelente y resultados brillantes.<\/p>\n<p>Opaco &#8211; Campo de cocci\u00f3n: Cono 022 a 015. Pruebe para obtener resultados \u00f3ptimos.<\/p>\n<p>Recomendamos un cepillo espec\u00edfico para brillo met\u00e1lico. Aplique con una brocha muy limpia sobre un esmalte suave cocido hasta la madurez (para obtener un alto brillo, aplique sobre un esmalte de alto brillo) observando las precauciones de salud que se indican en el paquete del producto.<br \/>\nSe recomiendan alcoholes minerales para la limpieza con cepillo.<\/p>\n<p>La aplicaci\u00f3n de brillo es una t\u00e9cnica de habilidad. Para informarse, consulte los libros de la<strong> Productos relacionados<\/strong> a continuaci\u00f3n para obtener t\u00e9cnicas detalladas e inspiraci\u00f3n hist\u00f3ricamente informada y, como con cualquier producto, pruebe, pruebe, pruebe antes de aplicar a una obra maestra.<\/p>\n<p>Combustible. Mantener fuera del alcance de los ni\u00f1os. Precauci\u00f3n sanitaria, conforme a ASTM D 4236.<br \/>\nContiene alfa pineno, aceite de trementina y aceite de lavanda; Use una ventilaci\u00f3n adecuada.<\/p>\n","protected":false},"excerpt":{"rendered":"<p>Sobreglaseado de brillo met\u00e1lico dorado para a\u00f1adir decoraci\u00f3n de metales preciosos cocidos a una pieza o vidrio ya esmaltado.<\/p>\n","protected":false},"featured_media":37286,"template":"","meta":[],"product_brand":[],"product_cat":[744,692,743],"product_tag":[],"class_list":{"0":"post-49693","1":"product","2":"type-product","3":"status-publish","4":"has-post-thumbnail","6":"product_cat-amaco-glazes-es","7":"product_cat-art-supplies-es","8":"product_cat-ceramics-es","10":"first","11":"outofstock","12":"taxable","13":"shipping-taxable","14":"purchasable","15":"product-type-simple"},"yoast_head":"<!-- This site is optimized with the Yoast SEO plugin v27.3 - https:\/\/yoast.com\/product\/yoast-seo-wordpress\/ -->\n<title>Laguna Clay LC-201 Gold Metallic Lustre (2 gramos) - Art VallARTa<\/title>\n<meta name=\"robots\" content=\"index, follow, max-snippet:-1, max-image-preview:large, max-video-preview:-1\" \/>\n<link rel=\"canonical\" href=\"https:\/\/artvallarta.com\/es\/producto\/laguna-clay-lc-201-gold-metallic-lustre-2-gramos\/\" \/>\n<meta property=\"og:locale\" content=\"es_ES\" \/>\n<meta property=\"og:type\" content=\"article\" \/>\n<meta property=\"og:title\" content=\"Laguna Clay LC-201 Gold Metallic Lustre (2 gramos) - Art VallARTa\" \/>\n<meta property=\"og:description\" content=\"Sobreglaseado de brillo met\u00e1lico dorado para a\u00f1adir decoraci\u00f3n de metales preciosos cocidos a una pieza o vidrio ya esmaltado.\" \/>\n<meta property=\"og:url\" content=\"https:\/\/artvallarta.com\/es\/producto\/laguna-clay-lc-201-gold-metallic-lustre-2-gramos\/\" \/>\n<meta property=\"og:site_name\" content=\"Art VallARTa\" \/>\n<meta property=\"article:publisher\" content=\"http:\/\/www.facebook.com\/artvallarta\" \/>\n<meta property=\"article:modified_time\" content=\"2021-11-30T22:41:31+00:00\" \/>\n<meta property=\"og:image\" content=\"https:\/\/artvallarta.com\/wp-content\/uploads\/2020\/11\/luster-gold.jpg\" \/>\n\t<meta property=\"og:image:width\" content=\"200\" \/>\n\t<meta property=\"og:image:height\" content=\"300\" \/>\n\t<meta property=\"og:image:type\" content=\"image\/jpeg\" \/>\n<meta name=\"twitter:card\" content=\"summary_large_image\" \/>\n<meta name=\"twitter:label1\" content=\"Tiempo de lectura\" \/>\n\t<meta name=\"twitter:data1\" content=\"1 minuto\" \/>\n<script type=\"application\/ld+json\" class=\"yoast-schema-graph\">{\"@context\":\"https:\\\/\\\/schema.org\",\"@graph\":[{\"@type\":\"WebPage\",\"@id\":\"https:\\\/\\\/artvallarta.com\\\/es\\\/producto\\\/laguna-clay-lc-201-gold-metallic-lustre-2-gramos\\\/\",\"url\":\"https:\\\/\\\/artvallarta.com\\\/es\\\/producto\\\/laguna-clay-lc-201-gold-metallic-lustre-2-gramos\\\/\",\"name\":\"Laguna Clay LC-201 Gold Metallic Lustre (2 gramos) - Art VallARTa\",\"isPartOf\":{\"@id\":\"https:\\\/\\\/artvallarta.com\\\/es\\\/#website\"},\"primaryImageOfPage\":{\"@id\":\"https:\\\/\\\/artvallarta.com\\\/es\\\/producto\\\/laguna-clay-lc-201-gold-metallic-lustre-2-gramos\\\/#primaryimage\"},\"image\":{\"@id\":\"https:\\\/\\\/artvallarta.com\\\/es\\\/producto\\\/laguna-clay-lc-201-gold-metallic-lustre-2-gramos\\\/#primaryimage\"},\"thumbnailUrl\":\"https:\\\/\\\/artvallarta.com\\\/wp-content\\\/uploads\\\/2020\\\/11\\\/luster-gold.jpg\",\"datePublished\":\"2021-05-05T18:48:03+00:00\",\"dateModified\":\"2021-11-30T22:41:31+00:00\",\"breadcrumb\":{\"@id\":\"https:\\\/\\\/artvallarta.com\\\/es\\\/producto\\\/laguna-clay-lc-201-gold-metallic-lustre-2-gramos\\\/#breadcrumb\"},\"inLanguage\":\"es\",\"potentialAction\":[{\"@type\":\"ReadAction\",\"target\":[\"https:\\\/\\\/artvallarta.com\\\/es\\\/producto\\\/laguna-clay-lc-201-gold-metallic-lustre-2-gramos\\\/\"]}]},{\"@type\":\"ImageObject\",\"inLanguage\":\"es\",\"@id\":\"https:\\\/\\\/artvallarta.com\\\/es\\\/producto\\\/laguna-clay-lc-201-gold-metallic-lustre-2-gramos\\\/#primaryimage\",\"url\":\"https:\\\/\\\/artvallarta.com\\\/wp-content\\\/uploads\\\/2020\\\/11\\\/luster-gold.jpg\",\"contentUrl\":\"https:\\\/\\\/artvallarta.com\\\/wp-content\\\/uploads\\\/2020\\\/11\\\/luster-gold.jpg\",\"width\":200,\"height\":300},{\"@type\":\"BreadcrumbList\",\"@id\":\"https:\\\/\\\/artvallarta.com\\\/es\\\/producto\\\/laguna-clay-lc-201-gold-metallic-lustre-2-gramos\\\/#breadcrumb\",\"itemListElement\":[{\"@type\":\"ListItem\",\"position\":1,\"name\":\"Pagina principal\",\"item\":\"https:\\\/\\\/artvallarta.com\\\/es\\\/art-vallarta-puerto-vallarta-mexico-home\\\/\"},{\"@type\":\"ListItem\",\"position\":2,\"name\":\"Shop\",\"item\":\"https:\\\/\\\/artvallarta.com\\\/shop\\\/\"},{\"@type\":\"ListItem\",\"position\":3,\"name\":\"Laguna Clay LC-201 Gold Metallic Lustre (2 gramos)\"}]},{\"@type\":\"WebSite\",\"@id\":\"https:\\\/\\\/artvallarta.com\\\/es\\\/#website\",\"url\":\"https:\\\/\\\/artvallarta.com\\\/es\\\/\",\"name\":\"Art VallARTa\",\"description\":\"Art VallARTa\",\"publisher\":{\"@id\":\"https:\\\/\\\/artvallarta.com\\\/es\\\/#organization\"},\"potentialAction\":[{\"@type\":\"SearchAction\",\"target\":{\"@type\":\"EntryPoint\",\"urlTemplate\":\"https:\\\/\\\/artvallarta.com\\\/es\\\/?s={search_term_string}\"},\"query-input\":{\"@type\":\"PropertyValueSpecification\",\"valueRequired\":true,\"valueName\":\"search_term_string\"}}],\"inLanguage\":\"es\"},{\"@type\":\"Organization\",\"@id\":\"https:\\\/\\\/artvallarta.com\\\/es\\\/#organization\",\"name\":\"Art VallARTa\",\"url\":\"https:\\\/\\\/artvallarta.com\\\/es\\\/\",\"logo\":{\"@type\":\"ImageObject\",\"inLanguage\":\"es\",\"@id\":\"https:\\\/\\\/artvallarta.com\\\/es\\\/#\\\/schema\\\/logo\\\/image\\\/\",\"url\":\"https:\\\/\\\/artvallarta.com\\\/wp-content\\\/uploads\\\/2019\\\/02\\\/51835738_615449708895218_133232196214325248_n.jpg\",\"contentUrl\":\"https:\\\/\\\/artvallarta.com\\\/wp-content\\\/uploads\\\/2019\\\/02\\\/51835738_615449708895218_133232196214325248_n.jpg\",\"width\":2048,\"height\":1466,\"caption\":\"Art VallARTa\"},\"image\":{\"@id\":\"https:\\\/\\\/artvallarta.com\\\/es\\\/#\\\/schema\\\/logo\\\/image\\\/\"},\"sameAs\":[\"http:\\\/\\\/www.facebook.com\\\/artvallarta\",\"http:\\\/\\\/www.instagram.com\\\/artvallarta\",\"http:\\\/\\\/www.pinterest\\\/artvallarta\",\"https:\\\/\\\/www.youtube.com\\\/channel\\\/UCOqDy2Oyk7EU4tz3S2Gl7kQ\"]}]}<\/script>\n<!-- \/ Yoast SEO plugin. -->","yoast_head_json":{"title":"Laguna Clay LC-201 Gold Metallic Lustre (2 gramos) - Art VallARTa","robots":{"index":"index","follow":"follow","max-snippet":"max-snippet:-1","max-image-preview":"max-image-preview:large","max-video-preview":"max-video-preview:-1"},"canonical":"https:\/\/artvallarta.com\/es\/producto\/laguna-clay-lc-201-gold-metallic-lustre-2-gramos\/","og_locale":"es_ES","og_type":"article","og_title":"Laguna Clay LC-201 Gold Metallic Lustre (2 gramos) - Art VallARTa","og_description":"Sobreglaseado de brillo met\u00e1lico dorado para a\u00f1adir decoraci\u00f3n de metales preciosos cocidos a una pieza o vidrio ya esmaltado.","og_url":"https:\/\/artvallarta.com\/es\/producto\/laguna-clay-lc-201-gold-metallic-lustre-2-gramos\/","og_site_name":"Art VallARTa","article_publisher":"http:\/\/www.facebook.com\/artvallarta","article_modified_time":"2021-11-30T22:41:31+00:00","og_image":[{"width":200,"height":300,"url":"https:\/\/artvallarta.com\/wp-content\/uploads\/2020\/11\/luster-gold.jpg","type":"image\/jpeg"}],"twitter_card":"summary_large_image","twitter_misc":{"Tiempo de lectura":"1 minuto"},"schema":{"@context":"https:\/\/schema.org","@graph":[{"@type":"WebPage","@id":"https:\/\/artvallarta.com\/es\/producto\/laguna-clay-lc-201-gold-metallic-lustre-2-gramos\/","url":"https:\/\/artvallarta.com\/es\/producto\/laguna-clay-lc-201-gold-metallic-lustre-2-gramos\/","name":"Laguna Clay LC-201 Gold Metallic Lustre (2 gramos) - Art VallARTa","isPartOf":{"@id":"https:\/\/artvallarta.com\/es\/#website"},"primaryImageOfPage":{"@id":"https:\/\/artvallarta.com\/es\/producto\/laguna-clay-lc-201-gold-metallic-lustre-2-gramos\/#primaryimage"},"image":{"@id":"https:\/\/artvallarta.com\/es\/producto\/laguna-clay-lc-201-gold-metallic-lustre-2-gramos\/#primaryimage"},"thumbnailUrl":"https:\/\/artvallarta.com\/wp-content\/uploads\/2020\/11\/luster-gold.jpg","datePublished":"2021-05-05T18:48:03+00:00","dateModified":"2021-11-30T22:41:31+00:00","breadcrumb":{"@id":"https:\/\/artvallarta.com\/es\/producto\/laguna-clay-lc-201-gold-metallic-lustre-2-gramos\/#breadcrumb"},"inLanguage":"es","potentialAction":[{"@type":"ReadAction","target":["https:\/\/artvallarta.com\/es\/producto\/laguna-clay-lc-201-gold-metallic-lustre-2-gramos\/"]}]},{"@type":"ImageObject","inLanguage":"es","@id":"https:\/\/artvallarta.com\/es\/producto\/laguna-clay-lc-201-gold-metallic-lustre-2-gramos\/#primaryimage","url":"https:\/\/artvallarta.com\/wp-content\/uploads\/2020\/11\/luster-gold.jpg","contentUrl":"https:\/\/artvallarta.com\/wp-content\/uploads\/2020\/11\/luster-gold.jpg","width":200,"height":300},{"@type":"BreadcrumbList","@id":"https:\/\/artvallarta.com\/es\/producto\/laguna-clay-lc-201-gold-metallic-lustre-2-gramos\/#breadcrumb","itemListElement":[{"@type":"ListItem","position":1,"name":"Pagina principal","item":"https:\/\/artvallarta.com\/es\/art-vallarta-puerto-vallarta-mexico-home\/"},{"@type":"ListItem","position":2,"name":"Shop","item":"https:\/\/artvallarta.com\/shop\/"},{"@type":"ListItem","position":3,"name":"Laguna Clay LC-201 Gold Metallic Lustre (2 gramos)"}]},{"@type":"WebSite","@id":"https:\/\/artvallarta.com\/es\/#website","url":"https:\/\/artvallarta.com\/es\/","name":"Art VallARTa","description":"Art VallARTa","publisher":{"@id":"https:\/\/artvallarta.com\/es\/#organization"},"potentialAction":[{"@type":"SearchAction","target":{"@type":"EntryPoint","urlTemplate":"https:\/\/artvallarta.com\/es\/?s={search_term_string}"},"query-input":{"@type":"PropertyValueSpecification","valueRequired":true,"valueName":"search_term_string"}}],"inLanguage":"es"},{"@type":"Organization","@id":"https:\/\/artvallarta.com\/es\/#organization","name":"Art VallARTa","url":"https:\/\/artvallarta.com\/es\/","logo":{"@type":"ImageObject","inLanguage":"es","@id":"https:\/\/artvallarta.com\/es\/#\/schema\/logo\/image\/","url":"https:\/\/artvallarta.com\/wp-content\/uploads\/2019\/02\/51835738_615449708895218_133232196214325248_n.jpg","contentUrl":"https:\/\/artvallarta.com\/wp-content\/uploads\/2019\/02\/51835738_615449708895218_133232196214325248_n.jpg","width":2048,"height":1466,"caption":"Art VallARTa"},"image":{"@id":"https:\/\/artvallarta.com\/es\/#\/schema\/logo\/image\/"},"sameAs":["http:\/\/www.facebook.com\/artvallarta","http:\/\/www.instagram.com\/artvallarta","http:\/\/www.pinterest\/artvallarta","https:\/\/www.youtube.com\/channel\/UCOqDy2Oyk7EU4tz3S2Gl7kQ"]}]}},"_links":{"self":[{"href":"https:\/\/artvallarta.com\/es\/wp-json\/wp\/v2\/product\/49693","targetHints":{"allow":["GET"]}}],"collection":[{"href":"https:\/\/artvallarta.com\/es\/wp-json\/wp\/v2\/product"}],"about":[{"href":"https:\/\/artvallarta.com\/es\/wp-json\/wp\/v2\/types\/product"}],"version-history":[{"count":1,"href":"https:\/\/artvallarta.com\/es\/wp-json\/wp\/v2\/product\/49693\/revisions"}],"predecessor-version":[{"id":49696,"href":"https:\/\/artvallarta.com\/es\/wp-json\/wp\/v2\/product\/49693\/revisions\/49696"}],"wp:featuredmedia":[{"embeddable":true,"href":"https:\/\/artvallarta.com\/es\/wp-json\/wp\/v2\/media\/37286"}],"wp:attachment":[{"href":"https:\/\/artvallarta.com\/es\/wp-json\/wp\/v2\/media?parent=49693"}],"wp:term":[{"taxonomy":"product_brand","embeddable":true,"href":"https:\/\/artvallarta.com\/es\/wp-json\/wp\/v2\/product_brand?post=49693"},{"taxonomy":"product_cat","embeddable":true,"href":"https:\/\/artvallarta.com\/es\/wp-json\/wp\/v2\/product_cat?post=49693"},{"taxonomy":"product_tag","embeddable":true,"href":"https:\/\/artvallarta.com\/es\/wp-json\/wp\/v2\/product_tag?post=49693"}],"curies":[{"name":"wp","href":"https:\/\/api.w.org\/{rel}","templated":true}]}}