{"id":47166,"date":"2019-02-21T13:17:21","date_gmt":"2019-02-21T19:17:21","guid":{"rendered":"https:\/\/artvallarta.com\/product\/torneado-de-arcilla\/"},"modified":"2021-05-14T11:15:55","modified_gmt":"2021-05-14T16:15:55","slug":"introduction-to-wheel-throwing","status":"publish","type":"product","link":"https:\/\/artvallarta.com\/es\/producto\/introduction-to-wheel-throwing\/","title":{"rendered":"Modelado de arcilla con torno el\u00e9ctrico"},"content":{"rendered":"","protected":false},"excerpt":{"rendered":"<p>Clase disponible los viernes de 1:00 p.m. a 3:00 p.m.<\/p>\n<p>Se requerir\u00e1n m\u00e1scaras faciales, as\u00ed como seguir el protocolo de salud \/ seguridad publicado<\/p>\n<p>Los estudiantes ser\u00e1n guiados en instrucci\u00f3n basada en demostraci\u00f3n en el torno de alfarero el\u00e9ctrico con pr\u00e1ctica, cada estudiante obtiene su propio torno para usar durante la clase.<\/p>\n<p>Aprender\u00e1s t\u00e9cnicas b\u00e1sicas, necesarias para progresar como artista en arcilla utilizando el torno de alfarero y varias t\u00e9cnicas que ofrece. Se recomienda tomar al menos 3 clases para ver sus piezas cer\u00e1micas terminadas.<\/p>\n<p>Todos los estudiantes deber\u00e1n comprar inicialmente un kit de arcilla\/pasta, que incluye 12.5 lbs de arcilla\/pasta, vidriado y cocci\u00f3n (programado). El costo del kit de 465 (12.5 lbs) o 925 (25 lbs) pesos se agregar\u00e1 a su primera clase reservada. Cualquier clase adicional reservada podr\u00e1 optar por no usar el kit de arcilla, hasta que necesite m\u00e1s arcilla. Tambi\u00e9n se requerir\u00e1 un juego de herramientas a 532.00 pesos.<\/p>\n<p>&nbsp;<\/p>\n","protected":false},"featured_media":47368,"template":"","meta":[],"product_brand":[],"product_cat":[688,916,690],"product_tag":[],"class_list":{"0":"post-47166","1":"product","2":"type-product","3":"status-publish","4":"has-post-thumbnail","6":"product_cat-clases","7":"product_cat-ceramics-classes-es","8":"product_cat-clases-destacadas","9":"wcpv_product_vendors-ryan-pickle-es","11":"first","12":"instock","13":"virtual","14":"taxable","15":"purchasable","16":"product-type-simple"},"yoast_head":"<!-- This site is optimized with the Yoast SEO plugin v27.3 - https:\/\/yoast.com\/product\/yoast-seo-wordpress\/ -->\n<title>Modelado de arcilla con torno el\u00e9ctrico - Art VallARTa Puerto Vallarta Mexico<\/title>\n<meta name=\"description\" content=\"Los estudiantes ser\u00e1n guiados en instrucci\u00f3n basada en demostraci\u00f3n en el torno de alfarero el\u00e9ctrico con pr\u00e1ctica, cada estudiante obtiene su propio torno para usar durante la clase. Aprender\u00e1s t\u00e9cnicas b\u00e1sicas, necesarias para progresar como artista en arcilla utilizando el torno de alfarero y la mir\u00edada de t\u00e9cnicas que ofrece.\" \/>\n<meta name=\"robots\" content=\"noindex, follow\" \/>\n<meta property=\"og:locale\" content=\"es_ES\" \/>\n<meta property=\"og:type\" content=\"article\" \/>\n<meta property=\"og:title\" content=\"Modelado de arcilla con torno el\u00e9ctrico - Art VallARTa Puerto Vallarta Mexico\" \/>\n<meta property=\"og:description\" content=\"Los estudiantes ser\u00e1n guiados en instrucci\u00f3n basada en demostraci\u00f3n en el torno de alfarero el\u00e9ctrico con pr\u00e1ctica, cada estudiante obtiene su propio torno para usar durante la clase. Aprender\u00e1s t\u00e9cnicas b\u00e1sicas, necesarias para progresar como artista en arcilla utilizando el torno de alfarero y la mir\u00edada de t\u00e9cnicas que ofrece.\" \/>\n<meta property=\"og:url\" content=\"https:\/\/artvallarta.com\/es\/producto\/introduction-to-wheel-throwing\/\" \/>\n<meta property=\"og:site_name\" content=\"Art VallARTa\" \/>\n<meta property=\"article:publisher\" content=\"http:\/\/www.facebook.com\/artvallarta\" \/>\n<meta property=\"article:modified_time\" content=\"2021-05-14T16:15:55+00:00\" \/>\n<meta property=\"og:image\" content=\"https:\/\/artvallarta.com\/wp-content\/uploads\/2019\/02\/IMG_20210226_133027-scaled.jpg\" \/>\n\t<meta property=\"og:image:width\" content=\"1920\" \/>\n\t<meta property=\"og:image:height\" content=\"2560\" \/>\n\t<meta property=\"og:image:type\" content=\"image\/jpeg\" \/>\n<meta name=\"twitter:card\" content=\"summary_large_image\" \/>\n<script type=\"application\/ld+json\" class=\"yoast-schema-graph\">{\"@context\":\"https:\\\/\\\/schema.org\",\"@graph\":[{\"@type\":\"WebPage\",\"@id\":\"https:\\\/\\\/artvallarta.com\\\/es\\\/producto\\\/introduction-to-wheel-throwing\\\/\",\"url\":\"https:\\\/\\\/artvallarta.com\\\/es\\\/producto\\\/introduction-to-wheel-throwing\\\/\",\"name\":\"Modelado de arcilla con torno el\u00e9ctrico - Art VallARTa Puerto Vallarta Mexico\",\"isPartOf\":{\"@id\":\"https:\\\/\\\/artvallarta.com\\\/es\\\/#website\"},\"primaryImageOfPage\":{\"@id\":\"https:\\\/\\\/artvallarta.com\\\/es\\\/producto\\\/introduction-to-wheel-throwing\\\/#primaryimage\"},\"image\":{\"@id\":\"https:\\\/\\\/artvallarta.com\\\/es\\\/producto\\\/introduction-to-wheel-throwing\\\/#primaryimage\"},\"thumbnailUrl\":\"https:\\\/\\\/artvallarta.com\\\/wp-content\\\/uploads\\\/2019\\\/02\\\/IMG_20210226_133027-scaled.jpg\",\"datePublished\":\"2019-02-21T19:17:21+00:00\",\"dateModified\":\"2021-05-14T16:15:55+00:00\",\"description\":\"Los estudiantes ser\u00e1n guiados en instrucci\u00f3n basada en demostraci\u00f3n en el torno de alfarero el\u00e9ctrico con pr\u00e1ctica, cada estudiante obtiene su propio torno para usar durante la clase. Aprender\u00e1s t\u00e9cnicas b\u00e1sicas, necesarias para progresar como artista en arcilla utilizando el torno de alfarero y la mir\u00edada de t\u00e9cnicas que ofrece.\",\"breadcrumb\":{\"@id\":\"https:\\\/\\\/artvallarta.com\\\/es\\\/producto\\\/introduction-to-wheel-throwing\\\/#breadcrumb\"},\"inLanguage\":\"es\",\"potentialAction\":[{\"@type\":\"ReadAction\",\"target\":[\"https:\\\/\\\/artvallarta.com\\\/es\\\/producto\\\/introduction-to-wheel-throwing\\\/\"]}]},{\"@type\":\"ImageObject\",\"inLanguage\":\"es\",\"@id\":\"https:\\\/\\\/artvallarta.com\\\/es\\\/producto\\\/introduction-to-wheel-throwing\\\/#primaryimage\",\"url\":\"https:\\\/\\\/artvallarta.com\\\/wp-content\\\/uploads\\\/2019\\\/02\\\/IMG_20210226_133027-scaled.jpg\",\"contentUrl\":\"https:\\\/\\\/artvallarta.com\\\/wp-content\\\/uploads\\\/2019\\\/02\\\/IMG_20210226_133027-scaled.jpg\",\"width\":1920,\"height\":2560},{\"@type\":\"BreadcrumbList\",\"@id\":\"https:\\\/\\\/artvallarta.com\\\/es\\\/producto\\\/introduction-to-wheel-throwing\\\/#breadcrumb\",\"itemListElement\":[{\"@type\":\"ListItem\",\"position\":1,\"name\":\"Pagina principal\",\"item\":\"https:\\\/\\\/artvallarta.com\\\/es\\\/art-vallarta-puerto-vallarta-mexico-home\\\/\"},{\"@type\":\"ListItem\",\"position\":2,\"name\":\"Shop\",\"item\":\"https:\\\/\\\/artvallarta.com\\\/shop\\\/\"},{\"@type\":\"ListItem\",\"position\":3,\"name\":\"Modelado de arcilla con torno el\u00e9ctrico\"}]},{\"@type\":\"WebSite\",\"@id\":\"https:\\\/\\\/artvallarta.com\\\/es\\\/#website\",\"url\":\"https:\\\/\\\/artvallarta.com\\\/es\\\/\",\"name\":\"Art VallARTa\",\"description\":\"Art VallARTa\",\"publisher\":{\"@id\":\"https:\\\/\\\/artvallarta.com\\\/es\\\/#organization\"},\"potentialAction\":[{\"@type\":\"SearchAction\",\"target\":{\"@type\":\"EntryPoint\",\"urlTemplate\":\"https:\\\/\\\/artvallarta.com\\\/es\\\/?s={search_term_string}\"},\"query-input\":{\"@type\":\"PropertyValueSpecification\",\"valueRequired\":true,\"valueName\":\"search_term_string\"}}],\"inLanguage\":\"es\"},{\"@type\":\"Organization\",\"@id\":\"https:\\\/\\\/artvallarta.com\\\/es\\\/#organization\",\"name\":\"Art VallARTa\",\"url\":\"https:\\\/\\\/artvallarta.com\\\/es\\\/\",\"logo\":{\"@type\":\"ImageObject\",\"inLanguage\":\"es\",\"@id\":\"https:\\\/\\\/artvallarta.com\\\/es\\\/#\\\/schema\\\/logo\\\/image\\\/\",\"url\":\"https:\\\/\\\/artvallarta.com\\\/wp-content\\\/uploads\\\/2019\\\/02\\\/51835738_615449708895218_133232196214325248_n.jpg\",\"contentUrl\":\"https:\\\/\\\/artvallarta.com\\\/wp-content\\\/uploads\\\/2019\\\/02\\\/51835738_615449708895218_133232196214325248_n.jpg\",\"width\":2048,\"height\":1466,\"caption\":\"Art VallARTa\"},\"image\":{\"@id\":\"https:\\\/\\\/artvallarta.com\\\/es\\\/#\\\/schema\\\/logo\\\/image\\\/\"},\"sameAs\":[\"http:\\\/\\\/www.facebook.com\\\/artvallarta\",\"http:\\\/\\\/www.instagram.com\\\/artvallarta\",\"http:\\\/\\\/www.pinterest\\\/artvallarta\",\"https:\\\/\\\/www.youtube.com\\\/channel\\\/UCOqDy2Oyk7EU4tz3S2Gl7kQ\"]}]}<\/script>\n<!-- \/ Yoast SEO plugin. -->","yoast_head_json":{"title":"Modelado de arcilla con torno el\u00e9ctrico - Art VallARTa Puerto Vallarta Mexico","description":"Los estudiantes ser\u00e1n guiados en instrucci\u00f3n basada en demostraci\u00f3n en el torno de alfarero el\u00e9ctrico con pr\u00e1ctica, cada estudiante obtiene su propio torno para usar durante la clase. Aprender\u00e1s t\u00e9cnicas b\u00e1sicas, necesarias para progresar como artista en arcilla utilizando el torno de alfarero y la mir\u00edada de t\u00e9cnicas que ofrece.","robots":{"index":"noindex","follow":"follow"},"og_locale":"es_ES","og_type":"article","og_title":"Modelado de arcilla con torno el\u00e9ctrico - Art VallARTa Puerto Vallarta Mexico","og_description":"Los estudiantes ser\u00e1n guiados en instrucci\u00f3n basada en demostraci\u00f3n en el torno de alfarero el\u00e9ctrico con pr\u00e1ctica, cada estudiante obtiene su propio torno para usar durante la clase. Aprender\u00e1s t\u00e9cnicas b\u00e1sicas, necesarias para progresar como artista en arcilla utilizando el torno de alfarero y la mir\u00edada de t\u00e9cnicas que ofrece.","og_url":"https:\/\/artvallarta.com\/es\/producto\/introduction-to-wheel-throwing\/","og_site_name":"Art VallARTa","article_publisher":"http:\/\/www.facebook.com\/artvallarta","article_modified_time":"2021-05-14T16:15:55+00:00","og_image":[{"width":1920,"height":2560,"url":"https:\/\/artvallarta.com\/wp-content\/uploads\/2019\/02\/IMG_20210226_133027-scaled.jpg","type":"image\/jpeg"}],"twitter_card":"summary_large_image","schema":{"@context":"https:\/\/schema.org","@graph":[{"@type":"WebPage","@id":"https:\/\/artvallarta.com\/es\/producto\/introduction-to-wheel-throwing\/","url":"https:\/\/artvallarta.com\/es\/producto\/introduction-to-wheel-throwing\/","name":"Modelado de arcilla con torno el\u00e9ctrico - Art VallARTa Puerto Vallarta Mexico","isPartOf":{"@id":"https:\/\/artvallarta.com\/es\/#website"},"primaryImageOfPage":{"@id":"https:\/\/artvallarta.com\/es\/producto\/introduction-to-wheel-throwing\/#primaryimage"},"image":{"@id":"https:\/\/artvallarta.com\/es\/producto\/introduction-to-wheel-throwing\/#primaryimage"},"thumbnailUrl":"https:\/\/artvallarta.com\/wp-content\/uploads\/2019\/02\/IMG_20210226_133027-scaled.jpg","datePublished":"2019-02-21T19:17:21+00:00","dateModified":"2021-05-14T16:15:55+00:00","description":"Los estudiantes ser\u00e1n guiados en instrucci\u00f3n basada en demostraci\u00f3n en el torno de alfarero el\u00e9ctrico con pr\u00e1ctica, cada estudiante obtiene su propio torno para usar durante la clase. Aprender\u00e1s t\u00e9cnicas b\u00e1sicas, necesarias para progresar como artista en arcilla utilizando el torno de alfarero y la mir\u00edada de t\u00e9cnicas que ofrece.","breadcrumb":{"@id":"https:\/\/artvallarta.com\/es\/producto\/introduction-to-wheel-throwing\/#breadcrumb"},"inLanguage":"es","potentialAction":[{"@type":"ReadAction","target":["https:\/\/artvallarta.com\/es\/producto\/introduction-to-wheel-throwing\/"]}]},{"@type":"ImageObject","inLanguage":"es","@id":"https:\/\/artvallarta.com\/es\/producto\/introduction-to-wheel-throwing\/#primaryimage","url":"https:\/\/artvallarta.com\/wp-content\/uploads\/2019\/02\/IMG_20210226_133027-scaled.jpg","contentUrl":"https:\/\/artvallarta.com\/wp-content\/uploads\/2019\/02\/IMG_20210226_133027-scaled.jpg","width":1920,"height":2560},{"@type":"BreadcrumbList","@id":"https:\/\/artvallarta.com\/es\/producto\/introduction-to-wheel-throwing\/#breadcrumb","itemListElement":[{"@type":"ListItem","position":1,"name":"Pagina principal","item":"https:\/\/artvallarta.com\/es\/art-vallarta-puerto-vallarta-mexico-home\/"},{"@type":"ListItem","position":2,"name":"Shop","item":"https:\/\/artvallarta.com\/shop\/"},{"@type":"ListItem","position":3,"name":"Modelado de arcilla con torno el\u00e9ctrico"}]},{"@type":"WebSite","@id":"https:\/\/artvallarta.com\/es\/#website","url":"https:\/\/artvallarta.com\/es\/","name":"Art VallARTa","description":"Art VallARTa","publisher":{"@id":"https:\/\/artvallarta.com\/es\/#organization"},"potentialAction":[{"@type":"SearchAction","target":{"@type":"EntryPoint","urlTemplate":"https:\/\/artvallarta.com\/es\/?s={search_term_string}"},"query-input":{"@type":"PropertyValueSpecification","valueRequired":true,"valueName":"search_term_string"}}],"inLanguage":"es"},{"@type":"Organization","@id":"https:\/\/artvallarta.com\/es\/#organization","name":"Art VallARTa","url":"https:\/\/artvallarta.com\/es\/","logo":{"@type":"ImageObject","inLanguage":"es","@id":"https:\/\/artvallarta.com\/es\/#\/schema\/logo\/image\/","url":"https:\/\/artvallarta.com\/wp-content\/uploads\/2019\/02\/51835738_615449708895218_133232196214325248_n.jpg","contentUrl":"https:\/\/artvallarta.com\/wp-content\/uploads\/2019\/02\/51835738_615449708895218_133232196214325248_n.jpg","width":2048,"height":1466,"caption":"Art VallARTa"},"image":{"@id":"https:\/\/artvallarta.com\/es\/#\/schema\/logo\/image\/"},"sameAs":["http:\/\/www.facebook.com\/artvallarta","http:\/\/www.instagram.com\/artvallarta","http:\/\/www.pinterest\/artvallarta","https:\/\/www.youtube.com\/channel\/UCOqDy2Oyk7EU4tz3S2Gl7kQ"]}]}},"_links":{"self":[{"href":"https:\/\/artvallarta.com\/es\/wp-json\/wp\/v2\/product\/47166","targetHints":{"allow":["GET"]}}],"collection":[{"href":"https:\/\/artvallarta.com\/es\/wp-json\/wp\/v2\/product"}],"about":[{"href":"https:\/\/artvallarta.com\/es\/wp-json\/wp\/v2\/types\/product"}],"version-history":[{"count":6,"href":"https:\/\/artvallarta.com\/es\/wp-json\/wp\/v2\/product\/47166\/revisions"}],"predecessor-version":[{"id":63092,"href":"https:\/\/artvallarta.com\/es\/wp-json\/wp\/v2\/product\/47166\/revisions\/63092"}],"wp:featuredmedia":[{"embeddable":true,"href":"https:\/\/artvallarta.com\/es\/wp-json\/wp\/v2\/media\/47368"}],"wp:attachment":[{"href":"https:\/\/artvallarta.com\/es\/wp-json\/wp\/v2\/media?parent=47166"}],"wp:term":[{"taxonomy":"product_brand","embeddable":true,"href":"https:\/\/artvallarta.com\/es\/wp-json\/wp\/v2\/product_brand?post=47166"},{"taxonomy":"product_cat","embeddable":true,"href":"https:\/\/artvallarta.com\/es\/wp-json\/wp\/v2\/product_cat?post=47166"},{"taxonomy":"product_tag","embeddable":true,"href":"https:\/\/artvallarta.com\/es\/wp-json\/wp\/v2\/product_tag?post=47166"}],"curies":[{"name":"wp","href":"https:\/\/api.w.org\/{rel}","templated":true}]}}