{"id":46892,"date":"2020-01-09T16:07:47","date_gmt":"2020-01-09T22:07:47","guid":{"rendered":"https:\/\/artvallarta.com\/product\/clase-de-pintura-acrilica-estilo-libre\/"},"modified":"2021-05-14T10:54:33","modified_gmt":"2021-05-14T15:54:33","slug":"freestyle-acrylic-painting-class","status":"publish","type":"product","link":"https:\/\/artvallarta.com\/es\/producto\/freestyle-acrylic-painting-class\/","title":{"rendered":"Pintura acr\u00edlica de estilo libre"},"content":{"rendered":"<p>Pintura acr\u00edlica de estilo libre es una clase en la que puedes hacer cualquier tema de una pintura que te gustar\u00eda mientras aprendes.<\/p>\n<p>\u00bfTiene una idea de pintura que le gustar\u00eda pintar y le gustar\u00eda hacerlo con el apoyo de un instructor? Esta clase es ideal para ti! Esta es una clase excelente para un pintor principiante, estudiante o recreativo que disfruta estar rodeado de otros pintores.<\/p>\n<p>El material para pintar ideas tambi\u00e9n est\u00e1 en el estudio para que puedas inspirarte con tus proyectos.<\/p>\n<p>Ernesto Guerra ser\u00e1 el instructor principal de esta clase que ocurre una vez a la semana. Podr\u00e1s dejar tu pintura en el estudio de clase en clase o llevarte tu lienzo a casa para continuar en tu tiempo libre. El estudio tiene caballetes de piso y mesa para que pueda configurar su \u00e1rea. Ernesto ofrecer\u00e1 instrucci\u00f3n b\u00e1sica y ofrecer\u00e1 cr\u00edticas y orientaci\u00f3n cuando lo desee. Ernesto es un maestro encantador y amable, y su obra tambi\u00e9n aparece en ART VallARTA.<\/p>\n<p>Si eres un turista a corto plazo, esta clase tambi\u00e9n ofrecer\u00e1 suministros b\u00e1sicos y la tienda ART VallARTa en el nivel del suelo tiene lienzos de muchos tama\u00f1os y cualquier suministro adicional que quieras usar durante o despu\u00e9s de la clase. Ernesto habla ingl\u00e9s y espa\u00f1ol con fluidez. S\u00e1bados 1:00 pm &#8211; 4:00 pm &#8211; 10:00 am-1:00pm a partir del 1 de mayo de 2021<\/p>\n<p>&nbsp;<\/p>\n<p>&nbsp;<\/p>\n","protected":false},"excerpt":{"rendered":"<p>Pintura acr\u00edlica de estilo libre es una clase en la que puedes hacer cualquier tema de una pintura que te gustar\u00eda mientras aprendes.<\/p>\n<p>\u00bfTiene una idea de pintura que le gustar\u00eda pintar y le gustar\u00eda hacerlo con el apoyo de un instructor? Esta clase es ideal para ti! Esta es una clase excelente para un pintor principiante, estudiante o recreativo que disfruta estar rodeado de otros pintores.<\/p>\n<p>El material para pintar ideas tambi\u00e9n est\u00e1 en el estudio para que puedas inspirarte con tus proyectos.<\/p>\n<p>Ernesto Guerra ser\u00e1 el instructor principal de esta clase que ocurre una vez a la semana. Podr\u00e1s dejar tu pintura en el estudio de clase en clase o llevarte tu lienzo a casa para continuar en tu tiempo libre. El estudio tiene caballetes de piso y mesa para que pueda configurar su \u00e1rea. Ernesto ofrecer\u00e1 instrucci\u00f3n b\u00e1sica y ofrecer\u00e1 cr\u00edticas y orientaci\u00f3n cuando lo desee. Ernesto es un maestro encantador y amable, y su obra tambi\u00e9n aparece en ART VallARTA.<\/p>\n<p>Si eres un turista a corto plazo, esta clase tambi\u00e9n ofrecer\u00e1 suministros b\u00e1sicos y la tienda ART VallARTa en el nivel del suelo tiene lienzos de muchos tama\u00f1os y cualquier suministro adicional que quieras usar durante o despu\u00e9s de la clase. Ernesto habla ingl\u00e9s y espa\u00f1ol con fluidez. S\u00e1bados 1:00 pm &#8211; 4:00 pm &#8211; 10:00 am-1:00pm a partir del 1 de mayo de 2021<\/p>\n<p>&nbsp;<\/p>\n<p>&nbsp;<\/p>\n","protected":false},"featured_media":46981,"template":"","meta":[],"product_brand":[],"product_cat":[925,688,920,690],"product_tag":[],"class_list":{"0":"post-46892","1":"product","2":"type-product","3":"status-publish","4":"has-post-thumbnail","6":"product_cat-2020-dia-de-los-muertos-es","7":"product_cat-clases","8":"product_cat-painting-classes-es","9":"product_cat-clases-destacadas","10":"wcpv_product_vendors-ernesto-guerra-es","12":"first","13":"instock","14":"virtual","15":"taxable","16":"purchasable","17":"product-type-simple"},"yoast_head":"<!-- This site is optimized with the Yoast SEO plugin v27.3 - https:\/\/yoast.com\/product\/yoast-seo-wordpress\/ -->\n<title>Pintura acr\u00edlica de estilo libre - Art VallARTa Puerto Vallarta Mexico<\/title>\n<meta name=\"description\" content=\"Freestyle Acrylic Painting is a class where you get to do whatever theme of a painting you would like while learning. Do you have a painting idea you would like to paint and would like to do it with the guidance of an instructor? This class is great for a beginner, student or recreational painter who enjoys being around other painters.\" \/>\n<meta name=\"robots\" content=\"noindex, follow\" \/>\n<meta property=\"og:locale\" content=\"es_ES\" \/>\n<meta property=\"og:type\" content=\"article\" \/>\n<meta property=\"og:title\" content=\"Pintura acr\u00edlica de estilo libre - Art VallARTa Puerto Vallarta Mexico\" \/>\n<meta property=\"og:description\" content=\"Freestyle Acrylic Painting is a class where you get to do whatever theme of a painting you would like while learning. Do you have a painting idea you would like to paint and would like to do it with the guidance of an instructor? This class is great for a beginner, student or recreational painter who enjoys being around other painters.\" \/>\n<meta property=\"og:url\" content=\"https:\/\/artvallarta.com\/es\/producto\/freestyle-acrylic-painting-class\/\" \/>\n<meta property=\"og:site_name\" content=\"Art VallARTa\" \/>\n<meta property=\"article:publisher\" content=\"http:\/\/www.facebook.com\/artvallarta\" \/>\n<meta property=\"article:modified_time\" content=\"2021-05-14T15:54:33+00:00\" \/>\n<meta property=\"og:image\" content=\"https:\/\/artvallarta.com\/wp-content\/uploads\/2020\/01\/IMG_9053-576x1024.png\" \/>\n\t<meta property=\"og:image:width\" content=\"576\" \/>\n\t<meta property=\"og:image:height\" content=\"1024\" \/>\n\t<meta property=\"og:image:type\" content=\"image\/png\" \/>\n<meta name=\"twitter:card\" content=\"summary_large_image\" \/>\n<meta name=\"twitter:label1\" content=\"Tiempo de lectura\" \/>\n\t<meta name=\"twitter:data1\" content=\"1 minuto\" \/>\n<script type=\"application\/ld+json\" class=\"yoast-schema-graph\">{\"@context\":\"https:\\\/\\\/schema.org\",\"@graph\":[{\"@type\":\"WebPage\",\"@id\":\"https:\\\/\\\/artvallarta.com\\\/es\\\/producto\\\/freestyle-acrylic-painting-class\\\/\",\"url\":\"https:\\\/\\\/artvallarta.com\\\/es\\\/producto\\\/freestyle-acrylic-painting-class\\\/\",\"name\":\"Pintura acr\u00edlica de estilo libre - Art VallARTa Puerto Vallarta Mexico\",\"isPartOf\":{\"@id\":\"https:\\\/\\\/artvallarta.com\\\/es\\\/#website\"},\"primaryImageOfPage\":{\"@id\":\"https:\\\/\\\/artvallarta.com\\\/es\\\/producto\\\/freestyle-acrylic-painting-class\\\/#primaryimage\"},\"image\":{\"@id\":\"https:\\\/\\\/artvallarta.com\\\/es\\\/producto\\\/freestyle-acrylic-painting-class\\\/#primaryimage\"},\"thumbnailUrl\":\"https:\\\/\\\/artvallarta.com\\\/wp-content\\\/uploads\\\/2020\\\/01\\\/IMG_9053.png\",\"datePublished\":\"2020-01-09T22:07:47+00:00\",\"dateModified\":\"2021-05-14T15:54:33+00:00\",\"description\":\"Freestyle Acrylic Painting is a class where you get to do whatever theme of a painting you would like while learning. Do you have a painting idea you would like to paint and would like to do it with the guidance of an instructor? This class is great for a beginner, student or recreational painter who enjoys being around other painters.\",\"breadcrumb\":{\"@id\":\"https:\\\/\\\/artvallarta.com\\\/es\\\/producto\\\/freestyle-acrylic-painting-class\\\/#breadcrumb\"},\"inLanguage\":\"es\",\"potentialAction\":[{\"@type\":\"ReadAction\",\"target\":[\"https:\\\/\\\/artvallarta.com\\\/es\\\/producto\\\/freestyle-acrylic-painting-class\\\/\"]}]},{\"@type\":\"ImageObject\",\"inLanguage\":\"es\",\"@id\":\"https:\\\/\\\/artvallarta.com\\\/es\\\/producto\\\/freestyle-acrylic-painting-class\\\/#primaryimage\",\"url\":\"https:\\\/\\\/artvallarta.com\\\/wp-content\\\/uploads\\\/2020\\\/01\\\/IMG_9053.png\",\"contentUrl\":\"https:\\\/\\\/artvallarta.com\\\/wp-content\\\/uploads\\\/2020\\\/01\\\/IMG_9053.png\",\"width\":1125,\"height\":2001},{\"@type\":\"BreadcrumbList\",\"@id\":\"https:\\\/\\\/artvallarta.com\\\/es\\\/producto\\\/freestyle-acrylic-painting-class\\\/#breadcrumb\",\"itemListElement\":[{\"@type\":\"ListItem\",\"position\":1,\"name\":\"Pagina principal\",\"item\":\"https:\\\/\\\/artvallarta.com\\\/es\\\/art-vallarta-puerto-vallarta-mexico-home\\\/\"},{\"@type\":\"ListItem\",\"position\":2,\"name\":\"Shop\",\"item\":\"https:\\\/\\\/artvallarta.com\\\/shop\\\/\"},{\"@type\":\"ListItem\",\"position\":3,\"name\":\"Pintura acr\u00edlica de estilo libre\"}]},{\"@type\":\"WebSite\",\"@id\":\"https:\\\/\\\/artvallarta.com\\\/es\\\/#website\",\"url\":\"https:\\\/\\\/artvallarta.com\\\/es\\\/\",\"name\":\"Art VallARTa\",\"description\":\"Art VallARTa\",\"publisher\":{\"@id\":\"https:\\\/\\\/artvallarta.com\\\/es\\\/#organization\"},\"potentialAction\":[{\"@type\":\"SearchAction\",\"target\":{\"@type\":\"EntryPoint\",\"urlTemplate\":\"https:\\\/\\\/artvallarta.com\\\/es\\\/?s={search_term_string}\"},\"query-input\":{\"@type\":\"PropertyValueSpecification\",\"valueRequired\":true,\"valueName\":\"search_term_string\"}}],\"inLanguage\":\"es\"},{\"@type\":\"Organization\",\"@id\":\"https:\\\/\\\/artvallarta.com\\\/es\\\/#organization\",\"name\":\"Art VallARTa\",\"url\":\"https:\\\/\\\/artvallarta.com\\\/es\\\/\",\"logo\":{\"@type\":\"ImageObject\",\"inLanguage\":\"es\",\"@id\":\"https:\\\/\\\/artvallarta.com\\\/es\\\/#\\\/schema\\\/logo\\\/image\\\/\",\"url\":\"https:\\\/\\\/artvallarta.com\\\/wp-content\\\/uploads\\\/2019\\\/02\\\/51835738_615449708895218_133232196214325248_n.jpg\",\"contentUrl\":\"https:\\\/\\\/artvallarta.com\\\/wp-content\\\/uploads\\\/2019\\\/02\\\/51835738_615449708895218_133232196214325248_n.jpg\",\"width\":2048,\"height\":1466,\"caption\":\"Art VallARTa\"},\"image\":{\"@id\":\"https:\\\/\\\/artvallarta.com\\\/es\\\/#\\\/schema\\\/logo\\\/image\\\/\"},\"sameAs\":[\"http:\\\/\\\/www.facebook.com\\\/artvallarta\",\"http:\\\/\\\/www.instagram.com\\\/artvallarta\",\"http:\\\/\\\/www.pinterest\\\/artvallarta\",\"https:\\\/\\\/www.youtube.com\\\/channel\\\/UCOqDy2Oyk7EU4tz3S2Gl7kQ\"]}]}<\/script>\n<!-- \/ Yoast SEO plugin. -->","yoast_head_json":{"title":"Pintura acr\u00edlica de estilo libre - Art VallARTa Puerto Vallarta Mexico","description":"Freestyle Acrylic Painting is a class where you get to do whatever theme of a painting you would like while learning. Do you have a painting idea you would like to paint and would like to do it with the guidance of an instructor? This class is great for a beginner, student or recreational painter who enjoys being around other painters.","robots":{"index":"noindex","follow":"follow"},"og_locale":"es_ES","og_type":"article","og_title":"Pintura acr\u00edlica de estilo libre - Art VallARTa Puerto Vallarta Mexico","og_description":"Freestyle Acrylic Painting is a class where you get to do whatever theme of a painting you would like while learning. Do you have a painting idea you would like to paint and would like to do it with the guidance of an instructor? This class is great for a beginner, student or recreational painter who enjoys being around other painters.","og_url":"https:\/\/artvallarta.com\/es\/producto\/freestyle-acrylic-painting-class\/","og_site_name":"Art VallARTa","article_publisher":"http:\/\/www.facebook.com\/artvallarta","article_modified_time":"2021-05-14T15:54:33+00:00","og_image":[{"width":576,"height":1024,"url":"https:\/\/artvallarta.com\/wp-content\/uploads\/2020\/01\/IMG_9053-576x1024.png","type":"image\/png"}],"twitter_card":"summary_large_image","twitter_misc":{"Tiempo de lectura":"1 minuto"},"schema":{"@context":"https:\/\/schema.org","@graph":[{"@type":"WebPage","@id":"https:\/\/artvallarta.com\/es\/producto\/freestyle-acrylic-painting-class\/","url":"https:\/\/artvallarta.com\/es\/producto\/freestyle-acrylic-painting-class\/","name":"Pintura acr\u00edlica de estilo libre - Art VallARTa Puerto Vallarta Mexico","isPartOf":{"@id":"https:\/\/artvallarta.com\/es\/#website"},"primaryImageOfPage":{"@id":"https:\/\/artvallarta.com\/es\/producto\/freestyle-acrylic-painting-class\/#primaryimage"},"image":{"@id":"https:\/\/artvallarta.com\/es\/producto\/freestyle-acrylic-painting-class\/#primaryimage"},"thumbnailUrl":"https:\/\/artvallarta.com\/wp-content\/uploads\/2020\/01\/IMG_9053.png","datePublished":"2020-01-09T22:07:47+00:00","dateModified":"2021-05-14T15:54:33+00:00","description":"Freestyle Acrylic Painting is a class where you get to do whatever theme of a painting you would like while learning. Do you have a painting idea you would like to paint and would like to do it with the guidance of an instructor? This class is great for a beginner, student or recreational painter who enjoys being around other painters.","breadcrumb":{"@id":"https:\/\/artvallarta.com\/es\/producto\/freestyle-acrylic-painting-class\/#breadcrumb"},"inLanguage":"es","potentialAction":[{"@type":"ReadAction","target":["https:\/\/artvallarta.com\/es\/producto\/freestyle-acrylic-painting-class\/"]}]},{"@type":"ImageObject","inLanguage":"es","@id":"https:\/\/artvallarta.com\/es\/producto\/freestyle-acrylic-painting-class\/#primaryimage","url":"https:\/\/artvallarta.com\/wp-content\/uploads\/2020\/01\/IMG_9053.png","contentUrl":"https:\/\/artvallarta.com\/wp-content\/uploads\/2020\/01\/IMG_9053.png","width":1125,"height":2001},{"@type":"BreadcrumbList","@id":"https:\/\/artvallarta.com\/es\/producto\/freestyle-acrylic-painting-class\/#breadcrumb","itemListElement":[{"@type":"ListItem","position":1,"name":"Pagina principal","item":"https:\/\/artvallarta.com\/es\/art-vallarta-puerto-vallarta-mexico-home\/"},{"@type":"ListItem","position":2,"name":"Shop","item":"https:\/\/artvallarta.com\/shop\/"},{"@type":"ListItem","position":3,"name":"Pintura acr\u00edlica de estilo libre"}]},{"@type":"WebSite","@id":"https:\/\/artvallarta.com\/es\/#website","url":"https:\/\/artvallarta.com\/es\/","name":"Art VallARTa","description":"Art VallARTa","publisher":{"@id":"https:\/\/artvallarta.com\/es\/#organization"},"potentialAction":[{"@type":"SearchAction","target":{"@type":"EntryPoint","urlTemplate":"https:\/\/artvallarta.com\/es\/?s={search_term_string}"},"query-input":{"@type":"PropertyValueSpecification","valueRequired":true,"valueName":"search_term_string"}}],"inLanguage":"es"},{"@type":"Organization","@id":"https:\/\/artvallarta.com\/es\/#organization","name":"Art VallARTa","url":"https:\/\/artvallarta.com\/es\/","logo":{"@type":"ImageObject","inLanguage":"es","@id":"https:\/\/artvallarta.com\/es\/#\/schema\/logo\/image\/","url":"https:\/\/artvallarta.com\/wp-content\/uploads\/2019\/02\/51835738_615449708895218_133232196214325248_n.jpg","contentUrl":"https:\/\/artvallarta.com\/wp-content\/uploads\/2019\/02\/51835738_615449708895218_133232196214325248_n.jpg","width":2048,"height":1466,"caption":"Art VallARTa"},"image":{"@id":"https:\/\/artvallarta.com\/es\/#\/schema\/logo\/image\/"},"sameAs":["http:\/\/www.facebook.com\/artvallarta","http:\/\/www.instagram.com\/artvallarta","http:\/\/www.pinterest\/artvallarta","https:\/\/www.youtube.com\/channel\/UCOqDy2Oyk7EU4tz3S2Gl7kQ"]}]}},"_links":{"self":[{"href":"https:\/\/artvallarta.com\/es\/wp-json\/wp\/v2\/product\/46892","targetHints":{"allow":["GET"]}}],"collection":[{"href":"https:\/\/artvallarta.com\/es\/wp-json\/wp\/v2\/product"}],"about":[{"href":"https:\/\/artvallarta.com\/es\/wp-json\/wp\/v2\/types\/product"}],"version-history":[{"count":6,"href":"https:\/\/artvallarta.com\/es\/wp-json\/wp\/v2\/product\/46892\/revisions"}],"predecessor-version":[{"id":61734,"href":"https:\/\/artvallarta.com\/es\/wp-json\/wp\/v2\/product\/46892\/revisions\/61734"}],"wp:featuredmedia":[{"embeddable":true,"href":"https:\/\/artvallarta.com\/es\/wp-json\/wp\/v2\/media\/46981"}],"wp:attachment":[{"href":"https:\/\/artvallarta.com\/es\/wp-json\/wp\/v2\/media?parent=46892"}],"wp:term":[{"taxonomy":"product_brand","embeddable":true,"href":"https:\/\/artvallarta.com\/es\/wp-json\/wp\/v2\/product_brand?post=46892"},{"taxonomy":"product_cat","embeddable":true,"href":"https:\/\/artvallarta.com\/es\/wp-json\/wp\/v2\/product_cat?post=46892"},{"taxonomy":"product_tag","embeddable":true,"href":"https:\/\/artvallarta.com\/es\/wp-json\/wp\/v2\/product_tag?post=46892"}],"curies":[{"name":"wp","href":"https:\/\/api.w.org\/{rel}","templated":true}]}}