{"id":46671,"date":"2021-04-21T09:41:15","date_gmt":"2021-05-04T20:35:10","guid":{"rendered":"https:\/\/artvallarta.com\/product\/clase-de-espanol-conversacional\/"},"modified":"2021-05-14T11:21:03","modified_gmt":"2021-05-14T16:21:03","slug":"clase-de-espanol-conversacional","status":"publish","type":"product","link":"https:\/\/artvallarta.com\/es\/producto\/clase-de-espanol-conversacional\/","title":{"rendered":"Clase de espa\u00f1ol conversacional"},"content":{"rendered":"","protected":false},"excerpt":{"rendered":"<p dir=\"ltr\">Es necesario el uso de mascarillas faciales, as\u00ed como el seguimiento de los protocolos de salubridad y seguridad.<\/p>\n<p>Las clases se ofrecen los lunes, mi\u00e9rcoles y viernes de 11:00 a.m. a 12:00 p.m.<\/p>\n<p>Mi nombre es Jos\u00e9 L\u00f3pez. \u00a1Soy mexicano y me encanta ense\u00f1ar espa\u00f1ol! Disfruto ense\u00f1ar espa\u00f1ol ya que me permite ayudar a otros a comunicarse en mi lengua materna.<\/p>\n<p>Mi m\u00e9todo es simple: animo a los estudiantes a tener conversaciones b\u00e1sicas y complejas utilizando palabras ya conocidas e introduciendo palabras a medida que avanzamos en el curso. No dude en aprender a hablar el segundo idioma m\u00e1s hablado del mundo.<\/p>\n<p>Perfecto para residentes y visitantes.<\/p>\n<p>\u00a1\u00danete a nosotros! Disfrutar\u00e1s practicando y aprendiendo espa\u00f1ol durante cada clase que tomes con el maestro de espa\u00f1ol Jos\u00e9 L\u00f3pez<\/p>\n","protected":false},"featured_media":46678,"template":"","meta":[],"product_brand":[],"product_cat":[688,919,690],"product_tag":[],"class_list":{"0":"post-46671","1":"product","2":"type-product","3":"status-publish","4":"has-post-thumbnail","6":"product_cat-clases","7":"product_cat-language-classes-es","8":"product_cat-clases-destacadas","9":"wcpv_product_vendors-joselopezramirez44gmail-com-es","11":"first","12":"instock","13":"virtual","14":"purchasable","15":"product-type-simple"},"yoast_head":"<!-- This site is optimized with the Yoast SEO plugin v27.3 - https:\/\/yoast.com\/product\/yoast-seo-wordpress\/ -->\n<title>Clase de espa\u00f1ol conversacional - Art VallARTa Puerto Vallarta M\u00e9xico<\/title>\n<meta name=\"description\" content=\"\u00a1\u00danete a nosotros! Disfrutar\u00e1s practicando y aprendiendo espa\u00f1ol durante cada clase que tomes con el maestro de espa\u00f1ol Jos\u00e9 L\u00f3pez\" \/>\n<meta name=\"robots\" content=\"index, follow, max-snippet:-1, max-image-preview:large, max-video-preview:-1\" \/>\n<link rel=\"canonical\" href=\"https:\/\/artvallarta.com\/es\/producto\/clase-de-espanol-conversacional\/\" \/>\n<meta property=\"og:locale\" content=\"es_ES\" \/>\n<meta property=\"og:type\" content=\"article\" \/>\n<meta property=\"og:title\" content=\"Clase de espa\u00f1ol conversacional - Art VallARTa Puerto Vallarta M\u00e9xico\" \/>\n<meta property=\"og:description\" content=\"\u00a1\u00danete a nosotros! Disfrutar\u00e1s practicando y aprendiendo espa\u00f1ol durante cada clase que tomes con el maestro de espa\u00f1ol Jos\u00e9 L\u00f3pez\" \/>\n<meta property=\"og:url\" content=\"https:\/\/artvallarta.com\/es\/producto\/clase-de-espanol-conversacional\/\" \/>\n<meta property=\"og:site_name\" content=\"Art VallARTa\" \/>\n<meta property=\"article:publisher\" content=\"http:\/\/www.facebook.com\/artvallarta\" \/>\n<meta property=\"article:modified_time\" content=\"2021-05-14T16:21:03+00:00\" \/>\n<meta property=\"og:image\" content=\"https:\/\/artvallarta.com\/wp-content\/uploads\/2021\/04\/IMG_3559-1024x683.jpg\" \/>\n\t<meta property=\"og:image:width\" content=\"1024\" \/>\n\t<meta property=\"og:image:height\" content=\"683\" \/>\n\t<meta property=\"og:image:type\" content=\"image\/jpeg\" \/>\n<meta name=\"twitter:card\" content=\"summary_large_image\" \/>\n<script type=\"application\/ld+json\" class=\"yoast-schema-graph\">{\"@context\":\"https:\\\/\\\/schema.org\",\"@graph\":[{\"@type\":\"WebPage\",\"@id\":\"https:\\\/\\\/artvallarta.com\\\/es\\\/producto\\\/clase-de-espanol-conversacional\\\/\",\"url\":\"https:\\\/\\\/artvallarta.com\\\/es\\\/producto\\\/clase-de-espanol-conversacional\\\/\",\"name\":\"Clase de espa\u00f1ol conversacional - Art VallARTa Puerto Vallarta M\u00e9xico\",\"isPartOf\":{\"@id\":\"https:\\\/\\\/artvallarta.com\\\/es\\\/#website\"},\"primaryImageOfPage\":{\"@id\":\"https:\\\/\\\/artvallarta.com\\\/es\\\/producto\\\/clase-de-espanol-conversacional\\\/#primaryimage\"},\"image\":{\"@id\":\"https:\\\/\\\/artvallarta.com\\\/es\\\/producto\\\/clase-de-espanol-conversacional\\\/#primaryimage\"},\"thumbnailUrl\":\"https:\\\/\\\/artvallarta.com\\\/wp-content\\\/uploads\\\/2021\\\/04\\\/IMG_3559.jpg\",\"datePublished\":\"2021-05-04T20:35:10+00:00\",\"dateModified\":\"2021-05-14T16:21:03+00:00\",\"description\":\"\u00a1\u00danete a nosotros! Disfrutar\u00e1s practicando y aprendiendo espa\u00f1ol durante cada clase que tomes con el maestro de espa\u00f1ol Jos\u00e9 L\u00f3pez\",\"breadcrumb\":{\"@id\":\"https:\\\/\\\/artvallarta.com\\\/es\\\/producto\\\/clase-de-espanol-conversacional\\\/#breadcrumb\"},\"inLanguage\":\"es\",\"potentialAction\":[{\"@type\":\"ReadAction\",\"target\":[\"https:\\\/\\\/artvallarta.com\\\/es\\\/producto\\\/clase-de-espanol-conversacional\\\/\"]}]},{\"@type\":\"ImageObject\",\"inLanguage\":\"es\",\"@id\":\"https:\\\/\\\/artvallarta.com\\\/es\\\/producto\\\/clase-de-espanol-conversacional\\\/#primaryimage\",\"url\":\"https:\\\/\\\/artvallarta.com\\\/wp-content\\\/uploads\\\/2021\\\/04\\\/IMG_3559.jpg\",\"contentUrl\":\"https:\\\/\\\/artvallarta.com\\\/wp-content\\\/uploads\\\/2021\\\/04\\\/IMG_3559.jpg\",\"width\":2400,\"height\":1600},{\"@type\":\"BreadcrumbList\",\"@id\":\"https:\\\/\\\/artvallarta.com\\\/es\\\/producto\\\/clase-de-espanol-conversacional\\\/#breadcrumb\",\"itemListElement\":[{\"@type\":\"ListItem\",\"position\":1,\"name\":\"Pagina principal\",\"item\":\"https:\\\/\\\/artvallarta.com\\\/es\\\/art-vallarta-puerto-vallarta-mexico-home\\\/\"},{\"@type\":\"ListItem\",\"position\":2,\"name\":\"Shop\",\"item\":\"https:\\\/\\\/artvallarta.com\\\/shop\\\/\"},{\"@type\":\"ListItem\",\"position\":3,\"name\":\"Clase de espa\u00f1ol conversacional\"}]},{\"@type\":\"WebSite\",\"@id\":\"https:\\\/\\\/artvallarta.com\\\/es\\\/#website\",\"url\":\"https:\\\/\\\/artvallarta.com\\\/es\\\/\",\"name\":\"Art VallARTa\",\"description\":\"Art VallARTa\",\"publisher\":{\"@id\":\"https:\\\/\\\/artvallarta.com\\\/es\\\/#organization\"},\"potentialAction\":[{\"@type\":\"SearchAction\",\"target\":{\"@type\":\"EntryPoint\",\"urlTemplate\":\"https:\\\/\\\/artvallarta.com\\\/es\\\/?s={search_term_string}\"},\"query-input\":{\"@type\":\"PropertyValueSpecification\",\"valueRequired\":true,\"valueName\":\"search_term_string\"}}],\"inLanguage\":\"es\"},{\"@type\":\"Organization\",\"@id\":\"https:\\\/\\\/artvallarta.com\\\/es\\\/#organization\",\"name\":\"Art VallARTa\",\"url\":\"https:\\\/\\\/artvallarta.com\\\/es\\\/\",\"logo\":{\"@type\":\"ImageObject\",\"inLanguage\":\"es\",\"@id\":\"https:\\\/\\\/artvallarta.com\\\/es\\\/#\\\/schema\\\/logo\\\/image\\\/\",\"url\":\"https:\\\/\\\/artvallarta.com\\\/wp-content\\\/uploads\\\/2019\\\/02\\\/51835738_615449708895218_133232196214325248_n.jpg\",\"contentUrl\":\"https:\\\/\\\/artvallarta.com\\\/wp-content\\\/uploads\\\/2019\\\/02\\\/51835738_615449708895218_133232196214325248_n.jpg\",\"width\":2048,\"height\":1466,\"caption\":\"Art VallARTa\"},\"image\":{\"@id\":\"https:\\\/\\\/artvallarta.com\\\/es\\\/#\\\/schema\\\/logo\\\/image\\\/\"},\"sameAs\":[\"http:\\\/\\\/www.facebook.com\\\/artvallarta\",\"http:\\\/\\\/www.instagram.com\\\/artvallarta\",\"http:\\\/\\\/www.pinterest\\\/artvallarta\",\"https:\\\/\\\/www.youtube.com\\\/channel\\\/UCOqDy2Oyk7EU4tz3S2Gl7kQ\"]}]}<\/script>\n<!-- \/ Yoast SEO plugin. -->","yoast_head_json":{"title":"Clase de espa\u00f1ol conversacional - Art VallARTa Puerto Vallarta M\u00e9xico","description":"\u00a1\u00danete a nosotros! Disfrutar\u00e1s practicando y aprendiendo espa\u00f1ol durante cada clase que tomes con el maestro de espa\u00f1ol Jos\u00e9 L\u00f3pez","robots":{"index":"index","follow":"follow","max-snippet":"max-snippet:-1","max-image-preview":"max-image-preview:large","max-video-preview":"max-video-preview:-1"},"canonical":"https:\/\/artvallarta.com\/es\/producto\/clase-de-espanol-conversacional\/","og_locale":"es_ES","og_type":"article","og_title":"Clase de espa\u00f1ol conversacional - Art VallARTa Puerto Vallarta M\u00e9xico","og_description":"\u00a1\u00danete a nosotros! Disfrutar\u00e1s practicando y aprendiendo espa\u00f1ol durante cada clase que tomes con el maestro de espa\u00f1ol Jos\u00e9 L\u00f3pez","og_url":"https:\/\/artvallarta.com\/es\/producto\/clase-de-espanol-conversacional\/","og_site_name":"Art VallARTa","article_publisher":"http:\/\/www.facebook.com\/artvallarta","article_modified_time":"2021-05-14T16:21:03+00:00","og_image":[{"width":1024,"height":683,"url":"https:\/\/artvallarta.com\/wp-content\/uploads\/2021\/04\/IMG_3559-1024x683.jpg","type":"image\/jpeg"}],"twitter_card":"summary_large_image","schema":{"@context":"https:\/\/schema.org","@graph":[{"@type":"WebPage","@id":"https:\/\/artvallarta.com\/es\/producto\/clase-de-espanol-conversacional\/","url":"https:\/\/artvallarta.com\/es\/producto\/clase-de-espanol-conversacional\/","name":"Clase de espa\u00f1ol conversacional - Art VallARTa Puerto Vallarta M\u00e9xico","isPartOf":{"@id":"https:\/\/artvallarta.com\/es\/#website"},"primaryImageOfPage":{"@id":"https:\/\/artvallarta.com\/es\/producto\/clase-de-espanol-conversacional\/#primaryimage"},"image":{"@id":"https:\/\/artvallarta.com\/es\/producto\/clase-de-espanol-conversacional\/#primaryimage"},"thumbnailUrl":"https:\/\/artvallarta.com\/wp-content\/uploads\/2021\/04\/IMG_3559.jpg","datePublished":"2021-05-04T20:35:10+00:00","dateModified":"2021-05-14T16:21:03+00:00","description":"\u00a1\u00danete a nosotros! Disfrutar\u00e1s practicando y aprendiendo espa\u00f1ol durante cada clase que tomes con el maestro de espa\u00f1ol Jos\u00e9 L\u00f3pez","breadcrumb":{"@id":"https:\/\/artvallarta.com\/es\/producto\/clase-de-espanol-conversacional\/#breadcrumb"},"inLanguage":"es","potentialAction":[{"@type":"ReadAction","target":["https:\/\/artvallarta.com\/es\/producto\/clase-de-espanol-conversacional\/"]}]},{"@type":"ImageObject","inLanguage":"es","@id":"https:\/\/artvallarta.com\/es\/producto\/clase-de-espanol-conversacional\/#primaryimage","url":"https:\/\/artvallarta.com\/wp-content\/uploads\/2021\/04\/IMG_3559.jpg","contentUrl":"https:\/\/artvallarta.com\/wp-content\/uploads\/2021\/04\/IMG_3559.jpg","width":2400,"height":1600},{"@type":"BreadcrumbList","@id":"https:\/\/artvallarta.com\/es\/producto\/clase-de-espanol-conversacional\/#breadcrumb","itemListElement":[{"@type":"ListItem","position":1,"name":"Pagina principal","item":"https:\/\/artvallarta.com\/es\/art-vallarta-puerto-vallarta-mexico-home\/"},{"@type":"ListItem","position":2,"name":"Shop","item":"https:\/\/artvallarta.com\/shop\/"},{"@type":"ListItem","position":3,"name":"Clase de espa\u00f1ol conversacional"}]},{"@type":"WebSite","@id":"https:\/\/artvallarta.com\/es\/#website","url":"https:\/\/artvallarta.com\/es\/","name":"Art VallARTa","description":"Art VallARTa","publisher":{"@id":"https:\/\/artvallarta.com\/es\/#organization"},"potentialAction":[{"@type":"SearchAction","target":{"@type":"EntryPoint","urlTemplate":"https:\/\/artvallarta.com\/es\/?s={search_term_string}"},"query-input":{"@type":"PropertyValueSpecification","valueRequired":true,"valueName":"search_term_string"}}],"inLanguage":"es"},{"@type":"Organization","@id":"https:\/\/artvallarta.com\/es\/#organization","name":"Art VallARTa","url":"https:\/\/artvallarta.com\/es\/","logo":{"@type":"ImageObject","inLanguage":"es","@id":"https:\/\/artvallarta.com\/es\/#\/schema\/logo\/image\/","url":"https:\/\/artvallarta.com\/wp-content\/uploads\/2019\/02\/51835738_615449708895218_133232196214325248_n.jpg","contentUrl":"https:\/\/artvallarta.com\/wp-content\/uploads\/2019\/02\/51835738_615449708895218_133232196214325248_n.jpg","width":2048,"height":1466,"caption":"Art VallARTa"},"image":{"@id":"https:\/\/artvallarta.com\/es\/#\/schema\/logo\/image\/"},"sameAs":["http:\/\/www.facebook.com\/artvallarta","http:\/\/www.instagram.com\/artvallarta","http:\/\/www.pinterest\/artvallarta","https:\/\/www.youtube.com\/channel\/UCOqDy2Oyk7EU4tz3S2Gl7kQ"]}]}},"_links":{"self":[{"href":"https:\/\/artvallarta.com\/es\/wp-json\/wp\/v2\/product\/46671","targetHints":{"allow":["GET"]}}],"collection":[{"href":"https:\/\/artvallarta.com\/es\/wp-json\/wp\/v2\/product"}],"about":[{"href":"https:\/\/artvallarta.com\/es\/wp-json\/wp\/v2\/types\/product"}],"version-history":[{"count":6,"href":"https:\/\/artvallarta.com\/es\/wp-json\/wp\/v2\/product\/46671\/revisions"}],"predecessor-version":[{"id":61296,"href":"https:\/\/artvallarta.com\/es\/wp-json\/wp\/v2\/product\/46671\/revisions\/61296"}],"wp:featuredmedia":[{"embeddable":true,"href":"https:\/\/artvallarta.com\/es\/wp-json\/wp\/v2\/media\/46678"}],"wp:attachment":[{"href":"https:\/\/artvallarta.com\/es\/wp-json\/wp\/v2\/media?parent=46671"}],"wp:term":[{"taxonomy":"product_brand","embeddable":true,"href":"https:\/\/artvallarta.com\/es\/wp-json\/wp\/v2\/product_brand?post=46671"},{"taxonomy":"product_cat","embeddable":true,"href":"https:\/\/artvallarta.com\/es\/wp-json\/wp\/v2\/product_cat?post=46671"},{"taxonomy":"product_tag","embeddable":true,"href":"https:\/\/artvallarta.com\/es\/wp-json\/wp\/v2\/product_tag?post=46671"}],"curies":[{"name":"wp","href":"https:\/\/api.w.org\/{rel}","templated":true}]}}