{"id":49910,"date":"2019-05-04T12:09:13","date_gmt":"2019-05-04T17:09:13","guid":{"rendered":"https:\/\/artvallarta.com\/theatre\/"},"modified":"2021-06-09T14:59:55","modified_gmt":"2021-06-09T19:59:55","slug":"theatre","status":"publish","type":"page","link":"https:\/\/artvallarta.com\/es\/theatre\/","title":{"rendered":"Teatro Art Vallarta"},"content":{"rendered":"\t\t<div data-elementor-type=\"wp-page\" data-elementor-id=\"49910\" class=\"elementor elementor-49910\" data-elementor-post-type=\"page\">\n\t\t\t\t\t\t<section class=\"elementor-section elementor-top-section elementor-element elementor-element-16d9f40d elementor-section-boxed elementor-section-height-default elementor-section-height-default wd-section-disabled\" data-id=\"16d9f40d\" data-element_type=\"section\" data-e-type=\"section\">\n\t\t\t\t\t\t<div class=\"elementor-container elementor-column-gap-default\">\n\t\t\t\t\t<div class=\"elementor-column elementor-col-100 elementor-top-column elementor-element elementor-element-1463e683\" data-id=\"1463e683\" data-element_type=\"column\" data-e-type=\"column\">\n\t\t\t<div class=\"elementor-widget-wrap elementor-element-populated\">\n\t\t\t\t\t\t<div class=\"elementor-element elementor-element-10441efb color-scheme-inherit text-left elementor-widget elementor-widget-text-editor\" data-id=\"10441efb\" data-element_type=\"widget\" data-e-type=\"widget\" data-widget_type=\"text-editor.default\">\n\t\t\t\t<div class=\"elementor-widget-container\">\n\t\t\t\t\t\t\t\t\t<h3 style=\"text-align: center;\">La Comunidad de las Artes en Vallarta se complace en anunciar un nuevo teatro que abrir\u00e1 en la Zona Rom\u00e1ntica de Puerto Vallarta. El nuevo &#8216;Teatro Art Vallarta&#8217; estar\u00e1 ubicado en el edificio de artes creativas de Art VallARTa en 213 Calle Pilitas.<\/h3>\n<h3 style=\"text-align: center;\">Estamos muy inspirados de que los dramaturgos, directores y actores galardonados ya hayan expresado su apoyo entusiasta para producir y dirigir obras importantes en este nuevo teatro.<\/h3>\n<h3 style=\"text-align: center;\">Nuestro teatro es sencillo, creativo y muy ecl\u00e9ctico. Somos un teatro comunitario participativo. Si est\u00e1s interesado en ser parte de esta nueva aventura art\u00edstica, queremos saber de ti, por favor contacta a theatre@artvallarta.com<\/h3>\n<h3 style=\"text-align: center;\">\u00a1Estamos emocionados de ser parte de esta vibrante comunidad art\u00edstica y estamos ansiosos por comenzar nuestra Temporada Premier Oto\u00f1o 2019!<\/h3>\n<h3 style=\"text-align: center;\"><\/h3>\n\t\t\t\t\t\t\t\t<\/div>\n\t\t\t\t<\/div>\n\t\t\t\t\t<\/div>\n\t\t<\/div>\n\t\t\t\t\t<\/div>\n\t\t<\/section>\n\t\t\t\t<\/div>\n\t\t","protected":false},"excerpt":{"rendered":"<p>La Comunidad de las Artes en Vallarta se complace en anunciar un nuevo teatro que abrir\u00e1 en la Zona Rom\u00e1ntica<\/p>\n","protected":false},"author":68,"featured_media":0,"parent":0,"menu_order":0,"comment_status":"closed","ping_status":"closed","template":"elementor_header_footer","meta":{"footnotes":""},"class_list":["post-49910","page","type-page","status-publish","hentry"],"yoast_head":"<!-- This site is optimized with the Yoast SEO plugin v27.3 - https:\/\/yoast.com\/product\/yoast-seo-wordpress\/ -->\n<title>Teatro Art Vallarta - Art VallARTa<\/title>\n<meta name=\"description\" content=\"La Comunidad de las Artes en Vallarta se complace en anunciar un nuevo teatro que abrir\u00e1 en la Zona Rom\u00e1ntica de Puerto Vallarta. El nuevo &quot;Teatro Art Vallarta&quot; estar\u00e1 ubicado en el edificio de artes creativas de Art VallARTa en el 213 Calle Pilitas.\" \/>\n<meta name=\"robots\" content=\"index, follow, max-snippet:-1, max-image-preview:large, max-video-preview:-1\" \/>\n<link rel=\"canonical\" href=\"https:\/\/artvallarta.com\/es\/theatre\/\" \/>\n<meta property=\"og:locale\" content=\"es_ES\" \/>\n<meta property=\"og:type\" content=\"article\" \/>\n<meta property=\"og:title\" content=\"Teatro Art Vallarta - Art VallARTa\" \/>\n<meta property=\"og:description\" content=\"La Comunidad de las Artes en Vallarta se complace en anunciar un nuevo teatro que abrir\u00e1 en la Zona Rom\u00e1ntica de Puerto Vallarta. El nuevo &quot;Teatro Art Vallarta&quot; estar\u00e1 ubicado en el edificio de artes creativas de Art VallARTa en el 213 Calle Pilitas.\" \/>\n<meta property=\"og:url\" content=\"https:\/\/artvallarta.com\/es\/theatre\/\" \/>\n<meta property=\"og:site_name\" content=\"Art VallARTa\" \/>\n<meta property=\"article:publisher\" content=\"http:\/\/www.facebook.com\/artvallarta\" \/>\n<meta property=\"article:modified_time\" content=\"2021-06-09T19:59:55+00:00\" \/>\n<meta property=\"og:image\" content=\"https:\/\/artvallarta.com\/wp-content\/uploads\/2020\/07\/cropped-51835738_615449708895218_133232196214325248_n.jpg\" \/>\n\t<meta property=\"og:image:width\" content=\"167\" \/>\n\t<meta property=\"og:image:height\" content=\"119\" \/>\n\t<meta property=\"og:image:type\" content=\"image\/jpeg\" \/>\n<meta name=\"twitter:card\" content=\"summary_large_image\" \/>\n<meta name=\"twitter:label1\" content=\"Tiempo de lectura\" \/>\n\t<meta name=\"twitter:data1\" content=\"1 minuto\" \/>\n<script type=\"application\/ld+json\" class=\"yoast-schema-graph\">{\"@context\":\"https:\\\/\\\/schema.org\",\"@graph\":[{\"@type\":\"WebPage\",\"@id\":\"https:\\\/\\\/artvallarta.com\\\/es\\\/theatre\\\/\",\"url\":\"https:\\\/\\\/artvallarta.com\\\/es\\\/theatre\\\/\",\"name\":\"Teatro Art Vallarta - Art VallARTa\",\"isPartOf\":{\"@id\":\"https:\\\/\\\/artvallarta.com\\\/es\\\/#website\"},\"datePublished\":\"2019-05-04T17:09:13+00:00\",\"dateModified\":\"2021-06-09T19:59:55+00:00\",\"description\":\"La Comunidad de las Artes en Vallarta se complace en anunciar un nuevo teatro que abrir\u00e1 en la Zona Rom\u00e1ntica de Puerto Vallarta. El nuevo \\\"Teatro Art Vallarta\\\" estar\u00e1 ubicado en el edificio de artes creativas de Art VallARTa en el 213 Calle Pilitas.\",\"breadcrumb\":{\"@id\":\"https:\\\/\\\/artvallarta.com\\\/es\\\/theatre\\\/#breadcrumb\"},\"inLanguage\":\"es\",\"potentialAction\":[{\"@type\":\"ReadAction\",\"target\":[\"https:\\\/\\\/artvallarta.com\\\/es\\\/theatre\\\/\"]}]},{\"@type\":\"BreadcrumbList\",\"@id\":\"https:\\\/\\\/artvallarta.com\\\/es\\\/theatre\\\/#breadcrumb\",\"itemListElement\":[{\"@type\":\"ListItem\",\"position\":1,\"name\":\"Pagina principal\",\"item\":\"https:\\\/\\\/artvallarta.com\\\/es\\\/art-vallarta-puerto-vallarta-mexico-home\\\/\"},{\"@type\":\"ListItem\",\"position\":2,\"name\":\"Teatro Art Vallarta\"}]},{\"@type\":\"WebSite\",\"@id\":\"https:\\\/\\\/artvallarta.com\\\/es\\\/#website\",\"url\":\"https:\\\/\\\/artvallarta.com\\\/es\\\/\",\"name\":\"Art VallARTa\",\"description\":\"Art VallARTa\",\"publisher\":{\"@id\":\"https:\\\/\\\/artvallarta.com\\\/es\\\/#organization\"},\"potentialAction\":[{\"@type\":\"SearchAction\",\"target\":{\"@type\":\"EntryPoint\",\"urlTemplate\":\"https:\\\/\\\/artvallarta.com\\\/es\\\/?s={search_term_string}\"},\"query-input\":{\"@type\":\"PropertyValueSpecification\",\"valueRequired\":true,\"valueName\":\"search_term_string\"}}],\"inLanguage\":\"es\"},{\"@type\":\"Organization\",\"@id\":\"https:\\\/\\\/artvallarta.com\\\/es\\\/#organization\",\"name\":\"Art VallARTa\",\"url\":\"https:\\\/\\\/artvallarta.com\\\/es\\\/\",\"logo\":{\"@type\":\"ImageObject\",\"inLanguage\":\"es\",\"@id\":\"https:\\\/\\\/artvallarta.com\\\/es\\\/#\\\/schema\\\/logo\\\/image\\\/\",\"url\":\"https:\\\/\\\/artvallarta.com\\\/wp-content\\\/uploads\\\/2019\\\/02\\\/51835738_615449708895218_133232196214325248_n.jpg\",\"contentUrl\":\"https:\\\/\\\/artvallarta.com\\\/wp-content\\\/uploads\\\/2019\\\/02\\\/51835738_615449708895218_133232196214325248_n.jpg\",\"width\":2048,\"height\":1466,\"caption\":\"Art VallARTa\"},\"image\":{\"@id\":\"https:\\\/\\\/artvallarta.com\\\/es\\\/#\\\/schema\\\/logo\\\/image\\\/\"},\"sameAs\":[\"http:\\\/\\\/www.facebook.com\\\/artvallarta\",\"http:\\\/\\\/www.instagram.com\\\/artvallarta\",\"http:\\\/\\\/www.pinterest\\\/artvallarta\",\"https:\\\/\\\/www.youtube.com\\\/channel\\\/UCOqDy2Oyk7EU4tz3S2Gl7kQ\"]}]}<\/script>\n<!-- \/ Yoast SEO plugin. -->","yoast_head_json":{"title":"Teatro Art Vallarta - Art VallARTa","description":"La Comunidad de las Artes en Vallarta se complace en anunciar un nuevo teatro que abrir\u00e1 en la Zona Rom\u00e1ntica de Puerto Vallarta. El nuevo \"Teatro Art Vallarta\" estar\u00e1 ubicado en el edificio de artes creativas de Art VallARTa en el 213 Calle Pilitas.","robots":{"index":"index","follow":"follow","max-snippet":"max-snippet:-1","max-image-preview":"max-image-preview:large","max-video-preview":"max-video-preview:-1"},"canonical":"https:\/\/artvallarta.com\/es\/theatre\/","og_locale":"es_ES","og_type":"article","og_title":"Teatro Art Vallarta - Art VallARTa","og_description":"La Comunidad de las Artes en Vallarta se complace en anunciar un nuevo teatro que abrir\u00e1 en la Zona Rom\u00e1ntica de Puerto Vallarta. El nuevo \"Teatro Art Vallarta\" estar\u00e1 ubicado en el edificio de artes creativas de Art VallARTa en el 213 Calle Pilitas.","og_url":"https:\/\/artvallarta.com\/es\/theatre\/","og_site_name":"Art VallARTa","article_publisher":"http:\/\/www.facebook.com\/artvallarta","article_modified_time":"2021-06-09T19:59:55+00:00","og_image":[{"width":167,"height":119,"url":"https:\/\/artvallarta.com\/wp-content\/uploads\/2020\/07\/cropped-51835738_615449708895218_133232196214325248_n.jpg","type":"image\/jpeg"}],"twitter_card":"summary_large_image","twitter_misc":{"Tiempo de lectura":"1 minuto"},"schema":{"@context":"https:\/\/schema.org","@graph":[{"@type":"WebPage","@id":"https:\/\/artvallarta.com\/es\/theatre\/","url":"https:\/\/artvallarta.com\/es\/theatre\/","name":"Teatro Art Vallarta - Art VallARTa","isPartOf":{"@id":"https:\/\/artvallarta.com\/es\/#website"},"datePublished":"2019-05-04T17:09:13+00:00","dateModified":"2021-06-09T19:59:55+00:00","description":"La Comunidad de las Artes en Vallarta se complace en anunciar un nuevo teatro que abrir\u00e1 en la Zona Rom\u00e1ntica de Puerto Vallarta. El nuevo \"Teatro Art Vallarta\" estar\u00e1 ubicado en el edificio de artes creativas de Art VallARTa en el 213 Calle Pilitas.","breadcrumb":{"@id":"https:\/\/artvallarta.com\/es\/theatre\/#breadcrumb"},"inLanguage":"es","potentialAction":[{"@type":"ReadAction","target":["https:\/\/artvallarta.com\/es\/theatre\/"]}]},{"@type":"BreadcrumbList","@id":"https:\/\/artvallarta.com\/es\/theatre\/#breadcrumb","itemListElement":[{"@type":"ListItem","position":1,"name":"Pagina principal","item":"https:\/\/artvallarta.com\/es\/art-vallarta-puerto-vallarta-mexico-home\/"},{"@type":"ListItem","position":2,"name":"Teatro Art Vallarta"}]},{"@type":"WebSite","@id":"https:\/\/artvallarta.com\/es\/#website","url":"https:\/\/artvallarta.com\/es\/","name":"Art VallARTa","description":"Art VallARTa","publisher":{"@id":"https:\/\/artvallarta.com\/es\/#organization"},"potentialAction":[{"@type":"SearchAction","target":{"@type":"EntryPoint","urlTemplate":"https:\/\/artvallarta.com\/es\/?s={search_term_string}"},"query-input":{"@type":"PropertyValueSpecification","valueRequired":true,"valueName":"search_term_string"}}],"inLanguage":"es"},{"@type":"Organization","@id":"https:\/\/artvallarta.com\/es\/#organization","name":"Art VallARTa","url":"https:\/\/artvallarta.com\/es\/","logo":{"@type":"ImageObject","inLanguage":"es","@id":"https:\/\/artvallarta.com\/es\/#\/schema\/logo\/image\/","url":"https:\/\/artvallarta.com\/wp-content\/uploads\/2019\/02\/51835738_615449708895218_133232196214325248_n.jpg","contentUrl":"https:\/\/artvallarta.com\/wp-content\/uploads\/2019\/02\/51835738_615449708895218_133232196214325248_n.jpg","width":2048,"height":1466,"caption":"Art VallARTa"},"image":{"@id":"https:\/\/artvallarta.com\/es\/#\/schema\/logo\/image\/"},"sameAs":["http:\/\/www.facebook.com\/artvallarta","http:\/\/www.instagram.com\/artvallarta","http:\/\/www.pinterest\/artvallarta","https:\/\/www.youtube.com\/channel\/UCOqDy2Oyk7EU4tz3S2Gl7kQ"]}]}},"_links":{"self":[{"href":"https:\/\/artvallarta.com\/es\/wp-json\/wp\/v2\/pages\/49910","targetHints":{"allow":["GET"]}}],"collection":[{"href":"https:\/\/artvallarta.com\/es\/wp-json\/wp\/v2\/pages"}],"about":[{"href":"https:\/\/artvallarta.com\/es\/wp-json\/wp\/v2\/types\/page"}],"author":[{"embeddable":true,"href":"https:\/\/artvallarta.com\/es\/wp-json\/wp\/v2\/users\/68"}],"replies":[{"embeddable":true,"href":"https:\/\/artvallarta.com\/es\/wp-json\/wp\/v2\/comments?post=49910"}],"version-history":[{"count":5,"href":"https:\/\/artvallarta.com\/es\/wp-json\/wp\/v2\/pages\/49910\/revisions"}],"predecessor-version":[{"id":75376,"href":"https:\/\/artvallarta.com\/es\/wp-json\/wp\/v2\/pages\/49910\/revisions\/75376"}],"wp:attachment":[{"href":"https:\/\/artvallarta.com\/es\/wp-json\/wp\/v2\/media?parent=49910"}],"curies":[{"name":"wp","href":"https:\/\/api.w.org\/{rel}","templated":true}]}}