{"id":46442,"date":"2021-04-30T12:54:13","date_gmt":"2021-04-30T17:54:13","guid":{"rendered":"https:\/\/artvallarta.com\/sobre-nosotros\/"},"modified":"2021-04-30T12:54:18","modified_gmt":"2021-04-30T17:54:18","slug":"sobre-nosotros","status":"publish","type":"page","link":"https:\/\/artvallarta.com\/es\/sobre-nosotros\/","title":{"rendered":"Sobre nosotros"},"content":{"rendered":"\t\t<div data-elementor-type=\"wp-page\" data-elementor-id=\"46442\" class=\"elementor elementor-46442 elementor-39932\" data-elementor-post-type=\"page\">\n\t\t\t\t\t\t<section class=\"elementor-section elementor-top-section elementor-element elementor-element-84f6dff elementor-section-boxed elementor-section-height-default elementor-section-height-default wd-section-disabled\" data-id=\"84f6dff\" data-element_type=\"section\" data-e-type=\"section\">\n\t\t\t\t\t\t<div class=\"elementor-container elementor-column-gap-default\">\n\t\t\t\t\t<div class=\"elementor-column elementor-col-100 elementor-top-column elementor-element elementor-element-60eb53d\" data-id=\"60eb53d\" data-element_type=\"column\" data-e-type=\"column\">\n\t\t\t<div class=\"elementor-widget-wrap elementor-element-populated\">\n\t\t\t\t\t\t<div class=\"elementor-element elementor-element-7bfc98c elementor-widget elementor-widget-image\" data-id=\"7bfc98c\" data-element_type=\"widget\" data-e-type=\"widget\" data-widget_type=\"image.default\">\n\t\t\t\t<div class=\"elementor-widget-container\">\n\t\t\t\t\t\t\t\t\t\t\t\t\t\t\t<img fetchpriority=\"high\" decoding=\"async\" width=\"1024\" height=\"276\" src=\"https:\/\/artvallarta.com\/wp-content\/uploads\/2020\/09\/IMG_20200430_163114-scaled-1024x276.jpg\" class=\"attachment-large size-large wp-image-50681\" alt=\"\" srcset=\"https:\/\/artvallarta.com\/wp-content\/uploads\/2020\/09\/IMG_20200430_163114-scaled-1024x276.jpg 1024w, https:\/\/artvallarta.com\/wp-content\/uploads\/2020\/09\/IMG_20200430_163114-scaled-150x40.jpg 150w, https:\/\/artvallarta.com\/wp-content\/uploads\/2020\/09\/IMG_20200430_163114-scaled-1200x324.jpg 1200w, https:\/\/artvallarta.com\/wp-content\/uploads\/2020\/09\/IMG_20200430_163114-scaled-1000x270.jpg 1000w, https:\/\/artvallarta.com\/wp-content\/uploads\/2020\/09\/IMG_20200430_163114-scaled-300x81.jpg 300w, https:\/\/artvallarta.com\/wp-content\/uploads\/2020\/09\/IMG_20200430_163114-scaled-768x207.jpg 768w\" sizes=\"(max-width: 1024px) 100vw, 1024px\" \/>\t\t\t\t\t\t\t\t\t\t\t\t\t\t\t<\/div>\n\t\t\t\t<\/div>\n\t\t\t\t<div class=\"elementor-element elementor-element-70676b7 color-scheme-inherit text-left elementor-widget elementor-widget-text-editor\" data-id=\"70676b7\" data-element_type=\"widget\" data-e-type=\"widget\" data-widget_type=\"text-editor.default\">\n\t\t\t\t<div class=\"elementor-widget-container\">\n\t\t\t\t\t\t\t\t\t<p style=\"text-align: center;\">ART VallARTa es un estudio de arte, cocina de arte y espacio de arte. ART VallARTa da la bienvenida a artistas principiantes y avanzados de todas las disciplinas para explorar y desarrollar sus talentos art\u00edsticos.<\/p>\n<p style=\"text-align: center;\">ESTUDIO DE ARTE Un entorno cooperativo para que una comunidad de artistas de todos los niveles trabajen en su propio horario en sus proyectos. Suministros y equipo que generalmente no se encuentran en un solo lugar en Vallarta, incluyendo hornos de ceramica y vidrio, tornos de alfarer\u00eda, caballetes de pintura, telares, software\u2026. Una instalaci\u00f3n multidisciplinaria para que los artistas se re\u00fanan para desarrollar y experimentar con diversos medios y t\u00e9cnicas. Para compartir y hacer crecer sus talentos.<\/p>\n<p style=\"text-align: center;\">Clases de arte y cultura: una amplia variedad de clases de arte multidisciplinarias que se ofrecen para principiantes y t\u00e9cnicas avanzadas en bellas artes y artes aplicadas. Est\u00e9 atento a nuestra lista de maestros talentosos y respetados que proveer\u00e1n orientaci\u00f3n y compartir\u00e1n su experiencia. Pr\u00f3ximamente se publicar\u00e1 el calendario de clases.<\/p>\n<p style=\"text-align: center;\">Galer\u00eda \/ Espacio de arte: inauguraci\u00f3n en febrero de 2014. Espect\u00e1culos tem\u00e1ticos jurados con artistas de ART VallARTa Studio y obras de artistas selectos de Vallarta y el mundo.<\/p>\n<p style=\"text-align: center;\">Cocina de ARTE: la comida es arte cuando se prepara con el coraz\u00f3n y el alma. Exploraremos todos los aspectos de la comida internacional. Hasta el recipiente en el que se prepara, la selecci\u00f3n de ingredientes, c\u00f3mo se revuelve la salsa y los momentos de presentaci\u00f3n y disfrute.<\/p>\n<p style=\"text-align: center;\">Suministros de arte: lienzos, pinturas, dibujo, arcilla y suministros de arte multimedia de proveedores locales e internacionales.<\/p>\n<p style=\"text-align: center;\">Eventos: el arte es una fiesta de creatividad. El Art Space Facility albergar\u00e1 eventos festivos de muchos tipos que fomentan el pensamiento creativo e inspirador.<\/p>\n<p style=\"text-align: center;\">Teatro &#8211; Nuestras instalaciones incluyen una proyecci\u00f3n multimedia y un peque\u00f1o espacio teatral para proyectos creativos y educativos.<\/p>\n<p style=\"text-align: center;\">Proyectos comunitarios: ART VallARTA organizar\u00e1 una variedad de actividades y proyectos orientados a la comunidad para llegar al \u00e1rea de Puerto Vallarta y apoyar a los artistas locales, organizar exposiciones, ense\u00f1ar y celebrar el Arte y la Creatividad en Vallarta.<\/p>\n<p style=\"text-align: center;\">Programa de Artista en Residencia &#8211; ART VallARTa ofrecer\u00e1 oportunidades especiales para seleccionar artistas mexicanos e internacionales que vengan a Vallarta para ser el Artista en Residencia.<\/p>\n<p style=\"text-align: center;\">\u00a1Ven y \u00fanete a nosotros en ART VallARTA, un centro creativo para Actividades Recreativas! Un Espacio de Arte multicultural y biling\u00fce para Vallarta. En Art VallARTa siempre eres parte del arte.<\/p>\n\t\t\t\t\t\t\t\t<\/div>\n\t\t\t\t<\/div>\n\t\t\t\t\t<\/div>\n\t\t<\/div>\n\t\t\t\t\t<\/div>\n\t\t<\/section>\n\t\t\t\t<section class=\"elementor-section elementor-top-section elementor-element elementor-element-d478408 elementor-section-boxed elementor-section-height-default elementor-section-height-default wd-section-disabled\" data-id=\"d478408\" data-element_type=\"section\" data-e-type=\"section\">\n\t\t\t\t\t\t<div class=\"elementor-container elementor-column-gap-default\">\n\t\t\t\t\t<div class=\"elementor-column elementor-col-100 elementor-top-column elementor-element elementor-element-8f80d00\" data-id=\"8f80d00\" data-element_type=\"column\" data-e-type=\"column\">\n\t\t\t<div class=\"elementor-widget-wrap elementor-element-populated\">\n\t\t\t\t\t\t<div class=\"elementor-element elementor-element-0a62ca8 elementor-widget elementor-widget-wd_contact_form_7\" data-id=\"0a62ca8\" data-element_type=\"widget\" data-e-type=\"widget\" data-widget_type=\"wd_contact_form_7.default\">\n\t\t\t\t<div class=\"elementor-widget-container\">\n\t\t\t\t\t<p class=\"wpcf7-contact-form-not-found\"><strong>Error:<\/strong> Formulario de contacto no encontrado.<\/p>\t\t\t\t<\/div>\n\t\t\t\t<\/div>\n\t\t\t\t\t<\/div>\n\t\t<\/div>\n\t\t\t\t\t<\/div>\n\t\t<\/section>\n\t\t\t\t<\/div>\n\t\t","protected":false},"excerpt":{"rendered":"","protected":false},"author":68,"featured_media":0,"parent":0,"menu_order":0,"comment_status":"closed","ping_status":"closed","template":"","meta":{"footnotes":""},"class_list":["post-46442","page","type-page","status-publish","hentry"],"yoast_head":"<!-- This site is optimized with the Yoast SEO plugin v27.1.1 - https:\/\/yoast.com\/product\/yoast-seo-wordpress\/ -->\n<title>Sobre nosotros - Art VallARTa<\/title>\n<meta name=\"robots\" content=\"index, follow, max-snippet:-1, max-image-preview:large, max-video-preview:-1\" \/>\n<link rel=\"canonical\" href=\"https:\/\/artvallarta.com\/es\/sobre-nosotros\/\" \/>\n<meta property=\"og:locale\" content=\"es_ES\" \/>\n<meta property=\"og:type\" content=\"article\" \/>\n<meta property=\"og:title\" content=\"Sobre nosotros - Art VallARTa\" \/>\n<meta property=\"og:url\" content=\"https:\/\/artvallarta.com\/es\/sobre-nosotros\/\" \/>\n<meta property=\"og:site_name\" content=\"Art VallARTa\" \/>\n<meta property=\"article:publisher\" content=\"http:\/\/www.facebook.com\/artvallarta\" \/>\n<meta property=\"article:modified_time\" content=\"2021-04-30T17:54:18+00:00\" \/>\n<meta property=\"og:image\" content=\"https:\/\/artvallarta.com\/wp-content\/uploads\/2020\/07\/cropped-51835738_615449708895218_133232196214325248_n.jpg\" \/>\n\t<meta property=\"og:image:width\" content=\"167\" \/>\n\t<meta property=\"og:image:height\" content=\"119\" \/>\n\t<meta property=\"og:image:type\" content=\"image\/jpeg\" \/>\n<meta name=\"twitter:card\" content=\"summary_large_image\" \/>\n<script type=\"application\/ld+json\" class=\"yoast-schema-graph\">{\"@context\":\"https:\/\/schema.org\",\"@graph\":[{\"@type\":\"WebPage\",\"@id\":\"https:\/\/artvallarta.com\/es\/sobre-nosotros\/\",\"url\":\"https:\/\/artvallarta.com\/es\/sobre-nosotros\/\",\"name\":\"Sobre nosotros - Art VallARTa\",\"isPartOf\":{\"@id\":\"https:\/\/artvallarta.com\/es\/#website\"},\"datePublished\":\"2021-04-30T17:54:13+00:00\",\"dateModified\":\"2021-04-30T17:54:18+00:00\",\"breadcrumb\":{\"@id\":\"https:\/\/artvallarta.com\/es\/sobre-nosotros\/#breadcrumb\"},\"inLanguage\":\"es\",\"potentialAction\":[{\"@type\":\"ReadAction\",\"target\":[\"https:\/\/artvallarta.com\/es\/sobre-nosotros\/\"]}]},{\"@type\":\"BreadcrumbList\",\"@id\":\"https:\/\/artvallarta.com\/es\/sobre-nosotros\/#breadcrumb\",\"itemListElement\":[{\"@type\":\"ListItem\",\"position\":1,\"name\":\"Pagina principal\",\"item\":\"https:\/\/artvallarta.com\/es\/art-vallarta-puerto-vallarta-mexico-home\/\"},{\"@type\":\"ListItem\",\"position\":2,\"name\":\"Sobre nosotros\"}]},{\"@type\":\"WebSite\",\"@id\":\"https:\/\/artvallarta.com\/es\/#website\",\"url\":\"https:\/\/artvallarta.com\/es\/\",\"name\":\"Art VallARTa\",\"description\":\"Art VallARTa\",\"publisher\":{\"@id\":\"https:\/\/artvallarta.com\/es\/#organization\"},\"potentialAction\":[{\"@type\":\"SearchAction\",\"target\":{\"@type\":\"EntryPoint\",\"urlTemplate\":\"https:\/\/artvallarta.com\/es\/?s={search_term_string}\"},\"query-input\":{\"@type\":\"PropertyValueSpecification\",\"valueRequired\":true,\"valueName\":\"search_term_string\"}}],\"inLanguage\":\"es\"},{\"@type\":\"Organization\",\"@id\":\"https:\/\/artvallarta.com\/es\/#organization\",\"name\":\"Art VallARTa\",\"url\":\"https:\/\/artvallarta.com\/es\/\",\"logo\":{\"@type\":\"ImageObject\",\"inLanguage\":\"es\",\"@id\":\"https:\/\/artvallarta.com\/es\/#\/schema\/logo\/image\/\",\"url\":\"https:\/\/artvallarta.com\/wp-content\/uploads\/2019\/02\/51835738_615449708895218_133232196214325248_n.jpg\",\"contentUrl\":\"https:\/\/artvallarta.com\/wp-content\/uploads\/2019\/02\/51835738_615449708895218_133232196214325248_n.jpg\",\"width\":2048,\"height\":1466,\"caption\":\"Art VallARTa\"},\"image\":{\"@id\":\"https:\/\/artvallarta.com\/es\/#\/schema\/logo\/image\/\"},\"sameAs\":[\"http:\/\/www.facebook.com\/artvallarta\",\"http:\/\/www.instagram.com\/artvallarta\",\"http:\/\/www.pinterest\/artvallarta\",\"https:\/\/www.youtube.com\/channel\/UCOqDy2Oyk7EU4tz3S2Gl7kQ\"]}]}<\/script>\n<!-- \/ Yoast SEO plugin. -->","yoast_head_json":{"title":"Sobre nosotros - Art VallARTa","robots":{"index":"index","follow":"follow","max-snippet":"max-snippet:-1","max-image-preview":"max-image-preview:large","max-video-preview":"max-video-preview:-1"},"canonical":"https:\/\/artvallarta.com\/es\/sobre-nosotros\/","og_locale":"es_ES","og_type":"article","og_title":"Sobre nosotros - Art VallARTa","og_url":"https:\/\/artvallarta.com\/es\/sobre-nosotros\/","og_site_name":"Art VallARTa","article_publisher":"http:\/\/www.facebook.com\/artvallarta","article_modified_time":"2021-04-30T17:54:18+00:00","og_image":[{"width":167,"height":119,"url":"https:\/\/artvallarta.com\/wp-content\/uploads\/2020\/07\/cropped-51835738_615449708895218_133232196214325248_n.jpg","type":"image\/jpeg"}],"twitter_card":"summary_large_image","schema":{"@context":"https:\/\/schema.org","@graph":[{"@type":"WebPage","@id":"https:\/\/artvallarta.com\/es\/sobre-nosotros\/","url":"https:\/\/artvallarta.com\/es\/sobre-nosotros\/","name":"Sobre nosotros - Art VallARTa","isPartOf":{"@id":"https:\/\/artvallarta.com\/es\/#website"},"datePublished":"2021-04-30T17:54:13+00:00","dateModified":"2021-04-30T17:54:18+00:00","breadcrumb":{"@id":"https:\/\/artvallarta.com\/es\/sobre-nosotros\/#breadcrumb"},"inLanguage":"es","potentialAction":[{"@type":"ReadAction","target":["https:\/\/artvallarta.com\/es\/sobre-nosotros\/"]}]},{"@type":"BreadcrumbList","@id":"https:\/\/artvallarta.com\/es\/sobre-nosotros\/#breadcrumb","itemListElement":[{"@type":"ListItem","position":1,"name":"Pagina principal","item":"https:\/\/artvallarta.com\/es\/art-vallarta-puerto-vallarta-mexico-home\/"},{"@type":"ListItem","position":2,"name":"Sobre nosotros"}]},{"@type":"WebSite","@id":"https:\/\/artvallarta.com\/es\/#website","url":"https:\/\/artvallarta.com\/es\/","name":"Art VallARTa","description":"Art VallARTa","publisher":{"@id":"https:\/\/artvallarta.com\/es\/#organization"},"potentialAction":[{"@type":"SearchAction","target":{"@type":"EntryPoint","urlTemplate":"https:\/\/artvallarta.com\/es\/?s={search_term_string}"},"query-input":{"@type":"PropertyValueSpecification","valueRequired":true,"valueName":"search_term_string"}}],"inLanguage":"es"},{"@type":"Organization","@id":"https:\/\/artvallarta.com\/es\/#organization","name":"Art VallARTa","url":"https:\/\/artvallarta.com\/es\/","logo":{"@type":"ImageObject","inLanguage":"es","@id":"https:\/\/artvallarta.com\/es\/#\/schema\/logo\/image\/","url":"https:\/\/artvallarta.com\/wp-content\/uploads\/2019\/02\/51835738_615449708895218_133232196214325248_n.jpg","contentUrl":"https:\/\/artvallarta.com\/wp-content\/uploads\/2019\/02\/51835738_615449708895218_133232196214325248_n.jpg","width":2048,"height":1466,"caption":"Art VallARTa"},"image":{"@id":"https:\/\/artvallarta.com\/es\/#\/schema\/logo\/image\/"},"sameAs":["http:\/\/www.facebook.com\/artvallarta","http:\/\/www.instagram.com\/artvallarta","http:\/\/www.pinterest\/artvallarta","https:\/\/www.youtube.com\/channel\/UCOqDy2Oyk7EU4tz3S2Gl7kQ"]}]}},"_links":{"self":[{"href":"https:\/\/artvallarta.com\/es\/wp-json\/wp\/v2\/pages\/46442","targetHints":{"allow":["GET"]}}],"collection":[{"href":"https:\/\/artvallarta.com\/es\/wp-json\/wp\/v2\/pages"}],"about":[{"href":"https:\/\/artvallarta.com\/es\/wp-json\/wp\/v2\/types\/page"}],"author":[{"embeddable":true,"href":"https:\/\/artvallarta.com\/es\/wp-json\/wp\/v2\/users\/68"}],"replies":[{"embeddable":true,"href":"https:\/\/artvallarta.com\/es\/wp-json\/wp\/v2\/comments?post=46442"}],"version-history":[{"count":2,"href":"https:\/\/artvallarta.com\/es\/wp-json\/wp\/v2\/pages\/46442\/revisions"}],"predecessor-version":[{"id":46444,"href":"https:\/\/artvallarta.com\/es\/wp-json\/wp\/v2\/pages\/46442\/revisions\/46444"}],"wp:attachment":[{"href":"https:\/\/artvallarta.com\/es\/wp-json\/wp\/v2\/media?parent=46442"}],"curies":[{"name":"wp","href":"https:\/\/api.w.org\/{rel}","templated":true}]}}