{"id":46434,"date":"2021-04-30T12:24:00","date_gmt":"2021-04-30T17:24:00","guid":{"rendered":"https:\/\/artvallarta.com\/museo\/"},"modified":"2021-06-18T13:03:20","modified_gmt":"2021-06-18T18:03:20","slug":"museo","status":"publish","type":"page","link":"https:\/\/artvallarta.com\/es\/museo\/","title":{"rendered":"Museo"},"content":{"rendered":"\t\t<div data-elementor-type=\"wp-page\" data-elementor-id=\"46434\" class=\"elementor elementor-46434\" data-elementor-post-type=\"page\">\n\t\t\t\t\t\t<section class=\"elementor-section elementor-top-section elementor-element elementor-element-aaeecad elementor-section-boxed elementor-section-height-default elementor-section-height-default wd-section-disabled\" data-id=\"aaeecad\" data-element_type=\"section\" data-e-type=\"section\">\n\t\t\t\t\t\t<div class=\"elementor-container elementor-column-gap-default\">\n\t\t\t\t\t<div class=\"elementor-column elementor-col-100 elementor-top-column elementor-element elementor-element-8898426\" data-id=\"8898426\" data-element_type=\"column\" data-e-type=\"column\">\n\t\t\t<div class=\"elementor-widget-wrap elementor-element-populated\">\n\t\t\t\t\t\t<div class=\"elementor-element elementor-element-67b1f06 elementor-widget elementor-widget-image\" data-id=\"67b1f06\" data-element_type=\"widget\" data-e-type=\"widget\" data-widget_type=\"image.default\">\n\t\t\t\t<div class=\"elementor-widget-container\">\n\t\t\t\t\t\t\t\t\t\t\t\t\t\t\t<img fetchpriority=\"high\" decoding=\"async\" width=\"250\" height=\"250\" src=\"https:\/\/artvallarta.com\/wp-content\/uploads\/2021\/04\/art-museum-logo-black-web.jpg\" class=\"attachment-large size-large wp-image-46436\" alt=\"\" srcset=\"https:\/\/artvallarta.com\/wp-content\/uploads\/2021\/04\/art-museum-logo-black-web.jpg 250w, https:\/\/artvallarta.com\/wp-content\/uploads\/2021\/04\/art-museum-logo-black-web-150x150.jpg 150w, https:\/\/artvallarta.com\/wp-content\/uploads\/2021\/04\/art-museum-logo-black-web-42x42.jpg 42w\" sizes=\"(max-width: 250px) 100vw, 250px\" \/>\t\t\t\t\t\t\t\t\t\t\t\t\t\t\t<\/div>\n\t\t\t\t<\/div>\n\t\t\t\t<div class=\"elementor-element elementor-element-c95b73d color-scheme-inherit text-left elementor-widget elementor-widget-text-editor\" data-id=\"c95b73d\" data-element_type=\"widget\" data-e-type=\"widget\" data-widget_type=\"text-editor.default\">\n\t\t\t\t<div class=\"elementor-widget-container\">\n\t\t\t\t\t\t\t\t\t<h2 style=\"font-weight: 400;\">ART VallARTa Museum es un centro de arte biling\u00fce sin fines de lucro dedicado a expandir el conocimiento local e internacional de las artes y la cultura hist\u00f3rica y contempor\u00e1nea en Puerto Vallarta.<\/h2>\n<h5 style=\"font-weight: 400;\">Ubicado en la Calle Pilitas 213 en la vibrante e hist\u00f3rica Colonia Emiliano Zapata, a 1.5 cuadras de la Playa Los Muertos en la Zona Rom\u00e1ntica de Puerto Vallarta, Jalisco, M\u00e9xico.<\/h5>\n<h5 style=\"font-weight: 400;\">M\u00e1s de 8000 pies cuadrados de \u00e1reas de exhibici\u00f3n de galer\u00edas de arte, espacios educativos, teatro, biblioteca y centro de investigaci\u00f3n culinaria.<\/h5>\n<h5 style=\"font-weight: 400;\">Nuestras colecciones incluyen murales monumentales de artistas locales, una colecci\u00f3n de arte hist\u00f3rico de artistas locales e internacionales que son o han creado obras de arte en el \u00c1rea de la Bah\u00eda de Puerto Vallarta, una colecci\u00f3n de arte etnogr\u00e1fico educativo, arte popular y etnogr\u00e1fico mexicano, y una colecci\u00f3n de investigaci\u00f3n internacional de utensilios de barro ind\u00edgenas.<\/h5>\n<h5 style=\"font-weight: 400;\">ART VallARTa Museum es un Museo de Exposici\u00f3n e Investigaci\u00f3n, as\u00ed como un Centro de Arte con el objetivo de presentar y fomentar el arte en toda el \u00e1rea de la bah\u00eda a nuestras comunidades culturalmente ricas y diversas. <\/h5>\n<h5 style=\"font-weight: 400;\">Directora &#8211; Nathalie Herling<\/h5>\n\t\t\t\t\t\t\t\t<\/div>\n\t\t\t\t<\/div>\n\t\t\t\t\t<\/div>\n\t\t<\/div>\n\t\t\t\t\t<\/div>\n\t\t<\/section>\n\t\t\t\t<section class=\"elementor-section elementor-top-section elementor-element elementor-element-8f10573 elementor-section-boxed elementor-section-height-default elementor-section-height-default wd-section-disabled\" data-id=\"8f10573\" data-element_type=\"section\" data-e-type=\"section\">\n\t\t\t\t\t\t<div class=\"elementor-container elementor-column-gap-default\">\n\t\t\t\t\t<div class=\"elementor-column elementor-col-100 elementor-top-column elementor-element elementor-element-b1f9953\" data-id=\"b1f9953\" data-element_type=\"column\" data-e-type=\"column\">\n\t\t\t<div class=\"elementor-widget-wrap elementor-element-populated\">\n\t\t\t\t\t\t<div class=\"elementor-element elementor-element-062f8c7 elementor-widget elementor-widget-image-gallery\" data-id=\"062f8c7\" data-element_type=\"widget\" data-e-type=\"widget\" data-widget_type=\"image-gallery.default\">\n\t\t\t\t<div class=\"elementor-widget-container\">\n\t\t\t\t\t\t\t<div class=\"elementor-image-gallery\">\n\t\t\t\n\t\t<style type=\"text\/css\">\n\t\t\t#gallery-1 {\n\t\t\t\tmargin: auto;\n\t\t\t}\n\t\t\t#gallery-1 .gallery-item {\n\t\t\t\tfloat: left;\n\t\t\t\tmargin-top: 10px;\n\t\t\t\ttext-align: center;\n\t\t\t\twidth: 25%;\n\t\t\t}\n\t\t\t#gallery-1 img {\n\t\t\t\tborder: 2px solid #cfcfcf;\n\t\t\t}\n\t\t\t#gallery-1 .gallery-caption {\n\t\t\t\tmargin-left: 0;\n\t\t\t}\n\t\t\t\/* see gallery_shortcode() in wp-includes\/media.php *\/\n\t\t<\/style>\n\t\t<div id='gallery-1' class='gallery galleryid-46434 gallery-columns-4 gallery-size-thumbnail'><dl class='gallery-item'>\n\t\t\t<dt class='gallery-icon landscape'>\n\t\t\t\t<a data-elementor-open-lightbox=\"yes\" data-elementor-lightbox-slideshow=\"062f8c7\" data-elementor-lightbox-title=\"20201229_113807\" data-e-action-hash=\"#elementor-action%3Aaction%3Dlightbox%26settings%3DeyJpZCI6NTA0OTYsInVybCI6Imh0dHBzOlwvXC9hcnR2YWxsYXJ0YS5jb21cL3dwLWNvbnRlbnRcL3VwbG9hZHNcLzIwMjBcLzEyXC8yMDIwMTIyOV8xMTM4MDctc2NhbGVkLWUxNjA5MjYzNzI0NjYyLmpwZyIsInNsaWRlc2hvdyI6IjA2MmY4YzcifQ%3D%3D\" href='https:\/\/artvallarta.com\/wp-content\/uploads\/2020\/12\/20201229_113807-scaled-e1609263724662.jpg'><img decoding=\"async\" width=\"150\" height=\"150\" src=\"https:\/\/artvallarta.com\/wp-content\/uploads\/2020\/12\/20201229_113807-scaled-e1609263724662-150x150.jpg\" class=\"attachment-thumbnail size-thumbnail\" alt=\"\" srcset=\"https:\/\/artvallarta.com\/wp-content\/uploads\/2020\/12\/20201229_113807-scaled-e1609263724662-150x150.jpg 150w, https:\/\/artvallarta.com\/wp-content\/uploads\/2020\/12\/20201229_113807-scaled-e1609263724662-1000x1000.jpg 1000w, https:\/\/artvallarta.com\/wp-content\/uploads\/2020\/12\/20201229_113807-scaled-e1609263724662-42x42.jpg 42w, https:\/\/artvallarta.com\/wp-content\/uploads\/2020\/12\/20201229_113807-scaled-e1609263724662-1200x1200.jpg 1200w, https:\/\/artvallarta.com\/wp-content\/uploads\/2020\/12\/20201229_113807-scaled-e1609263724662-600x600.jpg 600w\" sizes=\"(max-width: 150px) 100vw, 150px\" \/><\/a>\n\t\t\t<\/dt><\/dl><dl class='gallery-item'>\n\t\t\t<dt class='gallery-icon landscape'>\n\t\t\t\t<a data-elementor-open-lightbox=\"yes\" data-elementor-lightbox-slideshow=\"062f8c7\" data-elementor-lightbox-title=\"i-s86sMF6-X3\" data-e-action-hash=\"#elementor-action%3Aaction%3Dlightbox%26settings%3DeyJpZCI6NDkxODYsInVybCI6Imh0dHBzOlwvXC9hcnR2YWxsYXJ0YS5jb21cL3dwLWNvbnRlbnRcL3VwbG9hZHNcLzIwMTlcLzAyXC9pLXM4NnNNRjYtWDMuanBnIiwic2xpZGVzaG93IjoiMDYyZjhjNyJ9\" href='https:\/\/artvallarta.com\/wp-content\/uploads\/2019\/02\/i-s86sMF6-X3.jpg'><img decoding=\"async\" width=\"150\" height=\"150\" src=\"https:\/\/artvallarta.com\/wp-content\/uploads\/2019\/02\/i-s86sMF6-X3-150x150.jpg\" class=\"attachment-thumbnail size-thumbnail\" alt=\"\" srcset=\"https:\/\/artvallarta.com\/wp-content\/uploads\/2019\/02\/i-s86sMF6-X3-150x150.jpg 150w, https:\/\/artvallarta.com\/wp-content\/uploads\/2019\/02\/i-s86sMF6-X3-1000x1000.jpg 1000w, https:\/\/artvallarta.com\/wp-content\/uploads\/2019\/02\/i-s86sMF6-X3-42x42.jpg 42w, https:\/\/artvallarta.com\/wp-content\/uploads\/2019\/02\/i-s86sMF6-X3-32x32.jpg 32w\" sizes=\"(max-width: 150px) 100vw, 150px\" \/><\/a>\n\t\t\t<\/dt><\/dl><dl class='gallery-item'>\n\t\t\t<dt class='gallery-icon portrait'>\n\t\t\t\t<a data-elementor-open-lightbox=\"yes\" data-elementor-lightbox-slideshow=\"062f8c7\" data-elementor-lightbox-title=\"20210226_151128 (1)\" data-e-action-hash=\"#elementor-action%3Aaction%3Dlightbox%26settings%3DeyJpZCI6NDkxODIsInVybCI6Imh0dHBzOlwvXC9hcnR2YWxsYXJ0YS5jb21cL3dwLWNvbnRlbnRcL3VwbG9hZHNcLzIwMTlcLzAxXC8yMDIxMDIyNl8xNTExMjgtMS1zY2FsZWQuanBnIiwic2xpZGVzaG93IjoiMDYyZjhjNyJ9\" href='https:\/\/artvallarta.com\/wp-content\/uploads\/2019\/01\/20210226_151128-1-scaled.jpg'><img loading=\"lazy\" decoding=\"async\" width=\"150\" height=\"150\" src=\"https:\/\/artvallarta.com\/wp-content\/uploads\/2019\/01\/20210226_151128-1-150x150.jpg\" class=\"attachment-thumbnail size-thumbnail\" alt=\"\" srcset=\"https:\/\/artvallarta.com\/wp-content\/uploads\/2019\/01\/20210226_151128-1-150x150.jpg 150w, https:\/\/artvallarta.com\/wp-content\/uploads\/2019\/01\/20210226_151128-1-scaled-1000x1000.jpg 1000w, https:\/\/artvallarta.com\/wp-content\/uploads\/2019\/01\/20210226_151128-1-42x42.jpg 42w, https:\/\/artvallarta.com\/wp-content\/uploads\/2019\/01\/20210226_151128-1-1200x1200.jpg 1200w, https:\/\/artvallarta.com\/wp-content\/uploads\/2019\/01\/20210226_151128-1-scaled-600x600.jpg 600w\" sizes=\"(max-width: 150px) 100vw, 150px\" \/><\/a>\n\t\t\t<\/dt><\/dl><dl class='gallery-item'>\n\t\t\t<dt class='gallery-icon portrait'>\n\t\t\t\t<a data-elementor-open-lightbox=\"yes\" data-elementor-lightbox-slideshow=\"062f8c7\" data-elementor-lightbox-title=\"image\" data-e-action-hash=\"#elementor-action%3Aaction%3Dlightbox%26settings%3DeyJpZCI6NDY5ODcsInVybCI6Imh0dHBzOlwvXC9hcnR2YWxsYXJ0YS5jb21cL3dwLWNvbnRlbnRcL3VwbG9hZHNcLzIwMjBcLzAxXC9pbWFnZS5wbmciLCJzbGlkZXNob3ciOiIwNjJmOGM3In0%3D\" href='https:\/\/artvallarta.com\/wp-content\/uploads\/2020\/01\/image.png'><img loading=\"lazy\" decoding=\"async\" width=\"150\" height=\"150\" src=\"https:\/\/artvallarta.com\/wp-content\/uploads\/2020\/01\/image-150x150.png\" class=\"attachment-thumbnail size-thumbnail\" alt=\"\" srcset=\"https:\/\/artvallarta.com\/wp-content\/uploads\/2020\/01\/image-150x150.png 150w, https:\/\/artvallarta.com\/wp-content\/uploads\/2020\/01\/image-42x42.png 42w\" sizes=\"(max-width: 150px) 100vw, 150px\" \/><\/a>\n\t\t\t<\/dt><\/dl><br style=\"clear: both\" \/><dl class='gallery-item'>\n\t\t\t<dt class='gallery-icon portrait'>\n\t\t\t\t<a data-elementor-open-lightbox=\"yes\" data-elementor-lightbox-slideshow=\"062f8c7\" data-elementor-lightbox-title=\"IMG_9053\" data-e-action-hash=\"#elementor-action%3Aaction%3Dlightbox%26settings%3DeyJpZCI6NDY5ODEsInVybCI6Imh0dHBzOlwvXC9hcnR2YWxsYXJ0YS5jb21cL3dwLWNvbnRlbnRcL3VwbG9hZHNcLzIwMjBcLzAxXC9JTUdfOTA1My5wbmciLCJzbGlkZXNob3ciOiIwNjJmOGM3In0%3D\" href='https:\/\/artvallarta.com\/wp-content\/uploads\/2020\/01\/IMG_9053.png'><img loading=\"lazy\" decoding=\"async\" width=\"150\" height=\"150\" src=\"https:\/\/artvallarta.com\/wp-content\/uploads\/2020\/01\/IMG_9053-150x150.png\" class=\"attachment-thumbnail size-thumbnail\" alt=\"\" srcset=\"https:\/\/artvallarta.com\/wp-content\/uploads\/2020\/01\/IMG_9053-150x150.png 150w, https:\/\/artvallarta.com\/wp-content\/uploads\/2020\/01\/IMG_9053-1000x1000.png 1000w, https:\/\/artvallarta.com\/wp-content\/uploads\/2020\/01\/IMG_9053-42x42.png 42w, https:\/\/artvallarta.com\/wp-content\/uploads\/2020\/01\/IMG_9053-32x32.png 32w\" sizes=\"(max-width: 150px) 100vw, 150px\" \/><\/a>\n\t\t\t<\/dt><\/dl><dl class='gallery-item'>\n\t\t\t<dt class='gallery-icon landscape'>\n\t\t\t\t<a data-elementor-open-lightbox=\"yes\" data-elementor-lightbox-slideshow=\"062f8c7\" data-elementor-lightbox-title=\"GALUZ_Tony Collantez ART Vallarta-12\" data-e-action-hash=\"#elementor-action%3Aaction%3Dlightbox%26settings%3DeyJpZCI6NDk5MjcsInVybCI6Imh0dHBzOlwvXC9hcnR2YWxsYXJ0YS5jb21cL3dwLWNvbnRlbnRcL3VwbG9hZHNcLzIwMjFcLzAyXC9HQUxVWl9Ub255LUNvbGxhbnRlei1BUlQtVmFsbGFydGEtMTItc2NhbGVkLmpwZyIsInNsaWRlc2hvdyI6IjA2MmY4YzcifQ%3D%3D\" href='https:\/\/artvallarta.com\/wp-content\/uploads\/2021\/02\/GALUZ_Tony-Collantez-ART-Vallarta-12-scaled.jpg'><img loading=\"lazy\" decoding=\"async\" width=\"150\" height=\"150\" src=\"https:\/\/artvallarta.com\/wp-content\/uploads\/2021\/02\/GALUZ_Tony-Collantez-ART-Vallarta-12-150x150.jpg\" class=\"attachment-thumbnail size-thumbnail\" alt=\"\" srcset=\"https:\/\/artvallarta.com\/wp-content\/uploads\/2021\/02\/GALUZ_Tony-Collantez-ART-Vallarta-12-150x150.jpg 150w, https:\/\/artvallarta.com\/wp-content\/uploads\/2021\/02\/GALUZ_Tony-Collantez-ART-Vallarta-12-scaled-1000x1000.jpg 1000w, https:\/\/artvallarta.com\/wp-content\/uploads\/2021\/02\/GALUZ_Tony-Collantez-ART-Vallarta-12-42x42.jpg 42w, https:\/\/artvallarta.com\/wp-content\/uploads\/2021\/02\/GALUZ_Tony-Collantez-ART-Vallarta-12-1200x1200.jpg 1200w, https:\/\/artvallarta.com\/wp-content\/uploads\/2021\/02\/GALUZ_Tony-Collantez-ART-Vallarta-12-scaled-600x600.jpg 600w\" sizes=\"(max-width: 150px) 100vw, 150px\" \/><\/a>\n\t\t\t<\/dt><\/dl><dl class='gallery-item'>\n\t\t\t<dt class='gallery-icon landscape'>\n\t\t\t\t<a data-elementor-open-lightbox=\"yes\" data-elementor-lightbox-slideshow=\"062f8c7\" data-elementor-lightbox-title=\"GALUZ_Tony Collantez ART Vallarta-9\" data-e-action-hash=\"#elementor-action%3Aaction%3Dlightbox%26settings%3DeyJpZCI6NDk5MzAsInVybCI6Imh0dHBzOlwvXC9hcnR2YWxsYXJ0YS5jb21cL3dwLWNvbnRlbnRcL3VwbG9hZHNcLzIwMjFcLzAyXC9HQUxVWl9Ub255LUNvbGxhbnRlei1BUlQtVmFsbGFydGEtOS1zY2FsZWQuanBnIiwic2xpZGVzaG93IjoiMDYyZjhjNyJ9\" href='https:\/\/artvallarta.com\/wp-content\/uploads\/2021\/02\/GALUZ_Tony-Collantez-ART-Vallarta-9-scaled.jpg'><img loading=\"lazy\" decoding=\"async\" width=\"150\" height=\"150\" src=\"https:\/\/artvallarta.com\/wp-content\/uploads\/2021\/02\/GALUZ_Tony-Collantez-ART-Vallarta-9-scaled-150x150.jpg\" class=\"attachment-thumbnail size-thumbnail\" alt=\"\" srcset=\"https:\/\/artvallarta.com\/wp-content\/uploads\/2021\/02\/GALUZ_Tony-Collantez-ART-Vallarta-9-scaled-150x150.jpg 150w, https:\/\/artvallarta.com\/wp-content\/uploads\/2021\/02\/GALUZ_Tony-Collantez-ART-Vallarta-9-scaled-1000x1000.jpg 1000w, https:\/\/artvallarta.com\/wp-content\/uploads\/2021\/02\/GALUZ_Tony-Collantez-ART-Vallarta-9-scaled-42x42.jpg 42w, https:\/\/artvallarta.com\/wp-content\/uploads\/2021\/02\/GALUZ_Tony-Collantez-ART-Vallarta-9-scaled-1200x1200.jpg 1200w, https:\/\/artvallarta.com\/wp-content\/uploads\/2021\/02\/GALUZ_Tony-Collantez-ART-Vallarta-9-scaled-600x600.jpg 600w, https:\/\/artvallarta.com\/wp-content\/uploads\/2021\/02\/GALUZ_Tony-Collantez-ART-Vallarta-9-scaled-32x32.jpg 32w\" sizes=\"(max-width: 150px) 100vw, 150px\" \/><\/a>\n\t\t\t<\/dt><\/dl>\n\t\t\t<br style='clear: both' \/>\n\t\t<\/div>\n\t\t<\/div>\n\t\t\t\t\t\t<\/div>\n\t\t\t\t<\/div>\n\t\t\t\t\t<\/div>\n\t\t<\/div>\n\t\t\t\t\t<\/div>\n\t\t<\/section>\n\t\t\t\t<section class=\"elementor-section elementor-top-section elementor-element elementor-element-bf4bbe0 elementor-section-boxed elementor-section-height-default elementor-section-height-default wd-section-disabled\" data-id=\"bf4bbe0\" data-element_type=\"section\" data-e-type=\"section\">\n\t\t\t\t\t\t<div class=\"elementor-container elementor-column-gap-default\">\n\t\t\t\t\t<div class=\"elementor-column elementor-col-100 elementor-top-column elementor-element elementor-element-155c861\" data-id=\"155c861\" data-element_type=\"column\" data-e-type=\"column\">\n\t\t\t<div class=\"elementor-widget-wrap elementor-element-populated\">\n\t\t\t\t\t\t<div class=\"elementor-element elementor-element-1b847f6 elementor-widget elementor-widget-image\" data-id=\"1b847f6\" data-element_type=\"widget\" data-e-type=\"widget\" data-widget_type=\"image.default\">\n\t\t\t\t<div class=\"elementor-widget-container\">\n\t\t\t\t\t\t\t\t\t\t\t\t\t\t\t<img loading=\"lazy\" decoding=\"async\" width=\"225\" height=\"125\" src=\"https:\/\/artvallarta.com\/wp-content\/uploads\/2021\/05\/aaom.png\" class=\"attachment-large size-large wp-image-46630\" alt=\"\" srcset=\"https:\/\/artvallarta.com\/wp-content\/uploads\/2021\/05\/aaom.png 225w, https:\/\/artvallarta.com\/wp-content\/uploads\/2021\/05\/aaom-150x83.png 150w\" sizes=\"(max-width: 225px) 100vw, 225px\" \/>\t\t\t\t\t\t\t\t\t\t\t\t\t\t\t<\/div>\n\t\t\t\t<\/div>\n\t\t\t\t\t<\/div>\n\t\t<\/div>\n\t\t\t\t\t<\/div>\n\t\t<\/section>\n\t\t\t\t<\/div>\n\t\t","protected":false},"excerpt":{"rendered":"<p>ART VallARTa Museum es un centro de arte biling\u00fce sin fines de lucro dedicado a expandir el conocimiento local e<\/p>\n","protected":false},"author":68,"featured_media":0,"parent":0,"menu_order":0,"comment_status":"closed","ping_status":"closed","template":"","meta":{"footnotes":""},"class_list":["post-46434","page","type-page","status-publish","hentry"],"yoast_head":"<!-- This site is optimized with the Yoast SEO plugin v27.5 - https:\/\/yoast.com\/product\/yoast-seo-wordpress\/ -->\n<title>Museo - Art VallARTa Puerto Vallarta, JAL, Mexico<\/title>\n<meta name=\"robots\" content=\"index, follow, max-snippet:-1, max-image-preview:large, max-video-preview:-1\" \/>\n<link rel=\"canonical\" href=\"https:\/\/artvallarta.com\/es\/museo\/\" \/>\n<meta property=\"og:locale\" content=\"es_ES\" \/>\n<meta property=\"og:type\" content=\"article\" \/>\n<meta property=\"og:title\" content=\"Museo - Art VallARTa Puerto Vallarta, JAL, Mexico\" \/>\n<meta property=\"og:description\" content=\"ART VallARTa Museum es un centro de arte biling\u00fce sin fines de lucro dedicado a expandir el conocimiento local e\" \/>\n<meta property=\"og:url\" content=\"https:\/\/artvallarta.com\/es\/museo\/\" \/>\n<meta property=\"og:site_name\" content=\"Art VallARTa\" \/>\n<meta property=\"article:publisher\" content=\"http:\/\/www.facebook.com\/artvallarta\" \/>\n<meta property=\"article:modified_time\" content=\"2021-06-18T18:03:20+00:00\" \/>\n<meta property=\"og:image\" content=\"https:\/\/artvallarta.com\/wp-content\/uploads\/2021\/04\/art-museum-logo-black-web.jpg\" \/>\n<meta name=\"twitter:card\" content=\"summary_large_image\" \/>\n<meta name=\"twitter:label1\" content=\"Tiempo de lectura\" \/>\n\t<meta name=\"twitter:data1\" content=\"3 minutos\" \/>\n<script type=\"application\/ld+json\" class=\"yoast-schema-graph\">{\"@context\":\"https:\\\/\\\/schema.org\",\"@graph\":[{\"@type\":\"WebPage\",\"@id\":\"https:\\\/\\\/artvallarta.com\\\/es\\\/museo\\\/\",\"url\":\"https:\\\/\\\/artvallarta.com\\\/es\\\/museo\\\/\",\"name\":\"Museo - Art VallARTa Puerto Vallarta, JAL, Mexico\",\"isPartOf\":{\"@id\":\"https:\\\/\\\/artvallarta.com\\\/es\\\/#website\"},\"primaryImageOfPage\":{\"@id\":\"https:\\\/\\\/artvallarta.com\\\/es\\\/museo\\\/#primaryimage\"},\"image\":{\"@id\":\"https:\\\/\\\/artvallarta.com\\\/es\\\/museo\\\/#primaryimage\"},\"thumbnailUrl\":\"https:\\\/\\\/artvallarta.com\\\/wp-content\\\/uploads\\\/2021\\\/04\\\/art-museum-logo-black-web.jpg\",\"datePublished\":\"2021-04-30T17:24:00+00:00\",\"dateModified\":\"2021-06-18T18:03:20+00:00\",\"breadcrumb\":{\"@id\":\"https:\\\/\\\/artvallarta.com\\\/es\\\/museo\\\/#breadcrumb\"},\"inLanguage\":\"es\",\"potentialAction\":[{\"@type\":\"ReadAction\",\"target\":[\"https:\\\/\\\/artvallarta.com\\\/es\\\/museo\\\/\"]}]},{\"@type\":\"ImageObject\",\"inLanguage\":\"es\",\"@id\":\"https:\\\/\\\/artvallarta.com\\\/es\\\/museo\\\/#primaryimage\",\"url\":\"https:\\\/\\\/artvallarta.com\\\/wp-content\\\/uploads\\\/2021\\\/04\\\/art-museum-logo-black-web.jpg\",\"contentUrl\":\"https:\\\/\\\/artvallarta.com\\\/wp-content\\\/uploads\\\/2021\\\/04\\\/art-museum-logo-black-web.jpg\"},{\"@type\":\"BreadcrumbList\",\"@id\":\"https:\\\/\\\/artvallarta.com\\\/es\\\/museo\\\/#breadcrumb\",\"itemListElement\":[{\"@type\":\"ListItem\",\"position\":1,\"name\":\"Pagina principal\",\"item\":\"https:\\\/\\\/artvallarta.com\\\/es\\\/art-vallarta-puerto-vallarta-mexico-home\\\/\"},{\"@type\":\"ListItem\",\"position\":2,\"name\":\"Museo\"}]},{\"@type\":\"WebSite\",\"@id\":\"https:\\\/\\\/artvallarta.com\\\/es\\\/#website\",\"url\":\"https:\\\/\\\/artvallarta.com\\\/es\\\/\",\"name\":\"Art VallARTa\",\"description\":\"Art VallARTa\",\"publisher\":{\"@id\":\"https:\\\/\\\/artvallarta.com\\\/es\\\/#organization\"},\"potentialAction\":[{\"@type\":\"SearchAction\",\"target\":{\"@type\":\"EntryPoint\",\"urlTemplate\":\"https:\\\/\\\/artvallarta.com\\\/es\\\/?s={search_term_string}\"},\"query-input\":{\"@type\":\"PropertyValueSpecification\",\"valueRequired\":true,\"valueName\":\"search_term_string\"}}],\"inLanguage\":\"es\"},{\"@type\":\"Organization\",\"@id\":\"https:\\\/\\\/artvallarta.com\\\/es\\\/#organization\",\"name\":\"Art VallARTa\",\"url\":\"https:\\\/\\\/artvallarta.com\\\/es\\\/\",\"logo\":{\"@type\":\"ImageObject\",\"inLanguage\":\"es\",\"@id\":\"https:\\\/\\\/artvallarta.com\\\/es\\\/#\\\/schema\\\/logo\\\/image\\\/\",\"url\":\"https:\\\/\\\/artvallarta.com\\\/wp-content\\\/uploads\\\/2019\\\/02\\\/51835738_615449708895218_133232196214325248_n.jpg\",\"contentUrl\":\"https:\\\/\\\/artvallarta.com\\\/wp-content\\\/uploads\\\/2019\\\/02\\\/51835738_615449708895218_133232196214325248_n.jpg\",\"width\":2048,\"height\":1466,\"caption\":\"Art VallARTa\"},\"image\":{\"@id\":\"https:\\\/\\\/artvallarta.com\\\/es\\\/#\\\/schema\\\/logo\\\/image\\\/\"},\"sameAs\":[\"http:\\\/\\\/www.facebook.com\\\/artvallarta\",\"http:\\\/\\\/www.instagram.com\\\/artvallarta\",\"http:\\\/\\\/www.pinterest\\\/artvallarta\",\"https:\\\/\\\/www.youtube.com\\\/channel\\\/UCOqDy2Oyk7EU4tz3S2Gl7kQ\"]}]}<\/script>\n<!-- \/ Yoast SEO plugin. -->","yoast_head_json":{"title":"Museo - Art VallARTa Puerto Vallarta, JAL, Mexico","robots":{"index":"index","follow":"follow","max-snippet":"max-snippet:-1","max-image-preview":"max-image-preview:large","max-video-preview":"max-video-preview:-1"},"canonical":"https:\/\/artvallarta.com\/es\/museo\/","og_locale":"es_ES","og_type":"article","og_title":"Museo - Art VallARTa Puerto Vallarta, JAL, Mexico","og_description":"ART VallARTa Museum es un centro de arte biling\u00fce sin fines de lucro dedicado a expandir el conocimiento local e","og_url":"https:\/\/artvallarta.com\/es\/museo\/","og_site_name":"Art VallARTa","article_publisher":"http:\/\/www.facebook.com\/artvallarta","article_modified_time":"2021-06-18T18:03:20+00:00","og_image":[{"url":"https:\/\/artvallarta.com\/wp-content\/uploads\/2021\/04\/art-museum-logo-black-web.jpg","type":"","width":"","height":""}],"twitter_card":"summary_large_image","twitter_misc":{"Tiempo de lectura":"3 minutos"},"schema":{"@context":"https:\/\/schema.org","@graph":[{"@type":"WebPage","@id":"https:\/\/artvallarta.com\/es\/museo\/","url":"https:\/\/artvallarta.com\/es\/museo\/","name":"Museo - Art VallARTa Puerto Vallarta, JAL, Mexico","isPartOf":{"@id":"https:\/\/artvallarta.com\/es\/#website"},"primaryImageOfPage":{"@id":"https:\/\/artvallarta.com\/es\/museo\/#primaryimage"},"image":{"@id":"https:\/\/artvallarta.com\/es\/museo\/#primaryimage"},"thumbnailUrl":"https:\/\/artvallarta.com\/wp-content\/uploads\/2021\/04\/art-museum-logo-black-web.jpg","datePublished":"2021-04-30T17:24:00+00:00","dateModified":"2021-06-18T18:03:20+00:00","breadcrumb":{"@id":"https:\/\/artvallarta.com\/es\/museo\/#breadcrumb"},"inLanguage":"es","potentialAction":[{"@type":"ReadAction","target":["https:\/\/artvallarta.com\/es\/museo\/"]}]},{"@type":"ImageObject","inLanguage":"es","@id":"https:\/\/artvallarta.com\/es\/museo\/#primaryimage","url":"https:\/\/artvallarta.com\/wp-content\/uploads\/2021\/04\/art-museum-logo-black-web.jpg","contentUrl":"https:\/\/artvallarta.com\/wp-content\/uploads\/2021\/04\/art-museum-logo-black-web.jpg"},{"@type":"BreadcrumbList","@id":"https:\/\/artvallarta.com\/es\/museo\/#breadcrumb","itemListElement":[{"@type":"ListItem","position":1,"name":"Pagina principal","item":"https:\/\/artvallarta.com\/es\/art-vallarta-puerto-vallarta-mexico-home\/"},{"@type":"ListItem","position":2,"name":"Museo"}]},{"@type":"WebSite","@id":"https:\/\/artvallarta.com\/es\/#website","url":"https:\/\/artvallarta.com\/es\/","name":"Art VallARTa","description":"Art VallARTa","publisher":{"@id":"https:\/\/artvallarta.com\/es\/#organization"},"potentialAction":[{"@type":"SearchAction","target":{"@type":"EntryPoint","urlTemplate":"https:\/\/artvallarta.com\/es\/?s={search_term_string}"},"query-input":{"@type":"PropertyValueSpecification","valueRequired":true,"valueName":"search_term_string"}}],"inLanguage":"es"},{"@type":"Organization","@id":"https:\/\/artvallarta.com\/es\/#organization","name":"Art VallARTa","url":"https:\/\/artvallarta.com\/es\/","logo":{"@type":"ImageObject","inLanguage":"es","@id":"https:\/\/artvallarta.com\/es\/#\/schema\/logo\/image\/","url":"https:\/\/artvallarta.com\/wp-content\/uploads\/2019\/02\/51835738_615449708895218_133232196214325248_n.jpg","contentUrl":"https:\/\/artvallarta.com\/wp-content\/uploads\/2019\/02\/51835738_615449708895218_133232196214325248_n.jpg","width":2048,"height":1466,"caption":"Art VallARTa"},"image":{"@id":"https:\/\/artvallarta.com\/es\/#\/schema\/logo\/image\/"},"sameAs":["http:\/\/www.facebook.com\/artvallarta","http:\/\/www.instagram.com\/artvallarta","http:\/\/www.pinterest\/artvallarta","https:\/\/www.youtube.com\/channel\/UCOqDy2Oyk7EU4tz3S2Gl7kQ"]}]}},"_links":{"self":[{"href":"https:\/\/artvallarta.com\/es\/wp-json\/wp\/v2\/pages\/46434","targetHints":{"allow":["GET"]}}],"collection":[{"href":"https:\/\/artvallarta.com\/es\/wp-json\/wp\/v2\/pages"}],"about":[{"href":"https:\/\/artvallarta.com\/es\/wp-json\/wp\/v2\/types\/page"}],"author":[{"embeddable":true,"href":"https:\/\/artvallarta.com\/es\/wp-json\/wp\/v2\/users\/68"}],"replies":[{"embeddable":true,"href":"https:\/\/artvallarta.com\/es\/wp-json\/wp\/v2\/comments?post=46434"}],"version-history":[{"count":13,"href":"https:\/\/artvallarta.com\/es\/wp-json\/wp\/v2\/pages\/46434\/revisions"}],"predecessor-version":[{"id":61114,"href":"https:\/\/artvallarta.com\/es\/wp-json\/wp\/v2\/pages\/46434\/revisions\/61114"}],"wp:attachment":[{"href":"https:\/\/artvallarta.com\/es\/wp-json\/wp\/v2\/media?parent=46434"}],"curies":[{"name":"wp","href":"https:\/\/api.w.org\/{rel}","templated":true}]}}